{"id":7850,"date":"2022-09-12T13:35:12","date_gmt":"2022-09-12T11:35:12","guid":{"rendered":"https:\/\/www.modula.eu\/blog\/idee-riorganizzazione-magazzino-2\/"},"modified":"2024-09-23T15:33:26","modified_gmt":"2024-09-23T13:33:26","slug":"aprovechar-la-automatizacion-para-gestionar-la-logistica-del-comercio-electronico","status":"publish","type":"page","link":"https:\/\/www.modula.eu\/es\/blog\/aprovechar-la-automatizacion-para-gestionar-la-logistica-del-comercio-electronico\/","title":{"rendered":"Aprovechar la automatizaci\u00f3n para gestionar la log\u00edstica del comercio electr\u00f3nico"},"content":{"rendered":"","protected":false},"excerpt":{"rendered":"","protected":false},"author":1,"featured_media":0,"parent":7828,"menu_order":5,"comment_status":"closed","ping_status":"closed","template":"","meta":{"_acf_changed":false,"inline_featured_image":false,"mapsvg_location":"","footnotes":""},"class_list":["post-7850","page","type-page","status-publish","hentry"],"acf":[],"yoast_head":"<!-- This site is optimized with the Yoast SEO plugin v27.3 - https:\/\/yoast.com\/product\/yoast-seo-wordpress\/ -->\n<title>Aprovechar la automatizaci\u00f3n para gestionar la log\u00edstica del comercio electr\u00f3nico | Modula<\/title>\n<meta name=\"description\" content=\"\u00bfPor qu\u00e9 es tan importante la log\u00edstica para la productividad del comercio electr\u00f3nico? \u00bfC\u00f3mo puedes aprovechar los almacenes verticales automatizados para aumentar el rendimiento y mejorar la gesti\u00f3n de tu tienda online?\" \/>\n<meta name=\"robots\" content=\"index, follow, max-snippet:-1, max-image-preview:large, max-video-preview:-1\" \/>\n<link rel=\"canonical\" href=\"https:\/\/www.modula.eu\/es\/blog\/aprovechar-la-automatizacion-para-gestionar-la-logistica-del-comercio-electronico\/\" \/>\n<meta property=\"og:locale\" content=\"es_ES\" \/>\n<meta property=\"og:type\" content=\"article\" \/>\n<meta property=\"og:title\" content=\"Aprovechar la automatizaci\u00f3n para gestionar la log\u00edstica del comercio electr\u00f3nico | Modula\" \/>\n<meta property=\"og:description\" content=\"\u00bfPor qu\u00e9 es tan importante la log\u00edstica para la productividad del comercio electr\u00f3nico? \u00bfC\u00f3mo puedes aprovechar los almacenes verticales automatizados para aumentar el rendimiento y mejorar la gesti\u00f3n de tu tienda online?\" \/>\n<meta property=\"og:url\" content=\"https:\/\/www.modula.eu\/es\/blog\/aprovechar-la-automatizacion-para-gestionar-la-logistica-del-comercio-electronico\/\" \/>\n<meta property=\"og:site_name\" content=\"Modula\" \/>\n<meta property=\"article:modified_time\" content=\"2024-09-23T13:33:26+00:00\" \/>\n<meta name=\"twitter:card\" content=\"summary_large_image\" \/>\n<script type=\"application\/ld+json\" class=\"yoast-schema-graph\">{\"@context\":\"https:\\\/\\\/schema.org\",\"@graph\":[{\"@type\":\"WebPage\",\"@id\":\"https:\\\/\\\/www.modula.eu\\\/es\\\/blog\\\/aprovechar-la-automatizacion-para-gestionar-la-logistica-del-comercio-electronico\\\/\",\"url\":\"https:\\\/\\\/www.modula.eu\\\/es\\\/blog\\\/aprovechar-la-automatizacion-para-gestionar-la-logistica-del-comercio-electronico\\\/\",\"name\":\"Aprovechar la automatizaci\u00f3n para gestionar la log\u00edstica del comercio electr\u00f3nico | Modula\",\"isPartOf\":{\"@id\":\"https:\\\/\\\/www.modula.eu\\\/es\\\/#website\"},\"datePublished\":\"2022-09-12T11:35:12+00:00\",\"dateModified\":\"2024-09-23T13:33:26+00:00\",\"description\":\"\u00bfPor qu\u00e9 es tan importante la log\u00edstica para la productividad del comercio electr\u00f3nico? \u00bfC\u00f3mo puedes aprovechar los almacenes verticales automatizados para aumentar el rendimiento y mejorar la gesti\u00f3n de tu tienda online?\",\"breadcrumb\":{\"@id\":\"https:\\\/\\\/www.modula.eu\\\/es\\\/blog\\\/aprovechar-la-automatizacion-para-gestionar-la-logistica-del-comercio-electronico\\\/#breadcrumb\"},\"inLanguage\":\"es\",\"potentialAction\":[{\"@type\":\"ReadAction\",\"target\":[\"https:\\\/\\\/www.modula.eu\\\/es\\\/blog\\\/aprovechar-la-automatizacion-para-gestionar-la-logistica-del-comercio-electronico\\\/\"]}]},{\"@type\":\"BreadcrumbList\",\"@id\":\"https:\\\/\\\/www.modula.eu\\\/es\\\/blog\\\/aprovechar-la-automatizacion-para-gestionar-la-logistica-del-comercio-electronico\\\/#breadcrumb\",\"itemListElement\":[{\"@type\":\"ListItem\",\"position\":1,\"name\":\"Home\",\"item\":\"https:\\\/\\\/www.modula.eu\\\/es\\\/\"},{\"@type\":\"ListItem\",\"position\":2,\"name\":\"Blog\",\"item\":\"https:\\\/\\\/www.modula.eu\\\/es\\\/blog\\\/\"},{\"@type\":\"ListItem\",\"position\":3,\"name\":\"Aprovechar la automatizaci\u00f3n para gestionar la log\u00edstica del comercio electr\u00f3nico\"}]},{\"@type\":\"WebSite\",\"@id\":\"https:\\\/\\\/www.modula.eu\\\/es\\\/#website\",\"url\":\"https:\\\/\\\/www.modula.eu\\\/es\\\/\",\"name\":\"Modula\",\"description\":\"Think Vertical\",\"publisher\":{\"@id\":\"https:\\\/\\\/www.modula.eu\\\/es\\\/#organization\"},\"potentialAction\":[{\"@type\":\"SearchAction\",\"target\":{\"@type\":\"EntryPoint\",\"urlTemplate\":\"https:\\\/\\\/www.modula.eu\\\/es\\\/?s={search_term_string}\"},\"query-input\":{\"@type\":\"PropertyValueSpecification\",\"valueRequired\":true,\"valueName\":\"search_term_string\"}}],\"inLanguage\":\"es\"},{\"@type\":\"Organization\",\"@id\":\"https:\\\/\\\/www.modula.eu\\\/es\\\/#organization\",\"name\":\"Modula\",\"url\":\"https:\\\/\\\/www.modula.eu\\\/es\\\/\",\"logo\":{\"@type\":\"ImageObject\",\"inLanguage\":\"es\",\"@id\":\"https:\\\/\\\/www.modula.eu\\\/es\\\/#\\\/schema\\\/logo\\\/image\\\/\",\"url\":\"https:\\\/\\\/www.modula.eu\\\/wp-content\\\/uploads\\\/2022\\\/12\\\/Modula-logo.jpg\",\"contentUrl\":\"https:\\\/\\\/www.modula.eu\\\/wp-content\\\/uploads\\\/2022\\\/12\\\/Modula-logo.jpg\",\"width\":759,\"height\":512,\"caption\":\"Modula\"},\"image\":{\"@id\":\"https:\\\/\\\/www.modula.eu\\\/es\\\/#\\\/schema\\\/logo\\\/image\\\/\"}}]}<\/script>\n<!-- \/ Yoast SEO plugin. -->","yoast_head_json":{"title":"Aprovechar la automatizaci\u00f3n para gestionar la log\u00edstica del comercio electr\u00f3nico | Modula","description":"\u00bfPor qu\u00e9 es tan importante la log\u00edstica para la productividad del comercio electr\u00f3nico? \u00bfC\u00f3mo puedes aprovechar los almacenes verticales automatizados para aumentar el rendimiento y mejorar la gesti\u00f3n de tu tienda online?","robots":{"index":"index","follow":"follow","max-snippet":"max-snippet:-1","max-image-preview":"max-image-preview:large","max-video-preview":"max-video-preview:-1"},"canonical":"https:\/\/www.modula.eu\/es\/blog\/aprovechar-la-automatizacion-para-gestionar-la-logistica-del-comercio-electronico\/","og_locale":"es_ES","og_type":"article","og_title":"Aprovechar la automatizaci\u00f3n para gestionar la log\u00edstica del comercio electr\u00f3nico | Modula","og_description":"\u00bfPor qu\u00e9 es tan importante la log\u00edstica para la productividad del comercio electr\u00f3nico? \u00bfC\u00f3mo puedes aprovechar los almacenes verticales automatizados para aumentar el rendimiento y mejorar la gesti\u00f3n de tu tienda online?","og_url":"https:\/\/www.modula.eu\/es\/blog\/aprovechar-la-automatizacion-para-gestionar-la-logistica-del-comercio-electronico\/","og_site_name":"Modula","article_modified_time":"2024-09-23T13:33:26+00:00","twitter_card":"summary_large_image","schema":{"@context":"https:\/\/schema.org","@graph":[{"@type":"WebPage","@id":"https:\/\/www.modula.eu\/es\/blog\/aprovechar-la-automatizacion-para-gestionar-la-logistica-del-comercio-electronico\/","url":"https:\/\/www.modula.eu\/es\/blog\/aprovechar-la-automatizacion-para-gestionar-la-logistica-del-comercio-electronico\/","name":"Aprovechar la automatizaci\u00f3n para gestionar la log\u00edstica del comercio electr\u00f3nico | Modula","isPartOf":{"@id":"https:\/\/www.modula.eu\/es\/#website"},"datePublished":"2022-09-12T11:35:12+00:00","dateModified":"2024-09-23T13:33:26+00:00","description":"\u00bfPor qu\u00e9 es tan importante la log\u00edstica para la productividad del comercio electr\u00f3nico? \u00bfC\u00f3mo puedes aprovechar los almacenes verticales automatizados para aumentar el rendimiento y mejorar la gesti\u00f3n de tu tienda online?","breadcrumb":{"@id":"https:\/\/www.modula.eu\/es\/blog\/aprovechar-la-automatizacion-para-gestionar-la-logistica-del-comercio-electronico\/#breadcrumb"},"inLanguage":"es","potentialAction":[{"@type":"ReadAction","target":["https:\/\/www.modula.eu\/es\/blog\/aprovechar-la-automatizacion-para-gestionar-la-logistica-del-comercio-electronico\/"]}]},{"@type":"BreadcrumbList","@id":"https:\/\/www.modula.eu\/es\/blog\/aprovechar-la-automatizacion-para-gestionar-la-logistica-del-comercio-electronico\/#breadcrumb","itemListElement":[{"@type":"ListItem","position":1,"name":"Home","item":"https:\/\/www.modula.eu\/es\/"},{"@type":"ListItem","position":2,"name":"Blog","item":"https:\/\/www.modula.eu\/es\/blog\/"},{"@type":"ListItem","position":3,"name":"Aprovechar la automatizaci\u00f3n para gestionar la log\u00edstica del comercio electr\u00f3nico"}]},{"@type":"WebSite","@id":"https:\/\/www.modula.eu\/es\/#website","url":"https:\/\/www.modula.eu\/es\/","name":"Modula","description":"Think Vertical","publisher":{"@id":"https:\/\/www.modula.eu\/es\/#organization"},"potentialAction":[{"@type":"SearchAction","target":{"@type":"EntryPoint","urlTemplate":"https:\/\/www.modula.eu\/es\/?s={search_term_string}"},"query-input":{"@type":"PropertyValueSpecification","valueRequired":true,"valueName":"search_term_string"}}],"inLanguage":"es"},{"@type":"Organization","@id":"https:\/\/www.modula.eu\/es\/#organization","name":"Modula","url":"https:\/\/www.modula.eu\/es\/","logo":{"@type":"ImageObject","inLanguage":"es","@id":"https:\/\/www.modula.eu\/es\/#\/schema\/logo\/image\/","url":"https:\/\/www.modula.eu\/wp-content\/uploads\/2022\/12\/Modula-logo.jpg","contentUrl":"https:\/\/www.modula.eu\/wp-content\/uploads\/2022\/12\/Modula-logo.jpg","width":759,"height":512,"caption":"Modula"},"image":{"@id":"https:\/\/www.modula.eu\/es\/#\/schema\/logo\/image\/"}}]}},"_links":{"self":[{"href":"https:\/\/www.modula.eu\/es\/wp-json\/wp\/v2\/pages\/7850","targetHints":{"allow":["GET"]}}],"collection":[{"href":"https:\/\/www.modula.eu\/es\/wp-json\/wp\/v2\/pages"}],"about":[{"href":"https:\/\/www.modula.eu\/es\/wp-json\/wp\/v2\/types\/page"}],"author":[{"embeddable":true,"href":"https:\/\/www.modula.eu\/es\/wp-json\/wp\/v2\/users\/1"}],"replies":[{"embeddable":true,"href":"https:\/\/www.modula.eu\/es\/wp-json\/wp\/v2\/comments?post=7850"}],"version-history":[{"count":0,"href":"https:\/\/www.modula.eu\/es\/wp-json\/wp\/v2\/pages\/7850\/revisions"}],"up":[{"embeddable":true,"href":"https:\/\/www.modula.eu\/es\/wp-json\/wp\/v2\/pages\/7828"}],"wp:attachment":[{"href":"https:\/\/www.modula.eu\/es\/wp-json\/wp\/v2\/media?parent=7850"}],"curies":[{"name":"wp","href":"https:\/\/api.w.org\/{rel}","templated":true}]}}