{"id":10384,"date":"2022-06-23T10:45:03","date_gmt":"2022-06-23T08:45:03","guid":{"rendered":"https:\/\/www.modula.eu\/storie-di-successo\/tessile-abbigliamento-accessoristico\/del-vecchia\/"},"modified":"2024-10-01T16:54:37","modified_gmt":"2024-10-01T14:54:37","slug":"del-vecchia","status":"publish","type":"page","link":"https:\/\/www.modula.eu\/fr\/etudes-de-cas\/textile-accessoires\/del-vecchia\/","title":{"rendered":"Del Vecchia"},"content":{"rendered":"","protected":false},"excerpt":{"rendered":"","protected":false},"author":1,"featured_media":7327,"parent":10369,"menu_order":4,"comment_status":"closed","ping_status":"closed","template":"case.php","meta":{"_acf_changed":false,"inline_featured_image":false,"mapsvg_location":"","footnotes":""},"class_list":["post-10384","page","type-page","status-publish","has-post-thumbnail","hentry"],"acf":[],"yoast_head":"<!-- This site is optimized with the Yoast SEO plugin v27.3 - https:\/\/yoast.com\/product\/yoast-seo-wordpress\/ -->\n<title>Entrep\u00f4ts automatiques Modula Accessoire textile : Del Vecchia<\/title>\n<meta name=\"description\" content=\"C&#039;est pourquoi Del Vecchia Spa, une entreprise active dans le secteur textile, a choisi les syst\u00e8mes Modula pour am\u00e9liorer l&#039;efficacit\u00e9 et l&#039;automatisation de son entrep\u00f4t.\" \/>\n<meta name=\"robots\" content=\"index, follow, max-snippet:-1, max-image-preview:large, max-video-preview:-1\" \/>\n<link rel=\"canonical\" href=\"https:\/\/www.modula.eu\/fr\/etudes-de-cas\/textile-accessoires\/del-vecchia\/\" \/>\n<meta property=\"og:locale\" content=\"fr_FR\" \/>\n<meta property=\"og:type\" content=\"article\" \/>\n<meta property=\"og:title\" content=\"Entrep\u00f4ts automatiques Modula Accessoire textile : Del Vecchia\" \/>\n<meta property=\"og:description\" content=\"C&#039;est pourquoi Del Vecchia Spa, une entreprise active dans le secteur textile, a choisi les syst\u00e8mes Modula pour am\u00e9liorer l&#039;efficacit\u00e9 et l&#039;automatisation de son entrep\u00f4t.\" \/>\n<meta property=\"og:url\" content=\"https:\/\/www.modula.eu\/fr\/etudes-de-cas\/textile-accessoires\/del-vecchia\/\" \/>\n<meta property=\"og:site_name\" content=\"Modula\" \/>\n<meta property=\"article:modified_time\" content=\"2024-10-01T14:54:37+00:00\" \/>\n<meta property=\"og:image\" content=\"https:\/\/www.modula.eu\/wp-content\/uploads\/2022\/10\/19-Del-Vecchia.jpg\" \/>\n\t<meta property=\"og:image:width\" content=\"800\" \/>\n\t<meta property=\"og:image:height\" content=\"600\" \/>\n\t<meta property=\"og:image:type\" content=\"image\/jpeg\" \/>\n<meta name=\"twitter:card\" content=\"summary_large_image\" \/>\n<script type=\"application\/ld+json\" class=\"yoast-schema-graph\">{\"@context\":\"https:\\\/\\\/schema.org\",\"@graph\":[{\"@type\":\"WebPage\",\"@id\":\"https:\\\/\\\/www.modula.eu\\\/fr\\\/etudes-de-cas\\\/textile-accessoires\\\/del-vecchia\\\/\",\"url\":\"https:\\\/\\\/www.modula.eu\\\/fr\\\/etudes-de-cas\\\/textile-accessoires\\\/del-vecchia\\\/\",\"name\":\"Entrep\u00f4ts automatiques Modula Accessoire textile : Del Vecchia\",\"isPartOf\":{\"@id\":\"https:\\\/\\\/www.modula.eu\\\/fr\\\/#website\"},\"primaryImageOfPage\":{\"@id\":\"https:\\\/\\\/www.modula.eu\\\/fr\\\/etudes-de-cas\\\/textile-accessoires\\\/del-vecchia\\\/#primaryimage\"},\"image\":{\"@id\":\"https:\\\/\\\/www.modula.eu\\\/fr\\\/etudes-de-cas\\\/textile-accessoires\\\/del-vecchia\\\/#primaryimage\"},\"thumbnailUrl\":\"https:\\\/\\\/www.modula.eu\\\/wp-content\\\/uploads\\\/2022\\\/10\\\/19-Del-Vecchia.jpg\",\"datePublished\":\"2022-06-23T08:45:03+00:00\",\"dateModified\":\"2024-10-01T14:54:37+00:00\",\"description\":\"C'est pourquoi Del Vecchia Spa, une entreprise active dans le secteur textile, a choisi les syst\u00e8mes Modula pour am\u00e9liorer l'efficacit\u00e9 et l'automatisation de son entrep\u00f4t.\",\"breadcrumb\":{\"@id\":\"https:\\\/\\\/www.modula.eu\\\/fr\\\/etudes-de-cas\\\/textile-accessoires\\\/del-vecchia\\\/#breadcrumb\"},\"inLanguage\":\"fr-FR\",\"potentialAction\":[{\"@type\":\"ReadAction\",\"target\":[\"https:\\\/\\\/www.modula.eu\\\/fr\\\/etudes-de-cas\\\/textile-accessoires\\\/del-vecchia\\\/\"]}]},{\"@type\":\"ImageObject\",\"inLanguage\":\"fr-FR\",\"@id\":\"https:\\\/\\\/www.modula.eu\\\/fr\\\/etudes-de-cas\\\/textile-accessoires\\\/del-vecchia\\\/#primaryimage\",\"url\":\"https:\\\/\\\/www.modula.eu\\\/wp-content\\\/uploads\\\/2022\\\/10\\\/19-Del-Vecchia.jpg\",\"contentUrl\":\"https:\\\/\\\/www.modula.eu\\\/wp-content\\\/uploads\\\/2022\\\/10\\\/19-Del-Vecchia.jpg\",\"width\":800,\"height\":600},{\"@type\":\"BreadcrumbList\",\"@id\":\"https:\\\/\\\/www.modula.eu\\\/fr\\\/etudes-de-cas\\\/textile-accessoires\\\/del-vecchia\\\/#breadcrumb\",\"itemListElement\":[{\"@type\":\"ListItem\",\"position\":1,\"name\":\"Home\",\"item\":\"https:\\\/\\\/www.modula.eu\\\/fr\\\/\"},{\"@type\":\"ListItem\",\"position\":2,\"name\":\"\u00c9tudes de Cas\",\"item\":\"https:\\\/\\\/www.modula.eu\\\/fr\\\/etudes-de-cas\\\/\"},{\"@type\":\"ListItem\",\"position\":3,\"name\":\"Textile \\\/ accessoires\",\"item\":\"https:\\\/\\\/www.modula.eu\\\/fr\\\/etudes-de-cas\\\/textile-accessoires\\\/\"},{\"@type\":\"ListItem\",\"position\":4,\"name\":\"Del Vecchia\"}]},{\"@type\":\"WebSite\",\"@id\":\"https:\\\/\\\/www.modula.eu\\\/fr\\\/#website\",\"url\":\"https:\\\/\\\/www.modula.eu\\\/fr\\\/\",\"name\":\"Modula\",\"description\":\"Think Vertical\",\"publisher\":{\"@id\":\"https:\\\/\\\/www.modula.eu\\\/fr\\\/#organization\"},\"potentialAction\":[{\"@type\":\"SearchAction\",\"target\":{\"@type\":\"EntryPoint\",\"urlTemplate\":\"https:\\\/\\\/www.modula.eu\\\/fr\\\/?s={search_term_string}\"},\"query-input\":{\"@type\":\"PropertyValueSpecification\",\"valueRequired\":true,\"valueName\":\"search_term_string\"}}],\"inLanguage\":\"fr-FR\"},{\"@type\":\"Organization\",\"@id\":\"https:\\\/\\\/www.modula.eu\\\/fr\\\/#organization\",\"name\":\"Modula\",\"url\":\"https:\\\/\\\/www.modula.eu\\\/fr\\\/\",\"logo\":{\"@type\":\"ImageObject\",\"inLanguage\":\"fr-FR\",\"@id\":\"https:\\\/\\\/www.modula.eu\\\/fr\\\/#\\\/schema\\\/logo\\\/image\\\/\",\"url\":\"https:\\\/\\\/www.modula.eu\\\/wp-content\\\/uploads\\\/2022\\\/12\\\/Modula-logo.jpg\",\"contentUrl\":\"https:\\\/\\\/www.modula.eu\\\/wp-content\\\/uploads\\\/2022\\\/12\\\/Modula-logo.jpg\",\"width\":759,\"height\":512,\"caption\":\"Modula\"},\"image\":{\"@id\":\"https:\\\/\\\/www.modula.eu\\\/fr\\\/#\\\/schema\\\/logo\\\/image\\\/\"}}]}<\/script>\n<!-- \/ Yoast SEO plugin. -->","yoast_head_json":{"title":"Entrep\u00f4ts automatiques Modula Accessoire textile : Del Vecchia","description":"C'est pourquoi Del Vecchia Spa, une entreprise active dans le secteur textile, a choisi les syst\u00e8mes Modula pour am\u00e9liorer l'efficacit\u00e9 et l'automatisation de son entrep\u00f4t.","robots":{"index":"index","follow":"follow","max-snippet":"max-snippet:-1","max-image-preview":"max-image-preview:large","max-video-preview":"max-video-preview:-1"},"canonical":"https:\/\/www.modula.eu\/fr\/etudes-de-cas\/textile-accessoires\/del-vecchia\/","og_locale":"fr_FR","og_type":"article","og_title":"Entrep\u00f4ts automatiques Modula Accessoire textile : Del Vecchia","og_description":"C'est pourquoi Del Vecchia Spa, une entreprise active dans le secteur textile, a choisi les syst\u00e8mes Modula pour am\u00e9liorer l'efficacit\u00e9 et l'automatisation de son entrep\u00f4t.","og_url":"https:\/\/www.modula.eu\/fr\/etudes-de-cas\/textile-accessoires\/del-vecchia\/","og_site_name":"Modula","article_modified_time":"2024-10-01T14:54:37+00:00","og_image":[{"width":800,"height":600,"url":"https:\/\/www.modula.eu\/wp-content\/uploads\/2022\/10\/19-Del-Vecchia.jpg","type":"image\/jpeg"}],"twitter_card":"summary_large_image","schema":{"@context":"https:\/\/schema.org","@graph":[{"@type":"WebPage","@id":"https:\/\/www.modula.eu\/fr\/etudes-de-cas\/textile-accessoires\/del-vecchia\/","url":"https:\/\/www.modula.eu\/fr\/etudes-de-cas\/textile-accessoires\/del-vecchia\/","name":"Entrep\u00f4ts automatiques Modula Accessoire textile : Del Vecchia","isPartOf":{"@id":"https:\/\/www.modula.eu\/fr\/#website"},"primaryImageOfPage":{"@id":"https:\/\/www.modula.eu\/fr\/etudes-de-cas\/textile-accessoires\/del-vecchia\/#primaryimage"},"image":{"@id":"https:\/\/www.modula.eu\/fr\/etudes-de-cas\/textile-accessoires\/del-vecchia\/#primaryimage"},"thumbnailUrl":"https:\/\/www.modula.eu\/wp-content\/uploads\/2022\/10\/19-Del-Vecchia.jpg","datePublished":"2022-06-23T08:45:03+00:00","dateModified":"2024-10-01T14:54:37+00:00","description":"C'est pourquoi Del Vecchia Spa, une entreprise active dans le secteur textile, a choisi les syst\u00e8mes Modula pour am\u00e9liorer l'efficacit\u00e9 et l'automatisation de son entrep\u00f4t.","breadcrumb":{"@id":"https:\/\/www.modula.eu\/fr\/etudes-de-cas\/textile-accessoires\/del-vecchia\/#breadcrumb"},"inLanguage":"fr-FR","potentialAction":[{"@type":"ReadAction","target":["https:\/\/www.modula.eu\/fr\/etudes-de-cas\/textile-accessoires\/del-vecchia\/"]}]},{"@type":"ImageObject","inLanguage":"fr-FR","@id":"https:\/\/www.modula.eu\/fr\/etudes-de-cas\/textile-accessoires\/del-vecchia\/#primaryimage","url":"https:\/\/www.modula.eu\/wp-content\/uploads\/2022\/10\/19-Del-Vecchia.jpg","contentUrl":"https:\/\/www.modula.eu\/wp-content\/uploads\/2022\/10\/19-Del-Vecchia.jpg","width":800,"height":600},{"@type":"BreadcrumbList","@id":"https:\/\/www.modula.eu\/fr\/etudes-de-cas\/textile-accessoires\/del-vecchia\/#breadcrumb","itemListElement":[{"@type":"ListItem","position":1,"name":"Home","item":"https:\/\/www.modula.eu\/fr\/"},{"@type":"ListItem","position":2,"name":"\u00c9tudes de Cas","item":"https:\/\/www.modula.eu\/fr\/etudes-de-cas\/"},{"@type":"ListItem","position":3,"name":"Textile \/ accessoires","item":"https:\/\/www.modula.eu\/fr\/etudes-de-cas\/textile-accessoires\/"},{"@type":"ListItem","position":4,"name":"Del Vecchia"}]},{"@type":"WebSite","@id":"https:\/\/www.modula.eu\/fr\/#website","url":"https:\/\/www.modula.eu\/fr\/","name":"Modula","description":"Think Vertical","publisher":{"@id":"https:\/\/www.modula.eu\/fr\/#organization"},"potentialAction":[{"@type":"SearchAction","target":{"@type":"EntryPoint","urlTemplate":"https:\/\/www.modula.eu\/fr\/?s={search_term_string}"},"query-input":{"@type":"PropertyValueSpecification","valueRequired":true,"valueName":"search_term_string"}}],"inLanguage":"fr-FR"},{"@type":"Organization","@id":"https:\/\/www.modula.eu\/fr\/#organization","name":"Modula","url":"https:\/\/www.modula.eu\/fr\/","logo":{"@type":"ImageObject","inLanguage":"fr-FR","@id":"https:\/\/www.modula.eu\/fr\/#\/schema\/logo\/image\/","url":"https:\/\/www.modula.eu\/wp-content\/uploads\/2022\/12\/Modula-logo.jpg","contentUrl":"https:\/\/www.modula.eu\/wp-content\/uploads\/2022\/12\/Modula-logo.jpg","width":759,"height":512,"caption":"Modula"},"image":{"@id":"https:\/\/www.modula.eu\/fr\/#\/schema\/logo\/image\/"}}]}},"_links":{"self":[{"href":"https:\/\/www.modula.eu\/fr\/wp-json\/wp\/v2\/pages\/10384","targetHints":{"allow":["GET"]}}],"collection":[{"href":"https:\/\/www.modula.eu\/fr\/wp-json\/wp\/v2\/pages"}],"about":[{"href":"https:\/\/www.modula.eu\/fr\/wp-json\/wp\/v2\/types\/page"}],"author":[{"embeddable":true,"href":"https:\/\/www.modula.eu\/fr\/wp-json\/wp\/v2\/users\/1"}],"replies":[{"embeddable":true,"href":"https:\/\/www.modula.eu\/fr\/wp-json\/wp\/v2\/comments?post=10384"}],"version-history":[{"count":0,"href":"https:\/\/www.modula.eu\/fr\/wp-json\/wp\/v2\/pages\/10384\/revisions"}],"up":[{"embeddable":true,"href":"https:\/\/www.modula.eu\/fr\/wp-json\/wp\/v2\/pages\/10369"}],"wp:featuredmedia":[{"embeddable":true,"href":"https:\/\/www.modula.eu\/fr\/wp-json\/wp\/v2\/media\/7327"}],"wp:attachment":[{"href":"https:\/\/www.modula.eu\/fr\/wp-json\/wp\/v2\/media?parent=10384"}],"curies":[{"name":"wp","href":"https:\/\/api.w.org\/{rel}","templated":true}]}}