{"id":22058,"date":"2023-03-29T15:06:19","date_gmt":"2023-03-29T13:06:19","guid":{"rendered":"https:\/\/www.modula.eu\/etudes-de-cas\/quincaillerie\/metalwit\/"},"modified":"2026-04-03T17:05:56","modified_gmt":"2026-04-03T15:05:56","slug":"metalwit","status":"publish","type":"page","link":"https:\/\/www.modula.eu\/fr\/etudes-de-cas\/quincaillerie\/metalwit\/","title":{"rendered":"Metalwit"},"content":{"rendered":"","protected":false},"excerpt":{"rendered":"","protected":false},"author":2,"featured_media":22053,"parent":10209,"menu_order":4,"comment_status":"closed","ping_status":"closed","template":"case.php","meta":{"_acf_changed":false,"inline_featured_image":false,"mapsvg_location":"","footnotes":""},"class_list":["post-22058","page","type-page","status-publish","has-post-thumbnail","hentry"],"acf":[],"yoast_head":"<!-- This site is optimized with the Yoast SEO plugin v27.3 - https:\/\/yoast.com\/product\/yoast-seo-wordpress\/ -->\n<title>Secteur mat\u00e9riel des magasins automatis\u00e9s Modula : Metalwit<\/title>\n<meta name=\"description\" content=\"Afin d&#039;accro\u00eetre l&#039;efficacit\u00e9 du processus de stockage et de pr\u00e9paration des commandes de petits articles, Metalwit a d\u00e9cid\u00e9 d&#039;int\u00e9grer le robot mobile MR2 au Modula Lift.\" \/>\n<meta name=\"robots\" content=\"index, follow, max-snippet:-1, max-image-preview:large, max-video-preview:-1\" \/>\n<link rel=\"canonical\" href=\"https:\/\/www.modula.eu\/fr\/etudes-de-cas\/quincaillerie\/metalwit\/\" \/>\n<meta property=\"og:locale\" content=\"fr_FR\" \/>\n<meta property=\"og:type\" content=\"article\" \/>\n<meta property=\"og:title\" content=\"Secteur mat\u00e9riel des magasins automatis\u00e9s Modula : Metalwit\" \/>\n<meta property=\"og:description\" content=\"Afin d&#039;accro\u00eetre l&#039;efficacit\u00e9 du processus de stockage et de pr\u00e9paration des commandes de petits articles, Metalwit a d\u00e9cid\u00e9 d&#039;int\u00e9grer le robot mobile MR2 au Modula Lift.\" \/>\n<meta property=\"og:url\" content=\"https:\/\/www.modula.eu\/fr\/etudes-de-cas\/quincaillerie\/metalwit\/\" \/>\n<meta property=\"og:site_name\" content=\"Modula\" \/>\n<meta property=\"article:modified_time\" content=\"2026-04-03T15:05:56+00:00\" \/>\n<meta property=\"og:image\" content=\"https:\/\/www.modula.eu\/wp-content\/uploads\/2023\/03\/Metalwit.jpg\" \/>\n\t<meta property=\"og:image:width\" content=\"800\" \/>\n\t<meta property=\"og:image:height\" content=\"600\" \/>\n\t<meta property=\"og:image:type\" content=\"image\/jpeg\" \/>\n<meta name=\"twitter:card\" content=\"summary_large_image\" \/>\n<script type=\"application\/ld+json\" class=\"yoast-schema-graph\">{\"@context\":\"https:\\\/\\\/schema.org\",\"@graph\":[{\"@type\":\"WebPage\",\"@id\":\"https:\\\/\\\/www.modula.eu\\\/fr\\\/etudes-de-cas\\\/quincaillerie\\\/metalwit\\\/\",\"url\":\"https:\\\/\\\/www.modula.eu\\\/fr\\\/etudes-de-cas\\\/quincaillerie\\\/metalwit\\\/\",\"name\":\"Secteur mat\u00e9riel des magasins automatis\u00e9s Modula : Metalwit\",\"isPartOf\":{\"@id\":\"https:\\\/\\\/www.modula.eu\\\/fr\\\/#website\"},\"primaryImageOfPage\":{\"@id\":\"https:\\\/\\\/www.modula.eu\\\/fr\\\/etudes-de-cas\\\/quincaillerie\\\/metalwit\\\/#primaryimage\"},\"image\":{\"@id\":\"https:\\\/\\\/www.modula.eu\\\/fr\\\/etudes-de-cas\\\/quincaillerie\\\/metalwit\\\/#primaryimage\"},\"thumbnailUrl\":\"https:\\\/\\\/www.modula.eu\\\/wp-content\\\/uploads\\\/2023\\\/03\\\/Metalwit.jpg\",\"datePublished\":\"2023-03-29T13:06:19+00:00\",\"dateModified\":\"2026-04-03T15:05:56+00:00\",\"description\":\"Afin d'accro\u00eetre l'efficacit\u00e9 du processus de stockage et de pr\u00e9paration des commandes de petits articles, Metalwit a d\u00e9cid\u00e9 d'int\u00e9grer le robot mobile MR2 au Modula Lift.\",\"breadcrumb\":{\"@id\":\"https:\\\/\\\/www.modula.eu\\\/fr\\\/etudes-de-cas\\\/quincaillerie\\\/metalwit\\\/#breadcrumb\"},\"inLanguage\":\"fr-FR\",\"potentialAction\":[{\"@type\":\"ReadAction\",\"target\":[\"https:\\\/\\\/www.modula.eu\\\/fr\\\/etudes-de-cas\\\/quincaillerie\\\/metalwit\\\/\"]}]},{\"@type\":\"ImageObject\",\"inLanguage\":\"fr-FR\",\"@id\":\"https:\\\/\\\/www.modula.eu\\\/fr\\\/etudes-de-cas\\\/quincaillerie\\\/metalwit\\\/#primaryimage\",\"url\":\"https:\\\/\\\/www.modula.eu\\\/wp-content\\\/uploads\\\/2023\\\/03\\\/Metalwit.jpg\",\"contentUrl\":\"https:\\\/\\\/www.modula.eu\\\/wp-content\\\/uploads\\\/2023\\\/03\\\/Metalwit.jpg\",\"width\":800,\"height\":600},{\"@type\":\"BreadcrumbList\",\"@id\":\"https:\\\/\\\/www.modula.eu\\\/fr\\\/etudes-de-cas\\\/quincaillerie\\\/metalwit\\\/#breadcrumb\",\"itemListElement\":[{\"@type\":\"ListItem\",\"position\":1,\"name\":\"Home\",\"item\":\"https:\\\/\\\/www.modula.eu\\\/fr\\\/\"},{\"@type\":\"ListItem\",\"position\":2,\"name\":\"\u00c9tudes de Cas\",\"item\":\"https:\\\/\\\/www.modula.eu\\\/fr\\\/etudes-de-cas\\\/\"},{\"@type\":\"ListItem\",\"position\":3,\"name\":\"Quincaillerie\",\"item\":\"https:\\\/\\\/www.modula.eu\\\/fr\\\/etudes-de-cas\\\/quincaillerie\\\/\"},{\"@type\":\"ListItem\",\"position\":4,\"name\":\"Metalwit\"}]},{\"@type\":\"WebSite\",\"@id\":\"https:\\\/\\\/www.modula.eu\\\/fr\\\/#website\",\"url\":\"https:\\\/\\\/www.modula.eu\\\/fr\\\/\",\"name\":\"Modula\",\"description\":\"Think Vertical\",\"publisher\":{\"@id\":\"https:\\\/\\\/www.modula.eu\\\/fr\\\/#organization\"},\"potentialAction\":[{\"@type\":\"SearchAction\",\"target\":{\"@type\":\"EntryPoint\",\"urlTemplate\":\"https:\\\/\\\/www.modula.eu\\\/fr\\\/?s={search_term_string}\"},\"query-input\":{\"@type\":\"PropertyValueSpecification\",\"valueRequired\":true,\"valueName\":\"search_term_string\"}}],\"inLanguage\":\"fr-FR\"},{\"@type\":\"Organization\",\"@id\":\"https:\\\/\\\/www.modula.eu\\\/fr\\\/#organization\",\"name\":\"Modula\",\"url\":\"https:\\\/\\\/www.modula.eu\\\/fr\\\/\",\"logo\":{\"@type\":\"ImageObject\",\"inLanguage\":\"fr-FR\",\"@id\":\"https:\\\/\\\/www.modula.eu\\\/fr\\\/#\\\/schema\\\/logo\\\/image\\\/\",\"url\":\"https:\\\/\\\/www.modula.eu\\\/wp-content\\\/uploads\\\/2022\\\/12\\\/Modula-logo.jpg\",\"contentUrl\":\"https:\\\/\\\/www.modula.eu\\\/wp-content\\\/uploads\\\/2022\\\/12\\\/Modula-logo.jpg\",\"width\":759,\"height\":512,\"caption\":\"Modula\"},\"image\":{\"@id\":\"https:\\\/\\\/www.modula.eu\\\/fr\\\/#\\\/schema\\\/logo\\\/image\\\/\"}}]}<\/script>\n<!-- \/ Yoast SEO plugin. -->","yoast_head_json":{"title":"Secteur mat\u00e9riel des magasins automatis\u00e9s Modula : Metalwit","description":"Afin d'accro\u00eetre l'efficacit\u00e9 du processus de stockage et de pr\u00e9paration des commandes de petits articles, Metalwit a d\u00e9cid\u00e9 d'int\u00e9grer le robot mobile MR2 au Modula Lift.","robots":{"index":"index","follow":"follow","max-snippet":"max-snippet:-1","max-image-preview":"max-image-preview:large","max-video-preview":"max-video-preview:-1"},"canonical":"https:\/\/www.modula.eu\/fr\/etudes-de-cas\/quincaillerie\/metalwit\/","og_locale":"fr_FR","og_type":"article","og_title":"Secteur mat\u00e9riel des magasins automatis\u00e9s Modula : Metalwit","og_description":"Afin d'accro\u00eetre l'efficacit\u00e9 du processus de stockage et de pr\u00e9paration des commandes de petits articles, Metalwit a d\u00e9cid\u00e9 d'int\u00e9grer le robot mobile MR2 au Modula Lift.","og_url":"https:\/\/www.modula.eu\/fr\/etudes-de-cas\/quincaillerie\/metalwit\/","og_site_name":"Modula","article_modified_time":"2026-04-03T15:05:56+00:00","og_image":[{"width":800,"height":600,"url":"https:\/\/www.modula.eu\/wp-content\/uploads\/2023\/03\/Metalwit.jpg","type":"image\/jpeg"}],"twitter_card":"summary_large_image","schema":{"@context":"https:\/\/schema.org","@graph":[{"@type":"WebPage","@id":"https:\/\/www.modula.eu\/fr\/etudes-de-cas\/quincaillerie\/metalwit\/","url":"https:\/\/www.modula.eu\/fr\/etudes-de-cas\/quincaillerie\/metalwit\/","name":"Secteur mat\u00e9riel des magasins automatis\u00e9s Modula : Metalwit","isPartOf":{"@id":"https:\/\/www.modula.eu\/fr\/#website"},"primaryImageOfPage":{"@id":"https:\/\/www.modula.eu\/fr\/etudes-de-cas\/quincaillerie\/metalwit\/#primaryimage"},"image":{"@id":"https:\/\/www.modula.eu\/fr\/etudes-de-cas\/quincaillerie\/metalwit\/#primaryimage"},"thumbnailUrl":"https:\/\/www.modula.eu\/wp-content\/uploads\/2023\/03\/Metalwit.jpg","datePublished":"2023-03-29T13:06:19+00:00","dateModified":"2026-04-03T15:05:56+00:00","description":"Afin d'accro\u00eetre l'efficacit\u00e9 du processus de stockage et de pr\u00e9paration des commandes de petits articles, Metalwit a d\u00e9cid\u00e9 d'int\u00e9grer le robot mobile MR2 au Modula Lift.","breadcrumb":{"@id":"https:\/\/www.modula.eu\/fr\/etudes-de-cas\/quincaillerie\/metalwit\/#breadcrumb"},"inLanguage":"fr-FR","potentialAction":[{"@type":"ReadAction","target":["https:\/\/www.modula.eu\/fr\/etudes-de-cas\/quincaillerie\/metalwit\/"]}]},{"@type":"ImageObject","inLanguage":"fr-FR","@id":"https:\/\/www.modula.eu\/fr\/etudes-de-cas\/quincaillerie\/metalwit\/#primaryimage","url":"https:\/\/www.modula.eu\/wp-content\/uploads\/2023\/03\/Metalwit.jpg","contentUrl":"https:\/\/www.modula.eu\/wp-content\/uploads\/2023\/03\/Metalwit.jpg","width":800,"height":600},{"@type":"BreadcrumbList","@id":"https:\/\/www.modula.eu\/fr\/etudes-de-cas\/quincaillerie\/metalwit\/#breadcrumb","itemListElement":[{"@type":"ListItem","position":1,"name":"Home","item":"https:\/\/www.modula.eu\/fr\/"},{"@type":"ListItem","position":2,"name":"\u00c9tudes de Cas","item":"https:\/\/www.modula.eu\/fr\/etudes-de-cas\/"},{"@type":"ListItem","position":3,"name":"Quincaillerie","item":"https:\/\/www.modula.eu\/fr\/etudes-de-cas\/quincaillerie\/"},{"@type":"ListItem","position":4,"name":"Metalwit"}]},{"@type":"WebSite","@id":"https:\/\/www.modula.eu\/fr\/#website","url":"https:\/\/www.modula.eu\/fr\/","name":"Modula","description":"Think Vertical","publisher":{"@id":"https:\/\/www.modula.eu\/fr\/#organization"},"potentialAction":[{"@type":"SearchAction","target":{"@type":"EntryPoint","urlTemplate":"https:\/\/www.modula.eu\/fr\/?s={search_term_string}"},"query-input":{"@type":"PropertyValueSpecification","valueRequired":true,"valueName":"search_term_string"}}],"inLanguage":"fr-FR"},{"@type":"Organization","@id":"https:\/\/www.modula.eu\/fr\/#organization","name":"Modula","url":"https:\/\/www.modula.eu\/fr\/","logo":{"@type":"ImageObject","inLanguage":"fr-FR","@id":"https:\/\/www.modula.eu\/fr\/#\/schema\/logo\/image\/","url":"https:\/\/www.modula.eu\/wp-content\/uploads\/2022\/12\/Modula-logo.jpg","contentUrl":"https:\/\/www.modula.eu\/wp-content\/uploads\/2022\/12\/Modula-logo.jpg","width":759,"height":512,"caption":"Modula"},"image":{"@id":"https:\/\/www.modula.eu\/fr\/#\/schema\/logo\/image\/"}}]}},"_links":{"self":[{"href":"https:\/\/www.modula.eu\/fr\/wp-json\/wp\/v2\/pages\/22058","targetHints":{"allow":["GET"]}}],"collection":[{"href":"https:\/\/www.modula.eu\/fr\/wp-json\/wp\/v2\/pages"}],"about":[{"href":"https:\/\/www.modula.eu\/fr\/wp-json\/wp\/v2\/types\/page"}],"author":[{"embeddable":true,"href":"https:\/\/www.modula.eu\/fr\/wp-json\/wp\/v2\/users\/2"}],"replies":[{"embeddable":true,"href":"https:\/\/www.modula.eu\/fr\/wp-json\/wp\/v2\/comments?post=22058"}],"version-history":[{"count":1,"href":"https:\/\/www.modula.eu\/fr\/wp-json\/wp\/v2\/pages\/22058\/revisions"}],"predecessor-version":[{"id":76580,"href":"https:\/\/www.modula.eu\/fr\/wp-json\/wp\/v2\/pages\/22058\/revisions\/76580"}],"up":[{"embeddable":true,"href":"https:\/\/www.modula.eu\/fr\/wp-json\/wp\/v2\/pages\/10209"}],"wp:featuredmedia":[{"embeddable":true,"href":"https:\/\/www.modula.eu\/fr\/wp-json\/wp\/v2\/media\/22053"}],"wp:attachment":[{"href":"https:\/\/www.modula.eu\/fr\/wp-json\/wp\/v2\/media?parent=22058"}],"curies":[{"name":"wp","href":"https:\/\/api.w.org\/{rel}","templated":true}]}}