{"id":22662,"date":"2023-04-13T11:05:36","date_gmt":"2023-04-13T09:05:36","guid":{"rendered":"https:\/\/www.modula.eu\/etudes-de-cas\/pneumatique-oleodynamique\/tecnoasa-idraulica-2\/"},"modified":"2024-04-19T15:48:21","modified_gmt":"2024-04-19T13:48:21","slug":"vivoil-oleodinamica-vivolo","status":"publish","type":"page","link":"https:\/\/www.modula.eu\/fr\/etudes-de-cas\/pneumatique-oleodynamique\/vivoil-oleodinamica-vivolo\/","title":{"rendered":"Vivoil Oleodinamica Vivolo"},"content":{"rendered":"","protected":false},"excerpt":{"rendered":"","protected":false},"author":2,"featured_media":22668,"parent":10315,"menu_order":12,"comment_status":"closed","ping_status":"closed","template":"case.php","meta":{"_acf_changed":false,"inline_featured_image":false,"mapsvg_location":"","footnotes":""},"class_list":["post-22662","page","type-page","status-publish","has-post-thumbnail","hentry"],"acf":[],"yoast_head":"<!-- This site is optimized with the Yoast SEO plugin v27.3 - https:\/\/yoast.com\/product\/yoast-seo-wordpress\/ -->\n<title>Magasin Automatique pour le secteur Hydraulique: Vivoil Oleodinamica Vivolo<\/title>\n<meta name=\"description\" content=\"Vivoil Oleodinamica Vivolo fabrique des composants tels que des pompes, des moteurs et des diviseurs de d\u00e9bit d\u00e9di\u00e9s \u00e0 diff\u00e9rents secteurs et applications tels que les machines agricoles, industrielles, automobiles et de terrassement. Ils ont choisi d&#039;acheter des magasins automatiques verticaux Modula en mai 2017 pour optimiser l&#039;intralogistique, les flux de travail et l&#039;espace.\" \/>\n<meta name=\"robots\" content=\"index, follow, max-snippet:-1, max-image-preview:large, max-video-preview:-1\" \/>\n<link rel=\"canonical\" href=\"https:\/\/www.modula.eu\/fr\/etudes-de-cas\/pneumatique-oleodynamique\/vivoil-oleodinamica-vivolo\/\" \/>\n<meta property=\"og:locale\" content=\"fr_FR\" \/>\n<meta property=\"og:type\" content=\"article\" \/>\n<meta property=\"og:title\" content=\"Magasin Automatique pour le secteur Hydraulique: Vivoil Oleodinamica Vivolo\" \/>\n<meta property=\"og:description\" content=\"Vivoil Oleodinamica Vivolo fabrique des composants tels que des pompes, des moteurs et des diviseurs de d\u00e9bit d\u00e9di\u00e9s \u00e0 diff\u00e9rents secteurs et applications tels que les machines agricoles, industrielles, automobiles et de terrassement. Ils ont choisi d&#039;acheter des magasins automatiques verticaux Modula en mai 2017 pour optimiser l&#039;intralogistique, les flux de travail et l&#039;espace.\" \/>\n<meta property=\"og:url\" content=\"https:\/\/www.modula.eu\/fr\/etudes-de-cas\/pneumatique-oleodynamique\/vivoil-oleodinamica-vivolo\/\" \/>\n<meta property=\"og:site_name\" content=\"Modula\" \/>\n<meta property=\"article:modified_time\" content=\"2024-04-19T13:48:21+00:00\" \/>\n<meta property=\"og:image\" content=\"https:\/\/www.modula.eu\/wp-content\/uploads\/2023\/04\/vivoil.jpg\" \/>\n\t<meta property=\"og:image:width\" content=\"800\" \/>\n\t<meta property=\"og:image:height\" content=\"600\" \/>\n\t<meta property=\"og:image:type\" content=\"image\/jpeg\" \/>\n<meta name=\"twitter:card\" content=\"summary_large_image\" \/>\n<script type=\"application\/ld+json\" class=\"yoast-schema-graph\">{\"@context\":\"https:\\\/\\\/schema.org\",\"@graph\":[{\"@type\":\"WebPage\",\"@id\":\"https:\\\/\\\/www.modula.eu\\\/fr\\\/etudes-de-cas\\\/pneumatique-oleodynamique\\\/vivoil-oleodinamica-vivolo\\\/\",\"url\":\"https:\\\/\\\/www.modula.eu\\\/fr\\\/etudes-de-cas\\\/pneumatique-oleodynamique\\\/vivoil-oleodinamica-vivolo\\\/\",\"name\":\"Magasin Automatique pour le secteur Hydraulique: Vivoil Oleodinamica Vivolo\",\"isPartOf\":{\"@id\":\"https:\\\/\\\/www.modula.eu\\\/fr\\\/#website\"},\"primaryImageOfPage\":{\"@id\":\"https:\\\/\\\/www.modula.eu\\\/fr\\\/etudes-de-cas\\\/pneumatique-oleodynamique\\\/vivoil-oleodinamica-vivolo\\\/#primaryimage\"},\"image\":{\"@id\":\"https:\\\/\\\/www.modula.eu\\\/fr\\\/etudes-de-cas\\\/pneumatique-oleodynamique\\\/vivoil-oleodinamica-vivolo\\\/#primaryimage\"},\"thumbnailUrl\":\"https:\\\/\\\/www.modula.eu\\\/wp-content\\\/uploads\\\/2023\\\/04\\\/vivoil.jpg\",\"datePublished\":\"2023-04-13T09:05:36+00:00\",\"dateModified\":\"2024-04-19T13:48:21+00:00\",\"description\":\"Vivoil Oleodinamica Vivolo fabrique des composants tels que des pompes, des moteurs et des diviseurs de d\u00e9bit d\u00e9di\u00e9s \u00e0 diff\u00e9rents secteurs et applications tels que les machines agricoles, industrielles, automobiles et de terrassement. Ils ont choisi d'acheter des magasins automatiques verticaux Modula en mai 2017 pour optimiser l'intralogistique, les flux de travail et l'espace.\",\"breadcrumb\":{\"@id\":\"https:\\\/\\\/www.modula.eu\\\/fr\\\/etudes-de-cas\\\/pneumatique-oleodynamique\\\/vivoil-oleodinamica-vivolo\\\/#breadcrumb\"},\"inLanguage\":\"fr-FR\",\"potentialAction\":[{\"@type\":\"ReadAction\",\"target\":[\"https:\\\/\\\/www.modula.eu\\\/fr\\\/etudes-de-cas\\\/pneumatique-oleodynamique\\\/vivoil-oleodinamica-vivolo\\\/\"]}]},{\"@type\":\"ImageObject\",\"inLanguage\":\"fr-FR\",\"@id\":\"https:\\\/\\\/www.modula.eu\\\/fr\\\/etudes-de-cas\\\/pneumatique-oleodynamique\\\/vivoil-oleodinamica-vivolo\\\/#primaryimage\",\"url\":\"https:\\\/\\\/www.modula.eu\\\/wp-content\\\/uploads\\\/2023\\\/04\\\/vivoil.jpg\",\"contentUrl\":\"https:\\\/\\\/www.modula.eu\\\/wp-content\\\/uploads\\\/2023\\\/04\\\/vivoil.jpg\",\"width\":800,\"height\":600},{\"@type\":\"BreadcrumbList\",\"@id\":\"https:\\\/\\\/www.modula.eu\\\/fr\\\/etudes-de-cas\\\/pneumatique-oleodynamique\\\/vivoil-oleodinamica-vivolo\\\/#breadcrumb\",\"itemListElement\":[{\"@type\":\"ListItem\",\"position\":1,\"name\":\"Home\",\"item\":\"https:\\\/\\\/www.modula.eu\\\/fr\\\/\"},{\"@type\":\"ListItem\",\"position\":2,\"name\":\"\u00c9tudes de Cas\",\"item\":\"https:\\\/\\\/www.modula.eu\\\/fr\\\/etudes-de-cas\\\/\"},{\"@type\":\"ListItem\",\"position\":3,\"name\":\"Pneumatic\\\/Hydraulic\",\"item\":\"https:\\\/\\\/www.modula.eu\\\/fr\\\/etudes-de-cas\\\/pneumatique-oleodynamique\\\/\"},{\"@type\":\"ListItem\",\"position\":4,\"name\":\"Vivoil Oleodinamica Vivolo\"}]},{\"@type\":\"WebSite\",\"@id\":\"https:\\\/\\\/www.modula.eu\\\/fr\\\/#website\",\"url\":\"https:\\\/\\\/www.modula.eu\\\/fr\\\/\",\"name\":\"Modula\",\"description\":\"Think Vertical\",\"publisher\":{\"@id\":\"https:\\\/\\\/www.modula.eu\\\/fr\\\/#organization\"},\"potentialAction\":[{\"@type\":\"SearchAction\",\"target\":{\"@type\":\"EntryPoint\",\"urlTemplate\":\"https:\\\/\\\/www.modula.eu\\\/fr\\\/?s={search_term_string}\"},\"query-input\":{\"@type\":\"PropertyValueSpecification\",\"valueRequired\":true,\"valueName\":\"search_term_string\"}}],\"inLanguage\":\"fr-FR\"},{\"@type\":\"Organization\",\"@id\":\"https:\\\/\\\/www.modula.eu\\\/fr\\\/#organization\",\"name\":\"Modula\",\"url\":\"https:\\\/\\\/www.modula.eu\\\/fr\\\/\",\"logo\":{\"@type\":\"ImageObject\",\"inLanguage\":\"fr-FR\",\"@id\":\"https:\\\/\\\/www.modula.eu\\\/fr\\\/#\\\/schema\\\/logo\\\/image\\\/\",\"url\":\"https:\\\/\\\/www.modula.eu\\\/wp-content\\\/uploads\\\/2022\\\/12\\\/Modula-logo.jpg\",\"contentUrl\":\"https:\\\/\\\/www.modula.eu\\\/wp-content\\\/uploads\\\/2022\\\/12\\\/Modula-logo.jpg\",\"width\":759,\"height\":512,\"caption\":\"Modula\"},\"image\":{\"@id\":\"https:\\\/\\\/www.modula.eu\\\/fr\\\/#\\\/schema\\\/logo\\\/image\\\/\"}}]}<\/script>\n<!-- \/ Yoast SEO plugin. -->","yoast_head_json":{"title":"Magasin Automatique pour le secteur Hydraulique: Vivoil Oleodinamica Vivolo","description":"Vivoil Oleodinamica Vivolo fabrique des composants tels que des pompes, des moteurs et des diviseurs de d\u00e9bit d\u00e9di\u00e9s \u00e0 diff\u00e9rents secteurs et applications tels que les machines agricoles, industrielles, automobiles et de terrassement. Ils ont choisi d'acheter des magasins automatiques verticaux Modula en mai 2017 pour optimiser l'intralogistique, les flux de travail et l'espace.","robots":{"index":"index","follow":"follow","max-snippet":"max-snippet:-1","max-image-preview":"max-image-preview:large","max-video-preview":"max-video-preview:-1"},"canonical":"https:\/\/www.modula.eu\/fr\/etudes-de-cas\/pneumatique-oleodynamique\/vivoil-oleodinamica-vivolo\/","og_locale":"fr_FR","og_type":"article","og_title":"Magasin Automatique pour le secteur Hydraulique: Vivoil Oleodinamica Vivolo","og_description":"Vivoil Oleodinamica Vivolo fabrique des composants tels que des pompes, des moteurs et des diviseurs de d\u00e9bit d\u00e9di\u00e9s \u00e0 diff\u00e9rents secteurs et applications tels que les machines agricoles, industrielles, automobiles et de terrassement. Ils ont choisi d'acheter des magasins automatiques verticaux Modula en mai 2017 pour optimiser l'intralogistique, les flux de travail et l'espace.","og_url":"https:\/\/www.modula.eu\/fr\/etudes-de-cas\/pneumatique-oleodynamique\/vivoil-oleodinamica-vivolo\/","og_site_name":"Modula","article_modified_time":"2024-04-19T13:48:21+00:00","og_image":[{"width":800,"height":600,"url":"https:\/\/www.modula.eu\/wp-content\/uploads\/2023\/04\/vivoil.jpg","type":"image\/jpeg"}],"twitter_card":"summary_large_image","schema":{"@context":"https:\/\/schema.org","@graph":[{"@type":"WebPage","@id":"https:\/\/www.modula.eu\/fr\/etudes-de-cas\/pneumatique-oleodynamique\/vivoil-oleodinamica-vivolo\/","url":"https:\/\/www.modula.eu\/fr\/etudes-de-cas\/pneumatique-oleodynamique\/vivoil-oleodinamica-vivolo\/","name":"Magasin Automatique pour le secteur Hydraulique: Vivoil Oleodinamica Vivolo","isPartOf":{"@id":"https:\/\/www.modula.eu\/fr\/#website"},"primaryImageOfPage":{"@id":"https:\/\/www.modula.eu\/fr\/etudes-de-cas\/pneumatique-oleodynamique\/vivoil-oleodinamica-vivolo\/#primaryimage"},"image":{"@id":"https:\/\/www.modula.eu\/fr\/etudes-de-cas\/pneumatique-oleodynamique\/vivoil-oleodinamica-vivolo\/#primaryimage"},"thumbnailUrl":"https:\/\/www.modula.eu\/wp-content\/uploads\/2023\/04\/vivoil.jpg","datePublished":"2023-04-13T09:05:36+00:00","dateModified":"2024-04-19T13:48:21+00:00","description":"Vivoil Oleodinamica Vivolo fabrique des composants tels que des pompes, des moteurs et des diviseurs de d\u00e9bit d\u00e9di\u00e9s \u00e0 diff\u00e9rents secteurs et applications tels que les machines agricoles, industrielles, automobiles et de terrassement. Ils ont choisi d'acheter des magasins automatiques verticaux Modula en mai 2017 pour optimiser l'intralogistique, les flux de travail et l'espace.","breadcrumb":{"@id":"https:\/\/www.modula.eu\/fr\/etudes-de-cas\/pneumatique-oleodynamique\/vivoil-oleodinamica-vivolo\/#breadcrumb"},"inLanguage":"fr-FR","potentialAction":[{"@type":"ReadAction","target":["https:\/\/www.modula.eu\/fr\/etudes-de-cas\/pneumatique-oleodynamique\/vivoil-oleodinamica-vivolo\/"]}]},{"@type":"ImageObject","inLanguage":"fr-FR","@id":"https:\/\/www.modula.eu\/fr\/etudes-de-cas\/pneumatique-oleodynamique\/vivoil-oleodinamica-vivolo\/#primaryimage","url":"https:\/\/www.modula.eu\/wp-content\/uploads\/2023\/04\/vivoil.jpg","contentUrl":"https:\/\/www.modula.eu\/wp-content\/uploads\/2023\/04\/vivoil.jpg","width":800,"height":600},{"@type":"BreadcrumbList","@id":"https:\/\/www.modula.eu\/fr\/etudes-de-cas\/pneumatique-oleodynamique\/vivoil-oleodinamica-vivolo\/#breadcrumb","itemListElement":[{"@type":"ListItem","position":1,"name":"Home","item":"https:\/\/www.modula.eu\/fr\/"},{"@type":"ListItem","position":2,"name":"\u00c9tudes de Cas","item":"https:\/\/www.modula.eu\/fr\/etudes-de-cas\/"},{"@type":"ListItem","position":3,"name":"Pneumatic\/Hydraulic","item":"https:\/\/www.modula.eu\/fr\/etudes-de-cas\/pneumatique-oleodynamique\/"},{"@type":"ListItem","position":4,"name":"Vivoil Oleodinamica Vivolo"}]},{"@type":"WebSite","@id":"https:\/\/www.modula.eu\/fr\/#website","url":"https:\/\/www.modula.eu\/fr\/","name":"Modula","description":"Think Vertical","publisher":{"@id":"https:\/\/www.modula.eu\/fr\/#organization"},"potentialAction":[{"@type":"SearchAction","target":{"@type":"EntryPoint","urlTemplate":"https:\/\/www.modula.eu\/fr\/?s={search_term_string}"},"query-input":{"@type":"PropertyValueSpecification","valueRequired":true,"valueName":"search_term_string"}}],"inLanguage":"fr-FR"},{"@type":"Organization","@id":"https:\/\/www.modula.eu\/fr\/#organization","name":"Modula","url":"https:\/\/www.modula.eu\/fr\/","logo":{"@type":"ImageObject","inLanguage":"fr-FR","@id":"https:\/\/www.modula.eu\/fr\/#\/schema\/logo\/image\/","url":"https:\/\/www.modula.eu\/wp-content\/uploads\/2022\/12\/Modula-logo.jpg","contentUrl":"https:\/\/www.modula.eu\/wp-content\/uploads\/2022\/12\/Modula-logo.jpg","width":759,"height":512,"caption":"Modula"},"image":{"@id":"https:\/\/www.modula.eu\/fr\/#\/schema\/logo\/image\/"}}]}},"_links":{"self":[{"href":"https:\/\/www.modula.eu\/fr\/wp-json\/wp\/v2\/pages\/22662","targetHints":{"allow":["GET"]}}],"collection":[{"href":"https:\/\/www.modula.eu\/fr\/wp-json\/wp\/v2\/pages"}],"about":[{"href":"https:\/\/www.modula.eu\/fr\/wp-json\/wp\/v2\/types\/page"}],"author":[{"embeddable":true,"href":"https:\/\/www.modula.eu\/fr\/wp-json\/wp\/v2\/users\/2"}],"replies":[{"embeddable":true,"href":"https:\/\/www.modula.eu\/fr\/wp-json\/wp\/v2\/comments?post=22662"}],"version-history":[{"count":0,"href":"https:\/\/www.modula.eu\/fr\/wp-json\/wp\/v2\/pages\/22662\/revisions"}],"up":[{"embeddable":true,"href":"https:\/\/www.modula.eu\/fr\/wp-json\/wp\/v2\/pages\/10315"}],"wp:featuredmedia":[{"embeddable":true,"href":"https:\/\/www.modula.eu\/fr\/wp-json\/wp\/v2\/media\/22668"}],"wp:attachment":[{"href":"https:\/\/www.modula.eu\/fr\/wp-json\/wp\/v2\/media?parent=22662"}],"curies":[{"name":"wp","href":"https:\/\/api.w.org\/{rel}","templated":true}]}}