{"id":25497,"date":"2023-07-12T13:51:32","date_gmt":"2023-07-12T11:51:32","guid":{"rendered":"https:\/\/www.modula.eu\/accessoires-supplementaires\/single-phase-power-supply\/"},"modified":"2025-06-16T15:32:30","modified_gmt":"2025-06-16T13:32:30","slug":"alimentation-electrique-monophasee","status":"publish","type":"page","link":"https:\/\/www.modula.eu\/fr\/accessoires\/accessoires-supplementaires\/alimentation-electrique-monophasee\/","title":{"rendered":"Alimentation \u00e9lectrique monophas\u00e9e"},"content":{"rendered":"","protected":false},"excerpt":{"rendered":"","protected":false},"author":2,"featured_media":24677,"parent":10397,"menu_order":4,"comment_status":"closed","ping_status":"closed","template":"","meta":{"_acf_changed":false,"inline_featured_image":false,"mapsvg_location":"","footnotes":""},"class_list":["post-25497","page","type-page","status-publish","has-post-thumbnail","hentry"],"acf":[],"yoast_head":"<!-- This site is optimized with the Yoast SEO plugin v27.3 - https:\/\/yoast.com\/product\/yoast-seo-wordpress\/ -->\n<title>Alimentation \u00e9lectrique monophas\u00e9e | Modula<\/title>\n<meta name=\"description\" content=\"L\u2019unit\u00e9 d\u2019alimentation monophas\u00e9e est un dispositif de transformation \u00e9lectrique compos\u00e9 d\u2019un tableau \u00e9lectrique qui permet de convertir l\u2019alimentation secteur monophas\u00e9e de 230 Vca en alimentations de 575 Vcc et 440 Vca.\" \/>\n<meta name=\"robots\" content=\"index, follow, max-snippet:-1, max-image-preview:large, max-video-preview:-1\" \/>\n<link rel=\"canonical\" href=\"https:\/\/www.modula.eu\/fr\/accessoires\/accessoires-supplementaires\/alimentation-electrique-monophasee\/\" \/>\n<meta property=\"og:locale\" content=\"fr_FR\" \/>\n<meta property=\"og:type\" content=\"article\" \/>\n<meta property=\"og:title\" content=\"Alimentation \u00e9lectrique monophas\u00e9e | Modula\" \/>\n<meta property=\"og:description\" content=\"L\u2019unit\u00e9 d\u2019alimentation monophas\u00e9e est un dispositif de transformation \u00e9lectrique compos\u00e9 d\u2019un tableau \u00e9lectrique qui permet de convertir l\u2019alimentation secteur monophas\u00e9e de 230 Vca en alimentations de 575 Vcc et 440 Vca.\" \/>\n<meta property=\"og:url\" content=\"https:\/\/www.modula.eu\/fr\/accessoires\/accessoires-supplementaires\/alimentation-electrique-monophasee\/\" \/>\n<meta property=\"og:site_name\" content=\"Modula\" \/>\n<meta property=\"article:modified_time\" content=\"2025-06-16T13:32:30+00:00\" \/>\n<meta property=\"og:image\" content=\"https:\/\/www.modula.eu\/wp-content\/uploads\/2023\/07\/Alimentatore-monofase.jpg\" \/>\n\t<meta property=\"og:image:width\" content=\"800\" \/>\n\t<meta property=\"og:image:height\" content=\"600\" \/>\n\t<meta property=\"og:image:type\" content=\"image\/jpeg\" \/>\n<meta name=\"twitter:card\" content=\"summary_large_image\" \/>\n<script type=\"application\/ld+json\" class=\"yoast-schema-graph\">{\"@context\":\"https:\\\/\\\/schema.org\",\"@graph\":[{\"@type\":\"WebPage\",\"@id\":\"https:\\\/\\\/www.modula.eu\\\/fr\\\/accessoires\\\/accessoires-supplementaires\\\/alimentation-electrique-monophasee\\\/\",\"url\":\"https:\\\/\\\/www.modula.eu\\\/fr\\\/accessoires\\\/accessoires-supplementaires\\\/alimentation-electrique-monophasee\\\/\",\"name\":\"Alimentation \u00e9lectrique monophas\u00e9e | Modula\",\"isPartOf\":{\"@id\":\"https:\\\/\\\/www.modula.eu\\\/fr\\\/#website\"},\"primaryImageOfPage\":{\"@id\":\"https:\\\/\\\/www.modula.eu\\\/fr\\\/accessoires\\\/accessoires-supplementaires\\\/alimentation-electrique-monophasee\\\/#primaryimage\"},\"image\":{\"@id\":\"https:\\\/\\\/www.modula.eu\\\/fr\\\/accessoires\\\/accessoires-supplementaires\\\/alimentation-electrique-monophasee\\\/#primaryimage\"},\"thumbnailUrl\":\"https:\\\/\\\/www.modula.eu\\\/wp-content\\\/uploads\\\/2023\\\/07\\\/Alimentatore-monofase.jpg\",\"datePublished\":\"2023-07-12T11:51:32+00:00\",\"dateModified\":\"2025-06-16T13:32:30+00:00\",\"description\":\"L\u2019unit\u00e9 d\u2019alimentation monophas\u00e9e est un dispositif de transformation \u00e9lectrique compos\u00e9 d\u2019un tableau \u00e9lectrique qui permet de convertir l\u2019alimentation secteur monophas\u00e9e de 230 Vca en alimentations de 575 Vcc et 440 Vca.\",\"breadcrumb\":{\"@id\":\"https:\\\/\\\/www.modula.eu\\\/fr\\\/accessoires\\\/accessoires-supplementaires\\\/alimentation-electrique-monophasee\\\/#breadcrumb\"},\"inLanguage\":\"fr-FR\",\"potentialAction\":[{\"@type\":\"ReadAction\",\"target\":[\"https:\\\/\\\/www.modula.eu\\\/fr\\\/accessoires\\\/accessoires-supplementaires\\\/alimentation-electrique-monophasee\\\/\"]}]},{\"@type\":\"ImageObject\",\"inLanguage\":\"fr-FR\",\"@id\":\"https:\\\/\\\/www.modula.eu\\\/fr\\\/accessoires\\\/accessoires-supplementaires\\\/alimentation-electrique-monophasee\\\/#primaryimage\",\"url\":\"https:\\\/\\\/www.modula.eu\\\/wp-content\\\/uploads\\\/2023\\\/07\\\/Alimentatore-monofase.jpg\",\"contentUrl\":\"https:\\\/\\\/www.modula.eu\\\/wp-content\\\/uploads\\\/2023\\\/07\\\/Alimentatore-monofase.jpg\",\"width\":800,\"height\":600},{\"@type\":\"BreadcrumbList\",\"@id\":\"https:\\\/\\\/www.modula.eu\\\/fr\\\/accessoires\\\/accessoires-supplementaires\\\/alimentation-electrique-monophasee\\\/#breadcrumb\",\"itemListElement\":[{\"@type\":\"ListItem\",\"position\":1,\"name\":\"Home\",\"item\":\"https:\\\/\\\/www.modula.eu\\\/fr\\\/\"},{\"@type\":\"ListItem\",\"position\":2,\"name\":\"Accessoires\",\"item\":\"https:\\\/\\\/www.modula.eu\\\/fr\\\/accessoires\\\/\"},{\"@type\":\"ListItem\",\"position\":3,\"name\":\"Accessoires suppl\u00e9mentaires\",\"item\":\"https:\\\/\\\/www.modula.eu\\\/fr\\\/accessoires\\\/accessoires-supplementaires\\\/\"},{\"@type\":\"ListItem\",\"position\":4,\"name\":\"Alimentation \u00e9lectrique monophas\u00e9e\"}]},{\"@type\":\"WebSite\",\"@id\":\"https:\\\/\\\/www.modula.eu\\\/fr\\\/#website\",\"url\":\"https:\\\/\\\/www.modula.eu\\\/fr\\\/\",\"name\":\"Modula\",\"description\":\"Think Vertical\",\"publisher\":{\"@id\":\"https:\\\/\\\/www.modula.eu\\\/fr\\\/#organization\"},\"potentialAction\":[{\"@type\":\"SearchAction\",\"target\":{\"@type\":\"EntryPoint\",\"urlTemplate\":\"https:\\\/\\\/www.modula.eu\\\/fr\\\/?s={search_term_string}\"},\"query-input\":{\"@type\":\"PropertyValueSpecification\",\"valueRequired\":true,\"valueName\":\"search_term_string\"}}],\"inLanguage\":\"fr-FR\"},{\"@type\":\"Organization\",\"@id\":\"https:\\\/\\\/www.modula.eu\\\/fr\\\/#organization\",\"name\":\"Modula\",\"url\":\"https:\\\/\\\/www.modula.eu\\\/fr\\\/\",\"logo\":{\"@type\":\"ImageObject\",\"inLanguage\":\"fr-FR\",\"@id\":\"https:\\\/\\\/www.modula.eu\\\/fr\\\/#\\\/schema\\\/logo\\\/image\\\/\",\"url\":\"https:\\\/\\\/www.modula.eu\\\/wp-content\\\/uploads\\\/2022\\\/12\\\/Modula-logo.jpg\",\"contentUrl\":\"https:\\\/\\\/www.modula.eu\\\/wp-content\\\/uploads\\\/2022\\\/12\\\/Modula-logo.jpg\",\"width\":759,\"height\":512,\"caption\":\"Modula\"},\"image\":{\"@id\":\"https:\\\/\\\/www.modula.eu\\\/fr\\\/#\\\/schema\\\/logo\\\/image\\\/\"}}]}<\/script>\n<!-- \/ Yoast SEO plugin. -->","yoast_head_json":{"title":"Alimentation \u00e9lectrique monophas\u00e9e | Modula","description":"L\u2019unit\u00e9 d\u2019alimentation monophas\u00e9e est un dispositif de transformation \u00e9lectrique compos\u00e9 d\u2019un tableau \u00e9lectrique qui permet de convertir l\u2019alimentation secteur monophas\u00e9e de 230 Vca en alimentations de 575 Vcc et 440 Vca.","robots":{"index":"index","follow":"follow","max-snippet":"max-snippet:-1","max-image-preview":"max-image-preview:large","max-video-preview":"max-video-preview:-1"},"canonical":"https:\/\/www.modula.eu\/fr\/accessoires\/accessoires-supplementaires\/alimentation-electrique-monophasee\/","og_locale":"fr_FR","og_type":"article","og_title":"Alimentation \u00e9lectrique monophas\u00e9e | Modula","og_description":"L\u2019unit\u00e9 d\u2019alimentation monophas\u00e9e est un dispositif de transformation \u00e9lectrique compos\u00e9 d\u2019un tableau \u00e9lectrique qui permet de convertir l\u2019alimentation secteur monophas\u00e9e de 230 Vca en alimentations de 575 Vcc et 440 Vca.","og_url":"https:\/\/www.modula.eu\/fr\/accessoires\/accessoires-supplementaires\/alimentation-electrique-monophasee\/","og_site_name":"Modula","article_modified_time":"2025-06-16T13:32:30+00:00","og_image":[{"width":800,"height":600,"url":"https:\/\/www.modula.eu\/wp-content\/uploads\/2023\/07\/Alimentatore-monofase.jpg","type":"image\/jpeg"}],"twitter_card":"summary_large_image","schema":{"@context":"https:\/\/schema.org","@graph":[{"@type":"WebPage","@id":"https:\/\/www.modula.eu\/fr\/accessoires\/accessoires-supplementaires\/alimentation-electrique-monophasee\/","url":"https:\/\/www.modula.eu\/fr\/accessoires\/accessoires-supplementaires\/alimentation-electrique-monophasee\/","name":"Alimentation \u00e9lectrique monophas\u00e9e | Modula","isPartOf":{"@id":"https:\/\/www.modula.eu\/fr\/#website"},"primaryImageOfPage":{"@id":"https:\/\/www.modula.eu\/fr\/accessoires\/accessoires-supplementaires\/alimentation-electrique-monophasee\/#primaryimage"},"image":{"@id":"https:\/\/www.modula.eu\/fr\/accessoires\/accessoires-supplementaires\/alimentation-electrique-monophasee\/#primaryimage"},"thumbnailUrl":"https:\/\/www.modula.eu\/wp-content\/uploads\/2023\/07\/Alimentatore-monofase.jpg","datePublished":"2023-07-12T11:51:32+00:00","dateModified":"2025-06-16T13:32:30+00:00","description":"L\u2019unit\u00e9 d\u2019alimentation monophas\u00e9e est un dispositif de transformation \u00e9lectrique compos\u00e9 d\u2019un tableau \u00e9lectrique qui permet de convertir l\u2019alimentation secteur monophas\u00e9e de 230 Vca en alimentations de 575 Vcc et 440 Vca.","breadcrumb":{"@id":"https:\/\/www.modula.eu\/fr\/accessoires\/accessoires-supplementaires\/alimentation-electrique-monophasee\/#breadcrumb"},"inLanguage":"fr-FR","potentialAction":[{"@type":"ReadAction","target":["https:\/\/www.modula.eu\/fr\/accessoires\/accessoires-supplementaires\/alimentation-electrique-monophasee\/"]}]},{"@type":"ImageObject","inLanguage":"fr-FR","@id":"https:\/\/www.modula.eu\/fr\/accessoires\/accessoires-supplementaires\/alimentation-electrique-monophasee\/#primaryimage","url":"https:\/\/www.modula.eu\/wp-content\/uploads\/2023\/07\/Alimentatore-monofase.jpg","contentUrl":"https:\/\/www.modula.eu\/wp-content\/uploads\/2023\/07\/Alimentatore-monofase.jpg","width":800,"height":600},{"@type":"BreadcrumbList","@id":"https:\/\/www.modula.eu\/fr\/accessoires\/accessoires-supplementaires\/alimentation-electrique-monophasee\/#breadcrumb","itemListElement":[{"@type":"ListItem","position":1,"name":"Home","item":"https:\/\/www.modula.eu\/fr\/"},{"@type":"ListItem","position":2,"name":"Accessoires","item":"https:\/\/www.modula.eu\/fr\/accessoires\/"},{"@type":"ListItem","position":3,"name":"Accessoires suppl\u00e9mentaires","item":"https:\/\/www.modula.eu\/fr\/accessoires\/accessoires-supplementaires\/"},{"@type":"ListItem","position":4,"name":"Alimentation \u00e9lectrique monophas\u00e9e"}]},{"@type":"WebSite","@id":"https:\/\/www.modula.eu\/fr\/#website","url":"https:\/\/www.modula.eu\/fr\/","name":"Modula","description":"Think Vertical","publisher":{"@id":"https:\/\/www.modula.eu\/fr\/#organization"},"potentialAction":[{"@type":"SearchAction","target":{"@type":"EntryPoint","urlTemplate":"https:\/\/www.modula.eu\/fr\/?s={search_term_string}"},"query-input":{"@type":"PropertyValueSpecification","valueRequired":true,"valueName":"search_term_string"}}],"inLanguage":"fr-FR"},{"@type":"Organization","@id":"https:\/\/www.modula.eu\/fr\/#organization","name":"Modula","url":"https:\/\/www.modula.eu\/fr\/","logo":{"@type":"ImageObject","inLanguage":"fr-FR","@id":"https:\/\/www.modula.eu\/fr\/#\/schema\/logo\/image\/","url":"https:\/\/www.modula.eu\/wp-content\/uploads\/2022\/12\/Modula-logo.jpg","contentUrl":"https:\/\/www.modula.eu\/wp-content\/uploads\/2022\/12\/Modula-logo.jpg","width":759,"height":512,"caption":"Modula"},"image":{"@id":"https:\/\/www.modula.eu\/fr\/#\/schema\/logo\/image\/"}}]}},"_links":{"self":[{"href":"https:\/\/www.modula.eu\/fr\/wp-json\/wp\/v2\/pages\/25497","targetHints":{"allow":["GET"]}}],"collection":[{"href":"https:\/\/www.modula.eu\/fr\/wp-json\/wp\/v2\/pages"}],"about":[{"href":"https:\/\/www.modula.eu\/fr\/wp-json\/wp\/v2\/types\/page"}],"author":[{"embeddable":true,"href":"https:\/\/www.modula.eu\/fr\/wp-json\/wp\/v2\/users\/2"}],"replies":[{"embeddable":true,"href":"https:\/\/www.modula.eu\/fr\/wp-json\/wp\/v2\/comments?post=25497"}],"version-history":[{"count":0,"href":"https:\/\/www.modula.eu\/fr\/wp-json\/wp\/v2\/pages\/25497\/revisions"}],"up":[{"embeddable":true,"href":"https:\/\/www.modula.eu\/fr\/wp-json\/wp\/v2\/pages\/10397"}],"wp:featuredmedia":[{"embeddable":true,"href":"https:\/\/www.modula.eu\/fr\/wp-json\/wp\/v2\/media\/24677"}],"wp:attachment":[{"href":"https:\/\/www.modula.eu\/fr\/wp-json\/wp\/v2\/media?parent=25497"}],"curies":[{"name":"wp","href":"https:\/\/api.w.org\/{rel}","templated":true}]}}