{"id":25526,"date":"2023-09-06T11:21:19","date_gmt":"2023-09-06T09:21:19","guid":{"rendered":"https:\/\/www.modula.eu\/accessoires-supplementaires\/perforated-panels-for-ventilated-machines\/"},"modified":"2025-06-16T16:03:00","modified_gmt":"2025-06-16T14:03:00","slug":"panneaux-perfores-pour-machines-ventilees","status":"publish","type":"page","link":"https:\/\/www.modula.eu\/fr\/accessoires\/accessoires-supplementaires\/panneaux-perfores-pour-machines-ventilees\/","title":{"rendered":"Panneaux perfor\u00e9s pour machines ventil\u00e9es"},"content":{"rendered":"","protected":false},"excerpt":{"rendered":"","protected":false},"author":2,"featured_media":25521,"parent":10397,"menu_order":7,"comment_status":"closed","ping_status":"closed","template":"","meta":{"_acf_changed":false,"inline_featured_image":false,"mapsvg_location":"","footnotes":""},"class_list":["post-25526","page","type-page","status-publish","has-post-thumbnail","hentry"],"acf":[],"yoast_head":"<!-- This site is optimized with the Yoast SEO plugin v27.3 - https:\/\/yoast.com\/product\/yoast-seo-wordpress\/ -->\n<title>Panneaux perfor\u00e9s pour machines ventil\u00e9es | Modula<\/title>\n<meta name=\"description\" content=\"Les panneaux perfor\u00e9s sont utilis\u00e9s lorsque les produits n\u00e9cessitent une circulation d\u2019air pour maintenir l\u2019int\u00e9grit\u00e9 des marchandises stock\u00e9es. Tr\u00e8s utile pour les entreprises du secteur alimentaire et des boissons qui doivent stocker des produits frais.\" \/>\n<meta name=\"robots\" content=\"index, follow, max-snippet:-1, max-image-preview:large, max-video-preview:-1\" \/>\n<link rel=\"canonical\" href=\"https:\/\/www.modula.eu\/fr\/accessoires\/accessoires-supplementaires\/panneaux-perfores-pour-machines-ventilees\/\" \/>\n<meta property=\"og:locale\" content=\"fr_FR\" \/>\n<meta property=\"og:type\" content=\"article\" \/>\n<meta property=\"og:title\" content=\"Panneaux perfor\u00e9s pour machines ventil\u00e9es | Modula\" \/>\n<meta property=\"og:description\" content=\"Les panneaux perfor\u00e9s sont utilis\u00e9s lorsque les produits n\u00e9cessitent une circulation d\u2019air pour maintenir l\u2019int\u00e9grit\u00e9 des marchandises stock\u00e9es. Tr\u00e8s utile pour les entreprises du secteur alimentaire et des boissons qui doivent stocker des produits frais.\" \/>\n<meta property=\"og:url\" content=\"https:\/\/www.modula.eu\/fr\/accessoires\/accessoires-supplementaires\/panneaux-perfores-pour-machines-ventilees\/\" \/>\n<meta property=\"og:site_name\" content=\"Modula\" \/>\n<meta property=\"article:modified_time\" content=\"2025-06-16T14:03:00+00:00\" \/>\n<meta property=\"og:image\" content=\"https:\/\/www.modula.eu\/wp-content\/uploads\/2023\/09\/carter-forati.jpg\" \/>\n\t<meta property=\"og:image:width\" content=\"800\" \/>\n\t<meta property=\"og:image:height\" content=\"600\" \/>\n\t<meta property=\"og:image:type\" content=\"image\/jpeg\" \/>\n<meta name=\"twitter:card\" content=\"summary_large_image\" \/>\n<script type=\"application\/ld+json\" class=\"yoast-schema-graph\">{\"@context\":\"https:\\\/\\\/schema.org\",\"@graph\":[{\"@type\":\"WebPage\",\"@id\":\"https:\\\/\\\/www.modula.eu\\\/fr\\\/accessoires\\\/accessoires-supplementaires\\\/panneaux-perfores-pour-machines-ventilees\\\/\",\"url\":\"https:\\\/\\\/www.modula.eu\\\/fr\\\/accessoires\\\/accessoires-supplementaires\\\/panneaux-perfores-pour-machines-ventilees\\\/\",\"name\":\"Panneaux perfor\u00e9s pour machines ventil\u00e9es | Modula\",\"isPartOf\":{\"@id\":\"https:\\\/\\\/www.modula.eu\\\/fr\\\/#website\"},\"primaryImageOfPage\":{\"@id\":\"https:\\\/\\\/www.modula.eu\\\/fr\\\/accessoires\\\/accessoires-supplementaires\\\/panneaux-perfores-pour-machines-ventilees\\\/#primaryimage\"},\"image\":{\"@id\":\"https:\\\/\\\/www.modula.eu\\\/fr\\\/accessoires\\\/accessoires-supplementaires\\\/panneaux-perfores-pour-machines-ventilees\\\/#primaryimage\"},\"thumbnailUrl\":\"https:\\\/\\\/www.modula.eu\\\/wp-content\\\/uploads\\\/2023\\\/09\\\/carter-forati.jpg\",\"datePublished\":\"2023-09-06T09:21:19+00:00\",\"dateModified\":\"2025-06-16T14:03:00+00:00\",\"description\":\"Les panneaux perfor\u00e9s sont utilis\u00e9s lorsque les produits n\u00e9cessitent une circulation d\u2019air pour maintenir l\u2019int\u00e9grit\u00e9 des marchandises stock\u00e9es. Tr\u00e8s utile pour les entreprises du secteur alimentaire et des boissons qui doivent stocker des produits frais.\",\"breadcrumb\":{\"@id\":\"https:\\\/\\\/www.modula.eu\\\/fr\\\/accessoires\\\/accessoires-supplementaires\\\/panneaux-perfores-pour-machines-ventilees\\\/#breadcrumb\"},\"inLanguage\":\"fr-FR\",\"potentialAction\":[{\"@type\":\"ReadAction\",\"target\":[\"https:\\\/\\\/www.modula.eu\\\/fr\\\/accessoires\\\/accessoires-supplementaires\\\/panneaux-perfores-pour-machines-ventilees\\\/\"]}]},{\"@type\":\"ImageObject\",\"inLanguage\":\"fr-FR\",\"@id\":\"https:\\\/\\\/www.modula.eu\\\/fr\\\/accessoires\\\/accessoires-supplementaires\\\/panneaux-perfores-pour-machines-ventilees\\\/#primaryimage\",\"url\":\"https:\\\/\\\/www.modula.eu\\\/wp-content\\\/uploads\\\/2023\\\/09\\\/carter-forati.jpg\",\"contentUrl\":\"https:\\\/\\\/www.modula.eu\\\/wp-content\\\/uploads\\\/2023\\\/09\\\/carter-forati.jpg\",\"width\":800,\"height\":600},{\"@type\":\"BreadcrumbList\",\"@id\":\"https:\\\/\\\/www.modula.eu\\\/fr\\\/accessoires\\\/accessoires-supplementaires\\\/panneaux-perfores-pour-machines-ventilees\\\/#breadcrumb\",\"itemListElement\":[{\"@type\":\"ListItem\",\"position\":1,\"name\":\"Home\",\"item\":\"https:\\\/\\\/www.modula.eu\\\/fr\\\/\"},{\"@type\":\"ListItem\",\"position\":2,\"name\":\"Accessoires\",\"item\":\"https:\\\/\\\/www.modula.eu\\\/fr\\\/accessoires\\\/\"},{\"@type\":\"ListItem\",\"position\":3,\"name\":\"Accessoires suppl\u00e9mentaires\",\"item\":\"https:\\\/\\\/www.modula.eu\\\/fr\\\/accessoires\\\/accessoires-supplementaires\\\/\"},{\"@type\":\"ListItem\",\"position\":4,\"name\":\"Panneaux perfor\u00e9s pour machines ventil\u00e9es\"}]},{\"@type\":\"WebSite\",\"@id\":\"https:\\\/\\\/www.modula.eu\\\/fr\\\/#website\",\"url\":\"https:\\\/\\\/www.modula.eu\\\/fr\\\/\",\"name\":\"Modula\",\"description\":\"Think Vertical\",\"publisher\":{\"@id\":\"https:\\\/\\\/www.modula.eu\\\/fr\\\/#organization\"},\"potentialAction\":[{\"@type\":\"SearchAction\",\"target\":{\"@type\":\"EntryPoint\",\"urlTemplate\":\"https:\\\/\\\/www.modula.eu\\\/fr\\\/?s={search_term_string}\"},\"query-input\":{\"@type\":\"PropertyValueSpecification\",\"valueRequired\":true,\"valueName\":\"search_term_string\"}}],\"inLanguage\":\"fr-FR\"},{\"@type\":\"Organization\",\"@id\":\"https:\\\/\\\/www.modula.eu\\\/fr\\\/#organization\",\"name\":\"Modula\",\"url\":\"https:\\\/\\\/www.modula.eu\\\/fr\\\/\",\"logo\":{\"@type\":\"ImageObject\",\"inLanguage\":\"fr-FR\",\"@id\":\"https:\\\/\\\/www.modula.eu\\\/fr\\\/#\\\/schema\\\/logo\\\/image\\\/\",\"url\":\"https:\\\/\\\/www.modula.eu\\\/wp-content\\\/uploads\\\/2022\\\/12\\\/Modula-logo.jpg\",\"contentUrl\":\"https:\\\/\\\/www.modula.eu\\\/wp-content\\\/uploads\\\/2022\\\/12\\\/Modula-logo.jpg\",\"width\":759,\"height\":512,\"caption\":\"Modula\"},\"image\":{\"@id\":\"https:\\\/\\\/www.modula.eu\\\/fr\\\/#\\\/schema\\\/logo\\\/image\\\/\"}}]}<\/script>\n<!-- \/ Yoast SEO plugin. -->","yoast_head_json":{"title":"Panneaux perfor\u00e9s pour machines ventil\u00e9es | Modula","description":"Les panneaux perfor\u00e9s sont utilis\u00e9s lorsque les produits n\u00e9cessitent une circulation d\u2019air pour maintenir l\u2019int\u00e9grit\u00e9 des marchandises stock\u00e9es. Tr\u00e8s utile pour les entreprises du secteur alimentaire et des boissons qui doivent stocker des produits frais.","robots":{"index":"index","follow":"follow","max-snippet":"max-snippet:-1","max-image-preview":"max-image-preview:large","max-video-preview":"max-video-preview:-1"},"canonical":"https:\/\/www.modula.eu\/fr\/accessoires\/accessoires-supplementaires\/panneaux-perfores-pour-machines-ventilees\/","og_locale":"fr_FR","og_type":"article","og_title":"Panneaux perfor\u00e9s pour machines ventil\u00e9es | Modula","og_description":"Les panneaux perfor\u00e9s sont utilis\u00e9s lorsque les produits n\u00e9cessitent une circulation d\u2019air pour maintenir l\u2019int\u00e9grit\u00e9 des marchandises stock\u00e9es. Tr\u00e8s utile pour les entreprises du secteur alimentaire et des boissons qui doivent stocker des produits frais.","og_url":"https:\/\/www.modula.eu\/fr\/accessoires\/accessoires-supplementaires\/panneaux-perfores-pour-machines-ventilees\/","og_site_name":"Modula","article_modified_time":"2025-06-16T14:03:00+00:00","og_image":[{"width":800,"height":600,"url":"https:\/\/www.modula.eu\/wp-content\/uploads\/2023\/09\/carter-forati.jpg","type":"image\/jpeg"}],"twitter_card":"summary_large_image","schema":{"@context":"https:\/\/schema.org","@graph":[{"@type":"WebPage","@id":"https:\/\/www.modula.eu\/fr\/accessoires\/accessoires-supplementaires\/panneaux-perfores-pour-machines-ventilees\/","url":"https:\/\/www.modula.eu\/fr\/accessoires\/accessoires-supplementaires\/panneaux-perfores-pour-machines-ventilees\/","name":"Panneaux perfor\u00e9s pour machines ventil\u00e9es | Modula","isPartOf":{"@id":"https:\/\/www.modula.eu\/fr\/#website"},"primaryImageOfPage":{"@id":"https:\/\/www.modula.eu\/fr\/accessoires\/accessoires-supplementaires\/panneaux-perfores-pour-machines-ventilees\/#primaryimage"},"image":{"@id":"https:\/\/www.modula.eu\/fr\/accessoires\/accessoires-supplementaires\/panneaux-perfores-pour-machines-ventilees\/#primaryimage"},"thumbnailUrl":"https:\/\/www.modula.eu\/wp-content\/uploads\/2023\/09\/carter-forati.jpg","datePublished":"2023-09-06T09:21:19+00:00","dateModified":"2025-06-16T14:03:00+00:00","description":"Les panneaux perfor\u00e9s sont utilis\u00e9s lorsque les produits n\u00e9cessitent une circulation d\u2019air pour maintenir l\u2019int\u00e9grit\u00e9 des marchandises stock\u00e9es. Tr\u00e8s utile pour les entreprises du secteur alimentaire et des boissons qui doivent stocker des produits frais.","breadcrumb":{"@id":"https:\/\/www.modula.eu\/fr\/accessoires\/accessoires-supplementaires\/panneaux-perfores-pour-machines-ventilees\/#breadcrumb"},"inLanguage":"fr-FR","potentialAction":[{"@type":"ReadAction","target":["https:\/\/www.modula.eu\/fr\/accessoires\/accessoires-supplementaires\/panneaux-perfores-pour-machines-ventilees\/"]}]},{"@type":"ImageObject","inLanguage":"fr-FR","@id":"https:\/\/www.modula.eu\/fr\/accessoires\/accessoires-supplementaires\/panneaux-perfores-pour-machines-ventilees\/#primaryimage","url":"https:\/\/www.modula.eu\/wp-content\/uploads\/2023\/09\/carter-forati.jpg","contentUrl":"https:\/\/www.modula.eu\/wp-content\/uploads\/2023\/09\/carter-forati.jpg","width":800,"height":600},{"@type":"BreadcrumbList","@id":"https:\/\/www.modula.eu\/fr\/accessoires\/accessoires-supplementaires\/panneaux-perfores-pour-machines-ventilees\/#breadcrumb","itemListElement":[{"@type":"ListItem","position":1,"name":"Home","item":"https:\/\/www.modula.eu\/fr\/"},{"@type":"ListItem","position":2,"name":"Accessoires","item":"https:\/\/www.modula.eu\/fr\/accessoires\/"},{"@type":"ListItem","position":3,"name":"Accessoires suppl\u00e9mentaires","item":"https:\/\/www.modula.eu\/fr\/accessoires\/accessoires-supplementaires\/"},{"@type":"ListItem","position":4,"name":"Panneaux perfor\u00e9s pour machines ventil\u00e9es"}]},{"@type":"WebSite","@id":"https:\/\/www.modula.eu\/fr\/#website","url":"https:\/\/www.modula.eu\/fr\/","name":"Modula","description":"Think Vertical","publisher":{"@id":"https:\/\/www.modula.eu\/fr\/#organization"},"potentialAction":[{"@type":"SearchAction","target":{"@type":"EntryPoint","urlTemplate":"https:\/\/www.modula.eu\/fr\/?s={search_term_string}"},"query-input":{"@type":"PropertyValueSpecification","valueRequired":true,"valueName":"search_term_string"}}],"inLanguage":"fr-FR"},{"@type":"Organization","@id":"https:\/\/www.modula.eu\/fr\/#organization","name":"Modula","url":"https:\/\/www.modula.eu\/fr\/","logo":{"@type":"ImageObject","inLanguage":"fr-FR","@id":"https:\/\/www.modula.eu\/fr\/#\/schema\/logo\/image\/","url":"https:\/\/www.modula.eu\/wp-content\/uploads\/2022\/12\/Modula-logo.jpg","contentUrl":"https:\/\/www.modula.eu\/wp-content\/uploads\/2022\/12\/Modula-logo.jpg","width":759,"height":512,"caption":"Modula"},"image":{"@id":"https:\/\/www.modula.eu\/fr\/#\/schema\/logo\/image\/"}}]}},"_links":{"self":[{"href":"https:\/\/www.modula.eu\/fr\/wp-json\/wp\/v2\/pages\/25526","targetHints":{"allow":["GET"]}}],"collection":[{"href":"https:\/\/www.modula.eu\/fr\/wp-json\/wp\/v2\/pages"}],"about":[{"href":"https:\/\/www.modula.eu\/fr\/wp-json\/wp\/v2\/types\/page"}],"author":[{"embeddable":true,"href":"https:\/\/www.modula.eu\/fr\/wp-json\/wp\/v2\/users\/2"}],"replies":[{"embeddable":true,"href":"https:\/\/www.modula.eu\/fr\/wp-json\/wp\/v2\/comments?post=25526"}],"version-history":[{"count":0,"href":"https:\/\/www.modula.eu\/fr\/wp-json\/wp\/v2\/pages\/25526\/revisions"}],"up":[{"embeddable":true,"href":"https:\/\/www.modula.eu\/fr\/wp-json\/wp\/v2\/pages\/10397"}],"wp:featuredmedia":[{"embeddable":true,"href":"https:\/\/www.modula.eu\/fr\/wp-json\/wp\/v2\/media\/25521"}],"wp:attachment":[{"href":"https:\/\/www.modula.eu\/fr\/wp-json\/wp\/v2\/media?parent=25526"}],"curies":[{"name":"wp","href":"https:\/\/api.w.org\/{rel}","templated":true}]}}