{"id":25803,"date":"2023-09-14T09:25:38","date_gmt":"2023-09-14T07:25:38","guid":{"rendered":"https:\/\/www.modula.eu\/etudes-de-cas\/mecanique\/energostar\/"},"modified":"2024-10-01T17:04:20","modified_gmt":"2024-10-01T15:04:20","slug":"energostar","status":"publish","type":"page","link":"https:\/\/www.modula.eu\/fr\/etudes-de-cas\/mecanique\/energostar\/","title":{"rendered":"Energostar"},"content":{"rendered":"","protected":false},"excerpt":{"rendered":"","protected":false},"author":2,"featured_media":25798,"parent":10266,"menu_order":23,"comment_status":"closed","ping_status":"closed","template":"case.php","meta":{"_acf_changed":false,"inline_featured_image":false,"mapsvg_location":"","footnotes":""},"class_list":["post-25803","page","type-page","status-publish","has-post-thumbnail","hentry"],"acf":[],"yoast_head":"<!-- This site is optimized with the Yoast SEO plugin v27.3 - https:\/\/yoast.com\/product\/yoast-seo-wordpress\/ -->\n<title>Energostar : Magasins automatis\u00e9s verticaux pour le secteur m\u00e9canique | Modula<\/title>\n<meta name=\"description\" content=\"Energostar, entreprise leader dans les pays baltes pour l\u2019assemblage et la vente d\u2019\u00e9quipements industriels lourds, \u00e9tait confront\u00e9e \u00e0 des d\u00e9fis li\u00e9s au stockage et \u00e0 la r\u00e9cup\u00e9ration de pi\u00e8ces et de composants pour les \u00e9quipes de production et d\u2019apr\u00e8s-vente.\" \/>\n<meta name=\"robots\" content=\"index, follow, max-snippet:-1, max-image-preview:large, max-video-preview:-1\" \/>\n<link rel=\"canonical\" href=\"https:\/\/www.modula.eu\/fr\/etudes-de-cas\/mecanique\/energostar\/\" \/>\n<meta property=\"og:locale\" content=\"fr_FR\" \/>\n<meta property=\"og:type\" content=\"article\" \/>\n<meta property=\"og:title\" content=\"Energostar : Magasins automatis\u00e9s verticaux pour le secteur m\u00e9canique | Modula\" \/>\n<meta property=\"og:description\" content=\"Energostar, entreprise leader dans les pays baltes pour l\u2019assemblage et la vente d\u2019\u00e9quipements industriels lourds, \u00e9tait confront\u00e9e \u00e0 des d\u00e9fis li\u00e9s au stockage et \u00e0 la r\u00e9cup\u00e9ration de pi\u00e8ces et de composants pour les \u00e9quipes de production et d\u2019apr\u00e8s-vente.\" \/>\n<meta property=\"og:url\" content=\"https:\/\/www.modula.eu\/fr\/etudes-de-cas\/mecanique\/energostar\/\" \/>\n<meta property=\"og:site_name\" content=\"Modula\" \/>\n<meta property=\"article:modified_time\" content=\"2024-10-01T15:04:20+00:00\" \/>\n<meta property=\"og:image\" content=\"https:\/\/www.modula.eu\/wp-content\/uploads\/2023\/09\/energostar.jpg\" \/>\n\t<meta property=\"og:image:width\" content=\"800\" \/>\n\t<meta property=\"og:image:height\" content=\"600\" \/>\n\t<meta property=\"og:image:type\" content=\"image\/jpeg\" \/>\n<meta name=\"twitter:card\" content=\"summary_large_image\" \/>\n<script type=\"application\/ld+json\" class=\"yoast-schema-graph\">{\"@context\":\"https:\\\/\\\/schema.org\",\"@graph\":[{\"@type\":\"WebPage\",\"@id\":\"https:\\\/\\\/www.modula.eu\\\/fr\\\/etudes-de-cas\\\/mecanique\\\/energostar\\\/\",\"url\":\"https:\\\/\\\/www.modula.eu\\\/fr\\\/etudes-de-cas\\\/mecanique\\\/energostar\\\/\",\"name\":\"Energostar : Magasins automatis\u00e9s verticaux pour le secteur m\u00e9canique | Modula\",\"isPartOf\":{\"@id\":\"https:\\\/\\\/www.modula.eu\\\/fr\\\/#website\"},\"primaryImageOfPage\":{\"@id\":\"https:\\\/\\\/www.modula.eu\\\/fr\\\/etudes-de-cas\\\/mecanique\\\/energostar\\\/#primaryimage\"},\"image\":{\"@id\":\"https:\\\/\\\/www.modula.eu\\\/fr\\\/etudes-de-cas\\\/mecanique\\\/energostar\\\/#primaryimage\"},\"thumbnailUrl\":\"https:\\\/\\\/www.modula.eu\\\/wp-content\\\/uploads\\\/2023\\\/09\\\/energostar.jpg\",\"datePublished\":\"2023-09-14T07:25:38+00:00\",\"dateModified\":\"2024-10-01T15:04:20+00:00\",\"description\":\"Energostar, entreprise leader dans les pays baltes pour l\u2019assemblage et la vente d\u2019\u00e9quipements industriels lourds, \u00e9tait confront\u00e9e \u00e0 des d\u00e9fis li\u00e9s au stockage et \u00e0 la r\u00e9cup\u00e9ration de pi\u00e8ces et de composants pour les \u00e9quipes de production et d\u2019apr\u00e8s-vente.\",\"breadcrumb\":{\"@id\":\"https:\\\/\\\/www.modula.eu\\\/fr\\\/etudes-de-cas\\\/mecanique\\\/energostar\\\/#breadcrumb\"},\"inLanguage\":\"fr-FR\",\"potentialAction\":[{\"@type\":\"ReadAction\",\"target\":[\"https:\\\/\\\/www.modula.eu\\\/fr\\\/etudes-de-cas\\\/mecanique\\\/energostar\\\/\"]}]},{\"@type\":\"ImageObject\",\"inLanguage\":\"fr-FR\",\"@id\":\"https:\\\/\\\/www.modula.eu\\\/fr\\\/etudes-de-cas\\\/mecanique\\\/energostar\\\/#primaryimage\",\"url\":\"https:\\\/\\\/www.modula.eu\\\/wp-content\\\/uploads\\\/2023\\\/09\\\/energostar.jpg\",\"contentUrl\":\"https:\\\/\\\/www.modula.eu\\\/wp-content\\\/uploads\\\/2023\\\/09\\\/energostar.jpg\",\"width\":800,\"height\":600},{\"@type\":\"BreadcrumbList\",\"@id\":\"https:\\\/\\\/www.modula.eu\\\/fr\\\/etudes-de-cas\\\/mecanique\\\/energostar\\\/#breadcrumb\",\"itemListElement\":[{\"@type\":\"ListItem\",\"position\":1,\"name\":\"Home\",\"item\":\"https:\\\/\\\/www.modula.eu\\\/fr\\\/\"},{\"@type\":\"ListItem\",\"position\":2,\"name\":\"\u00c9tudes de Cas\",\"item\":\"https:\\\/\\\/www.modula.eu\\\/fr\\\/etudes-de-cas\\\/\"},{\"@type\":\"ListItem\",\"position\":3,\"name\":\"M\u00e9canique\",\"item\":\"https:\\\/\\\/www.modula.eu\\\/fr\\\/etudes-de-cas\\\/mecanique\\\/\"},{\"@type\":\"ListItem\",\"position\":4,\"name\":\"Energostar\"}]},{\"@type\":\"WebSite\",\"@id\":\"https:\\\/\\\/www.modula.eu\\\/fr\\\/#website\",\"url\":\"https:\\\/\\\/www.modula.eu\\\/fr\\\/\",\"name\":\"Modula\",\"description\":\"Think Vertical\",\"publisher\":{\"@id\":\"https:\\\/\\\/www.modula.eu\\\/fr\\\/#organization\"},\"potentialAction\":[{\"@type\":\"SearchAction\",\"target\":{\"@type\":\"EntryPoint\",\"urlTemplate\":\"https:\\\/\\\/www.modula.eu\\\/fr\\\/?s={search_term_string}\"},\"query-input\":{\"@type\":\"PropertyValueSpecification\",\"valueRequired\":true,\"valueName\":\"search_term_string\"}}],\"inLanguage\":\"fr-FR\"},{\"@type\":\"Organization\",\"@id\":\"https:\\\/\\\/www.modula.eu\\\/fr\\\/#organization\",\"name\":\"Modula\",\"url\":\"https:\\\/\\\/www.modula.eu\\\/fr\\\/\",\"logo\":{\"@type\":\"ImageObject\",\"inLanguage\":\"fr-FR\",\"@id\":\"https:\\\/\\\/www.modula.eu\\\/fr\\\/#\\\/schema\\\/logo\\\/image\\\/\",\"url\":\"https:\\\/\\\/www.modula.eu\\\/wp-content\\\/uploads\\\/2022\\\/12\\\/Modula-logo.jpg\",\"contentUrl\":\"https:\\\/\\\/www.modula.eu\\\/wp-content\\\/uploads\\\/2022\\\/12\\\/Modula-logo.jpg\",\"width\":759,\"height\":512,\"caption\":\"Modula\"},\"image\":{\"@id\":\"https:\\\/\\\/www.modula.eu\\\/fr\\\/#\\\/schema\\\/logo\\\/image\\\/\"}}]}<\/script>\n<!-- \/ Yoast SEO plugin. -->","yoast_head_json":{"title":"Energostar : Magasins automatis\u00e9s verticaux pour le secteur m\u00e9canique | Modula","description":"Energostar, entreprise leader dans les pays baltes pour l\u2019assemblage et la vente d\u2019\u00e9quipements industriels lourds, \u00e9tait confront\u00e9e \u00e0 des d\u00e9fis li\u00e9s au stockage et \u00e0 la r\u00e9cup\u00e9ration de pi\u00e8ces et de composants pour les \u00e9quipes de production et d\u2019apr\u00e8s-vente.","robots":{"index":"index","follow":"follow","max-snippet":"max-snippet:-1","max-image-preview":"max-image-preview:large","max-video-preview":"max-video-preview:-1"},"canonical":"https:\/\/www.modula.eu\/fr\/etudes-de-cas\/mecanique\/energostar\/","og_locale":"fr_FR","og_type":"article","og_title":"Energostar : Magasins automatis\u00e9s verticaux pour le secteur m\u00e9canique | Modula","og_description":"Energostar, entreprise leader dans les pays baltes pour l\u2019assemblage et la vente d\u2019\u00e9quipements industriels lourds, \u00e9tait confront\u00e9e \u00e0 des d\u00e9fis li\u00e9s au stockage et \u00e0 la r\u00e9cup\u00e9ration de pi\u00e8ces et de composants pour les \u00e9quipes de production et d\u2019apr\u00e8s-vente.","og_url":"https:\/\/www.modula.eu\/fr\/etudes-de-cas\/mecanique\/energostar\/","og_site_name":"Modula","article_modified_time":"2024-10-01T15:04:20+00:00","og_image":[{"width":800,"height":600,"url":"https:\/\/www.modula.eu\/wp-content\/uploads\/2023\/09\/energostar.jpg","type":"image\/jpeg"}],"twitter_card":"summary_large_image","schema":{"@context":"https:\/\/schema.org","@graph":[{"@type":"WebPage","@id":"https:\/\/www.modula.eu\/fr\/etudes-de-cas\/mecanique\/energostar\/","url":"https:\/\/www.modula.eu\/fr\/etudes-de-cas\/mecanique\/energostar\/","name":"Energostar : Magasins automatis\u00e9s verticaux pour le secteur m\u00e9canique | Modula","isPartOf":{"@id":"https:\/\/www.modula.eu\/fr\/#website"},"primaryImageOfPage":{"@id":"https:\/\/www.modula.eu\/fr\/etudes-de-cas\/mecanique\/energostar\/#primaryimage"},"image":{"@id":"https:\/\/www.modula.eu\/fr\/etudes-de-cas\/mecanique\/energostar\/#primaryimage"},"thumbnailUrl":"https:\/\/www.modula.eu\/wp-content\/uploads\/2023\/09\/energostar.jpg","datePublished":"2023-09-14T07:25:38+00:00","dateModified":"2024-10-01T15:04:20+00:00","description":"Energostar, entreprise leader dans les pays baltes pour l\u2019assemblage et la vente d\u2019\u00e9quipements industriels lourds, \u00e9tait confront\u00e9e \u00e0 des d\u00e9fis li\u00e9s au stockage et \u00e0 la r\u00e9cup\u00e9ration de pi\u00e8ces et de composants pour les \u00e9quipes de production et d\u2019apr\u00e8s-vente.","breadcrumb":{"@id":"https:\/\/www.modula.eu\/fr\/etudes-de-cas\/mecanique\/energostar\/#breadcrumb"},"inLanguage":"fr-FR","potentialAction":[{"@type":"ReadAction","target":["https:\/\/www.modula.eu\/fr\/etudes-de-cas\/mecanique\/energostar\/"]}]},{"@type":"ImageObject","inLanguage":"fr-FR","@id":"https:\/\/www.modula.eu\/fr\/etudes-de-cas\/mecanique\/energostar\/#primaryimage","url":"https:\/\/www.modula.eu\/wp-content\/uploads\/2023\/09\/energostar.jpg","contentUrl":"https:\/\/www.modula.eu\/wp-content\/uploads\/2023\/09\/energostar.jpg","width":800,"height":600},{"@type":"BreadcrumbList","@id":"https:\/\/www.modula.eu\/fr\/etudes-de-cas\/mecanique\/energostar\/#breadcrumb","itemListElement":[{"@type":"ListItem","position":1,"name":"Home","item":"https:\/\/www.modula.eu\/fr\/"},{"@type":"ListItem","position":2,"name":"\u00c9tudes de Cas","item":"https:\/\/www.modula.eu\/fr\/etudes-de-cas\/"},{"@type":"ListItem","position":3,"name":"M\u00e9canique","item":"https:\/\/www.modula.eu\/fr\/etudes-de-cas\/mecanique\/"},{"@type":"ListItem","position":4,"name":"Energostar"}]},{"@type":"WebSite","@id":"https:\/\/www.modula.eu\/fr\/#website","url":"https:\/\/www.modula.eu\/fr\/","name":"Modula","description":"Think Vertical","publisher":{"@id":"https:\/\/www.modula.eu\/fr\/#organization"},"potentialAction":[{"@type":"SearchAction","target":{"@type":"EntryPoint","urlTemplate":"https:\/\/www.modula.eu\/fr\/?s={search_term_string}"},"query-input":{"@type":"PropertyValueSpecification","valueRequired":true,"valueName":"search_term_string"}}],"inLanguage":"fr-FR"},{"@type":"Organization","@id":"https:\/\/www.modula.eu\/fr\/#organization","name":"Modula","url":"https:\/\/www.modula.eu\/fr\/","logo":{"@type":"ImageObject","inLanguage":"fr-FR","@id":"https:\/\/www.modula.eu\/fr\/#\/schema\/logo\/image\/","url":"https:\/\/www.modula.eu\/wp-content\/uploads\/2022\/12\/Modula-logo.jpg","contentUrl":"https:\/\/www.modula.eu\/wp-content\/uploads\/2022\/12\/Modula-logo.jpg","width":759,"height":512,"caption":"Modula"},"image":{"@id":"https:\/\/www.modula.eu\/fr\/#\/schema\/logo\/image\/"}}]}},"_links":{"self":[{"href":"https:\/\/www.modula.eu\/fr\/wp-json\/wp\/v2\/pages\/25803","targetHints":{"allow":["GET"]}}],"collection":[{"href":"https:\/\/www.modula.eu\/fr\/wp-json\/wp\/v2\/pages"}],"about":[{"href":"https:\/\/www.modula.eu\/fr\/wp-json\/wp\/v2\/types\/page"}],"author":[{"embeddable":true,"href":"https:\/\/www.modula.eu\/fr\/wp-json\/wp\/v2\/users\/2"}],"replies":[{"embeddable":true,"href":"https:\/\/www.modula.eu\/fr\/wp-json\/wp\/v2\/comments?post=25803"}],"version-history":[{"count":0,"href":"https:\/\/www.modula.eu\/fr\/wp-json\/wp\/v2\/pages\/25803\/revisions"}],"up":[{"embeddable":true,"href":"https:\/\/www.modula.eu\/fr\/wp-json\/wp\/v2\/pages\/10266"}],"wp:featuredmedia":[{"embeddable":true,"href":"https:\/\/www.modula.eu\/fr\/wp-json\/wp\/v2\/media\/25798"}],"wp:attachment":[{"href":"https:\/\/www.modula.eu\/fr\/wp-json\/wp\/v2\/media?parent=25803"}],"curies":[{"name":"wp","href":"https:\/\/api.w.org\/{rel}","templated":true}]}}