{"id":28941,"date":"2023-12-22T13:30:45","date_gmt":"2023-12-22T12:30:45","guid":{"rendered":"https:\/\/www.modula.eu\/etudes-de-cas\/electronique-lnformatique\/lacroix\/"},"modified":"2025-03-04T11:55:51","modified_gmt":"2025-03-04T10:55:51","slug":"lacroix","status":"publish","type":"page","link":"https:\/\/www.modula.eu\/fr\/etudes-de-cas\/electronique-lnformatique\/lacroix\/","title":{"rendered":"Lacroix"},"content":{"rendered":"","protected":false},"excerpt":{"rendered":"","protected":false},"author":5,"featured_media":28936,"parent":10182,"menu_order":6,"comment_status":"closed","ping_status":"closed","template":"case.php","meta":{"_acf_changed":false,"inline_featured_image":false,"mapsvg_location":"","footnotes":""},"class_list":["post-28941","page","type-page","status-publish","has-post-thumbnail","hentry"],"acf":[],"yoast_head":"<!-- This site is optimized with the Yoast SEO plugin v27.3 - https:\/\/yoast.com\/product\/yoast-seo-wordpress\/ -->\n<title>Magasins automatis\u00e9s Modula secteur Electronique: Lacroix<\/title>\n<meta name=\"description\" content=\"Le Modula Climate Control choisi par Lacroix permet de maintenir une temp\u00e9rature constante \u00e0 l\u2019int\u00e9rieur de la machine, car le pr\u00e9l\u00e8vement est effectu\u00e9 dans une baie \u00e9quip\u00e9e de fen\u00eatres sp\u00e9ciales qui ne s\u2019ouvrent qu\u2019en cas de besoin\" \/>\n<meta name=\"robots\" content=\"index, follow, max-snippet:-1, max-image-preview:large, max-video-preview:-1\" \/>\n<link rel=\"canonical\" href=\"https:\/\/www.modula.eu\/fr\/etudes-de-cas\/electronique-lnformatique\/lacroix\/\" \/>\n<meta property=\"og:locale\" content=\"fr_FR\" \/>\n<meta property=\"og:type\" content=\"article\" \/>\n<meta property=\"og:title\" content=\"Magasins automatis\u00e9s Modula secteur Electronique: Lacroix\" \/>\n<meta property=\"og:description\" content=\"Le Modula Climate Control choisi par Lacroix permet de maintenir une temp\u00e9rature constante \u00e0 l\u2019int\u00e9rieur de la machine, car le pr\u00e9l\u00e8vement est effectu\u00e9 dans une baie \u00e9quip\u00e9e de fen\u00eatres sp\u00e9ciales qui ne s\u2019ouvrent qu\u2019en cas de besoin\" \/>\n<meta property=\"og:url\" content=\"https:\/\/www.modula.eu\/fr\/etudes-de-cas\/electronique-lnformatique\/lacroix\/\" \/>\n<meta property=\"og:site_name\" content=\"Modula\" \/>\n<meta property=\"article:modified_time\" content=\"2025-03-04T10:55:51+00:00\" \/>\n<meta property=\"og:image\" content=\"https:\/\/www.modula.eu\/wp-content\/uploads\/2023\/12\/Screenshot-2023-12-22-alle-13.32.10.png\" \/>\n\t<meta property=\"og:image:width\" content=\"1634\" \/>\n\t<meta property=\"og:image:height\" content=\"824\" \/>\n\t<meta property=\"og:image:type\" content=\"image\/png\" \/>\n<meta name=\"twitter:card\" content=\"summary_large_image\" \/>\n<script type=\"application\/ld+json\" class=\"yoast-schema-graph\">{\"@context\":\"https:\\\/\\\/schema.org\",\"@graph\":[{\"@type\":\"WebPage\",\"@id\":\"https:\\\/\\\/www.modula.eu\\\/fr\\\/etudes-de-cas\\\/electronique-lnformatique\\\/lacroix\\\/\",\"url\":\"https:\\\/\\\/www.modula.eu\\\/fr\\\/etudes-de-cas\\\/electronique-lnformatique\\\/lacroix\\\/\",\"name\":\"Magasins automatis\u00e9s Modula secteur Electronique: Lacroix\",\"isPartOf\":{\"@id\":\"https:\\\/\\\/www.modula.eu\\\/fr\\\/#website\"},\"primaryImageOfPage\":{\"@id\":\"https:\\\/\\\/www.modula.eu\\\/fr\\\/etudes-de-cas\\\/electronique-lnformatique\\\/lacroix\\\/#primaryimage\"},\"image\":{\"@id\":\"https:\\\/\\\/www.modula.eu\\\/fr\\\/etudes-de-cas\\\/electronique-lnformatique\\\/lacroix\\\/#primaryimage\"},\"thumbnailUrl\":\"https:\\\/\\\/www.modula.eu\\\/wp-content\\\/uploads\\\/2023\\\/12\\\/Screenshot-2023-12-22-alle-13.32.10.png\",\"datePublished\":\"2023-12-22T12:30:45+00:00\",\"dateModified\":\"2025-03-04T10:55:51+00:00\",\"description\":\"Le Modula Climate Control choisi par Lacroix permet de maintenir une temp\u00e9rature constante \u00e0 l\u2019int\u00e9rieur de la machine, car le pr\u00e9l\u00e8vement est effectu\u00e9 dans une baie \u00e9quip\u00e9e de fen\u00eatres sp\u00e9ciales qui ne s\u2019ouvrent qu\u2019en cas de besoin\",\"breadcrumb\":{\"@id\":\"https:\\\/\\\/www.modula.eu\\\/fr\\\/etudes-de-cas\\\/electronique-lnformatique\\\/lacroix\\\/#breadcrumb\"},\"inLanguage\":\"fr-FR\",\"potentialAction\":[{\"@type\":\"ReadAction\",\"target\":[\"https:\\\/\\\/www.modula.eu\\\/fr\\\/etudes-de-cas\\\/electronique-lnformatique\\\/lacroix\\\/\"]}]},{\"@type\":\"ImageObject\",\"inLanguage\":\"fr-FR\",\"@id\":\"https:\\\/\\\/www.modula.eu\\\/fr\\\/etudes-de-cas\\\/electronique-lnformatique\\\/lacroix\\\/#primaryimage\",\"url\":\"https:\\\/\\\/www.modula.eu\\\/wp-content\\\/uploads\\\/2023\\\/12\\\/Screenshot-2023-12-22-alle-13.32.10.png\",\"contentUrl\":\"https:\\\/\\\/www.modula.eu\\\/wp-content\\\/uploads\\\/2023\\\/12\\\/Screenshot-2023-12-22-alle-13.32.10.png\",\"width\":1634,\"height\":824},{\"@type\":\"BreadcrumbList\",\"@id\":\"https:\\\/\\\/www.modula.eu\\\/fr\\\/etudes-de-cas\\\/electronique-lnformatique\\\/lacroix\\\/#breadcrumb\",\"itemListElement\":[{\"@type\":\"ListItem\",\"position\":1,\"name\":\"Home\",\"item\":\"https:\\\/\\\/www.modula.eu\\\/fr\\\/\"},{\"@type\":\"ListItem\",\"position\":2,\"name\":\"\u00c9tudes de Cas\",\"item\":\"https:\\\/\\\/www.modula.eu\\\/fr\\\/etudes-de-cas\\\/\"},{\"@type\":\"ListItem\",\"position\":3,\"name\":\"Electronique \\\/ lnformatique\",\"item\":\"https:\\\/\\\/www.modula.eu\\\/fr\\\/etudes-de-cas\\\/electronique-lnformatique\\\/\"},{\"@type\":\"ListItem\",\"position\":4,\"name\":\"Lacroix\"}]},{\"@type\":\"WebSite\",\"@id\":\"https:\\\/\\\/www.modula.eu\\\/fr\\\/#website\",\"url\":\"https:\\\/\\\/www.modula.eu\\\/fr\\\/\",\"name\":\"Modula\",\"description\":\"Think Vertical\",\"publisher\":{\"@id\":\"https:\\\/\\\/www.modula.eu\\\/fr\\\/#organization\"},\"potentialAction\":[{\"@type\":\"SearchAction\",\"target\":{\"@type\":\"EntryPoint\",\"urlTemplate\":\"https:\\\/\\\/www.modula.eu\\\/fr\\\/?s={search_term_string}\"},\"query-input\":{\"@type\":\"PropertyValueSpecification\",\"valueRequired\":true,\"valueName\":\"search_term_string\"}}],\"inLanguage\":\"fr-FR\"},{\"@type\":\"Organization\",\"@id\":\"https:\\\/\\\/www.modula.eu\\\/fr\\\/#organization\",\"name\":\"Modula\",\"url\":\"https:\\\/\\\/www.modula.eu\\\/fr\\\/\",\"logo\":{\"@type\":\"ImageObject\",\"inLanguage\":\"fr-FR\",\"@id\":\"https:\\\/\\\/www.modula.eu\\\/fr\\\/#\\\/schema\\\/logo\\\/image\\\/\",\"url\":\"https:\\\/\\\/www.modula.eu\\\/wp-content\\\/uploads\\\/2022\\\/12\\\/Modula-logo.jpg\",\"contentUrl\":\"https:\\\/\\\/www.modula.eu\\\/wp-content\\\/uploads\\\/2022\\\/12\\\/Modula-logo.jpg\",\"width\":759,\"height\":512,\"caption\":\"Modula\"},\"image\":{\"@id\":\"https:\\\/\\\/www.modula.eu\\\/fr\\\/#\\\/schema\\\/logo\\\/image\\\/\"}}]}<\/script>\n<!-- \/ Yoast SEO plugin. -->","yoast_head_json":{"title":"Magasins automatis\u00e9s Modula secteur Electronique: Lacroix","description":"Le Modula Climate Control choisi par Lacroix permet de maintenir une temp\u00e9rature constante \u00e0 l\u2019int\u00e9rieur de la machine, car le pr\u00e9l\u00e8vement est effectu\u00e9 dans une baie \u00e9quip\u00e9e de fen\u00eatres sp\u00e9ciales qui ne s\u2019ouvrent qu\u2019en cas de besoin","robots":{"index":"index","follow":"follow","max-snippet":"max-snippet:-1","max-image-preview":"max-image-preview:large","max-video-preview":"max-video-preview:-1"},"canonical":"https:\/\/www.modula.eu\/fr\/etudes-de-cas\/electronique-lnformatique\/lacroix\/","og_locale":"fr_FR","og_type":"article","og_title":"Magasins automatis\u00e9s Modula secteur Electronique: Lacroix","og_description":"Le Modula Climate Control choisi par Lacroix permet de maintenir une temp\u00e9rature constante \u00e0 l\u2019int\u00e9rieur de la machine, car le pr\u00e9l\u00e8vement est effectu\u00e9 dans une baie \u00e9quip\u00e9e de fen\u00eatres sp\u00e9ciales qui ne s\u2019ouvrent qu\u2019en cas de besoin","og_url":"https:\/\/www.modula.eu\/fr\/etudes-de-cas\/electronique-lnformatique\/lacroix\/","og_site_name":"Modula","article_modified_time":"2025-03-04T10:55:51+00:00","og_image":[{"width":1634,"height":824,"url":"https:\/\/www.modula.eu\/wp-content\/uploads\/2023\/12\/Screenshot-2023-12-22-alle-13.32.10.png","type":"image\/png"}],"twitter_card":"summary_large_image","schema":{"@context":"https:\/\/schema.org","@graph":[{"@type":"WebPage","@id":"https:\/\/www.modula.eu\/fr\/etudes-de-cas\/electronique-lnformatique\/lacroix\/","url":"https:\/\/www.modula.eu\/fr\/etudes-de-cas\/electronique-lnformatique\/lacroix\/","name":"Magasins automatis\u00e9s Modula secteur Electronique: Lacroix","isPartOf":{"@id":"https:\/\/www.modula.eu\/fr\/#website"},"primaryImageOfPage":{"@id":"https:\/\/www.modula.eu\/fr\/etudes-de-cas\/electronique-lnformatique\/lacroix\/#primaryimage"},"image":{"@id":"https:\/\/www.modula.eu\/fr\/etudes-de-cas\/electronique-lnformatique\/lacroix\/#primaryimage"},"thumbnailUrl":"https:\/\/www.modula.eu\/wp-content\/uploads\/2023\/12\/Screenshot-2023-12-22-alle-13.32.10.png","datePublished":"2023-12-22T12:30:45+00:00","dateModified":"2025-03-04T10:55:51+00:00","description":"Le Modula Climate Control choisi par Lacroix permet de maintenir une temp\u00e9rature constante \u00e0 l\u2019int\u00e9rieur de la machine, car le pr\u00e9l\u00e8vement est effectu\u00e9 dans une baie \u00e9quip\u00e9e de fen\u00eatres sp\u00e9ciales qui ne s\u2019ouvrent qu\u2019en cas de besoin","breadcrumb":{"@id":"https:\/\/www.modula.eu\/fr\/etudes-de-cas\/electronique-lnformatique\/lacroix\/#breadcrumb"},"inLanguage":"fr-FR","potentialAction":[{"@type":"ReadAction","target":["https:\/\/www.modula.eu\/fr\/etudes-de-cas\/electronique-lnformatique\/lacroix\/"]}]},{"@type":"ImageObject","inLanguage":"fr-FR","@id":"https:\/\/www.modula.eu\/fr\/etudes-de-cas\/electronique-lnformatique\/lacroix\/#primaryimage","url":"https:\/\/www.modula.eu\/wp-content\/uploads\/2023\/12\/Screenshot-2023-12-22-alle-13.32.10.png","contentUrl":"https:\/\/www.modula.eu\/wp-content\/uploads\/2023\/12\/Screenshot-2023-12-22-alle-13.32.10.png","width":1634,"height":824},{"@type":"BreadcrumbList","@id":"https:\/\/www.modula.eu\/fr\/etudes-de-cas\/electronique-lnformatique\/lacroix\/#breadcrumb","itemListElement":[{"@type":"ListItem","position":1,"name":"Home","item":"https:\/\/www.modula.eu\/fr\/"},{"@type":"ListItem","position":2,"name":"\u00c9tudes de Cas","item":"https:\/\/www.modula.eu\/fr\/etudes-de-cas\/"},{"@type":"ListItem","position":3,"name":"Electronique \/ lnformatique","item":"https:\/\/www.modula.eu\/fr\/etudes-de-cas\/electronique-lnformatique\/"},{"@type":"ListItem","position":4,"name":"Lacroix"}]},{"@type":"WebSite","@id":"https:\/\/www.modula.eu\/fr\/#website","url":"https:\/\/www.modula.eu\/fr\/","name":"Modula","description":"Think Vertical","publisher":{"@id":"https:\/\/www.modula.eu\/fr\/#organization"},"potentialAction":[{"@type":"SearchAction","target":{"@type":"EntryPoint","urlTemplate":"https:\/\/www.modula.eu\/fr\/?s={search_term_string}"},"query-input":{"@type":"PropertyValueSpecification","valueRequired":true,"valueName":"search_term_string"}}],"inLanguage":"fr-FR"},{"@type":"Organization","@id":"https:\/\/www.modula.eu\/fr\/#organization","name":"Modula","url":"https:\/\/www.modula.eu\/fr\/","logo":{"@type":"ImageObject","inLanguage":"fr-FR","@id":"https:\/\/www.modula.eu\/fr\/#\/schema\/logo\/image\/","url":"https:\/\/www.modula.eu\/wp-content\/uploads\/2022\/12\/Modula-logo.jpg","contentUrl":"https:\/\/www.modula.eu\/wp-content\/uploads\/2022\/12\/Modula-logo.jpg","width":759,"height":512,"caption":"Modula"},"image":{"@id":"https:\/\/www.modula.eu\/fr\/#\/schema\/logo\/image\/"}}]}},"_links":{"self":[{"href":"https:\/\/www.modula.eu\/fr\/wp-json\/wp\/v2\/pages\/28941","targetHints":{"allow":["GET"]}}],"collection":[{"href":"https:\/\/www.modula.eu\/fr\/wp-json\/wp\/v2\/pages"}],"about":[{"href":"https:\/\/www.modula.eu\/fr\/wp-json\/wp\/v2\/types\/page"}],"author":[{"embeddable":true,"href":"https:\/\/www.modula.eu\/fr\/wp-json\/wp\/v2\/users\/5"}],"replies":[{"embeddable":true,"href":"https:\/\/www.modula.eu\/fr\/wp-json\/wp\/v2\/comments?post=28941"}],"version-history":[{"count":0,"href":"https:\/\/www.modula.eu\/fr\/wp-json\/wp\/v2\/pages\/28941\/revisions"}],"up":[{"embeddable":true,"href":"https:\/\/www.modula.eu\/fr\/wp-json\/wp\/v2\/pages\/10182"}],"wp:featuredmedia":[{"embeddable":true,"href":"https:\/\/www.modula.eu\/fr\/wp-json\/wp\/v2\/media\/28936"}],"wp:attachment":[{"href":"https:\/\/www.modula.eu\/fr\/wp-json\/wp\/v2\/media?parent=28941"}],"curies":[{"name":"wp","href":"https:\/\/api.w.org\/{rel}","templated":true}]}}