{"id":28957,"date":"2023-12-22T13:37:11","date_gmt":"2023-12-22T12:37:11","guid":{"rendered":"https:\/\/www.modula.eu\/etudes-de-cas\/batiment-construction\/masinara\/"},"modified":"2025-03-04T11:56:17","modified_gmt":"2025-03-04T10:56:17","slug":"masinara","status":"publish","type":"page","link":"https:\/\/www.modula.eu\/fr\/etudes-de-cas\/batiment-construction\/masinara\/","title":{"rendered":"Masinara"},"content":{"rendered":"","protected":false},"excerpt":{"rendered":"","protected":false},"author":5,"featured_media":28952,"parent":10173,"menu_order":7,"comment_status":"closed","ping_status":"closed","template":"case.php","meta":{"_acf_changed":false,"inline_featured_image":false,"mapsvg_location":"","footnotes":""},"class_list":["post-28957","page","type-page","status-publish","has-post-thumbnail","hentry"],"acf":[],"yoast_head":"<!-- This site is optimized with the Yoast SEO plugin v27.3 - https:\/\/yoast.com\/product\/yoast-seo-wordpress\/ -->\n<title>Magasins automatis\u00e9s Modula secteurs B\u00e2timent : Masinara<\/title>\n<meta name=\"description\" content=\"Le projet, d\u00e9velopp\u00e9 en collaboration entre Modula et ABB, a impliqu\u00e9 une coordination approfondie du processus logiciel, avec l\u2019int\u00e9gration du logiciel Deck d\u2019ABB et du WMS de Modula.\" \/>\n<meta name=\"robots\" content=\"index, follow, max-snippet:-1, max-image-preview:large, max-video-preview:-1\" \/>\n<link rel=\"canonical\" href=\"https:\/\/www.modula.eu\/fr\/etudes-de-cas\/batiment-construction\/masinara\/\" \/>\n<meta property=\"og:locale\" content=\"fr_FR\" \/>\n<meta property=\"og:type\" content=\"article\" \/>\n<meta property=\"og:title\" content=\"Magasins automatis\u00e9s Modula secteurs B\u00e2timent : Masinara\" \/>\n<meta property=\"og:description\" content=\"Le projet, d\u00e9velopp\u00e9 en collaboration entre Modula et ABB, a impliqu\u00e9 une coordination approfondie du processus logiciel, avec l\u2019int\u00e9gration du logiciel Deck d\u2019ABB et du WMS de Modula.\" \/>\n<meta property=\"og:url\" content=\"https:\/\/www.modula.eu\/fr\/etudes-de-cas\/batiment-construction\/masinara\/\" \/>\n<meta property=\"og:site_name\" content=\"Modula\" \/>\n<meta property=\"article:modified_time\" content=\"2025-03-04T10:56:17+00:00\" \/>\n<meta property=\"og:image\" content=\"https:\/\/www.modula.eu\/wp-content\/uploads\/2023\/12\/Screenshot-2023-12-22-alle-13.38.40.png\" \/>\n\t<meta property=\"og:image:width\" content=\"1664\" \/>\n\t<meta property=\"og:image:height\" content=\"822\" \/>\n\t<meta property=\"og:image:type\" content=\"image\/png\" \/>\n<meta name=\"twitter:card\" content=\"summary_large_image\" \/>\n<script type=\"application\/ld+json\" class=\"yoast-schema-graph\">{\"@context\":\"https:\\\/\\\/schema.org\",\"@graph\":[{\"@type\":\"WebPage\",\"@id\":\"https:\\\/\\\/www.modula.eu\\\/fr\\\/etudes-de-cas\\\/batiment-construction\\\/masinara\\\/\",\"url\":\"https:\\\/\\\/www.modula.eu\\\/fr\\\/etudes-de-cas\\\/batiment-construction\\\/masinara\\\/\",\"name\":\"Magasins automatis\u00e9s Modula secteurs B\u00e2timent : Masinara\",\"isPartOf\":{\"@id\":\"https:\\\/\\\/www.modula.eu\\\/fr\\\/#website\"},\"primaryImageOfPage\":{\"@id\":\"https:\\\/\\\/www.modula.eu\\\/fr\\\/etudes-de-cas\\\/batiment-construction\\\/masinara\\\/#primaryimage\"},\"image\":{\"@id\":\"https:\\\/\\\/www.modula.eu\\\/fr\\\/etudes-de-cas\\\/batiment-construction\\\/masinara\\\/#primaryimage\"},\"thumbnailUrl\":\"https:\\\/\\\/www.modula.eu\\\/wp-content\\\/uploads\\\/2023\\\/12\\\/Screenshot-2023-12-22-alle-13.38.40.png\",\"datePublished\":\"2023-12-22T12:37:11+00:00\",\"dateModified\":\"2025-03-04T10:56:17+00:00\",\"description\":\"Le projet, d\u00e9velopp\u00e9 en collaboration entre Modula et ABB, a impliqu\u00e9 une coordination approfondie du processus logiciel, avec l\u2019int\u00e9gration du logiciel Deck d\u2019ABB et du WMS de Modula.\",\"breadcrumb\":{\"@id\":\"https:\\\/\\\/www.modula.eu\\\/fr\\\/etudes-de-cas\\\/batiment-construction\\\/masinara\\\/#breadcrumb\"},\"inLanguage\":\"fr-FR\",\"potentialAction\":[{\"@type\":\"ReadAction\",\"target\":[\"https:\\\/\\\/www.modula.eu\\\/fr\\\/etudes-de-cas\\\/batiment-construction\\\/masinara\\\/\"]}]},{\"@type\":\"ImageObject\",\"inLanguage\":\"fr-FR\",\"@id\":\"https:\\\/\\\/www.modula.eu\\\/fr\\\/etudes-de-cas\\\/batiment-construction\\\/masinara\\\/#primaryimage\",\"url\":\"https:\\\/\\\/www.modula.eu\\\/wp-content\\\/uploads\\\/2023\\\/12\\\/Screenshot-2023-12-22-alle-13.38.40.png\",\"contentUrl\":\"https:\\\/\\\/www.modula.eu\\\/wp-content\\\/uploads\\\/2023\\\/12\\\/Screenshot-2023-12-22-alle-13.38.40.png\",\"width\":1664,\"height\":822},{\"@type\":\"BreadcrumbList\",\"@id\":\"https:\\\/\\\/www.modula.eu\\\/fr\\\/etudes-de-cas\\\/batiment-construction\\\/masinara\\\/#breadcrumb\",\"itemListElement\":[{\"@type\":\"ListItem\",\"position\":1,\"name\":\"Home\",\"item\":\"https:\\\/\\\/www.modula.eu\\\/fr\\\/\"},{\"@type\":\"ListItem\",\"position\":2,\"name\":\"\u00c9tudes de Cas\",\"item\":\"https:\\\/\\\/www.modula.eu\\\/fr\\\/etudes-de-cas\\\/\"},{\"@type\":\"ListItem\",\"position\":3,\"name\":\"B\u00e2timent \\\/ construction\",\"item\":\"https:\\\/\\\/www.modula.eu\\\/fr\\\/etudes-de-cas\\\/batiment-construction\\\/\"},{\"@type\":\"ListItem\",\"position\":4,\"name\":\"Masinara\"}]},{\"@type\":\"WebSite\",\"@id\":\"https:\\\/\\\/www.modula.eu\\\/fr\\\/#website\",\"url\":\"https:\\\/\\\/www.modula.eu\\\/fr\\\/\",\"name\":\"Modula\",\"description\":\"Think Vertical\",\"publisher\":{\"@id\":\"https:\\\/\\\/www.modula.eu\\\/fr\\\/#organization\"},\"potentialAction\":[{\"@type\":\"SearchAction\",\"target\":{\"@type\":\"EntryPoint\",\"urlTemplate\":\"https:\\\/\\\/www.modula.eu\\\/fr\\\/?s={search_term_string}\"},\"query-input\":{\"@type\":\"PropertyValueSpecification\",\"valueRequired\":true,\"valueName\":\"search_term_string\"}}],\"inLanguage\":\"fr-FR\"},{\"@type\":\"Organization\",\"@id\":\"https:\\\/\\\/www.modula.eu\\\/fr\\\/#organization\",\"name\":\"Modula\",\"url\":\"https:\\\/\\\/www.modula.eu\\\/fr\\\/\",\"logo\":{\"@type\":\"ImageObject\",\"inLanguage\":\"fr-FR\",\"@id\":\"https:\\\/\\\/www.modula.eu\\\/fr\\\/#\\\/schema\\\/logo\\\/image\\\/\",\"url\":\"https:\\\/\\\/www.modula.eu\\\/wp-content\\\/uploads\\\/2022\\\/12\\\/Modula-logo.jpg\",\"contentUrl\":\"https:\\\/\\\/www.modula.eu\\\/wp-content\\\/uploads\\\/2022\\\/12\\\/Modula-logo.jpg\",\"width\":759,\"height\":512,\"caption\":\"Modula\"},\"image\":{\"@id\":\"https:\\\/\\\/www.modula.eu\\\/fr\\\/#\\\/schema\\\/logo\\\/image\\\/\"}}]}<\/script>\n<!-- \/ Yoast SEO plugin. -->","yoast_head_json":{"title":"Magasins automatis\u00e9s Modula secteurs B\u00e2timent : Masinara","description":"Le projet, d\u00e9velopp\u00e9 en collaboration entre Modula et ABB, a impliqu\u00e9 une coordination approfondie du processus logiciel, avec l\u2019int\u00e9gration du logiciel Deck d\u2019ABB et du WMS de Modula.","robots":{"index":"index","follow":"follow","max-snippet":"max-snippet:-1","max-image-preview":"max-image-preview:large","max-video-preview":"max-video-preview:-1"},"canonical":"https:\/\/www.modula.eu\/fr\/etudes-de-cas\/batiment-construction\/masinara\/","og_locale":"fr_FR","og_type":"article","og_title":"Magasins automatis\u00e9s Modula secteurs B\u00e2timent : Masinara","og_description":"Le projet, d\u00e9velopp\u00e9 en collaboration entre Modula et ABB, a impliqu\u00e9 une coordination approfondie du processus logiciel, avec l\u2019int\u00e9gration du logiciel Deck d\u2019ABB et du WMS de Modula.","og_url":"https:\/\/www.modula.eu\/fr\/etudes-de-cas\/batiment-construction\/masinara\/","og_site_name":"Modula","article_modified_time":"2025-03-04T10:56:17+00:00","og_image":[{"width":1664,"height":822,"url":"https:\/\/www.modula.eu\/wp-content\/uploads\/2023\/12\/Screenshot-2023-12-22-alle-13.38.40.png","type":"image\/png"}],"twitter_card":"summary_large_image","schema":{"@context":"https:\/\/schema.org","@graph":[{"@type":"WebPage","@id":"https:\/\/www.modula.eu\/fr\/etudes-de-cas\/batiment-construction\/masinara\/","url":"https:\/\/www.modula.eu\/fr\/etudes-de-cas\/batiment-construction\/masinara\/","name":"Magasins automatis\u00e9s Modula secteurs B\u00e2timent : Masinara","isPartOf":{"@id":"https:\/\/www.modula.eu\/fr\/#website"},"primaryImageOfPage":{"@id":"https:\/\/www.modula.eu\/fr\/etudes-de-cas\/batiment-construction\/masinara\/#primaryimage"},"image":{"@id":"https:\/\/www.modula.eu\/fr\/etudes-de-cas\/batiment-construction\/masinara\/#primaryimage"},"thumbnailUrl":"https:\/\/www.modula.eu\/wp-content\/uploads\/2023\/12\/Screenshot-2023-12-22-alle-13.38.40.png","datePublished":"2023-12-22T12:37:11+00:00","dateModified":"2025-03-04T10:56:17+00:00","description":"Le projet, d\u00e9velopp\u00e9 en collaboration entre Modula et ABB, a impliqu\u00e9 une coordination approfondie du processus logiciel, avec l\u2019int\u00e9gration du logiciel Deck d\u2019ABB et du WMS de Modula.","breadcrumb":{"@id":"https:\/\/www.modula.eu\/fr\/etudes-de-cas\/batiment-construction\/masinara\/#breadcrumb"},"inLanguage":"fr-FR","potentialAction":[{"@type":"ReadAction","target":["https:\/\/www.modula.eu\/fr\/etudes-de-cas\/batiment-construction\/masinara\/"]}]},{"@type":"ImageObject","inLanguage":"fr-FR","@id":"https:\/\/www.modula.eu\/fr\/etudes-de-cas\/batiment-construction\/masinara\/#primaryimage","url":"https:\/\/www.modula.eu\/wp-content\/uploads\/2023\/12\/Screenshot-2023-12-22-alle-13.38.40.png","contentUrl":"https:\/\/www.modula.eu\/wp-content\/uploads\/2023\/12\/Screenshot-2023-12-22-alle-13.38.40.png","width":1664,"height":822},{"@type":"BreadcrumbList","@id":"https:\/\/www.modula.eu\/fr\/etudes-de-cas\/batiment-construction\/masinara\/#breadcrumb","itemListElement":[{"@type":"ListItem","position":1,"name":"Home","item":"https:\/\/www.modula.eu\/fr\/"},{"@type":"ListItem","position":2,"name":"\u00c9tudes de Cas","item":"https:\/\/www.modula.eu\/fr\/etudes-de-cas\/"},{"@type":"ListItem","position":3,"name":"B\u00e2timent \/ construction","item":"https:\/\/www.modula.eu\/fr\/etudes-de-cas\/batiment-construction\/"},{"@type":"ListItem","position":4,"name":"Masinara"}]},{"@type":"WebSite","@id":"https:\/\/www.modula.eu\/fr\/#website","url":"https:\/\/www.modula.eu\/fr\/","name":"Modula","description":"Think Vertical","publisher":{"@id":"https:\/\/www.modula.eu\/fr\/#organization"},"potentialAction":[{"@type":"SearchAction","target":{"@type":"EntryPoint","urlTemplate":"https:\/\/www.modula.eu\/fr\/?s={search_term_string}"},"query-input":{"@type":"PropertyValueSpecification","valueRequired":true,"valueName":"search_term_string"}}],"inLanguage":"fr-FR"},{"@type":"Organization","@id":"https:\/\/www.modula.eu\/fr\/#organization","name":"Modula","url":"https:\/\/www.modula.eu\/fr\/","logo":{"@type":"ImageObject","inLanguage":"fr-FR","@id":"https:\/\/www.modula.eu\/fr\/#\/schema\/logo\/image\/","url":"https:\/\/www.modula.eu\/wp-content\/uploads\/2022\/12\/Modula-logo.jpg","contentUrl":"https:\/\/www.modula.eu\/wp-content\/uploads\/2022\/12\/Modula-logo.jpg","width":759,"height":512,"caption":"Modula"},"image":{"@id":"https:\/\/www.modula.eu\/fr\/#\/schema\/logo\/image\/"}}]}},"_links":{"self":[{"href":"https:\/\/www.modula.eu\/fr\/wp-json\/wp\/v2\/pages\/28957","targetHints":{"allow":["GET"]}}],"collection":[{"href":"https:\/\/www.modula.eu\/fr\/wp-json\/wp\/v2\/pages"}],"about":[{"href":"https:\/\/www.modula.eu\/fr\/wp-json\/wp\/v2\/types\/page"}],"author":[{"embeddable":true,"href":"https:\/\/www.modula.eu\/fr\/wp-json\/wp\/v2\/users\/5"}],"replies":[{"embeddable":true,"href":"https:\/\/www.modula.eu\/fr\/wp-json\/wp\/v2\/comments?post=28957"}],"version-history":[{"count":0,"href":"https:\/\/www.modula.eu\/fr\/wp-json\/wp\/v2\/pages\/28957\/revisions"}],"up":[{"embeddable":true,"href":"https:\/\/www.modula.eu\/fr\/wp-json\/wp\/v2\/pages\/10173"}],"wp:featuredmedia":[{"embeddable":true,"href":"https:\/\/www.modula.eu\/fr\/wp-json\/wp\/v2\/media\/28952"}],"wp:attachment":[{"href":"https:\/\/www.modula.eu\/fr\/wp-json\/wp\/v2\/media?parent=28957"}],"curies":[{"name":"wp","href":"https:\/\/api.w.org\/{rel}","templated":true}]}}