{"id":28973,"date":"2023-12-22T13:42:34","date_gmt":"2023-12-22T12:42:34","guid":{"rendered":"https:\/\/www.modula.eu\/etudes-de-cas\/electronique-lnformatique\/siemens-2\/"},"modified":"2024-08-05T12:26:04","modified_gmt":"2024-08-05T10:26:04","slug":"inim","status":"publish","type":"page","link":"https:\/\/www.modula.eu\/fr\/etudes-de-cas\/electronique-lnformatique\/inim\/","title":{"rendered":"Inim"},"content":{"rendered":"","protected":false},"excerpt":{"rendered":"","protected":false},"author":5,"featured_media":28969,"parent":10182,"menu_order":7,"comment_status":"closed","ping_status":"closed","template":"case.php","meta":{"_acf_changed":false,"inline_featured_image":false,"mapsvg_location":"","footnotes":""},"class_list":["post-28973","page","type-page","status-publish","has-post-thumbnail","hentry"],"acf":[],"yoast_head":"<!-- This site is optimized with the Yoast SEO plugin v27.3 - https:\/\/yoast.com\/product\/yoast-seo-wordpress\/ -->\n<title>Magasins automatis\u00e9s Modula secteur Electronique: Inim Electronics<\/title>\n<meta name=\"description\" content=\"Inim Electronics, le plus grand sp\u00e9cialiste europ\u00e9en des syst\u00e8mes de s\u00e9curit\u00e9 et de protection, \u00e9tait confront\u00e9 \u00e0 des inefficacit\u00e9s dans les op\u00e9rations d\u2019entreposage.\" \/>\n<meta name=\"robots\" content=\"index, follow, max-snippet:-1, max-image-preview:large, max-video-preview:-1\" \/>\n<link rel=\"canonical\" href=\"https:\/\/www.modula.eu\/fr\/etudes-de-cas\/electronique-lnformatique\/inim\/\" \/>\n<meta property=\"og:locale\" content=\"fr_FR\" \/>\n<meta property=\"og:type\" content=\"article\" \/>\n<meta property=\"og:title\" content=\"Magasins automatis\u00e9s Modula secteur Electronique: Inim Electronics\" \/>\n<meta property=\"og:description\" content=\"Inim Electronics, le plus grand sp\u00e9cialiste europ\u00e9en des syst\u00e8mes de s\u00e9curit\u00e9 et de protection, \u00e9tait confront\u00e9 \u00e0 des inefficacit\u00e9s dans les op\u00e9rations d\u2019entreposage.\" \/>\n<meta property=\"og:url\" content=\"https:\/\/www.modula.eu\/fr\/etudes-de-cas\/electronique-lnformatique\/inim\/\" \/>\n<meta property=\"og:site_name\" content=\"Modula\" \/>\n<meta property=\"article:modified_time\" content=\"2024-08-05T10:26:04+00:00\" \/>\n<meta property=\"og:image\" content=\"https:\/\/www.modula.eu\/wp-content\/uploads\/2023\/12\/Screenshot-2023-12-22-alle-13.44.06.png\" \/>\n\t<meta property=\"og:image:width\" content=\"1674\" \/>\n\t<meta property=\"og:image:height\" content=\"830\" \/>\n\t<meta property=\"og:image:type\" content=\"image\/png\" \/>\n<meta name=\"twitter:card\" content=\"summary_large_image\" \/>\n<script type=\"application\/ld+json\" class=\"yoast-schema-graph\">{\"@context\":\"https:\\\/\\\/schema.org\",\"@graph\":[{\"@type\":\"WebPage\",\"@id\":\"https:\\\/\\\/www.modula.eu\\\/fr\\\/etudes-de-cas\\\/electronique-lnformatique\\\/inim\\\/\",\"url\":\"https:\\\/\\\/www.modula.eu\\\/fr\\\/etudes-de-cas\\\/electronique-lnformatique\\\/inim\\\/\",\"name\":\"Magasins automatis\u00e9s Modula secteur Electronique: Inim Electronics\",\"isPartOf\":{\"@id\":\"https:\\\/\\\/www.modula.eu\\\/fr\\\/#website\"},\"primaryImageOfPage\":{\"@id\":\"https:\\\/\\\/www.modula.eu\\\/fr\\\/etudes-de-cas\\\/electronique-lnformatique\\\/inim\\\/#primaryimage\"},\"image\":{\"@id\":\"https:\\\/\\\/www.modula.eu\\\/fr\\\/etudes-de-cas\\\/electronique-lnformatique\\\/inim\\\/#primaryimage\"},\"thumbnailUrl\":\"https:\\\/\\\/www.modula.eu\\\/wp-content\\\/uploads\\\/2023\\\/12\\\/Screenshot-2023-12-22-alle-13.44.06.png\",\"datePublished\":\"2023-12-22T12:42:34+00:00\",\"dateModified\":\"2024-08-05T10:26:04+00:00\",\"description\":\"Inim Electronics, le plus grand sp\u00e9cialiste europ\u00e9en des syst\u00e8mes de s\u00e9curit\u00e9 et de protection, \u00e9tait confront\u00e9 \u00e0 des inefficacit\u00e9s dans les op\u00e9rations d\u2019entreposage.\",\"breadcrumb\":{\"@id\":\"https:\\\/\\\/www.modula.eu\\\/fr\\\/etudes-de-cas\\\/electronique-lnformatique\\\/inim\\\/#breadcrumb\"},\"inLanguage\":\"fr-FR\",\"potentialAction\":[{\"@type\":\"ReadAction\",\"target\":[\"https:\\\/\\\/www.modula.eu\\\/fr\\\/etudes-de-cas\\\/electronique-lnformatique\\\/inim\\\/\"]}]},{\"@type\":\"ImageObject\",\"inLanguage\":\"fr-FR\",\"@id\":\"https:\\\/\\\/www.modula.eu\\\/fr\\\/etudes-de-cas\\\/electronique-lnformatique\\\/inim\\\/#primaryimage\",\"url\":\"https:\\\/\\\/www.modula.eu\\\/wp-content\\\/uploads\\\/2023\\\/12\\\/Screenshot-2023-12-22-alle-13.44.06.png\",\"contentUrl\":\"https:\\\/\\\/www.modula.eu\\\/wp-content\\\/uploads\\\/2023\\\/12\\\/Screenshot-2023-12-22-alle-13.44.06.png\",\"width\":1674,\"height\":830},{\"@type\":\"BreadcrumbList\",\"@id\":\"https:\\\/\\\/www.modula.eu\\\/fr\\\/etudes-de-cas\\\/electronique-lnformatique\\\/inim\\\/#breadcrumb\",\"itemListElement\":[{\"@type\":\"ListItem\",\"position\":1,\"name\":\"Home\",\"item\":\"https:\\\/\\\/www.modula.eu\\\/fr\\\/\"},{\"@type\":\"ListItem\",\"position\":2,\"name\":\"\u00c9tudes de Cas\",\"item\":\"https:\\\/\\\/www.modula.eu\\\/fr\\\/etudes-de-cas\\\/\"},{\"@type\":\"ListItem\",\"position\":3,\"name\":\"Electronique \\\/ lnformatique\",\"item\":\"https:\\\/\\\/www.modula.eu\\\/fr\\\/etudes-de-cas\\\/electronique-lnformatique\\\/\"},{\"@type\":\"ListItem\",\"position\":4,\"name\":\"Inim\"}]},{\"@type\":\"WebSite\",\"@id\":\"https:\\\/\\\/www.modula.eu\\\/fr\\\/#website\",\"url\":\"https:\\\/\\\/www.modula.eu\\\/fr\\\/\",\"name\":\"Modula\",\"description\":\"Think Vertical\",\"publisher\":{\"@id\":\"https:\\\/\\\/www.modula.eu\\\/fr\\\/#organization\"},\"potentialAction\":[{\"@type\":\"SearchAction\",\"target\":{\"@type\":\"EntryPoint\",\"urlTemplate\":\"https:\\\/\\\/www.modula.eu\\\/fr\\\/?s={search_term_string}\"},\"query-input\":{\"@type\":\"PropertyValueSpecification\",\"valueRequired\":true,\"valueName\":\"search_term_string\"}}],\"inLanguage\":\"fr-FR\"},{\"@type\":\"Organization\",\"@id\":\"https:\\\/\\\/www.modula.eu\\\/fr\\\/#organization\",\"name\":\"Modula\",\"url\":\"https:\\\/\\\/www.modula.eu\\\/fr\\\/\",\"logo\":{\"@type\":\"ImageObject\",\"inLanguage\":\"fr-FR\",\"@id\":\"https:\\\/\\\/www.modula.eu\\\/fr\\\/#\\\/schema\\\/logo\\\/image\\\/\",\"url\":\"https:\\\/\\\/www.modula.eu\\\/wp-content\\\/uploads\\\/2022\\\/12\\\/Modula-logo.jpg\",\"contentUrl\":\"https:\\\/\\\/www.modula.eu\\\/wp-content\\\/uploads\\\/2022\\\/12\\\/Modula-logo.jpg\",\"width\":759,\"height\":512,\"caption\":\"Modula\"},\"image\":{\"@id\":\"https:\\\/\\\/www.modula.eu\\\/fr\\\/#\\\/schema\\\/logo\\\/image\\\/\"}}]}<\/script>\n<!-- \/ Yoast SEO plugin. -->","yoast_head_json":{"title":"Magasins automatis\u00e9s Modula secteur Electronique: Inim Electronics","description":"Inim Electronics, le plus grand sp\u00e9cialiste europ\u00e9en des syst\u00e8mes de s\u00e9curit\u00e9 et de protection, \u00e9tait confront\u00e9 \u00e0 des inefficacit\u00e9s dans les op\u00e9rations d\u2019entreposage.","robots":{"index":"index","follow":"follow","max-snippet":"max-snippet:-1","max-image-preview":"max-image-preview:large","max-video-preview":"max-video-preview:-1"},"canonical":"https:\/\/www.modula.eu\/fr\/etudes-de-cas\/electronique-lnformatique\/inim\/","og_locale":"fr_FR","og_type":"article","og_title":"Magasins automatis\u00e9s Modula secteur Electronique: Inim Electronics","og_description":"Inim Electronics, le plus grand sp\u00e9cialiste europ\u00e9en des syst\u00e8mes de s\u00e9curit\u00e9 et de protection, \u00e9tait confront\u00e9 \u00e0 des inefficacit\u00e9s dans les op\u00e9rations d\u2019entreposage.","og_url":"https:\/\/www.modula.eu\/fr\/etudes-de-cas\/electronique-lnformatique\/inim\/","og_site_name":"Modula","article_modified_time":"2024-08-05T10:26:04+00:00","og_image":[{"width":1674,"height":830,"url":"https:\/\/www.modula.eu\/wp-content\/uploads\/2023\/12\/Screenshot-2023-12-22-alle-13.44.06.png","type":"image\/png"}],"twitter_card":"summary_large_image","schema":{"@context":"https:\/\/schema.org","@graph":[{"@type":"WebPage","@id":"https:\/\/www.modula.eu\/fr\/etudes-de-cas\/electronique-lnformatique\/inim\/","url":"https:\/\/www.modula.eu\/fr\/etudes-de-cas\/electronique-lnformatique\/inim\/","name":"Magasins automatis\u00e9s Modula secteur Electronique: Inim Electronics","isPartOf":{"@id":"https:\/\/www.modula.eu\/fr\/#website"},"primaryImageOfPage":{"@id":"https:\/\/www.modula.eu\/fr\/etudes-de-cas\/electronique-lnformatique\/inim\/#primaryimage"},"image":{"@id":"https:\/\/www.modula.eu\/fr\/etudes-de-cas\/electronique-lnformatique\/inim\/#primaryimage"},"thumbnailUrl":"https:\/\/www.modula.eu\/wp-content\/uploads\/2023\/12\/Screenshot-2023-12-22-alle-13.44.06.png","datePublished":"2023-12-22T12:42:34+00:00","dateModified":"2024-08-05T10:26:04+00:00","description":"Inim Electronics, le plus grand sp\u00e9cialiste europ\u00e9en des syst\u00e8mes de s\u00e9curit\u00e9 et de protection, \u00e9tait confront\u00e9 \u00e0 des inefficacit\u00e9s dans les op\u00e9rations d\u2019entreposage.","breadcrumb":{"@id":"https:\/\/www.modula.eu\/fr\/etudes-de-cas\/electronique-lnformatique\/inim\/#breadcrumb"},"inLanguage":"fr-FR","potentialAction":[{"@type":"ReadAction","target":["https:\/\/www.modula.eu\/fr\/etudes-de-cas\/electronique-lnformatique\/inim\/"]}]},{"@type":"ImageObject","inLanguage":"fr-FR","@id":"https:\/\/www.modula.eu\/fr\/etudes-de-cas\/electronique-lnformatique\/inim\/#primaryimage","url":"https:\/\/www.modula.eu\/wp-content\/uploads\/2023\/12\/Screenshot-2023-12-22-alle-13.44.06.png","contentUrl":"https:\/\/www.modula.eu\/wp-content\/uploads\/2023\/12\/Screenshot-2023-12-22-alle-13.44.06.png","width":1674,"height":830},{"@type":"BreadcrumbList","@id":"https:\/\/www.modula.eu\/fr\/etudes-de-cas\/electronique-lnformatique\/inim\/#breadcrumb","itemListElement":[{"@type":"ListItem","position":1,"name":"Home","item":"https:\/\/www.modula.eu\/fr\/"},{"@type":"ListItem","position":2,"name":"\u00c9tudes de Cas","item":"https:\/\/www.modula.eu\/fr\/etudes-de-cas\/"},{"@type":"ListItem","position":3,"name":"Electronique \/ lnformatique","item":"https:\/\/www.modula.eu\/fr\/etudes-de-cas\/electronique-lnformatique\/"},{"@type":"ListItem","position":4,"name":"Inim"}]},{"@type":"WebSite","@id":"https:\/\/www.modula.eu\/fr\/#website","url":"https:\/\/www.modula.eu\/fr\/","name":"Modula","description":"Think Vertical","publisher":{"@id":"https:\/\/www.modula.eu\/fr\/#organization"},"potentialAction":[{"@type":"SearchAction","target":{"@type":"EntryPoint","urlTemplate":"https:\/\/www.modula.eu\/fr\/?s={search_term_string}"},"query-input":{"@type":"PropertyValueSpecification","valueRequired":true,"valueName":"search_term_string"}}],"inLanguage":"fr-FR"},{"@type":"Organization","@id":"https:\/\/www.modula.eu\/fr\/#organization","name":"Modula","url":"https:\/\/www.modula.eu\/fr\/","logo":{"@type":"ImageObject","inLanguage":"fr-FR","@id":"https:\/\/www.modula.eu\/fr\/#\/schema\/logo\/image\/","url":"https:\/\/www.modula.eu\/wp-content\/uploads\/2022\/12\/Modula-logo.jpg","contentUrl":"https:\/\/www.modula.eu\/wp-content\/uploads\/2022\/12\/Modula-logo.jpg","width":759,"height":512,"caption":"Modula"},"image":{"@id":"https:\/\/www.modula.eu\/fr\/#\/schema\/logo\/image\/"}}]}},"_links":{"self":[{"href":"https:\/\/www.modula.eu\/fr\/wp-json\/wp\/v2\/pages\/28973","targetHints":{"allow":["GET"]}}],"collection":[{"href":"https:\/\/www.modula.eu\/fr\/wp-json\/wp\/v2\/pages"}],"about":[{"href":"https:\/\/www.modula.eu\/fr\/wp-json\/wp\/v2\/types\/page"}],"author":[{"embeddable":true,"href":"https:\/\/www.modula.eu\/fr\/wp-json\/wp\/v2\/users\/5"}],"replies":[{"embeddable":true,"href":"https:\/\/www.modula.eu\/fr\/wp-json\/wp\/v2\/comments?post=28973"}],"version-history":[{"count":0,"href":"https:\/\/www.modula.eu\/fr\/wp-json\/wp\/v2\/pages\/28973\/revisions"}],"up":[{"embeddable":true,"href":"https:\/\/www.modula.eu\/fr\/wp-json\/wp\/v2\/pages\/10182"}],"wp:featuredmedia":[{"embeddable":true,"href":"https:\/\/www.modula.eu\/fr\/wp-json\/wp\/v2\/media\/28969"}],"wp:attachment":[{"href":"https:\/\/www.modula.eu\/fr\/wp-json\/wp\/v2\/media?parent=28973"}],"curies":[{"name":"wp","href":"https:\/\/api.w.org\/{rel}","templated":true}]}}