{"id":28987,"date":"2023-12-22T13:48:08","date_gmt":"2023-12-22T12:48:08","guid":{"rendered":"https:\/\/www.modula.eu\/etudes-de-cas\/quincaillerie\/newfer\/"},"modified":"2025-01-15T11:59:43","modified_gmt":"2025-01-15T10:59:43","slug":"newfer","status":"publish","type":"page","link":"https:\/\/www.modula.eu\/fr\/etudes-de-cas\/quincaillerie\/newfer\/","title":{"rendered":"Newfer"},"content":{"rendered":"","protected":false},"excerpt":{"rendered":"","protected":false},"author":1,"featured_media":31900,"parent":10209,"menu_order":3,"comment_status":"closed","ping_status":"closed","template":"case.php","meta":{"_acf_changed":false,"inline_featured_image":false,"mapsvg_location":"","footnotes":""},"class_list":["post-28987","page","type-page","status-publish","has-post-thumbnail","hentry"],"acf":[],"yoast_head":"<!-- This site is optimized with the Yoast SEO plugin v27.3 - https:\/\/yoast.com\/product\/yoast-seo-wordpress\/ -->\n<title>Modula entrep\u00f4ts automatiques pour la quincaillerie : New Fer<\/title>\n<meta name=\"description\" content=\"La solution pour NEW-FER ne pouvait \u00eatre que Modula, ou plut\u00f4t ___ Modula Slim, qui lui a permis non seulement de r\u00e9am\u00e9nager les espaces et de les optimiser en exploitant toute la hauteur du magasin\" \/>\n<meta name=\"robots\" content=\"index, follow, max-snippet:-1, max-image-preview:large, max-video-preview:-1\" \/>\n<link rel=\"canonical\" href=\"https:\/\/www.modula.eu\/fr\/etudes-de-cas\/quincaillerie\/newfer\/\" \/>\n<meta property=\"og:locale\" content=\"fr_FR\" \/>\n<meta property=\"og:type\" content=\"article\" \/>\n<meta property=\"og:title\" content=\"Modula entrep\u00f4ts automatiques pour la quincaillerie : New Fer\" \/>\n<meta property=\"og:description\" content=\"La solution pour NEW-FER ne pouvait \u00eatre que Modula, ou plut\u00f4t ___ Modula Slim, qui lui a permis non seulement de r\u00e9am\u00e9nager les espaces et de les optimiser en exploitant toute la hauteur du magasin\" \/>\n<meta property=\"og:url\" content=\"https:\/\/www.modula.eu\/fr\/etudes-de-cas\/quincaillerie\/newfer\/\" \/>\n<meta property=\"og:site_name\" content=\"Modula\" \/>\n<meta property=\"article:modified_time\" content=\"2025-01-15T10:59:43+00:00\" \/>\n<meta property=\"og:image\" content=\"https:\/\/www.modula.eu\/wp-content\/uploads\/2024\/03\/Screenshot-2024-03-25-alle-17.05.57.png\" \/>\n\t<meta property=\"og:image:width\" content=\"856\" \/>\n\t<meta property=\"og:image:height\" content=\"414\" \/>\n\t<meta property=\"og:image:type\" content=\"image\/png\" \/>\n<meta name=\"twitter:card\" content=\"summary_large_image\" \/>\n<script type=\"application\/ld+json\" class=\"yoast-schema-graph\">{\"@context\":\"https:\\\/\\\/schema.org\",\"@graph\":[{\"@type\":\"WebPage\",\"@id\":\"https:\\\/\\\/www.modula.eu\\\/fr\\\/etudes-de-cas\\\/quincaillerie\\\/newfer\\\/\",\"url\":\"https:\\\/\\\/www.modula.eu\\\/fr\\\/etudes-de-cas\\\/quincaillerie\\\/newfer\\\/\",\"name\":\"Modula entrep\u00f4ts automatiques pour la quincaillerie : New Fer\",\"isPartOf\":{\"@id\":\"https:\\\/\\\/www.modula.eu\\\/fr\\\/#website\"},\"primaryImageOfPage\":{\"@id\":\"https:\\\/\\\/www.modula.eu\\\/fr\\\/etudes-de-cas\\\/quincaillerie\\\/newfer\\\/#primaryimage\"},\"image\":{\"@id\":\"https:\\\/\\\/www.modula.eu\\\/fr\\\/etudes-de-cas\\\/quincaillerie\\\/newfer\\\/#primaryimage\"},\"thumbnailUrl\":\"https:\\\/\\\/www.modula.eu\\\/wp-content\\\/uploads\\\/2024\\\/03\\\/Screenshot-2024-03-25-alle-17.05.57.png\",\"datePublished\":\"2023-12-22T12:48:08+00:00\",\"dateModified\":\"2025-01-15T10:59:43+00:00\",\"description\":\"La solution pour NEW-FER ne pouvait \u00eatre que Modula, ou plut\u00f4t ___ Modula Slim, qui lui a permis non seulement de r\u00e9am\u00e9nager les espaces et de les optimiser en exploitant toute la hauteur du magasin\",\"breadcrumb\":{\"@id\":\"https:\\\/\\\/www.modula.eu\\\/fr\\\/etudes-de-cas\\\/quincaillerie\\\/newfer\\\/#breadcrumb\"},\"inLanguage\":\"fr-FR\",\"potentialAction\":[{\"@type\":\"ReadAction\",\"target\":[\"https:\\\/\\\/www.modula.eu\\\/fr\\\/etudes-de-cas\\\/quincaillerie\\\/newfer\\\/\"]}]},{\"@type\":\"ImageObject\",\"inLanguage\":\"fr-FR\",\"@id\":\"https:\\\/\\\/www.modula.eu\\\/fr\\\/etudes-de-cas\\\/quincaillerie\\\/newfer\\\/#primaryimage\",\"url\":\"https:\\\/\\\/www.modula.eu\\\/wp-content\\\/uploads\\\/2024\\\/03\\\/Screenshot-2024-03-25-alle-17.05.57.png\",\"contentUrl\":\"https:\\\/\\\/www.modula.eu\\\/wp-content\\\/uploads\\\/2024\\\/03\\\/Screenshot-2024-03-25-alle-17.05.57.png\",\"width\":856,\"height\":414},{\"@type\":\"BreadcrumbList\",\"@id\":\"https:\\\/\\\/www.modula.eu\\\/fr\\\/etudes-de-cas\\\/quincaillerie\\\/newfer\\\/#breadcrumb\",\"itemListElement\":[{\"@type\":\"ListItem\",\"position\":1,\"name\":\"Home\",\"item\":\"https:\\\/\\\/www.modula.eu\\\/fr\\\/\"},{\"@type\":\"ListItem\",\"position\":2,\"name\":\"\u00c9tudes de Cas\",\"item\":\"https:\\\/\\\/www.modula.eu\\\/fr\\\/etudes-de-cas\\\/\"},{\"@type\":\"ListItem\",\"position\":3,\"name\":\"Quincaillerie\",\"item\":\"https:\\\/\\\/www.modula.eu\\\/fr\\\/etudes-de-cas\\\/quincaillerie\\\/\"},{\"@type\":\"ListItem\",\"position\":4,\"name\":\"Newfer\"}]},{\"@type\":\"WebSite\",\"@id\":\"https:\\\/\\\/www.modula.eu\\\/fr\\\/#website\",\"url\":\"https:\\\/\\\/www.modula.eu\\\/fr\\\/\",\"name\":\"Modula\",\"description\":\"Think Vertical\",\"publisher\":{\"@id\":\"https:\\\/\\\/www.modula.eu\\\/fr\\\/#organization\"},\"potentialAction\":[{\"@type\":\"SearchAction\",\"target\":{\"@type\":\"EntryPoint\",\"urlTemplate\":\"https:\\\/\\\/www.modula.eu\\\/fr\\\/?s={search_term_string}\"},\"query-input\":{\"@type\":\"PropertyValueSpecification\",\"valueRequired\":true,\"valueName\":\"search_term_string\"}}],\"inLanguage\":\"fr-FR\"},{\"@type\":\"Organization\",\"@id\":\"https:\\\/\\\/www.modula.eu\\\/fr\\\/#organization\",\"name\":\"Modula\",\"url\":\"https:\\\/\\\/www.modula.eu\\\/fr\\\/\",\"logo\":{\"@type\":\"ImageObject\",\"inLanguage\":\"fr-FR\",\"@id\":\"https:\\\/\\\/www.modula.eu\\\/fr\\\/#\\\/schema\\\/logo\\\/image\\\/\",\"url\":\"https:\\\/\\\/www.modula.eu\\\/wp-content\\\/uploads\\\/2022\\\/12\\\/Modula-logo.jpg\",\"contentUrl\":\"https:\\\/\\\/www.modula.eu\\\/wp-content\\\/uploads\\\/2022\\\/12\\\/Modula-logo.jpg\",\"width\":759,\"height\":512,\"caption\":\"Modula\"},\"image\":{\"@id\":\"https:\\\/\\\/www.modula.eu\\\/fr\\\/#\\\/schema\\\/logo\\\/image\\\/\"}}]}<\/script>\n<!-- \/ Yoast SEO plugin. -->","yoast_head_json":{"title":"Modula entrep\u00f4ts automatiques pour la quincaillerie : New Fer","description":"La solution pour NEW-FER ne pouvait \u00eatre que Modula, ou plut\u00f4t ___ Modula Slim, qui lui a permis non seulement de r\u00e9am\u00e9nager les espaces et de les optimiser en exploitant toute la hauteur du magasin","robots":{"index":"index","follow":"follow","max-snippet":"max-snippet:-1","max-image-preview":"max-image-preview:large","max-video-preview":"max-video-preview:-1"},"canonical":"https:\/\/www.modula.eu\/fr\/etudes-de-cas\/quincaillerie\/newfer\/","og_locale":"fr_FR","og_type":"article","og_title":"Modula entrep\u00f4ts automatiques pour la quincaillerie : New Fer","og_description":"La solution pour NEW-FER ne pouvait \u00eatre que Modula, ou plut\u00f4t ___ Modula Slim, qui lui a permis non seulement de r\u00e9am\u00e9nager les espaces et de les optimiser en exploitant toute la hauteur du magasin","og_url":"https:\/\/www.modula.eu\/fr\/etudes-de-cas\/quincaillerie\/newfer\/","og_site_name":"Modula","article_modified_time":"2025-01-15T10:59:43+00:00","og_image":[{"width":856,"height":414,"url":"https:\/\/www.modula.eu\/wp-content\/uploads\/2024\/03\/Screenshot-2024-03-25-alle-17.05.57.png","type":"image\/png"}],"twitter_card":"summary_large_image","schema":{"@context":"https:\/\/schema.org","@graph":[{"@type":"WebPage","@id":"https:\/\/www.modula.eu\/fr\/etudes-de-cas\/quincaillerie\/newfer\/","url":"https:\/\/www.modula.eu\/fr\/etudes-de-cas\/quincaillerie\/newfer\/","name":"Modula entrep\u00f4ts automatiques pour la quincaillerie : New Fer","isPartOf":{"@id":"https:\/\/www.modula.eu\/fr\/#website"},"primaryImageOfPage":{"@id":"https:\/\/www.modula.eu\/fr\/etudes-de-cas\/quincaillerie\/newfer\/#primaryimage"},"image":{"@id":"https:\/\/www.modula.eu\/fr\/etudes-de-cas\/quincaillerie\/newfer\/#primaryimage"},"thumbnailUrl":"https:\/\/www.modula.eu\/wp-content\/uploads\/2024\/03\/Screenshot-2024-03-25-alle-17.05.57.png","datePublished":"2023-12-22T12:48:08+00:00","dateModified":"2025-01-15T10:59:43+00:00","description":"La solution pour NEW-FER ne pouvait \u00eatre que Modula, ou plut\u00f4t ___ Modula Slim, qui lui a permis non seulement de r\u00e9am\u00e9nager les espaces et de les optimiser en exploitant toute la hauteur du magasin","breadcrumb":{"@id":"https:\/\/www.modula.eu\/fr\/etudes-de-cas\/quincaillerie\/newfer\/#breadcrumb"},"inLanguage":"fr-FR","potentialAction":[{"@type":"ReadAction","target":["https:\/\/www.modula.eu\/fr\/etudes-de-cas\/quincaillerie\/newfer\/"]}]},{"@type":"ImageObject","inLanguage":"fr-FR","@id":"https:\/\/www.modula.eu\/fr\/etudes-de-cas\/quincaillerie\/newfer\/#primaryimage","url":"https:\/\/www.modula.eu\/wp-content\/uploads\/2024\/03\/Screenshot-2024-03-25-alle-17.05.57.png","contentUrl":"https:\/\/www.modula.eu\/wp-content\/uploads\/2024\/03\/Screenshot-2024-03-25-alle-17.05.57.png","width":856,"height":414},{"@type":"BreadcrumbList","@id":"https:\/\/www.modula.eu\/fr\/etudes-de-cas\/quincaillerie\/newfer\/#breadcrumb","itemListElement":[{"@type":"ListItem","position":1,"name":"Home","item":"https:\/\/www.modula.eu\/fr\/"},{"@type":"ListItem","position":2,"name":"\u00c9tudes de Cas","item":"https:\/\/www.modula.eu\/fr\/etudes-de-cas\/"},{"@type":"ListItem","position":3,"name":"Quincaillerie","item":"https:\/\/www.modula.eu\/fr\/etudes-de-cas\/quincaillerie\/"},{"@type":"ListItem","position":4,"name":"Newfer"}]},{"@type":"WebSite","@id":"https:\/\/www.modula.eu\/fr\/#website","url":"https:\/\/www.modula.eu\/fr\/","name":"Modula","description":"Think Vertical","publisher":{"@id":"https:\/\/www.modula.eu\/fr\/#organization"},"potentialAction":[{"@type":"SearchAction","target":{"@type":"EntryPoint","urlTemplate":"https:\/\/www.modula.eu\/fr\/?s={search_term_string}"},"query-input":{"@type":"PropertyValueSpecification","valueRequired":true,"valueName":"search_term_string"}}],"inLanguage":"fr-FR"},{"@type":"Organization","@id":"https:\/\/www.modula.eu\/fr\/#organization","name":"Modula","url":"https:\/\/www.modula.eu\/fr\/","logo":{"@type":"ImageObject","inLanguage":"fr-FR","@id":"https:\/\/www.modula.eu\/fr\/#\/schema\/logo\/image\/","url":"https:\/\/www.modula.eu\/wp-content\/uploads\/2022\/12\/Modula-logo.jpg","contentUrl":"https:\/\/www.modula.eu\/wp-content\/uploads\/2022\/12\/Modula-logo.jpg","width":759,"height":512,"caption":"Modula"},"image":{"@id":"https:\/\/www.modula.eu\/fr\/#\/schema\/logo\/image\/"}}]}},"_links":{"self":[{"href":"https:\/\/www.modula.eu\/fr\/wp-json\/wp\/v2\/pages\/28987","targetHints":{"allow":["GET"]}}],"collection":[{"href":"https:\/\/www.modula.eu\/fr\/wp-json\/wp\/v2\/pages"}],"about":[{"href":"https:\/\/www.modula.eu\/fr\/wp-json\/wp\/v2\/types\/page"}],"author":[{"embeddable":true,"href":"https:\/\/www.modula.eu\/fr\/wp-json\/wp\/v2\/users\/1"}],"replies":[{"embeddable":true,"href":"https:\/\/www.modula.eu\/fr\/wp-json\/wp\/v2\/comments?post=28987"}],"version-history":[{"count":0,"href":"https:\/\/www.modula.eu\/fr\/wp-json\/wp\/v2\/pages\/28987\/revisions"}],"up":[{"embeddable":true,"href":"https:\/\/www.modula.eu\/fr\/wp-json\/wp\/v2\/pages\/10209"}],"wp:featuredmedia":[{"embeddable":true,"href":"https:\/\/www.modula.eu\/fr\/wp-json\/wp\/v2\/media\/31900"}],"wp:attachment":[{"href":"https:\/\/www.modula.eu\/fr\/wp-json\/wp\/v2\/media?parent=28987"}],"curies":[{"name":"wp","href":"https:\/\/api.w.org\/{rel}","templated":true}]}}