{"id":29088,"date":"2023-12-22T14:20:11","date_gmt":"2023-12-22T13:20:11","guid":{"rendered":"https:\/\/www.modula.eu\/etudes-de-cas\/pneumatique-oleodynamique\/fratelli-ceni\/"},"modified":"2025-10-23T15:50:54","modified_gmt":"2025-10-23T13:50:54","slug":"fratelli-ceni","status":"publish","type":"page","link":"https:\/\/www.modula.eu\/fr\/etudes-de-cas\/pneumatique-oleodynamique\/fratelli-ceni\/","title":{"rendered":"Fratelli Ceni"},"content":{"rendered":"","protected":false},"excerpt":{"rendered":"","protected":false},"author":1,"featured_media":29083,"parent":10315,"menu_order":8,"comment_status":"closed","ping_status":"closed","template":"case.php","meta":{"_acf_changed":false,"inline_featured_image":false,"mapsvg_location":"","footnotes":""},"class_list":["post-29088","page","type-page","status-publish","has-post-thumbnail","hentry"],"acf":[],"yoast_head":"<!-- This site is optimized with the Yoast SEO plugin v27.3 - https:\/\/yoast.com\/product\/yoast-seo-wordpress\/ -->\n<title>Modula Oleodinamico Entrep\u00f4ts automatiques : Fratelli Ceni<\/title>\n<meta name=\"description\" content=\"L\u2019entreprise a introduit cinq modules Modula Lift ML75D, rempla\u00e7ant les rayons manuels de son entrep\u00f4t. \u00ab Au d\u00e9part, nous pensions les utiliser uniquement pour les petites pi\u00e8ces ou les mat\u00e9riaux \u00e0 faible volume unitaire \u00bb, poursuit Giuseppe Ceni.\" \/>\n<meta name=\"robots\" content=\"index, follow, max-snippet:-1, max-image-preview:large, max-video-preview:-1\" \/>\n<link rel=\"canonical\" href=\"https:\/\/www.modula.eu\/fr\/etudes-de-cas\/pneumatique-oleodynamique\/fratelli-ceni\/\" \/>\n<meta property=\"og:locale\" content=\"fr_FR\" \/>\n<meta property=\"og:type\" content=\"article\" \/>\n<meta property=\"og:title\" content=\"Modula Oleodinamico Entrep\u00f4ts automatiques : Fratelli Ceni\" \/>\n<meta property=\"og:description\" content=\"L\u2019entreprise a introduit cinq modules Modula Lift ML75D, rempla\u00e7ant les rayons manuels de son entrep\u00f4t. \u00ab Au d\u00e9part, nous pensions les utiliser uniquement pour les petites pi\u00e8ces ou les mat\u00e9riaux \u00e0 faible volume unitaire \u00bb, poursuit Giuseppe Ceni.\" \/>\n<meta property=\"og:url\" content=\"https:\/\/www.modula.eu\/fr\/etudes-de-cas\/pneumatique-oleodynamique\/fratelli-ceni\/\" \/>\n<meta property=\"og:site_name\" content=\"Modula\" \/>\n<meta property=\"article:modified_time\" content=\"2025-10-23T13:50:54+00:00\" \/>\n<meta property=\"og:image\" content=\"https:\/\/www.modula.eu\/wp-content\/uploads\/2023\/12\/Screenshot-2023-12-22-alle-14.21.20.png\" \/>\n\t<meta property=\"og:image:width\" content=\"1098\" \/>\n\t<meta property=\"og:image:height\" content=\"611\" \/>\n\t<meta property=\"og:image:type\" content=\"image\/png\" \/>\n<meta name=\"twitter:card\" content=\"summary_large_image\" \/>\n<script type=\"application\/ld+json\" class=\"yoast-schema-graph\">{\"@context\":\"https:\\\/\\\/schema.org\",\"@graph\":[{\"@type\":\"WebPage\",\"@id\":\"https:\\\/\\\/www.modula.eu\\\/fr\\\/etudes-de-cas\\\/pneumatique-oleodynamique\\\/fratelli-ceni\\\/\",\"url\":\"https:\\\/\\\/www.modula.eu\\\/fr\\\/etudes-de-cas\\\/pneumatique-oleodynamique\\\/fratelli-ceni\\\/\",\"name\":\"Modula Oleodinamico Entrep\u00f4ts automatiques : Fratelli Ceni\",\"isPartOf\":{\"@id\":\"https:\\\/\\\/www.modula.eu\\\/fr\\\/#website\"},\"primaryImageOfPage\":{\"@id\":\"https:\\\/\\\/www.modula.eu\\\/fr\\\/etudes-de-cas\\\/pneumatique-oleodynamique\\\/fratelli-ceni\\\/#primaryimage\"},\"image\":{\"@id\":\"https:\\\/\\\/www.modula.eu\\\/fr\\\/etudes-de-cas\\\/pneumatique-oleodynamique\\\/fratelli-ceni\\\/#primaryimage\"},\"thumbnailUrl\":\"https:\\\/\\\/www.modula.eu\\\/wp-content\\\/uploads\\\/2023\\\/12\\\/Screenshot-2023-12-22-alle-14.21.20.png\",\"datePublished\":\"2023-12-22T13:20:11+00:00\",\"dateModified\":\"2025-10-23T13:50:54+00:00\",\"description\":\"L\u2019entreprise a introduit cinq modules Modula Lift ML75D, rempla\u00e7ant les rayons manuels de son entrep\u00f4t. \u00ab Au d\u00e9part, nous pensions les utiliser uniquement pour les petites pi\u00e8ces ou les mat\u00e9riaux \u00e0 faible volume unitaire \u00bb, poursuit Giuseppe Ceni.\",\"breadcrumb\":{\"@id\":\"https:\\\/\\\/www.modula.eu\\\/fr\\\/etudes-de-cas\\\/pneumatique-oleodynamique\\\/fratelli-ceni\\\/#breadcrumb\"},\"inLanguage\":\"fr-FR\",\"potentialAction\":[{\"@type\":\"ReadAction\",\"target\":[\"https:\\\/\\\/www.modula.eu\\\/fr\\\/etudes-de-cas\\\/pneumatique-oleodynamique\\\/fratelli-ceni\\\/\"]}]},{\"@type\":\"ImageObject\",\"inLanguage\":\"fr-FR\",\"@id\":\"https:\\\/\\\/www.modula.eu\\\/fr\\\/etudes-de-cas\\\/pneumatique-oleodynamique\\\/fratelli-ceni\\\/#primaryimage\",\"url\":\"https:\\\/\\\/www.modula.eu\\\/wp-content\\\/uploads\\\/2023\\\/12\\\/Screenshot-2023-12-22-alle-14.21.20.png\",\"contentUrl\":\"https:\\\/\\\/www.modula.eu\\\/wp-content\\\/uploads\\\/2023\\\/12\\\/Screenshot-2023-12-22-alle-14.21.20.png\",\"width\":1098,\"height\":611},{\"@type\":\"BreadcrumbList\",\"@id\":\"https:\\\/\\\/www.modula.eu\\\/fr\\\/etudes-de-cas\\\/pneumatique-oleodynamique\\\/fratelli-ceni\\\/#breadcrumb\",\"itemListElement\":[{\"@type\":\"ListItem\",\"position\":1,\"name\":\"Home\",\"item\":\"https:\\\/\\\/www.modula.eu\\\/fr\\\/\"},{\"@type\":\"ListItem\",\"position\":2,\"name\":\"\u00c9tudes de Cas\",\"item\":\"https:\\\/\\\/www.modula.eu\\\/fr\\\/etudes-de-cas\\\/\"},{\"@type\":\"ListItem\",\"position\":3,\"name\":\"Pneumatic\\\/Hydraulic\",\"item\":\"https:\\\/\\\/www.modula.eu\\\/fr\\\/etudes-de-cas\\\/pneumatique-oleodynamique\\\/\"},{\"@type\":\"ListItem\",\"position\":4,\"name\":\"Fratelli Ceni\"}]},{\"@type\":\"WebSite\",\"@id\":\"https:\\\/\\\/www.modula.eu\\\/fr\\\/#website\",\"url\":\"https:\\\/\\\/www.modula.eu\\\/fr\\\/\",\"name\":\"Modula\",\"description\":\"Think Vertical\",\"publisher\":{\"@id\":\"https:\\\/\\\/www.modula.eu\\\/fr\\\/#organization\"},\"potentialAction\":[{\"@type\":\"SearchAction\",\"target\":{\"@type\":\"EntryPoint\",\"urlTemplate\":\"https:\\\/\\\/www.modula.eu\\\/fr\\\/?s={search_term_string}\"},\"query-input\":{\"@type\":\"PropertyValueSpecification\",\"valueRequired\":true,\"valueName\":\"search_term_string\"}}],\"inLanguage\":\"fr-FR\"},{\"@type\":\"Organization\",\"@id\":\"https:\\\/\\\/www.modula.eu\\\/fr\\\/#organization\",\"name\":\"Modula\",\"url\":\"https:\\\/\\\/www.modula.eu\\\/fr\\\/\",\"logo\":{\"@type\":\"ImageObject\",\"inLanguage\":\"fr-FR\",\"@id\":\"https:\\\/\\\/www.modula.eu\\\/fr\\\/#\\\/schema\\\/logo\\\/image\\\/\",\"url\":\"https:\\\/\\\/www.modula.eu\\\/wp-content\\\/uploads\\\/2022\\\/12\\\/Modula-logo.jpg\",\"contentUrl\":\"https:\\\/\\\/www.modula.eu\\\/wp-content\\\/uploads\\\/2022\\\/12\\\/Modula-logo.jpg\",\"width\":759,\"height\":512,\"caption\":\"Modula\"},\"image\":{\"@id\":\"https:\\\/\\\/www.modula.eu\\\/fr\\\/#\\\/schema\\\/logo\\\/image\\\/\"}}]}<\/script>\n<!-- \/ Yoast SEO plugin. -->","yoast_head_json":{"title":"Modula Oleodinamico Entrep\u00f4ts automatiques : Fratelli Ceni","description":"L\u2019entreprise a introduit cinq modules Modula Lift ML75D, rempla\u00e7ant les rayons manuels de son entrep\u00f4t. \u00ab Au d\u00e9part, nous pensions les utiliser uniquement pour les petites pi\u00e8ces ou les mat\u00e9riaux \u00e0 faible volume unitaire \u00bb, poursuit Giuseppe Ceni.","robots":{"index":"index","follow":"follow","max-snippet":"max-snippet:-1","max-image-preview":"max-image-preview:large","max-video-preview":"max-video-preview:-1"},"canonical":"https:\/\/www.modula.eu\/fr\/etudes-de-cas\/pneumatique-oleodynamique\/fratelli-ceni\/","og_locale":"fr_FR","og_type":"article","og_title":"Modula Oleodinamico Entrep\u00f4ts automatiques : Fratelli Ceni","og_description":"L\u2019entreprise a introduit cinq modules Modula Lift ML75D, rempla\u00e7ant les rayons manuels de son entrep\u00f4t. \u00ab Au d\u00e9part, nous pensions les utiliser uniquement pour les petites pi\u00e8ces ou les mat\u00e9riaux \u00e0 faible volume unitaire \u00bb, poursuit Giuseppe Ceni.","og_url":"https:\/\/www.modula.eu\/fr\/etudes-de-cas\/pneumatique-oleodynamique\/fratelli-ceni\/","og_site_name":"Modula","article_modified_time":"2025-10-23T13:50:54+00:00","og_image":[{"width":1098,"height":611,"url":"https:\/\/www.modula.eu\/wp-content\/uploads\/2023\/12\/Screenshot-2023-12-22-alle-14.21.20.png","type":"image\/png"}],"twitter_card":"summary_large_image","schema":{"@context":"https:\/\/schema.org","@graph":[{"@type":"WebPage","@id":"https:\/\/www.modula.eu\/fr\/etudes-de-cas\/pneumatique-oleodynamique\/fratelli-ceni\/","url":"https:\/\/www.modula.eu\/fr\/etudes-de-cas\/pneumatique-oleodynamique\/fratelli-ceni\/","name":"Modula Oleodinamico Entrep\u00f4ts automatiques : Fratelli Ceni","isPartOf":{"@id":"https:\/\/www.modula.eu\/fr\/#website"},"primaryImageOfPage":{"@id":"https:\/\/www.modula.eu\/fr\/etudes-de-cas\/pneumatique-oleodynamique\/fratelli-ceni\/#primaryimage"},"image":{"@id":"https:\/\/www.modula.eu\/fr\/etudes-de-cas\/pneumatique-oleodynamique\/fratelli-ceni\/#primaryimage"},"thumbnailUrl":"https:\/\/www.modula.eu\/wp-content\/uploads\/2023\/12\/Screenshot-2023-12-22-alle-14.21.20.png","datePublished":"2023-12-22T13:20:11+00:00","dateModified":"2025-10-23T13:50:54+00:00","description":"L\u2019entreprise a introduit cinq modules Modula Lift ML75D, rempla\u00e7ant les rayons manuels de son entrep\u00f4t. \u00ab Au d\u00e9part, nous pensions les utiliser uniquement pour les petites pi\u00e8ces ou les mat\u00e9riaux \u00e0 faible volume unitaire \u00bb, poursuit Giuseppe Ceni.","breadcrumb":{"@id":"https:\/\/www.modula.eu\/fr\/etudes-de-cas\/pneumatique-oleodynamique\/fratelli-ceni\/#breadcrumb"},"inLanguage":"fr-FR","potentialAction":[{"@type":"ReadAction","target":["https:\/\/www.modula.eu\/fr\/etudes-de-cas\/pneumatique-oleodynamique\/fratelli-ceni\/"]}]},{"@type":"ImageObject","inLanguage":"fr-FR","@id":"https:\/\/www.modula.eu\/fr\/etudes-de-cas\/pneumatique-oleodynamique\/fratelli-ceni\/#primaryimage","url":"https:\/\/www.modula.eu\/wp-content\/uploads\/2023\/12\/Screenshot-2023-12-22-alle-14.21.20.png","contentUrl":"https:\/\/www.modula.eu\/wp-content\/uploads\/2023\/12\/Screenshot-2023-12-22-alle-14.21.20.png","width":1098,"height":611},{"@type":"BreadcrumbList","@id":"https:\/\/www.modula.eu\/fr\/etudes-de-cas\/pneumatique-oleodynamique\/fratelli-ceni\/#breadcrumb","itemListElement":[{"@type":"ListItem","position":1,"name":"Home","item":"https:\/\/www.modula.eu\/fr\/"},{"@type":"ListItem","position":2,"name":"\u00c9tudes de Cas","item":"https:\/\/www.modula.eu\/fr\/etudes-de-cas\/"},{"@type":"ListItem","position":3,"name":"Pneumatic\/Hydraulic","item":"https:\/\/www.modula.eu\/fr\/etudes-de-cas\/pneumatique-oleodynamique\/"},{"@type":"ListItem","position":4,"name":"Fratelli Ceni"}]},{"@type":"WebSite","@id":"https:\/\/www.modula.eu\/fr\/#website","url":"https:\/\/www.modula.eu\/fr\/","name":"Modula","description":"Think Vertical","publisher":{"@id":"https:\/\/www.modula.eu\/fr\/#organization"},"potentialAction":[{"@type":"SearchAction","target":{"@type":"EntryPoint","urlTemplate":"https:\/\/www.modula.eu\/fr\/?s={search_term_string}"},"query-input":{"@type":"PropertyValueSpecification","valueRequired":true,"valueName":"search_term_string"}}],"inLanguage":"fr-FR"},{"@type":"Organization","@id":"https:\/\/www.modula.eu\/fr\/#organization","name":"Modula","url":"https:\/\/www.modula.eu\/fr\/","logo":{"@type":"ImageObject","inLanguage":"fr-FR","@id":"https:\/\/www.modula.eu\/fr\/#\/schema\/logo\/image\/","url":"https:\/\/www.modula.eu\/wp-content\/uploads\/2022\/12\/Modula-logo.jpg","contentUrl":"https:\/\/www.modula.eu\/wp-content\/uploads\/2022\/12\/Modula-logo.jpg","width":759,"height":512,"caption":"Modula"},"image":{"@id":"https:\/\/www.modula.eu\/fr\/#\/schema\/logo\/image\/"}}]}},"_links":{"self":[{"href":"https:\/\/www.modula.eu\/fr\/wp-json\/wp\/v2\/pages\/29088","targetHints":{"allow":["GET"]}}],"collection":[{"href":"https:\/\/www.modula.eu\/fr\/wp-json\/wp\/v2\/pages"}],"about":[{"href":"https:\/\/www.modula.eu\/fr\/wp-json\/wp\/v2\/types\/page"}],"author":[{"embeddable":true,"href":"https:\/\/www.modula.eu\/fr\/wp-json\/wp\/v2\/users\/1"}],"replies":[{"embeddable":true,"href":"https:\/\/www.modula.eu\/fr\/wp-json\/wp\/v2\/comments?post=29088"}],"version-history":[{"count":0,"href":"https:\/\/www.modula.eu\/fr\/wp-json\/wp\/v2\/pages\/29088\/revisions"}],"up":[{"embeddable":true,"href":"https:\/\/www.modula.eu\/fr\/wp-json\/wp\/v2\/pages\/10315"}],"wp:featuredmedia":[{"embeddable":true,"href":"https:\/\/www.modula.eu\/fr\/wp-json\/wp\/v2\/media\/29083"}],"wp:attachment":[{"href":"https:\/\/www.modula.eu\/fr\/wp-json\/wp\/v2\/media?parent=29088"}],"curies":[{"name":"wp","href":"https:\/\/api.w.org\/{rel}","templated":true}]}}