{"id":30091,"date":"2023-07-31T14:29:49","date_gmt":"2023-07-31T12:29:49","guid":{"rendered":"https:\/\/www.modula.eu\/condizioni-generali-di-acquisto\/"},"modified":"2025-04-14T15:40:46","modified_gmt":"2025-04-14T13:40:46","slug":"general-conditions-of-purchasing","status":"publish","type":"page","link":"https:\/\/www.modula.eu\/fr\/general-conditions-of-purchasing\/","title":{"rendered":"General conditions of purchasing"},"content":{"rendered":"","protected":false},"excerpt":{"rendered":"","protected":false},"author":2,"featured_media":0,"parent":0,"menu_order":30,"comment_status":"closed","ping_status":"closed","template":"","meta":{"_acf_changed":false,"inline_featured_image":false,"mapsvg_location":"","footnotes":""},"class_list":["post-30091","page","type-page","status-publish","hentry"],"acf":[],"yoast_head":"<!-- This site is optimized with the Yoast SEO plugin v27.4 - https:\/\/yoast.com\/product\/yoast-seo-wordpress\/ -->\n<title>General conditions of purchasing | Modula<\/title>\n<meta name=\"description\" content=\"D\u00e9couvrez les Conditions G\u00e9n\u00e9rales d&#039;Achat de Modula, leader en solutions de stockage automatis\u00e9es. Informez-vous sur nos politiques d&#039;achat, nos termes et conditions qui garantissent transparence et qualit\u00e9 dans notre cha\u00eene d&#039;approvisionnement. Visitez notre page pour obtenir des informations d\u00e9taill\u00e9es sur la fa\u00e7on dont nous favorisons des partenariats fiables avec nos fournisseurs.\" \/>\n<meta name=\"robots\" content=\"noindex, follow\" \/>\n<meta property=\"og:locale\" content=\"fr_FR\" \/>\n<meta property=\"og:type\" content=\"article\" \/>\n<meta property=\"og:title\" content=\"General conditions of purchasing | Modula\" \/>\n<meta property=\"og:description\" content=\"D\u00e9couvrez les Conditions G\u00e9n\u00e9rales d&#039;Achat de Modula, leader en solutions de stockage automatis\u00e9es. Informez-vous sur nos politiques d&#039;achat, nos termes et conditions qui garantissent transparence et qualit\u00e9 dans notre cha\u00eene d&#039;approvisionnement. Visitez notre page pour obtenir des informations d\u00e9taill\u00e9es sur la fa\u00e7on dont nous favorisons des partenariats fiables avec nos fournisseurs.\" \/>\n<meta property=\"og:url\" content=\"https:\/\/www.modula.eu\/fr\/general-conditions-of-purchasing\/\" \/>\n<meta property=\"og:site_name\" content=\"Modula\" \/>\n<meta property=\"article:modified_time\" content=\"2025-04-14T13:40:46+00:00\" \/>\n<meta name=\"twitter:card\" content=\"summary_large_image\" \/>\n<script type=\"application\/ld+json\" class=\"yoast-schema-graph\">{\"@context\":\"https:\\\/\\\/schema.org\",\"@graph\":[{\"@type\":\"WebPage\",\"@id\":\"https:\\\/\\\/www.modula.eu\\\/fr\\\/general-conditions-of-purchasing\\\/\",\"url\":\"https:\\\/\\\/www.modula.eu\\\/fr\\\/general-conditions-of-purchasing\\\/\",\"name\":\"General conditions of purchasing | Modula\",\"isPartOf\":{\"@id\":\"https:\\\/\\\/www.modula.eu\\\/fr\\\/#website\"},\"datePublished\":\"2023-07-31T12:29:49+00:00\",\"dateModified\":\"2025-04-14T13:40:46+00:00\",\"description\":\"D\u00e9couvrez les Conditions G\u00e9n\u00e9rales d'Achat de Modula, leader en solutions de stockage automatis\u00e9es. Informez-vous sur nos politiques d'achat, nos termes et conditions qui garantissent transparence et qualit\u00e9 dans notre cha\u00eene d'approvisionnement. Visitez notre page pour obtenir des informations d\u00e9taill\u00e9es sur la fa\u00e7on dont nous favorisons des partenariats fiables avec nos fournisseurs.\",\"breadcrumb\":{\"@id\":\"https:\\\/\\\/www.modula.eu\\\/fr\\\/general-conditions-of-purchasing\\\/#breadcrumb\"},\"inLanguage\":\"fr-FR\",\"potentialAction\":[{\"@type\":\"ReadAction\",\"target\":[\"https:\\\/\\\/www.modula.eu\\\/fr\\\/general-conditions-of-purchasing\\\/\"]}]},{\"@type\":\"BreadcrumbList\",\"@id\":\"https:\\\/\\\/www.modula.eu\\\/fr\\\/general-conditions-of-purchasing\\\/#breadcrumb\",\"itemListElement\":[{\"@type\":\"ListItem\",\"position\":1,\"name\":\"Home\",\"item\":\"https:\\\/\\\/www.modula.eu\\\/fr\\\/\"},{\"@type\":\"ListItem\",\"position\":2,\"name\":\"General conditions of purchasing\"}]},{\"@type\":\"WebSite\",\"@id\":\"https:\\\/\\\/www.modula.eu\\\/fr\\\/#website\",\"url\":\"https:\\\/\\\/www.modula.eu\\\/fr\\\/\",\"name\":\"Modula\",\"description\":\"Think Vertical\",\"publisher\":{\"@id\":\"https:\\\/\\\/www.modula.eu\\\/fr\\\/#organization\"},\"potentialAction\":[{\"@type\":\"SearchAction\",\"target\":{\"@type\":\"EntryPoint\",\"urlTemplate\":\"https:\\\/\\\/www.modula.eu\\\/fr\\\/?s={search_term_string}\"},\"query-input\":{\"@type\":\"PropertyValueSpecification\",\"valueRequired\":true,\"valueName\":\"search_term_string\"}}],\"inLanguage\":\"fr-FR\"},{\"@type\":\"Organization\",\"@id\":\"https:\\\/\\\/www.modula.eu\\\/fr\\\/#organization\",\"name\":\"Modula\",\"url\":\"https:\\\/\\\/www.modula.eu\\\/fr\\\/\",\"logo\":{\"@type\":\"ImageObject\",\"inLanguage\":\"fr-FR\",\"@id\":\"https:\\\/\\\/www.modula.eu\\\/fr\\\/#\\\/schema\\\/logo\\\/image\\\/\",\"url\":\"https:\\\/\\\/www.modula.eu\\\/wp-content\\\/uploads\\\/2022\\\/12\\\/Modula-logo.jpg\",\"contentUrl\":\"https:\\\/\\\/www.modula.eu\\\/wp-content\\\/uploads\\\/2022\\\/12\\\/Modula-logo.jpg\",\"width\":759,\"height\":512,\"caption\":\"Modula\"},\"image\":{\"@id\":\"https:\\\/\\\/www.modula.eu\\\/fr\\\/#\\\/schema\\\/logo\\\/image\\\/\"}}]}<\/script>\n<!-- \/ Yoast SEO plugin. -->","yoast_head_json":{"title":"General conditions of purchasing | Modula","description":"D\u00e9couvrez les Conditions G\u00e9n\u00e9rales d'Achat de Modula, leader en solutions de stockage automatis\u00e9es. Informez-vous sur nos politiques d'achat, nos termes et conditions qui garantissent transparence et qualit\u00e9 dans notre cha\u00eene d'approvisionnement. Visitez notre page pour obtenir des informations d\u00e9taill\u00e9es sur la fa\u00e7on dont nous favorisons des partenariats fiables avec nos fournisseurs.","robots":{"index":"noindex","follow":"follow"},"og_locale":"fr_FR","og_type":"article","og_title":"General conditions of purchasing | Modula","og_description":"D\u00e9couvrez les Conditions G\u00e9n\u00e9rales d'Achat de Modula, leader en solutions de stockage automatis\u00e9es. Informez-vous sur nos politiques d'achat, nos termes et conditions qui garantissent transparence et qualit\u00e9 dans notre cha\u00eene d'approvisionnement. Visitez notre page pour obtenir des informations d\u00e9taill\u00e9es sur la fa\u00e7on dont nous favorisons des partenariats fiables avec nos fournisseurs.","og_url":"https:\/\/www.modula.eu\/fr\/general-conditions-of-purchasing\/","og_site_name":"Modula","article_modified_time":"2025-04-14T13:40:46+00:00","twitter_card":"summary_large_image","schema":{"@context":"https:\/\/schema.org","@graph":[{"@type":"WebPage","@id":"https:\/\/www.modula.eu\/fr\/general-conditions-of-purchasing\/","url":"https:\/\/www.modula.eu\/fr\/general-conditions-of-purchasing\/","name":"General conditions of purchasing | Modula","isPartOf":{"@id":"https:\/\/www.modula.eu\/fr\/#website"},"datePublished":"2023-07-31T12:29:49+00:00","dateModified":"2025-04-14T13:40:46+00:00","description":"D\u00e9couvrez les Conditions G\u00e9n\u00e9rales d'Achat de Modula, leader en solutions de stockage automatis\u00e9es. Informez-vous sur nos politiques d'achat, nos termes et conditions qui garantissent transparence et qualit\u00e9 dans notre cha\u00eene d'approvisionnement. Visitez notre page pour obtenir des informations d\u00e9taill\u00e9es sur la fa\u00e7on dont nous favorisons des partenariats fiables avec nos fournisseurs.","breadcrumb":{"@id":"https:\/\/www.modula.eu\/fr\/general-conditions-of-purchasing\/#breadcrumb"},"inLanguage":"fr-FR","potentialAction":[{"@type":"ReadAction","target":["https:\/\/www.modula.eu\/fr\/general-conditions-of-purchasing\/"]}]},{"@type":"BreadcrumbList","@id":"https:\/\/www.modula.eu\/fr\/general-conditions-of-purchasing\/#breadcrumb","itemListElement":[{"@type":"ListItem","position":1,"name":"Home","item":"https:\/\/www.modula.eu\/fr\/"},{"@type":"ListItem","position":2,"name":"General conditions of purchasing"}]},{"@type":"WebSite","@id":"https:\/\/www.modula.eu\/fr\/#website","url":"https:\/\/www.modula.eu\/fr\/","name":"Modula","description":"Think Vertical","publisher":{"@id":"https:\/\/www.modula.eu\/fr\/#organization"},"potentialAction":[{"@type":"SearchAction","target":{"@type":"EntryPoint","urlTemplate":"https:\/\/www.modula.eu\/fr\/?s={search_term_string}"},"query-input":{"@type":"PropertyValueSpecification","valueRequired":true,"valueName":"search_term_string"}}],"inLanguage":"fr-FR"},{"@type":"Organization","@id":"https:\/\/www.modula.eu\/fr\/#organization","name":"Modula","url":"https:\/\/www.modula.eu\/fr\/","logo":{"@type":"ImageObject","inLanguage":"fr-FR","@id":"https:\/\/www.modula.eu\/fr\/#\/schema\/logo\/image\/","url":"https:\/\/www.modula.eu\/wp-content\/uploads\/2022\/12\/Modula-logo.jpg","contentUrl":"https:\/\/www.modula.eu\/wp-content\/uploads\/2022\/12\/Modula-logo.jpg","width":759,"height":512,"caption":"Modula"},"image":{"@id":"https:\/\/www.modula.eu\/fr\/#\/schema\/logo\/image\/"}}]}},"_links":{"self":[{"href":"https:\/\/www.modula.eu\/fr\/wp-json\/wp\/v2\/pages\/30091","targetHints":{"allow":["GET"]}}],"collection":[{"href":"https:\/\/www.modula.eu\/fr\/wp-json\/wp\/v2\/pages"}],"about":[{"href":"https:\/\/www.modula.eu\/fr\/wp-json\/wp\/v2\/types\/page"}],"author":[{"embeddable":true,"href":"https:\/\/www.modula.eu\/fr\/wp-json\/wp\/v2\/users\/2"}],"replies":[{"embeddable":true,"href":"https:\/\/www.modula.eu\/fr\/wp-json\/wp\/v2\/comments?post=30091"}],"version-history":[{"count":0,"href":"https:\/\/www.modula.eu\/fr\/wp-json\/wp\/v2\/pages\/30091\/revisions"}],"wp:attachment":[{"href":"https:\/\/www.modula.eu\/fr\/wp-json\/wp\/v2\/media?parent=30091"}],"curies":[{"name":"wp","href":"https:\/\/api.w.org\/{rel}","templated":true}]}}