{"id":32992,"date":"2024-04-22T09:27:24","date_gmt":"2024-04-22T07:27:24","guid":{"rendered":"https:\/\/www.modula.eu\/etudes-de-cas\/electronique-lnformatique\/bizlink\/"},"modified":"2024-10-01T13:08:18","modified_gmt":"2024-10-01T11:08:18","slug":"bizlink","status":"publish","type":"page","link":"https:\/\/www.modula.eu\/fr\/etudes-de-cas\/electronique-lnformatique\/bizlink\/","title":{"rendered":"Bizlink"},"content":{"rendered":"","protected":false},"excerpt":{"rendered":"","protected":false},"author":1,"featured_media":32987,"parent":10182,"menu_order":5,"comment_status":"closed","ping_status":"closed","template":"case.php","meta":{"_acf_changed":false,"inline_featured_image":false,"mapsvg_location":"","footnotes":""},"class_list":["post-32992","page","type-page","status-publish","has-post-thumbnail","hentry"],"acf":[],"yoast_head":"<!-- This site is optimized with the Yoast SEO plugin v27.3 - https:\/\/yoast.com\/product\/yoast-seo-wordpress\/ -->\n<title>Magasins automatis\u00e9s Modula secteur Electronique : Bizlink<\/title>\n<meta name=\"description\" content=\"La mise en place des entrep\u00f4ts Modula a repr\u00e9sent\u00e9 un pas en avant consid\u00e9rable pour BizLink pour la gestion de son entrep\u00f4t. La combinaison de technologie avanc\u00e9e, efficacit\u00e9 op\u00e9rationnelle et am\u00e9lioration de la capacit\u00e9 de stockage a permis \u00e0 l\u2019entreprise d\u2019affronter les d\u00e9fis logistiques avec brio, garantissant une croissance durable et un meilleur service \u00e0 ses clients.\" \/>\n<meta name=\"robots\" content=\"index, follow, max-snippet:-1, max-image-preview:large, max-video-preview:-1\" \/>\n<link rel=\"canonical\" href=\"https:\/\/www.modula.eu\/fr\/etudes-de-cas\/electronique-lnformatique\/bizlink\/\" \/>\n<meta property=\"og:locale\" content=\"fr_FR\" \/>\n<meta property=\"og:type\" content=\"article\" \/>\n<meta property=\"og:title\" content=\"Magasins automatis\u00e9s Modula secteur Electronique : Bizlink\" \/>\n<meta property=\"og:description\" content=\"La mise en place des entrep\u00f4ts Modula a repr\u00e9sent\u00e9 un pas en avant consid\u00e9rable pour BizLink pour la gestion de son entrep\u00f4t. La combinaison de technologie avanc\u00e9e, efficacit\u00e9 op\u00e9rationnelle et am\u00e9lioration de la capacit\u00e9 de stockage a permis \u00e0 l\u2019entreprise d\u2019affronter les d\u00e9fis logistiques avec brio, garantissant une croissance durable et un meilleur service \u00e0 ses clients.\" \/>\n<meta property=\"og:url\" content=\"https:\/\/www.modula.eu\/fr\/etudes-de-cas\/electronique-lnformatique\/bizlink\/\" \/>\n<meta property=\"og:site_name\" content=\"Modula\" \/>\n<meta property=\"article:modified_time\" content=\"2024-10-01T11:08:18+00:00\" \/>\n<meta property=\"og:image\" content=\"https:\/\/www.modula.eu\/wp-content\/uploads\/2024\/04\/Schermata-2024-04-22-alle-09.31.54.png\" \/>\n\t<meta property=\"og:image:width\" content=\"1139\" \/>\n\t<meta property=\"og:image:height\" content=\"635\" \/>\n\t<meta property=\"og:image:type\" content=\"image\/png\" \/>\n<meta name=\"twitter:card\" content=\"summary_large_image\" \/>\n<script type=\"application\/ld+json\" class=\"yoast-schema-graph\">{\"@context\":\"https:\\\/\\\/schema.org\",\"@graph\":[{\"@type\":\"WebPage\",\"@id\":\"https:\\\/\\\/www.modula.eu\\\/fr\\\/etudes-de-cas\\\/electronique-lnformatique\\\/bizlink\\\/\",\"url\":\"https:\\\/\\\/www.modula.eu\\\/fr\\\/etudes-de-cas\\\/electronique-lnformatique\\\/bizlink\\\/\",\"name\":\"Magasins automatis\u00e9s Modula secteur Electronique : Bizlink\",\"isPartOf\":{\"@id\":\"https:\\\/\\\/www.modula.eu\\\/fr\\\/#website\"},\"primaryImageOfPage\":{\"@id\":\"https:\\\/\\\/www.modula.eu\\\/fr\\\/etudes-de-cas\\\/electronique-lnformatique\\\/bizlink\\\/#primaryimage\"},\"image\":{\"@id\":\"https:\\\/\\\/www.modula.eu\\\/fr\\\/etudes-de-cas\\\/electronique-lnformatique\\\/bizlink\\\/#primaryimage\"},\"thumbnailUrl\":\"https:\\\/\\\/www.modula.eu\\\/wp-content\\\/uploads\\\/2024\\\/04\\\/Schermata-2024-04-22-alle-09.31.54.png\",\"datePublished\":\"2024-04-22T07:27:24+00:00\",\"dateModified\":\"2024-10-01T11:08:18+00:00\",\"description\":\"La mise en place des entrep\u00f4ts Modula a repr\u00e9sent\u00e9 un pas en avant consid\u00e9rable pour BizLink pour la gestion de son entrep\u00f4t. La combinaison de technologie avanc\u00e9e, efficacit\u00e9 op\u00e9rationnelle et am\u00e9lioration de la capacit\u00e9 de stockage a permis \u00e0 l\u2019entreprise d\u2019affronter les d\u00e9fis logistiques avec brio, garantissant une croissance durable et un meilleur service \u00e0 ses clients.\",\"breadcrumb\":{\"@id\":\"https:\\\/\\\/www.modula.eu\\\/fr\\\/etudes-de-cas\\\/electronique-lnformatique\\\/bizlink\\\/#breadcrumb\"},\"inLanguage\":\"fr-FR\",\"potentialAction\":[{\"@type\":\"ReadAction\",\"target\":[\"https:\\\/\\\/www.modula.eu\\\/fr\\\/etudes-de-cas\\\/electronique-lnformatique\\\/bizlink\\\/\"]}]},{\"@type\":\"ImageObject\",\"inLanguage\":\"fr-FR\",\"@id\":\"https:\\\/\\\/www.modula.eu\\\/fr\\\/etudes-de-cas\\\/electronique-lnformatique\\\/bizlink\\\/#primaryimage\",\"url\":\"https:\\\/\\\/www.modula.eu\\\/wp-content\\\/uploads\\\/2024\\\/04\\\/Schermata-2024-04-22-alle-09.31.54.png\",\"contentUrl\":\"https:\\\/\\\/www.modula.eu\\\/wp-content\\\/uploads\\\/2024\\\/04\\\/Schermata-2024-04-22-alle-09.31.54.png\",\"width\":1139,\"height\":635},{\"@type\":\"BreadcrumbList\",\"@id\":\"https:\\\/\\\/www.modula.eu\\\/fr\\\/etudes-de-cas\\\/electronique-lnformatique\\\/bizlink\\\/#breadcrumb\",\"itemListElement\":[{\"@type\":\"ListItem\",\"position\":1,\"name\":\"Home\",\"item\":\"https:\\\/\\\/www.modula.eu\\\/fr\\\/\"},{\"@type\":\"ListItem\",\"position\":2,\"name\":\"\u00c9tudes de Cas\",\"item\":\"https:\\\/\\\/www.modula.eu\\\/fr\\\/etudes-de-cas\\\/\"},{\"@type\":\"ListItem\",\"position\":3,\"name\":\"Electronique \\\/ lnformatique\",\"item\":\"https:\\\/\\\/www.modula.eu\\\/fr\\\/etudes-de-cas\\\/electronique-lnformatique\\\/\"},{\"@type\":\"ListItem\",\"position\":4,\"name\":\"Bizlink\"}]},{\"@type\":\"WebSite\",\"@id\":\"https:\\\/\\\/www.modula.eu\\\/fr\\\/#website\",\"url\":\"https:\\\/\\\/www.modula.eu\\\/fr\\\/\",\"name\":\"Modula\",\"description\":\"Think Vertical\",\"publisher\":{\"@id\":\"https:\\\/\\\/www.modula.eu\\\/fr\\\/#organization\"},\"potentialAction\":[{\"@type\":\"SearchAction\",\"target\":{\"@type\":\"EntryPoint\",\"urlTemplate\":\"https:\\\/\\\/www.modula.eu\\\/fr\\\/?s={search_term_string}\"},\"query-input\":{\"@type\":\"PropertyValueSpecification\",\"valueRequired\":true,\"valueName\":\"search_term_string\"}}],\"inLanguage\":\"fr-FR\"},{\"@type\":\"Organization\",\"@id\":\"https:\\\/\\\/www.modula.eu\\\/fr\\\/#organization\",\"name\":\"Modula\",\"url\":\"https:\\\/\\\/www.modula.eu\\\/fr\\\/\",\"logo\":{\"@type\":\"ImageObject\",\"inLanguage\":\"fr-FR\",\"@id\":\"https:\\\/\\\/www.modula.eu\\\/fr\\\/#\\\/schema\\\/logo\\\/image\\\/\",\"url\":\"https:\\\/\\\/www.modula.eu\\\/wp-content\\\/uploads\\\/2022\\\/12\\\/Modula-logo.jpg\",\"contentUrl\":\"https:\\\/\\\/www.modula.eu\\\/wp-content\\\/uploads\\\/2022\\\/12\\\/Modula-logo.jpg\",\"width\":759,\"height\":512,\"caption\":\"Modula\"},\"image\":{\"@id\":\"https:\\\/\\\/www.modula.eu\\\/fr\\\/#\\\/schema\\\/logo\\\/image\\\/\"}}]}<\/script>\n<!-- \/ Yoast SEO plugin. -->","yoast_head_json":{"title":"Magasins automatis\u00e9s Modula secteur Electronique : Bizlink","description":"La mise en place des entrep\u00f4ts Modula a repr\u00e9sent\u00e9 un pas en avant consid\u00e9rable pour BizLink pour la gestion de son entrep\u00f4t. La combinaison de technologie avanc\u00e9e, efficacit\u00e9 op\u00e9rationnelle et am\u00e9lioration de la capacit\u00e9 de stockage a permis \u00e0 l\u2019entreprise d\u2019affronter les d\u00e9fis logistiques avec brio, garantissant une croissance durable et un meilleur service \u00e0 ses clients.","robots":{"index":"index","follow":"follow","max-snippet":"max-snippet:-1","max-image-preview":"max-image-preview:large","max-video-preview":"max-video-preview:-1"},"canonical":"https:\/\/www.modula.eu\/fr\/etudes-de-cas\/electronique-lnformatique\/bizlink\/","og_locale":"fr_FR","og_type":"article","og_title":"Magasins automatis\u00e9s Modula secteur Electronique : Bizlink","og_description":"La mise en place des entrep\u00f4ts Modula a repr\u00e9sent\u00e9 un pas en avant consid\u00e9rable pour BizLink pour la gestion de son entrep\u00f4t. La combinaison de technologie avanc\u00e9e, efficacit\u00e9 op\u00e9rationnelle et am\u00e9lioration de la capacit\u00e9 de stockage a permis \u00e0 l\u2019entreprise d\u2019affronter les d\u00e9fis logistiques avec brio, garantissant une croissance durable et un meilleur service \u00e0 ses clients.","og_url":"https:\/\/www.modula.eu\/fr\/etudes-de-cas\/electronique-lnformatique\/bizlink\/","og_site_name":"Modula","article_modified_time":"2024-10-01T11:08:18+00:00","og_image":[{"width":1139,"height":635,"url":"https:\/\/www.modula.eu\/wp-content\/uploads\/2024\/04\/Schermata-2024-04-22-alle-09.31.54.png","type":"image\/png"}],"twitter_card":"summary_large_image","schema":{"@context":"https:\/\/schema.org","@graph":[{"@type":"WebPage","@id":"https:\/\/www.modula.eu\/fr\/etudes-de-cas\/electronique-lnformatique\/bizlink\/","url":"https:\/\/www.modula.eu\/fr\/etudes-de-cas\/electronique-lnformatique\/bizlink\/","name":"Magasins automatis\u00e9s Modula secteur Electronique : Bizlink","isPartOf":{"@id":"https:\/\/www.modula.eu\/fr\/#website"},"primaryImageOfPage":{"@id":"https:\/\/www.modula.eu\/fr\/etudes-de-cas\/electronique-lnformatique\/bizlink\/#primaryimage"},"image":{"@id":"https:\/\/www.modula.eu\/fr\/etudes-de-cas\/electronique-lnformatique\/bizlink\/#primaryimage"},"thumbnailUrl":"https:\/\/www.modula.eu\/wp-content\/uploads\/2024\/04\/Schermata-2024-04-22-alle-09.31.54.png","datePublished":"2024-04-22T07:27:24+00:00","dateModified":"2024-10-01T11:08:18+00:00","description":"La mise en place des entrep\u00f4ts Modula a repr\u00e9sent\u00e9 un pas en avant consid\u00e9rable pour BizLink pour la gestion de son entrep\u00f4t. La combinaison de technologie avanc\u00e9e, efficacit\u00e9 op\u00e9rationnelle et am\u00e9lioration de la capacit\u00e9 de stockage a permis \u00e0 l\u2019entreprise d\u2019affronter les d\u00e9fis logistiques avec brio, garantissant une croissance durable et un meilleur service \u00e0 ses clients.","breadcrumb":{"@id":"https:\/\/www.modula.eu\/fr\/etudes-de-cas\/electronique-lnformatique\/bizlink\/#breadcrumb"},"inLanguage":"fr-FR","potentialAction":[{"@type":"ReadAction","target":["https:\/\/www.modula.eu\/fr\/etudes-de-cas\/electronique-lnformatique\/bizlink\/"]}]},{"@type":"ImageObject","inLanguage":"fr-FR","@id":"https:\/\/www.modula.eu\/fr\/etudes-de-cas\/electronique-lnformatique\/bizlink\/#primaryimage","url":"https:\/\/www.modula.eu\/wp-content\/uploads\/2024\/04\/Schermata-2024-04-22-alle-09.31.54.png","contentUrl":"https:\/\/www.modula.eu\/wp-content\/uploads\/2024\/04\/Schermata-2024-04-22-alle-09.31.54.png","width":1139,"height":635},{"@type":"BreadcrumbList","@id":"https:\/\/www.modula.eu\/fr\/etudes-de-cas\/electronique-lnformatique\/bizlink\/#breadcrumb","itemListElement":[{"@type":"ListItem","position":1,"name":"Home","item":"https:\/\/www.modula.eu\/fr\/"},{"@type":"ListItem","position":2,"name":"\u00c9tudes de Cas","item":"https:\/\/www.modula.eu\/fr\/etudes-de-cas\/"},{"@type":"ListItem","position":3,"name":"Electronique \/ lnformatique","item":"https:\/\/www.modula.eu\/fr\/etudes-de-cas\/electronique-lnformatique\/"},{"@type":"ListItem","position":4,"name":"Bizlink"}]},{"@type":"WebSite","@id":"https:\/\/www.modula.eu\/fr\/#website","url":"https:\/\/www.modula.eu\/fr\/","name":"Modula","description":"Think Vertical","publisher":{"@id":"https:\/\/www.modula.eu\/fr\/#organization"},"potentialAction":[{"@type":"SearchAction","target":{"@type":"EntryPoint","urlTemplate":"https:\/\/www.modula.eu\/fr\/?s={search_term_string}"},"query-input":{"@type":"PropertyValueSpecification","valueRequired":true,"valueName":"search_term_string"}}],"inLanguage":"fr-FR"},{"@type":"Organization","@id":"https:\/\/www.modula.eu\/fr\/#organization","name":"Modula","url":"https:\/\/www.modula.eu\/fr\/","logo":{"@type":"ImageObject","inLanguage":"fr-FR","@id":"https:\/\/www.modula.eu\/fr\/#\/schema\/logo\/image\/","url":"https:\/\/www.modula.eu\/wp-content\/uploads\/2022\/12\/Modula-logo.jpg","contentUrl":"https:\/\/www.modula.eu\/wp-content\/uploads\/2022\/12\/Modula-logo.jpg","width":759,"height":512,"caption":"Modula"},"image":{"@id":"https:\/\/www.modula.eu\/fr\/#\/schema\/logo\/image\/"}}]}},"_links":{"self":[{"href":"https:\/\/www.modula.eu\/fr\/wp-json\/wp\/v2\/pages\/32992","targetHints":{"allow":["GET"]}}],"collection":[{"href":"https:\/\/www.modula.eu\/fr\/wp-json\/wp\/v2\/pages"}],"about":[{"href":"https:\/\/www.modula.eu\/fr\/wp-json\/wp\/v2\/types\/page"}],"author":[{"embeddable":true,"href":"https:\/\/www.modula.eu\/fr\/wp-json\/wp\/v2\/users\/1"}],"replies":[{"embeddable":true,"href":"https:\/\/www.modula.eu\/fr\/wp-json\/wp\/v2\/comments?post=32992"}],"version-history":[{"count":0,"href":"https:\/\/www.modula.eu\/fr\/wp-json\/wp\/v2\/pages\/32992\/revisions"}],"up":[{"embeddable":true,"href":"https:\/\/www.modula.eu\/fr\/wp-json\/wp\/v2\/pages\/10182"}],"wp:featuredmedia":[{"embeddable":true,"href":"https:\/\/www.modula.eu\/fr\/wp-json\/wp\/v2\/media\/32987"}],"wp:attachment":[{"href":"https:\/\/www.modula.eu\/fr\/wp-json\/wp\/v2\/media?parent=32992"}],"curies":[{"name":"wp","href":"https:\/\/api.w.org\/{rel}","templated":true}]}}