{"id":33107,"date":"2024-04-22T15:34:13","date_gmt":"2024-04-22T13:34:13","guid":{"rendered":"https:\/\/www.modula.eu\/etudes-de-cas\/chimique-pharmaceutique-biomedical\/offimedicas\/"},"modified":"2025-01-15T12:30:19","modified_gmt":"2025-01-15T11:30:19","slug":"offimedicas","status":"publish","type":"page","link":"https:\/\/www.modula.eu\/fr\/etudes-de-cas\/chimique-pharmaceutique-biomedical\/offimedicas\/","title":{"rendered":"Offimedicas"},"content":{"rendered":"","protected":false},"excerpt":{"rendered":"","protected":false},"author":1,"featured_media":33101,"parent":10149,"menu_order":10,"comment_status":"closed","ping_status":"closed","template":"case.php","meta":{"_acf_changed":false,"inline_featured_image":false,"mapsvg_location":"","footnotes":""},"class_list":["post-33107","page","type-page","status-publish","has-post-thumbnail","hentry"],"acf":[],"yoast_head":"<!-- This site is optimized with the Yoast SEO plugin v27.3 - https:\/\/yoast.com\/product\/yoast-seo-wordpress\/ -->\n<title>Magasins automatis\u00e9s Modula pour le secteur chimique, pharmaceutique: Offimedicas<\/title>\n<meta name=\"description\" content=\"L\u2019exploitation de la verticalit\u00e9 de la structure a permis d\u2019obtenir un gain d\u2019espace au sol incroyable ainsi qu\u2019un syst\u00e8me plus ordonn\u00e9 et plus tra\u00e7able.\" \/>\n<meta name=\"robots\" content=\"index, follow, max-snippet:-1, max-image-preview:large, max-video-preview:-1\" \/>\n<link rel=\"canonical\" href=\"https:\/\/www.modula.eu\/fr\/etudes-de-cas\/chimique-pharmaceutique-biomedical\/offimedicas\/\" \/>\n<meta property=\"og:locale\" content=\"fr_FR\" \/>\n<meta property=\"og:type\" content=\"article\" \/>\n<meta property=\"og:title\" content=\"Magasins automatis\u00e9s Modula pour le secteur chimique, pharmaceutique: Offimedicas\" \/>\n<meta property=\"og:description\" content=\"L\u2019exploitation de la verticalit\u00e9 de la structure a permis d\u2019obtenir un gain d\u2019espace au sol incroyable ainsi qu\u2019un syst\u00e8me plus ordonn\u00e9 et plus tra\u00e7able.\" \/>\n<meta property=\"og:url\" content=\"https:\/\/www.modula.eu\/fr\/etudes-de-cas\/chimique-pharmaceutique-biomedical\/offimedicas\/\" \/>\n<meta property=\"og:site_name\" content=\"Modula\" \/>\n<meta property=\"article:modified_time\" content=\"2025-01-15T11:30:19+00:00\" \/>\n<meta property=\"og:image\" content=\"https:\/\/www.modula.eu\/wp-content\/uploads\/2024\/04\/Schermata-2024-04-22-alle-15.35.58.png\" \/>\n\t<meta property=\"og:image:width\" content=\"1165\" \/>\n\t<meta property=\"og:image:height\" content=\"658\" \/>\n\t<meta property=\"og:image:type\" content=\"image\/png\" \/>\n<meta name=\"twitter:card\" content=\"summary_large_image\" \/>\n<script type=\"application\/ld+json\" class=\"yoast-schema-graph\">{\"@context\":\"https:\\\/\\\/schema.org\",\"@graph\":[{\"@type\":\"WebPage\",\"@id\":\"https:\\\/\\\/www.modula.eu\\\/fr\\\/etudes-de-cas\\\/chimique-pharmaceutique-biomedical\\\/offimedicas\\\/\",\"url\":\"https:\\\/\\\/www.modula.eu\\\/fr\\\/etudes-de-cas\\\/chimique-pharmaceutique-biomedical\\\/offimedicas\\\/\",\"name\":\"Magasins automatis\u00e9s Modula pour le secteur chimique, pharmaceutique: Offimedicas\",\"isPartOf\":{\"@id\":\"https:\\\/\\\/www.modula.eu\\\/fr\\\/#website\"},\"primaryImageOfPage\":{\"@id\":\"https:\\\/\\\/www.modula.eu\\\/fr\\\/etudes-de-cas\\\/chimique-pharmaceutique-biomedical\\\/offimedicas\\\/#primaryimage\"},\"image\":{\"@id\":\"https:\\\/\\\/www.modula.eu\\\/fr\\\/etudes-de-cas\\\/chimique-pharmaceutique-biomedical\\\/offimedicas\\\/#primaryimage\"},\"thumbnailUrl\":\"https:\\\/\\\/www.modula.eu\\\/wp-content\\\/uploads\\\/2024\\\/04\\\/Schermata-2024-04-22-alle-15.35.58.png\",\"datePublished\":\"2024-04-22T13:34:13+00:00\",\"dateModified\":\"2025-01-15T11:30:19+00:00\",\"description\":\"L\u2019exploitation de la verticalit\u00e9 de la structure a permis d\u2019obtenir un gain d\u2019espace au sol incroyable ainsi qu\u2019un syst\u00e8me plus ordonn\u00e9 et plus tra\u00e7able.\",\"breadcrumb\":{\"@id\":\"https:\\\/\\\/www.modula.eu\\\/fr\\\/etudes-de-cas\\\/chimique-pharmaceutique-biomedical\\\/offimedicas\\\/#breadcrumb\"},\"inLanguage\":\"fr-FR\",\"potentialAction\":[{\"@type\":\"ReadAction\",\"target\":[\"https:\\\/\\\/www.modula.eu\\\/fr\\\/etudes-de-cas\\\/chimique-pharmaceutique-biomedical\\\/offimedicas\\\/\"]}]},{\"@type\":\"ImageObject\",\"inLanguage\":\"fr-FR\",\"@id\":\"https:\\\/\\\/www.modula.eu\\\/fr\\\/etudes-de-cas\\\/chimique-pharmaceutique-biomedical\\\/offimedicas\\\/#primaryimage\",\"url\":\"https:\\\/\\\/www.modula.eu\\\/wp-content\\\/uploads\\\/2024\\\/04\\\/Schermata-2024-04-22-alle-15.35.58.png\",\"contentUrl\":\"https:\\\/\\\/www.modula.eu\\\/wp-content\\\/uploads\\\/2024\\\/04\\\/Schermata-2024-04-22-alle-15.35.58.png\",\"width\":1165,\"height\":658},{\"@type\":\"BreadcrumbList\",\"@id\":\"https:\\\/\\\/www.modula.eu\\\/fr\\\/etudes-de-cas\\\/chimique-pharmaceutique-biomedical\\\/offimedicas\\\/#breadcrumb\",\"itemListElement\":[{\"@type\":\"ListItem\",\"position\":1,\"name\":\"Home\",\"item\":\"https:\\\/\\\/www.modula.eu\\\/fr\\\/\"},{\"@type\":\"ListItem\",\"position\":2,\"name\":\"\u00c9tudes de Cas\",\"item\":\"https:\\\/\\\/www.modula.eu\\\/fr\\\/etudes-de-cas\\\/\"},{\"@type\":\"ListItem\",\"position\":3,\"name\":\"Chimique \\\/ Pharmaceutique \\\/ Biom\u00e9dical\",\"item\":\"https:\\\/\\\/www.modula.eu\\\/fr\\\/etudes-de-cas\\\/chimique-pharmaceutique-biomedical\\\/\"},{\"@type\":\"ListItem\",\"position\":4,\"name\":\"Offimedicas\"}]},{\"@type\":\"WebSite\",\"@id\":\"https:\\\/\\\/www.modula.eu\\\/fr\\\/#website\",\"url\":\"https:\\\/\\\/www.modula.eu\\\/fr\\\/\",\"name\":\"Modula\",\"description\":\"Think Vertical\",\"publisher\":{\"@id\":\"https:\\\/\\\/www.modula.eu\\\/fr\\\/#organization\"},\"potentialAction\":[{\"@type\":\"SearchAction\",\"target\":{\"@type\":\"EntryPoint\",\"urlTemplate\":\"https:\\\/\\\/www.modula.eu\\\/fr\\\/?s={search_term_string}\"},\"query-input\":{\"@type\":\"PropertyValueSpecification\",\"valueRequired\":true,\"valueName\":\"search_term_string\"}}],\"inLanguage\":\"fr-FR\"},{\"@type\":\"Organization\",\"@id\":\"https:\\\/\\\/www.modula.eu\\\/fr\\\/#organization\",\"name\":\"Modula\",\"url\":\"https:\\\/\\\/www.modula.eu\\\/fr\\\/\",\"logo\":{\"@type\":\"ImageObject\",\"inLanguage\":\"fr-FR\",\"@id\":\"https:\\\/\\\/www.modula.eu\\\/fr\\\/#\\\/schema\\\/logo\\\/image\\\/\",\"url\":\"https:\\\/\\\/www.modula.eu\\\/wp-content\\\/uploads\\\/2022\\\/12\\\/Modula-logo.jpg\",\"contentUrl\":\"https:\\\/\\\/www.modula.eu\\\/wp-content\\\/uploads\\\/2022\\\/12\\\/Modula-logo.jpg\",\"width\":759,\"height\":512,\"caption\":\"Modula\"},\"image\":{\"@id\":\"https:\\\/\\\/www.modula.eu\\\/fr\\\/#\\\/schema\\\/logo\\\/image\\\/\"}}]}<\/script>\n<!-- \/ Yoast SEO plugin. -->","yoast_head_json":{"title":"Magasins automatis\u00e9s Modula pour le secteur chimique, pharmaceutique: Offimedicas","description":"L\u2019exploitation de la verticalit\u00e9 de la structure a permis d\u2019obtenir un gain d\u2019espace au sol incroyable ainsi qu\u2019un syst\u00e8me plus ordonn\u00e9 et plus tra\u00e7able.","robots":{"index":"index","follow":"follow","max-snippet":"max-snippet:-1","max-image-preview":"max-image-preview:large","max-video-preview":"max-video-preview:-1"},"canonical":"https:\/\/www.modula.eu\/fr\/etudes-de-cas\/chimique-pharmaceutique-biomedical\/offimedicas\/","og_locale":"fr_FR","og_type":"article","og_title":"Magasins automatis\u00e9s Modula pour le secteur chimique, pharmaceutique: Offimedicas","og_description":"L\u2019exploitation de la verticalit\u00e9 de la structure a permis d\u2019obtenir un gain d\u2019espace au sol incroyable ainsi qu\u2019un syst\u00e8me plus ordonn\u00e9 et plus tra\u00e7able.","og_url":"https:\/\/www.modula.eu\/fr\/etudes-de-cas\/chimique-pharmaceutique-biomedical\/offimedicas\/","og_site_name":"Modula","article_modified_time":"2025-01-15T11:30:19+00:00","og_image":[{"width":1165,"height":658,"url":"https:\/\/www.modula.eu\/wp-content\/uploads\/2024\/04\/Schermata-2024-04-22-alle-15.35.58.png","type":"image\/png"}],"twitter_card":"summary_large_image","schema":{"@context":"https:\/\/schema.org","@graph":[{"@type":"WebPage","@id":"https:\/\/www.modula.eu\/fr\/etudes-de-cas\/chimique-pharmaceutique-biomedical\/offimedicas\/","url":"https:\/\/www.modula.eu\/fr\/etudes-de-cas\/chimique-pharmaceutique-biomedical\/offimedicas\/","name":"Magasins automatis\u00e9s Modula pour le secteur chimique, pharmaceutique: Offimedicas","isPartOf":{"@id":"https:\/\/www.modula.eu\/fr\/#website"},"primaryImageOfPage":{"@id":"https:\/\/www.modula.eu\/fr\/etudes-de-cas\/chimique-pharmaceutique-biomedical\/offimedicas\/#primaryimage"},"image":{"@id":"https:\/\/www.modula.eu\/fr\/etudes-de-cas\/chimique-pharmaceutique-biomedical\/offimedicas\/#primaryimage"},"thumbnailUrl":"https:\/\/www.modula.eu\/wp-content\/uploads\/2024\/04\/Schermata-2024-04-22-alle-15.35.58.png","datePublished":"2024-04-22T13:34:13+00:00","dateModified":"2025-01-15T11:30:19+00:00","description":"L\u2019exploitation de la verticalit\u00e9 de la structure a permis d\u2019obtenir un gain d\u2019espace au sol incroyable ainsi qu\u2019un syst\u00e8me plus ordonn\u00e9 et plus tra\u00e7able.","breadcrumb":{"@id":"https:\/\/www.modula.eu\/fr\/etudes-de-cas\/chimique-pharmaceutique-biomedical\/offimedicas\/#breadcrumb"},"inLanguage":"fr-FR","potentialAction":[{"@type":"ReadAction","target":["https:\/\/www.modula.eu\/fr\/etudes-de-cas\/chimique-pharmaceutique-biomedical\/offimedicas\/"]}]},{"@type":"ImageObject","inLanguage":"fr-FR","@id":"https:\/\/www.modula.eu\/fr\/etudes-de-cas\/chimique-pharmaceutique-biomedical\/offimedicas\/#primaryimage","url":"https:\/\/www.modula.eu\/wp-content\/uploads\/2024\/04\/Schermata-2024-04-22-alle-15.35.58.png","contentUrl":"https:\/\/www.modula.eu\/wp-content\/uploads\/2024\/04\/Schermata-2024-04-22-alle-15.35.58.png","width":1165,"height":658},{"@type":"BreadcrumbList","@id":"https:\/\/www.modula.eu\/fr\/etudes-de-cas\/chimique-pharmaceutique-biomedical\/offimedicas\/#breadcrumb","itemListElement":[{"@type":"ListItem","position":1,"name":"Home","item":"https:\/\/www.modula.eu\/fr\/"},{"@type":"ListItem","position":2,"name":"\u00c9tudes de Cas","item":"https:\/\/www.modula.eu\/fr\/etudes-de-cas\/"},{"@type":"ListItem","position":3,"name":"Chimique \/ Pharmaceutique \/ Biom\u00e9dical","item":"https:\/\/www.modula.eu\/fr\/etudes-de-cas\/chimique-pharmaceutique-biomedical\/"},{"@type":"ListItem","position":4,"name":"Offimedicas"}]},{"@type":"WebSite","@id":"https:\/\/www.modula.eu\/fr\/#website","url":"https:\/\/www.modula.eu\/fr\/","name":"Modula","description":"Think Vertical","publisher":{"@id":"https:\/\/www.modula.eu\/fr\/#organization"},"potentialAction":[{"@type":"SearchAction","target":{"@type":"EntryPoint","urlTemplate":"https:\/\/www.modula.eu\/fr\/?s={search_term_string}"},"query-input":{"@type":"PropertyValueSpecification","valueRequired":true,"valueName":"search_term_string"}}],"inLanguage":"fr-FR"},{"@type":"Organization","@id":"https:\/\/www.modula.eu\/fr\/#organization","name":"Modula","url":"https:\/\/www.modula.eu\/fr\/","logo":{"@type":"ImageObject","inLanguage":"fr-FR","@id":"https:\/\/www.modula.eu\/fr\/#\/schema\/logo\/image\/","url":"https:\/\/www.modula.eu\/wp-content\/uploads\/2022\/12\/Modula-logo.jpg","contentUrl":"https:\/\/www.modula.eu\/wp-content\/uploads\/2022\/12\/Modula-logo.jpg","width":759,"height":512,"caption":"Modula"},"image":{"@id":"https:\/\/www.modula.eu\/fr\/#\/schema\/logo\/image\/"}}]}},"_links":{"self":[{"href":"https:\/\/www.modula.eu\/fr\/wp-json\/wp\/v2\/pages\/33107","targetHints":{"allow":["GET"]}}],"collection":[{"href":"https:\/\/www.modula.eu\/fr\/wp-json\/wp\/v2\/pages"}],"about":[{"href":"https:\/\/www.modula.eu\/fr\/wp-json\/wp\/v2\/types\/page"}],"author":[{"embeddable":true,"href":"https:\/\/www.modula.eu\/fr\/wp-json\/wp\/v2\/users\/1"}],"replies":[{"embeddable":true,"href":"https:\/\/www.modula.eu\/fr\/wp-json\/wp\/v2\/comments?post=33107"}],"version-history":[{"count":0,"href":"https:\/\/www.modula.eu\/fr\/wp-json\/wp\/v2\/pages\/33107\/revisions"}],"up":[{"embeddable":true,"href":"https:\/\/www.modula.eu\/fr\/wp-json\/wp\/v2\/pages\/10149"}],"wp:featuredmedia":[{"embeddable":true,"href":"https:\/\/www.modula.eu\/fr\/wp-json\/wp\/v2\/media\/33101"}],"wp:attachment":[{"href":"https:\/\/www.modula.eu\/fr\/wp-json\/wp\/v2\/media?parent=33107"}],"curies":[{"name":"wp","href":"https:\/\/api.w.org\/{rel}","templated":true}]}}