{"id":42291,"date":"2024-11-19T09:20:00","date_gmt":"2024-11-19T08:20:00","guid":{"rendered":"https:\/\/www.modula.eu\/etudes-de-cas\/logistique_3pl\/taglermaq\/"},"modified":"2025-07-30T11:21:38","modified_gmt":"2025-07-30T09:21:38","slug":"taglermaq","status":"publish","type":"page","link":"https:\/\/www.modula.eu\/fr\/etudes-de-cas\/logistique-3pl\/taglermaq\/","title":{"rendered":"Taglermaq"},"content":{"rendered":"","protected":false},"excerpt":{"rendered":"","protected":false},"author":1,"featured_media":7207,"parent":10242,"menu_order":4,"comment_status":"closed","ping_status":"closed","template":"case.php","meta":{"_acf_changed":false,"inline_featured_image":false,"mapsvg_location":"","footnotes":""},"class_list":["post-42291","page","type-page","status-publish","has-post-thumbnail","hentry"],"acf":[],"yoast_head":"<!-- This site is optimized with the Yoast SEO plugin v27.3 - https:\/\/yoast.com\/product\/yoast-seo-wordpress\/ -->\n<title>Taglermaq et le partenariat avec Modula - De l&#039;achat \u00e0 la concession du produit<\/title>\n<meta name=\"description\" content=\"Taglermaq, soci\u00e9t\u00e9 leader dans la logistique et le conseil au Chili, n\u00e9cessitait une solution avanc\u00e9e pour optimiser le stockage des produits de ses clients. Apr\u00e8s une \u00e9valuation approfondie des options disponibles sur le march\u00e9, Taglermaq a choisi Modula pour r\u00e9pondre \u00e0 ses besoins en mati\u00e8re de gestion de l&#039;espace et d&#039;optimisation des processus d&#039;entrep\u00f4t.\" \/>\n<meta name=\"robots\" content=\"index, follow, max-snippet:-1, max-image-preview:large, max-video-preview:-1\" \/>\n<link rel=\"canonical\" href=\"https:\/\/www.modula.eu\/fr\/etudes-de-cas\/logistique-3pl\/taglermaq\/\" \/>\n<meta property=\"og:locale\" content=\"fr_FR\" \/>\n<meta property=\"og:type\" content=\"article\" \/>\n<meta property=\"og:title\" content=\"Taglermaq et le partenariat avec Modula - De l&#039;achat \u00e0 la concession du produit\" \/>\n<meta property=\"og:description\" content=\"Taglermaq, soci\u00e9t\u00e9 leader dans la logistique et le conseil au Chili, n\u00e9cessitait une solution avanc\u00e9e pour optimiser le stockage des produits de ses clients. Apr\u00e8s une \u00e9valuation approfondie des options disponibles sur le march\u00e9, Taglermaq a choisi Modula pour r\u00e9pondre \u00e0 ses besoins en mati\u00e8re de gestion de l&#039;espace et d&#039;optimisation des processus d&#039;entrep\u00f4t.\" \/>\n<meta property=\"og:url\" content=\"https:\/\/www.modula.eu\/fr\/etudes-de-cas\/logistique-3pl\/taglermaq\/\" \/>\n<meta property=\"og:site_name\" content=\"Modula\" \/>\n<meta property=\"article:modified_time\" content=\"2025-07-30T09:21:38+00:00\" \/>\n<meta property=\"og:image\" content=\"https:\/\/www.modula.eu\/wp-content\/uploads\/2022\/10\/47-Kuehne-Nagel.jpg\" \/>\n\t<meta property=\"og:image:width\" content=\"800\" \/>\n\t<meta property=\"og:image:height\" content=\"600\" \/>\n\t<meta property=\"og:image:type\" content=\"image\/jpeg\" \/>\n<meta name=\"twitter:card\" content=\"summary_large_image\" \/>\n<script type=\"application\/ld+json\" class=\"yoast-schema-graph\">{\"@context\":\"https:\\\/\\\/schema.org\",\"@graph\":[{\"@type\":\"WebPage\",\"@id\":\"https:\\\/\\\/www.modula.eu\\\/fr\\\/etudes-de-cas\\\/logistique-3pl\\\/taglermaq\\\/\",\"url\":\"https:\\\/\\\/www.modula.eu\\\/fr\\\/etudes-de-cas\\\/logistique-3pl\\\/taglermaq\\\/\",\"name\":\"Taglermaq et le partenariat avec Modula - De l'achat \u00e0 la concession du produit\",\"isPartOf\":{\"@id\":\"https:\\\/\\\/www.modula.eu\\\/fr\\\/#website\"},\"primaryImageOfPage\":{\"@id\":\"https:\\\/\\\/www.modula.eu\\\/fr\\\/etudes-de-cas\\\/logistique-3pl\\\/taglermaq\\\/#primaryimage\"},\"image\":{\"@id\":\"https:\\\/\\\/www.modula.eu\\\/fr\\\/etudes-de-cas\\\/logistique-3pl\\\/taglermaq\\\/#primaryimage\"},\"thumbnailUrl\":\"https:\\\/\\\/www.modula.eu\\\/wp-content\\\/uploads\\\/2022\\\/10\\\/47-Kuehne-Nagel.jpg\",\"datePublished\":\"2024-11-19T08:20:00+00:00\",\"dateModified\":\"2025-07-30T09:21:38+00:00\",\"description\":\"Taglermaq, soci\u00e9t\u00e9 leader dans la logistique et le conseil au Chili, n\u00e9cessitait une solution avanc\u00e9e pour optimiser le stockage des produits de ses clients. Apr\u00e8s une \u00e9valuation approfondie des options disponibles sur le march\u00e9, Taglermaq a choisi Modula pour r\u00e9pondre \u00e0 ses besoins en mati\u00e8re de gestion de l'espace et d'optimisation des processus d'entrep\u00f4t.\",\"breadcrumb\":{\"@id\":\"https:\\\/\\\/www.modula.eu\\\/fr\\\/etudes-de-cas\\\/logistique-3pl\\\/taglermaq\\\/#breadcrumb\"},\"inLanguage\":\"fr-FR\",\"potentialAction\":[{\"@type\":\"ReadAction\",\"target\":[\"https:\\\/\\\/www.modula.eu\\\/fr\\\/etudes-de-cas\\\/logistique-3pl\\\/taglermaq\\\/\"]}]},{\"@type\":\"ImageObject\",\"inLanguage\":\"fr-FR\",\"@id\":\"https:\\\/\\\/www.modula.eu\\\/fr\\\/etudes-de-cas\\\/logistique-3pl\\\/taglermaq\\\/#primaryimage\",\"url\":\"https:\\\/\\\/www.modula.eu\\\/wp-content\\\/uploads\\\/2022\\\/10\\\/47-Kuehne-Nagel.jpg\",\"contentUrl\":\"https:\\\/\\\/www.modula.eu\\\/wp-content\\\/uploads\\\/2022\\\/10\\\/47-Kuehne-Nagel.jpg\",\"width\":800,\"height\":600},{\"@type\":\"BreadcrumbList\",\"@id\":\"https:\\\/\\\/www.modula.eu\\\/fr\\\/etudes-de-cas\\\/logistique-3pl\\\/taglermaq\\\/#breadcrumb\",\"itemListElement\":[{\"@type\":\"ListItem\",\"position\":1,\"name\":\"Home\",\"item\":\"https:\\\/\\\/www.modula.eu\\\/fr\\\/\"},{\"@type\":\"ListItem\",\"position\":2,\"name\":\"\u00c9tudes de Cas\",\"item\":\"https:\\\/\\\/www.modula.eu\\\/fr\\\/etudes-de-cas\\\/\"},{\"@type\":\"ListItem\",\"position\":3,\"name\":\"Logistique \\\/ 3PL\",\"item\":\"https:\\\/\\\/www.modula.eu\\\/fr\\\/etudes-de-cas\\\/logistique-3pl\\\/\"},{\"@type\":\"ListItem\",\"position\":4,\"name\":\"Taglermaq\"}]},{\"@type\":\"WebSite\",\"@id\":\"https:\\\/\\\/www.modula.eu\\\/fr\\\/#website\",\"url\":\"https:\\\/\\\/www.modula.eu\\\/fr\\\/\",\"name\":\"Modula\",\"description\":\"Think Vertical\",\"publisher\":{\"@id\":\"https:\\\/\\\/www.modula.eu\\\/fr\\\/#organization\"},\"potentialAction\":[{\"@type\":\"SearchAction\",\"target\":{\"@type\":\"EntryPoint\",\"urlTemplate\":\"https:\\\/\\\/www.modula.eu\\\/fr\\\/?s={search_term_string}\"},\"query-input\":{\"@type\":\"PropertyValueSpecification\",\"valueRequired\":true,\"valueName\":\"search_term_string\"}}],\"inLanguage\":\"fr-FR\"},{\"@type\":\"Organization\",\"@id\":\"https:\\\/\\\/www.modula.eu\\\/fr\\\/#organization\",\"name\":\"Modula\",\"url\":\"https:\\\/\\\/www.modula.eu\\\/fr\\\/\",\"logo\":{\"@type\":\"ImageObject\",\"inLanguage\":\"fr-FR\",\"@id\":\"https:\\\/\\\/www.modula.eu\\\/fr\\\/#\\\/schema\\\/logo\\\/image\\\/\",\"url\":\"https:\\\/\\\/www.modula.eu\\\/wp-content\\\/uploads\\\/2022\\\/12\\\/Modula-logo.jpg\",\"contentUrl\":\"https:\\\/\\\/www.modula.eu\\\/wp-content\\\/uploads\\\/2022\\\/12\\\/Modula-logo.jpg\",\"width\":759,\"height\":512,\"caption\":\"Modula\"},\"image\":{\"@id\":\"https:\\\/\\\/www.modula.eu\\\/fr\\\/#\\\/schema\\\/logo\\\/image\\\/\"}}]}<\/script>\n<!-- \/ Yoast SEO plugin. -->","yoast_head_json":{"title":"Taglermaq et le partenariat avec Modula - De l'achat \u00e0 la concession du produit","description":"Taglermaq, soci\u00e9t\u00e9 leader dans la logistique et le conseil au Chili, n\u00e9cessitait une solution avanc\u00e9e pour optimiser le stockage des produits de ses clients. Apr\u00e8s une \u00e9valuation approfondie des options disponibles sur le march\u00e9, Taglermaq a choisi Modula pour r\u00e9pondre \u00e0 ses besoins en mati\u00e8re de gestion de l'espace et d'optimisation des processus d'entrep\u00f4t.","robots":{"index":"index","follow":"follow","max-snippet":"max-snippet:-1","max-image-preview":"max-image-preview:large","max-video-preview":"max-video-preview:-1"},"canonical":"https:\/\/www.modula.eu\/fr\/etudes-de-cas\/logistique-3pl\/taglermaq\/","og_locale":"fr_FR","og_type":"article","og_title":"Taglermaq et le partenariat avec Modula - De l'achat \u00e0 la concession du produit","og_description":"Taglermaq, soci\u00e9t\u00e9 leader dans la logistique et le conseil au Chili, n\u00e9cessitait une solution avanc\u00e9e pour optimiser le stockage des produits de ses clients. Apr\u00e8s une \u00e9valuation approfondie des options disponibles sur le march\u00e9, Taglermaq a choisi Modula pour r\u00e9pondre \u00e0 ses besoins en mati\u00e8re de gestion de l'espace et d'optimisation des processus d'entrep\u00f4t.","og_url":"https:\/\/www.modula.eu\/fr\/etudes-de-cas\/logistique-3pl\/taglermaq\/","og_site_name":"Modula","article_modified_time":"2025-07-30T09:21:38+00:00","og_image":[{"width":800,"height":600,"url":"https:\/\/www.modula.eu\/wp-content\/uploads\/2022\/10\/47-Kuehne-Nagel.jpg","type":"image\/jpeg"}],"twitter_card":"summary_large_image","schema":{"@context":"https:\/\/schema.org","@graph":[{"@type":"WebPage","@id":"https:\/\/www.modula.eu\/fr\/etudes-de-cas\/logistique-3pl\/taglermaq\/","url":"https:\/\/www.modula.eu\/fr\/etudes-de-cas\/logistique-3pl\/taglermaq\/","name":"Taglermaq et le partenariat avec Modula - De l'achat \u00e0 la concession du produit","isPartOf":{"@id":"https:\/\/www.modula.eu\/fr\/#website"},"primaryImageOfPage":{"@id":"https:\/\/www.modula.eu\/fr\/etudes-de-cas\/logistique-3pl\/taglermaq\/#primaryimage"},"image":{"@id":"https:\/\/www.modula.eu\/fr\/etudes-de-cas\/logistique-3pl\/taglermaq\/#primaryimage"},"thumbnailUrl":"https:\/\/www.modula.eu\/wp-content\/uploads\/2022\/10\/47-Kuehne-Nagel.jpg","datePublished":"2024-11-19T08:20:00+00:00","dateModified":"2025-07-30T09:21:38+00:00","description":"Taglermaq, soci\u00e9t\u00e9 leader dans la logistique et le conseil au Chili, n\u00e9cessitait une solution avanc\u00e9e pour optimiser le stockage des produits de ses clients. Apr\u00e8s une \u00e9valuation approfondie des options disponibles sur le march\u00e9, Taglermaq a choisi Modula pour r\u00e9pondre \u00e0 ses besoins en mati\u00e8re de gestion de l'espace et d'optimisation des processus d'entrep\u00f4t.","breadcrumb":{"@id":"https:\/\/www.modula.eu\/fr\/etudes-de-cas\/logistique-3pl\/taglermaq\/#breadcrumb"},"inLanguage":"fr-FR","potentialAction":[{"@type":"ReadAction","target":["https:\/\/www.modula.eu\/fr\/etudes-de-cas\/logistique-3pl\/taglermaq\/"]}]},{"@type":"ImageObject","inLanguage":"fr-FR","@id":"https:\/\/www.modula.eu\/fr\/etudes-de-cas\/logistique-3pl\/taglermaq\/#primaryimage","url":"https:\/\/www.modula.eu\/wp-content\/uploads\/2022\/10\/47-Kuehne-Nagel.jpg","contentUrl":"https:\/\/www.modula.eu\/wp-content\/uploads\/2022\/10\/47-Kuehne-Nagel.jpg","width":800,"height":600},{"@type":"BreadcrumbList","@id":"https:\/\/www.modula.eu\/fr\/etudes-de-cas\/logistique-3pl\/taglermaq\/#breadcrumb","itemListElement":[{"@type":"ListItem","position":1,"name":"Home","item":"https:\/\/www.modula.eu\/fr\/"},{"@type":"ListItem","position":2,"name":"\u00c9tudes de Cas","item":"https:\/\/www.modula.eu\/fr\/etudes-de-cas\/"},{"@type":"ListItem","position":3,"name":"Logistique \/ 3PL","item":"https:\/\/www.modula.eu\/fr\/etudes-de-cas\/logistique-3pl\/"},{"@type":"ListItem","position":4,"name":"Taglermaq"}]},{"@type":"WebSite","@id":"https:\/\/www.modula.eu\/fr\/#website","url":"https:\/\/www.modula.eu\/fr\/","name":"Modula","description":"Think Vertical","publisher":{"@id":"https:\/\/www.modula.eu\/fr\/#organization"},"potentialAction":[{"@type":"SearchAction","target":{"@type":"EntryPoint","urlTemplate":"https:\/\/www.modula.eu\/fr\/?s={search_term_string}"},"query-input":{"@type":"PropertyValueSpecification","valueRequired":true,"valueName":"search_term_string"}}],"inLanguage":"fr-FR"},{"@type":"Organization","@id":"https:\/\/www.modula.eu\/fr\/#organization","name":"Modula","url":"https:\/\/www.modula.eu\/fr\/","logo":{"@type":"ImageObject","inLanguage":"fr-FR","@id":"https:\/\/www.modula.eu\/fr\/#\/schema\/logo\/image\/","url":"https:\/\/www.modula.eu\/wp-content\/uploads\/2022\/12\/Modula-logo.jpg","contentUrl":"https:\/\/www.modula.eu\/wp-content\/uploads\/2022\/12\/Modula-logo.jpg","width":759,"height":512,"caption":"Modula"},"image":{"@id":"https:\/\/www.modula.eu\/fr\/#\/schema\/logo\/image\/"}}]}},"_links":{"self":[{"href":"https:\/\/www.modula.eu\/fr\/wp-json\/wp\/v2\/pages\/42291","targetHints":{"allow":["GET"]}}],"collection":[{"href":"https:\/\/www.modula.eu\/fr\/wp-json\/wp\/v2\/pages"}],"about":[{"href":"https:\/\/www.modula.eu\/fr\/wp-json\/wp\/v2\/types\/page"}],"author":[{"embeddable":true,"href":"https:\/\/www.modula.eu\/fr\/wp-json\/wp\/v2\/users\/1"}],"replies":[{"embeddable":true,"href":"https:\/\/www.modula.eu\/fr\/wp-json\/wp\/v2\/comments?post=42291"}],"version-history":[{"count":0,"href":"https:\/\/www.modula.eu\/fr\/wp-json\/wp\/v2\/pages\/42291\/revisions"}],"up":[{"embeddable":true,"href":"https:\/\/www.modula.eu\/fr\/wp-json\/wp\/v2\/pages\/10242"}],"wp:featuredmedia":[{"embeddable":true,"href":"https:\/\/www.modula.eu\/fr\/wp-json\/wp\/v2\/media\/7207"}],"wp:attachment":[{"href":"https:\/\/www.modula.eu\/fr\/wp-json\/wp\/v2\/media?parent=42291"}],"curies":[{"name":"wp","href":"https:\/\/api.w.org\/{rel}","templated":true}]}}