{"id":42349,"date":"2024-11-05T14:15:48","date_gmt":"2024-11-05T13:15:48","guid":{"rendered":"https:\/\/www.modula.eu\/etudes-de-cas\/aliments-boissons\/cippone-di-bitetto-optimisation-of-logistics-in-the-horeca-sector-with-modula\/"},"modified":"2025-01-15T11:34:42","modified_gmt":"2025-01-15T10:34:42","slug":"cippone-di-bitetto-optimisation-of-logistics-in-the-horeca-sector-with-modula","status":"publish","type":"page","link":"https:\/\/www.modula.eu\/fr\/etudes-de-cas\/aliments-boissons\/cippone-di-bitetto-optimisation-of-logistics-in-the-horeca-sector-with-modula\/","title":{"rendered":"Cippone &#038; Di Bitetto: Optimisation of Logistics in the HORECA Sector with Modula"},"content":{"rendered":"","protected":false},"excerpt":{"rendered":"","protected":false},"author":1,"featured_media":7191,"parent":10218,"menu_order":1,"comment_status":"closed","ping_status":"closed","template":"case.php","meta":{"_acf_changed":false,"inline_featured_image":false,"mapsvg_location":"","footnotes":""},"class_list":["post-42349","page","type-page","status-publish","has-post-thumbnail","hentry"],"acf":[],"yoast_head":"<!-- This site is optimized with the Yoast SEO plugin v27.3 - https:\/\/yoast.com\/product\/yoast-seo-wordpress\/ -->\n<title>Cippone &amp; Di Bitetto : Optimisation de la logistique gr\u00e2ce \u00e0 Modula<\/title>\n<meta name=\"description\" content=\"Cippone &amp; Di Bitetto est une entreprise sp\u00e9cialis\u00e9e dans la distribution de produits alimentaires et de boissons pour le secteur HORECA (h\u00f4tels, restaurants et caf\u00e9s) dans le sud de l&#039;Italie. En plus de la distribution, l&#039;entreprise fournit un soutien \u00e0 la formation directement dans les points de vente HORECA, par l\u2019offre d\u2019une large gamme de produits comprenant de la bi\u00e8re, du vin, des spiritueux, divers aliments, des boissons non alcoolis\u00e9es, de l&#039;eau et bien d&#039;autres encore.\" \/>\n<meta name=\"robots\" content=\"index, nofollow, max-snippet:-1, max-image-preview:large, max-video-preview:-1\" \/>\n<link rel=\"canonical\" href=\"https:\/\/www.modula.eu\/fr\/etudes-de-cas\/aliments-boissons\/cippone-di-bitetto-optimisation-of-logistics-in-the-horeca-sector-with-modula\/\" \/>\n<meta property=\"og:locale\" content=\"fr_FR\" \/>\n<meta property=\"og:type\" content=\"article\" \/>\n<meta property=\"og:title\" content=\"Cippone &amp; Di Bitetto : Optimisation de la logistique gr\u00e2ce \u00e0 Modula\" \/>\n<meta property=\"og:description\" content=\"Cippone &amp; Di Bitetto est une entreprise sp\u00e9cialis\u00e9e dans la distribution de produits alimentaires et de boissons pour le secteur HORECA (h\u00f4tels, restaurants et caf\u00e9s) dans le sud de l&#039;Italie. En plus de la distribution, l&#039;entreprise fournit un soutien \u00e0 la formation directement dans les points de vente HORECA, par l\u2019offre d\u2019une large gamme de produits comprenant de la bi\u00e8re, du vin, des spiritueux, divers aliments, des boissons non alcoolis\u00e9es, de l&#039;eau et bien d&#039;autres encore.\" \/>\n<meta property=\"og:url\" content=\"https:\/\/www.modula.eu\/fr\/etudes-de-cas\/aliments-boissons\/cippone-di-bitetto-optimisation-of-logistics-in-the-horeca-sector-with-modula\/\" \/>\n<meta property=\"og:site_name\" content=\"Modula\" \/>\n<meta property=\"article:modified_time\" content=\"2025-01-15T10:34:42+00:00\" \/>\n<meta property=\"og:image\" content=\"https:\/\/www.modula.eu\/wp-content\/uploads\/2022\/10\/38-Gruppo-Mezzacorona.jpg\" \/>\n\t<meta property=\"og:image:width\" content=\"800\" \/>\n\t<meta property=\"og:image:height\" content=\"600\" \/>\n\t<meta property=\"og:image:type\" content=\"image\/jpeg\" \/>\n<meta name=\"twitter:card\" content=\"summary_large_image\" \/>\n<script type=\"application\/ld+json\" class=\"yoast-schema-graph\">{\"@context\":\"https:\\\/\\\/schema.org\",\"@graph\":[{\"@type\":\"WebPage\",\"@id\":\"https:\\\/\\\/www.modula.eu\\\/fr\\\/etudes-de-cas\\\/aliments-boissons\\\/cippone-di-bitetto-optimisation-of-logistics-in-the-horeca-sector-with-modula\\\/\",\"url\":\"https:\\\/\\\/www.modula.eu\\\/fr\\\/etudes-de-cas\\\/aliments-boissons\\\/cippone-di-bitetto-optimisation-of-logistics-in-the-horeca-sector-with-modula\\\/\",\"name\":\"Cippone & Di Bitetto : Optimisation de la logistique gr\u00e2ce \u00e0 Modula\",\"isPartOf\":{\"@id\":\"https:\\\/\\\/www.modula.eu\\\/fr\\\/#website\"},\"primaryImageOfPage\":{\"@id\":\"https:\\\/\\\/www.modula.eu\\\/fr\\\/etudes-de-cas\\\/aliments-boissons\\\/cippone-di-bitetto-optimisation-of-logistics-in-the-horeca-sector-with-modula\\\/#primaryimage\"},\"image\":{\"@id\":\"https:\\\/\\\/www.modula.eu\\\/fr\\\/etudes-de-cas\\\/aliments-boissons\\\/cippone-di-bitetto-optimisation-of-logistics-in-the-horeca-sector-with-modula\\\/#primaryimage\"},\"thumbnailUrl\":\"https:\\\/\\\/www.modula.eu\\\/wp-content\\\/uploads\\\/2022\\\/10\\\/38-Gruppo-Mezzacorona.jpg\",\"datePublished\":\"2024-11-05T13:15:48+00:00\",\"dateModified\":\"2025-01-15T10:34:42+00:00\",\"description\":\"Cippone & Di Bitetto est une entreprise sp\u00e9cialis\u00e9e dans la distribution de produits alimentaires et de boissons pour le secteur HORECA (h\u00f4tels, restaurants et caf\u00e9s) dans le sud de l'Italie. En plus de la distribution, l'entreprise fournit un soutien \u00e0 la formation directement dans les points de vente HORECA, par l\u2019offre d\u2019une large gamme de produits comprenant de la bi\u00e8re, du vin, des spiritueux, divers aliments, des boissons non alcoolis\u00e9es, de l'eau et bien d'autres encore.\",\"breadcrumb\":{\"@id\":\"https:\\\/\\\/www.modula.eu\\\/fr\\\/etudes-de-cas\\\/aliments-boissons\\\/cippone-di-bitetto-optimisation-of-logistics-in-the-horeca-sector-with-modula\\\/#breadcrumb\"},\"inLanguage\":\"fr-FR\",\"potentialAction\":[{\"@type\":\"ReadAction\",\"target\":[\"https:\\\/\\\/www.modula.eu\\\/fr\\\/etudes-de-cas\\\/aliments-boissons\\\/cippone-di-bitetto-optimisation-of-logistics-in-the-horeca-sector-with-modula\\\/\"]}]},{\"@type\":\"ImageObject\",\"inLanguage\":\"fr-FR\",\"@id\":\"https:\\\/\\\/www.modula.eu\\\/fr\\\/etudes-de-cas\\\/aliments-boissons\\\/cippone-di-bitetto-optimisation-of-logistics-in-the-horeca-sector-with-modula\\\/#primaryimage\",\"url\":\"https:\\\/\\\/www.modula.eu\\\/wp-content\\\/uploads\\\/2022\\\/10\\\/38-Gruppo-Mezzacorona.jpg\",\"contentUrl\":\"https:\\\/\\\/www.modula.eu\\\/wp-content\\\/uploads\\\/2022\\\/10\\\/38-Gruppo-Mezzacorona.jpg\",\"width\":800,\"height\":600},{\"@type\":\"BreadcrumbList\",\"@id\":\"https:\\\/\\\/www.modula.eu\\\/fr\\\/etudes-de-cas\\\/aliments-boissons\\\/cippone-di-bitetto-optimisation-of-logistics-in-the-horeca-sector-with-modula\\\/#breadcrumb\",\"itemListElement\":[{\"@type\":\"ListItem\",\"position\":1,\"name\":\"Home\",\"item\":\"https:\\\/\\\/www.modula.eu\\\/fr\\\/\"},{\"@type\":\"ListItem\",\"position\":2,\"name\":\"\u00c9tudes de Cas\",\"item\":\"https:\\\/\\\/www.modula.eu\\\/fr\\\/etudes-de-cas\\\/\"},{\"@type\":\"ListItem\",\"position\":3,\"name\":\"Aliments\\\/Boissons\\\/Grande distribution\",\"item\":\"https:\\\/\\\/www.modula.eu\\\/fr\\\/etudes-de-cas\\\/aliments-boissons-grande-distribution\\\/\"},{\"@type\":\"ListItem\",\"position\":4,\"name\":\"Cippone &#038; Di Bitetto: Optimisation of Logistics in the HORECA Sector with Modula\"}]},{\"@type\":\"WebSite\",\"@id\":\"https:\\\/\\\/www.modula.eu\\\/fr\\\/#website\",\"url\":\"https:\\\/\\\/www.modula.eu\\\/fr\\\/\",\"name\":\"Modula\",\"description\":\"Think Vertical\",\"publisher\":{\"@id\":\"https:\\\/\\\/www.modula.eu\\\/fr\\\/#organization\"},\"potentialAction\":[{\"@type\":\"SearchAction\",\"target\":{\"@type\":\"EntryPoint\",\"urlTemplate\":\"https:\\\/\\\/www.modula.eu\\\/fr\\\/?s={search_term_string}\"},\"query-input\":{\"@type\":\"PropertyValueSpecification\",\"valueRequired\":true,\"valueName\":\"search_term_string\"}}],\"inLanguage\":\"fr-FR\"},{\"@type\":\"Organization\",\"@id\":\"https:\\\/\\\/www.modula.eu\\\/fr\\\/#organization\",\"name\":\"Modula\",\"url\":\"https:\\\/\\\/www.modula.eu\\\/fr\\\/\",\"logo\":{\"@type\":\"ImageObject\",\"inLanguage\":\"fr-FR\",\"@id\":\"https:\\\/\\\/www.modula.eu\\\/fr\\\/#\\\/schema\\\/logo\\\/image\\\/\",\"url\":\"https:\\\/\\\/www.modula.eu\\\/wp-content\\\/uploads\\\/2022\\\/12\\\/Modula-logo.jpg\",\"contentUrl\":\"https:\\\/\\\/www.modula.eu\\\/wp-content\\\/uploads\\\/2022\\\/12\\\/Modula-logo.jpg\",\"width\":759,\"height\":512,\"caption\":\"Modula\"},\"image\":{\"@id\":\"https:\\\/\\\/www.modula.eu\\\/fr\\\/#\\\/schema\\\/logo\\\/image\\\/\"}}]}<\/script>\n<!-- \/ Yoast SEO plugin. -->","yoast_head_json":{"title":"Cippone & Di Bitetto : Optimisation de la logistique gr\u00e2ce \u00e0 Modula","description":"Cippone & Di Bitetto est une entreprise sp\u00e9cialis\u00e9e dans la distribution de produits alimentaires et de boissons pour le secteur HORECA (h\u00f4tels, restaurants et caf\u00e9s) dans le sud de l'Italie. En plus de la distribution, l'entreprise fournit un soutien \u00e0 la formation directement dans les points de vente HORECA, par l\u2019offre d\u2019une large gamme de produits comprenant de la bi\u00e8re, du vin, des spiritueux, divers aliments, des boissons non alcoolis\u00e9es, de l'eau et bien d'autres encore.","robots":{"index":"index","follow":"nofollow","max-snippet":"max-snippet:-1","max-image-preview":"max-image-preview:large","max-video-preview":"max-video-preview:-1"},"canonical":"https:\/\/www.modula.eu\/fr\/etudes-de-cas\/aliments-boissons\/cippone-di-bitetto-optimisation-of-logistics-in-the-horeca-sector-with-modula\/","og_locale":"fr_FR","og_type":"article","og_title":"Cippone & Di Bitetto : Optimisation de la logistique gr\u00e2ce \u00e0 Modula","og_description":"Cippone & Di Bitetto est une entreprise sp\u00e9cialis\u00e9e dans la distribution de produits alimentaires et de boissons pour le secteur HORECA (h\u00f4tels, restaurants et caf\u00e9s) dans le sud de l'Italie. En plus de la distribution, l'entreprise fournit un soutien \u00e0 la formation directement dans les points de vente HORECA, par l\u2019offre d\u2019une large gamme de produits comprenant de la bi\u00e8re, du vin, des spiritueux, divers aliments, des boissons non alcoolis\u00e9es, de l'eau et bien d'autres encore.","og_url":"https:\/\/www.modula.eu\/fr\/etudes-de-cas\/aliments-boissons\/cippone-di-bitetto-optimisation-of-logistics-in-the-horeca-sector-with-modula\/","og_site_name":"Modula","article_modified_time":"2025-01-15T10:34:42+00:00","og_image":[{"width":800,"height":600,"url":"https:\/\/www.modula.eu\/wp-content\/uploads\/2022\/10\/38-Gruppo-Mezzacorona.jpg","type":"image\/jpeg"}],"twitter_card":"summary_large_image","schema":{"@context":"https:\/\/schema.org","@graph":[{"@type":"WebPage","@id":"https:\/\/www.modula.eu\/fr\/etudes-de-cas\/aliments-boissons\/cippone-di-bitetto-optimisation-of-logistics-in-the-horeca-sector-with-modula\/","url":"https:\/\/www.modula.eu\/fr\/etudes-de-cas\/aliments-boissons\/cippone-di-bitetto-optimisation-of-logistics-in-the-horeca-sector-with-modula\/","name":"Cippone & Di Bitetto : Optimisation de la logistique gr\u00e2ce \u00e0 Modula","isPartOf":{"@id":"https:\/\/www.modula.eu\/fr\/#website"},"primaryImageOfPage":{"@id":"https:\/\/www.modula.eu\/fr\/etudes-de-cas\/aliments-boissons\/cippone-di-bitetto-optimisation-of-logistics-in-the-horeca-sector-with-modula\/#primaryimage"},"image":{"@id":"https:\/\/www.modula.eu\/fr\/etudes-de-cas\/aliments-boissons\/cippone-di-bitetto-optimisation-of-logistics-in-the-horeca-sector-with-modula\/#primaryimage"},"thumbnailUrl":"https:\/\/www.modula.eu\/wp-content\/uploads\/2022\/10\/38-Gruppo-Mezzacorona.jpg","datePublished":"2024-11-05T13:15:48+00:00","dateModified":"2025-01-15T10:34:42+00:00","description":"Cippone & Di Bitetto est une entreprise sp\u00e9cialis\u00e9e dans la distribution de produits alimentaires et de boissons pour le secteur HORECA (h\u00f4tels, restaurants et caf\u00e9s) dans le sud de l'Italie. En plus de la distribution, l'entreprise fournit un soutien \u00e0 la formation directement dans les points de vente HORECA, par l\u2019offre d\u2019une large gamme de produits comprenant de la bi\u00e8re, du vin, des spiritueux, divers aliments, des boissons non alcoolis\u00e9es, de l'eau et bien d'autres encore.","breadcrumb":{"@id":"https:\/\/www.modula.eu\/fr\/etudes-de-cas\/aliments-boissons\/cippone-di-bitetto-optimisation-of-logistics-in-the-horeca-sector-with-modula\/#breadcrumb"},"inLanguage":"fr-FR","potentialAction":[{"@type":"ReadAction","target":["https:\/\/www.modula.eu\/fr\/etudes-de-cas\/aliments-boissons\/cippone-di-bitetto-optimisation-of-logistics-in-the-horeca-sector-with-modula\/"]}]},{"@type":"ImageObject","inLanguage":"fr-FR","@id":"https:\/\/www.modula.eu\/fr\/etudes-de-cas\/aliments-boissons\/cippone-di-bitetto-optimisation-of-logistics-in-the-horeca-sector-with-modula\/#primaryimage","url":"https:\/\/www.modula.eu\/wp-content\/uploads\/2022\/10\/38-Gruppo-Mezzacorona.jpg","contentUrl":"https:\/\/www.modula.eu\/wp-content\/uploads\/2022\/10\/38-Gruppo-Mezzacorona.jpg","width":800,"height":600},{"@type":"BreadcrumbList","@id":"https:\/\/www.modula.eu\/fr\/etudes-de-cas\/aliments-boissons\/cippone-di-bitetto-optimisation-of-logistics-in-the-horeca-sector-with-modula\/#breadcrumb","itemListElement":[{"@type":"ListItem","position":1,"name":"Home","item":"https:\/\/www.modula.eu\/fr\/"},{"@type":"ListItem","position":2,"name":"\u00c9tudes de Cas","item":"https:\/\/www.modula.eu\/fr\/etudes-de-cas\/"},{"@type":"ListItem","position":3,"name":"Aliments\/Boissons\/Grande distribution","item":"https:\/\/www.modula.eu\/fr\/etudes-de-cas\/aliments-boissons-grande-distribution\/"},{"@type":"ListItem","position":4,"name":"Cippone &#038; Di Bitetto: Optimisation of Logistics in the HORECA Sector with Modula"}]},{"@type":"WebSite","@id":"https:\/\/www.modula.eu\/fr\/#website","url":"https:\/\/www.modula.eu\/fr\/","name":"Modula","description":"Think Vertical","publisher":{"@id":"https:\/\/www.modula.eu\/fr\/#organization"},"potentialAction":[{"@type":"SearchAction","target":{"@type":"EntryPoint","urlTemplate":"https:\/\/www.modula.eu\/fr\/?s={search_term_string}"},"query-input":{"@type":"PropertyValueSpecification","valueRequired":true,"valueName":"search_term_string"}}],"inLanguage":"fr-FR"},{"@type":"Organization","@id":"https:\/\/www.modula.eu\/fr\/#organization","name":"Modula","url":"https:\/\/www.modula.eu\/fr\/","logo":{"@type":"ImageObject","inLanguage":"fr-FR","@id":"https:\/\/www.modula.eu\/fr\/#\/schema\/logo\/image\/","url":"https:\/\/www.modula.eu\/wp-content\/uploads\/2022\/12\/Modula-logo.jpg","contentUrl":"https:\/\/www.modula.eu\/wp-content\/uploads\/2022\/12\/Modula-logo.jpg","width":759,"height":512,"caption":"Modula"},"image":{"@id":"https:\/\/www.modula.eu\/fr\/#\/schema\/logo\/image\/"}}]}},"_links":{"self":[{"href":"https:\/\/www.modula.eu\/fr\/wp-json\/wp\/v2\/pages\/42349","targetHints":{"allow":["GET"]}}],"collection":[{"href":"https:\/\/www.modula.eu\/fr\/wp-json\/wp\/v2\/pages"}],"about":[{"href":"https:\/\/www.modula.eu\/fr\/wp-json\/wp\/v2\/types\/page"}],"author":[{"embeddable":true,"href":"https:\/\/www.modula.eu\/fr\/wp-json\/wp\/v2\/users\/1"}],"replies":[{"embeddable":true,"href":"https:\/\/www.modula.eu\/fr\/wp-json\/wp\/v2\/comments?post=42349"}],"version-history":[{"count":0,"href":"https:\/\/www.modula.eu\/fr\/wp-json\/wp\/v2\/pages\/42349\/revisions"}],"up":[{"embeddable":true,"href":"https:\/\/www.modula.eu\/fr\/wp-json\/wp\/v2\/pages\/10218"}],"wp:featuredmedia":[{"embeddable":true,"href":"https:\/\/www.modula.eu\/fr\/wp-json\/wp\/v2\/media\/7191"}],"wp:attachment":[{"href":"https:\/\/www.modula.eu\/fr\/wp-json\/wp\/v2\/media?parent=42349"}],"curies":[{"name":"wp","href":"https:\/\/api.w.org\/{rel}","templated":true}]}}