{"id":42363,"date":"2024-11-19T15:48:48","date_gmt":"2024-11-19T14:48:48","guid":{"rendered":"https:\/\/www.modula.eu\/etudes-de-cas\/aliments-boissons\/mt-food\/"},"modified":"2025-05-29T11:39:08","modified_gmt":"2025-05-29T09:39:08","slug":"mt-food","status":"publish","type":"page","link":"https:\/\/www.modula.eu\/fr\/etudes-de-cas\/aliments-boissons\/mt-food\/","title":{"rendered":"MT Food"},"content":{"rendered":"","protected":false},"excerpt":{"rendered":"","protected":false},"author":1,"featured_media":7191,"parent":10218,"menu_order":2,"comment_status":"closed","ping_status":"closed","template":"case.php","meta":{"_acf_changed":false,"inline_featured_image":false,"mapsvg_location":"","footnotes":""},"class_list":["post-42363","page","type-page","status-publish","has-post-thumbnail","hentry"],"acf":[],"yoast_head":"<!-- This site is optimized with the Yoast SEO plugin v27.3 - https:\/\/yoast.com\/product\/yoast-seo-wordpress\/ -->\n<title>MT Food : Optimisation de la gestion des pi\u00e8ces d\u00e9tach\u00e9es gr\u00e2ce \u00e0 la technologie Modula<\/title>\n<meta name=\"description\" content=\"MT Food est une entreprise sp\u00e9cialis\u00e9e dans les technologies avanc\u00e9es et les solutions pour les usines de transformation des aliments, telles que la pr\u00e9paration de la viande, la d\u00e9coupe, le tranchage, le classement, la cuisson et l&#039;emballage. Dans un souci d&#039;efficacit\u00e9 et de pr\u00e9cision, MT Food a choisi d&#039;am\u00e9liorer la gestion de ses pi\u00e8ces d\u00e9tach\u00e9es en installant un syst\u00e8me Modula MX50D.\" \/>\n<meta name=\"robots\" content=\"index, follow, max-snippet:-1, max-image-preview:large, max-video-preview:-1\" \/>\n<link rel=\"canonical\" href=\"https:\/\/www.modula.eu\/fr\/etudes-de-cas\/aliments-boissons\/mt-food\/\" \/>\n<meta property=\"og:locale\" content=\"fr_FR\" \/>\n<meta property=\"og:type\" content=\"article\" \/>\n<meta property=\"og:title\" content=\"MT Food : Optimisation de la gestion des pi\u00e8ces d\u00e9tach\u00e9es gr\u00e2ce \u00e0 la technologie Modula\" \/>\n<meta property=\"og:description\" content=\"MT Food est une entreprise sp\u00e9cialis\u00e9e dans les technologies avanc\u00e9es et les solutions pour les usines de transformation des aliments, telles que la pr\u00e9paration de la viande, la d\u00e9coupe, le tranchage, le classement, la cuisson et l&#039;emballage. Dans un souci d&#039;efficacit\u00e9 et de pr\u00e9cision, MT Food a choisi d&#039;am\u00e9liorer la gestion de ses pi\u00e8ces d\u00e9tach\u00e9es en installant un syst\u00e8me Modula MX50D.\" \/>\n<meta property=\"og:url\" content=\"https:\/\/www.modula.eu\/fr\/etudes-de-cas\/aliments-boissons\/mt-food\/\" \/>\n<meta property=\"og:site_name\" content=\"Modula\" \/>\n<meta property=\"article:modified_time\" content=\"2025-05-29T09:39:08+00:00\" \/>\n<meta property=\"og:image\" content=\"https:\/\/www.modula.eu\/wp-content\/uploads\/2022\/10\/38-Gruppo-Mezzacorona.jpg\" \/>\n\t<meta property=\"og:image:width\" content=\"800\" \/>\n\t<meta property=\"og:image:height\" content=\"600\" \/>\n\t<meta property=\"og:image:type\" content=\"image\/jpeg\" \/>\n<meta name=\"twitter:card\" content=\"summary_large_image\" \/>\n<script type=\"application\/ld+json\" class=\"yoast-schema-graph\">{\"@context\":\"https:\\\/\\\/schema.org\",\"@graph\":[{\"@type\":\"WebPage\",\"@id\":\"https:\\\/\\\/www.modula.eu\\\/fr\\\/etudes-de-cas\\\/aliments-boissons\\\/mt-food\\\/\",\"url\":\"https:\\\/\\\/www.modula.eu\\\/fr\\\/etudes-de-cas\\\/aliments-boissons\\\/mt-food\\\/\",\"name\":\"MT Food : Optimisation de la gestion des pi\u00e8ces d\u00e9tach\u00e9es gr\u00e2ce \u00e0 la technologie Modula\",\"isPartOf\":{\"@id\":\"https:\\\/\\\/www.modula.eu\\\/fr\\\/#website\"},\"primaryImageOfPage\":{\"@id\":\"https:\\\/\\\/www.modula.eu\\\/fr\\\/etudes-de-cas\\\/aliments-boissons\\\/mt-food\\\/#primaryimage\"},\"image\":{\"@id\":\"https:\\\/\\\/www.modula.eu\\\/fr\\\/etudes-de-cas\\\/aliments-boissons\\\/mt-food\\\/#primaryimage\"},\"thumbnailUrl\":\"https:\\\/\\\/www.modula.eu\\\/wp-content\\\/uploads\\\/2022\\\/10\\\/38-Gruppo-Mezzacorona.jpg\",\"datePublished\":\"2024-11-19T14:48:48+00:00\",\"dateModified\":\"2025-05-29T09:39:08+00:00\",\"description\":\"MT Food est une entreprise sp\u00e9cialis\u00e9e dans les technologies avanc\u00e9es et les solutions pour les usines de transformation des aliments, telles que la pr\u00e9paration de la viande, la d\u00e9coupe, le tranchage, le classement, la cuisson et l'emballage. Dans un souci d'efficacit\u00e9 et de pr\u00e9cision, MT Food a choisi d'am\u00e9liorer la gestion de ses pi\u00e8ces d\u00e9tach\u00e9es en installant un syst\u00e8me Modula MX50D.\",\"breadcrumb\":{\"@id\":\"https:\\\/\\\/www.modula.eu\\\/fr\\\/etudes-de-cas\\\/aliments-boissons\\\/mt-food\\\/#breadcrumb\"},\"inLanguage\":\"fr-FR\",\"potentialAction\":[{\"@type\":\"ReadAction\",\"target\":[\"https:\\\/\\\/www.modula.eu\\\/fr\\\/etudes-de-cas\\\/aliments-boissons\\\/mt-food\\\/\"]}]},{\"@type\":\"ImageObject\",\"inLanguage\":\"fr-FR\",\"@id\":\"https:\\\/\\\/www.modula.eu\\\/fr\\\/etudes-de-cas\\\/aliments-boissons\\\/mt-food\\\/#primaryimage\",\"url\":\"https:\\\/\\\/www.modula.eu\\\/wp-content\\\/uploads\\\/2022\\\/10\\\/38-Gruppo-Mezzacorona.jpg\",\"contentUrl\":\"https:\\\/\\\/www.modula.eu\\\/wp-content\\\/uploads\\\/2022\\\/10\\\/38-Gruppo-Mezzacorona.jpg\",\"width\":800,\"height\":600},{\"@type\":\"BreadcrumbList\",\"@id\":\"https:\\\/\\\/www.modula.eu\\\/fr\\\/etudes-de-cas\\\/aliments-boissons\\\/mt-food\\\/#breadcrumb\",\"itemListElement\":[{\"@type\":\"ListItem\",\"position\":1,\"name\":\"Home\",\"item\":\"https:\\\/\\\/www.modula.eu\\\/fr\\\/\"},{\"@type\":\"ListItem\",\"position\":2,\"name\":\"\u00c9tudes de Cas\",\"item\":\"https:\\\/\\\/www.modula.eu\\\/fr\\\/etudes-de-cas\\\/\"},{\"@type\":\"ListItem\",\"position\":3,\"name\":\"Aliments\\\/Boissons\\\/Grande distribution\",\"item\":\"https:\\\/\\\/www.modula.eu\\\/fr\\\/etudes-de-cas\\\/aliments-boissons-grande-distribution\\\/\"},{\"@type\":\"ListItem\",\"position\":4,\"name\":\"MT Food\"}]},{\"@type\":\"WebSite\",\"@id\":\"https:\\\/\\\/www.modula.eu\\\/fr\\\/#website\",\"url\":\"https:\\\/\\\/www.modula.eu\\\/fr\\\/\",\"name\":\"Modula\",\"description\":\"Think Vertical\",\"publisher\":{\"@id\":\"https:\\\/\\\/www.modula.eu\\\/fr\\\/#organization\"},\"potentialAction\":[{\"@type\":\"SearchAction\",\"target\":{\"@type\":\"EntryPoint\",\"urlTemplate\":\"https:\\\/\\\/www.modula.eu\\\/fr\\\/?s={search_term_string}\"},\"query-input\":{\"@type\":\"PropertyValueSpecification\",\"valueRequired\":true,\"valueName\":\"search_term_string\"}}],\"inLanguage\":\"fr-FR\"},{\"@type\":\"Organization\",\"@id\":\"https:\\\/\\\/www.modula.eu\\\/fr\\\/#organization\",\"name\":\"Modula\",\"url\":\"https:\\\/\\\/www.modula.eu\\\/fr\\\/\",\"logo\":{\"@type\":\"ImageObject\",\"inLanguage\":\"fr-FR\",\"@id\":\"https:\\\/\\\/www.modula.eu\\\/fr\\\/#\\\/schema\\\/logo\\\/image\\\/\",\"url\":\"https:\\\/\\\/www.modula.eu\\\/wp-content\\\/uploads\\\/2022\\\/12\\\/Modula-logo.jpg\",\"contentUrl\":\"https:\\\/\\\/www.modula.eu\\\/wp-content\\\/uploads\\\/2022\\\/12\\\/Modula-logo.jpg\",\"width\":759,\"height\":512,\"caption\":\"Modula\"},\"image\":{\"@id\":\"https:\\\/\\\/www.modula.eu\\\/fr\\\/#\\\/schema\\\/logo\\\/image\\\/\"}}]}<\/script>\n<!-- \/ Yoast SEO plugin. -->","yoast_head_json":{"title":"MT Food : Optimisation de la gestion des pi\u00e8ces d\u00e9tach\u00e9es gr\u00e2ce \u00e0 la technologie Modula","description":"MT Food est une entreprise sp\u00e9cialis\u00e9e dans les technologies avanc\u00e9es et les solutions pour les usines de transformation des aliments, telles que la pr\u00e9paration de la viande, la d\u00e9coupe, le tranchage, le classement, la cuisson et l'emballage. Dans un souci d'efficacit\u00e9 et de pr\u00e9cision, MT Food a choisi d'am\u00e9liorer la gestion de ses pi\u00e8ces d\u00e9tach\u00e9es en installant un syst\u00e8me Modula MX50D.","robots":{"index":"index","follow":"follow","max-snippet":"max-snippet:-1","max-image-preview":"max-image-preview:large","max-video-preview":"max-video-preview:-1"},"canonical":"https:\/\/www.modula.eu\/fr\/etudes-de-cas\/aliments-boissons\/mt-food\/","og_locale":"fr_FR","og_type":"article","og_title":"MT Food : Optimisation de la gestion des pi\u00e8ces d\u00e9tach\u00e9es gr\u00e2ce \u00e0 la technologie Modula","og_description":"MT Food est une entreprise sp\u00e9cialis\u00e9e dans les technologies avanc\u00e9es et les solutions pour les usines de transformation des aliments, telles que la pr\u00e9paration de la viande, la d\u00e9coupe, le tranchage, le classement, la cuisson et l'emballage. Dans un souci d'efficacit\u00e9 et de pr\u00e9cision, MT Food a choisi d'am\u00e9liorer la gestion de ses pi\u00e8ces d\u00e9tach\u00e9es en installant un syst\u00e8me Modula MX50D.","og_url":"https:\/\/www.modula.eu\/fr\/etudes-de-cas\/aliments-boissons\/mt-food\/","og_site_name":"Modula","article_modified_time":"2025-05-29T09:39:08+00:00","og_image":[{"width":800,"height":600,"url":"https:\/\/www.modula.eu\/wp-content\/uploads\/2022\/10\/38-Gruppo-Mezzacorona.jpg","type":"image\/jpeg"}],"twitter_card":"summary_large_image","schema":{"@context":"https:\/\/schema.org","@graph":[{"@type":"WebPage","@id":"https:\/\/www.modula.eu\/fr\/etudes-de-cas\/aliments-boissons\/mt-food\/","url":"https:\/\/www.modula.eu\/fr\/etudes-de-cas\/aliments-boissons\/mt-food\/","name":"MT Food : Optimisation de la gestion des pi\u00e8ces d\u00e9tach\u00e9es gr\u00e2ce \u00e0 la technologie Modula","isPartOf":{"@id":"https:\/\/www.modula.eu\/fr\/#website"},"primaryImageOfPage":{"@id":"https:\/\/www.modula.eu\/fr\/etudes-de-cas\/aliments-boissons\/mt-food\/#primaryimage"},"image":{"@id":"https:\/\/www.modula.eu\/fr\/etudes-de-cas\/aliments-boissons\/mt-food\/#primaryimage"},"thumbnailUrl":"https:\/\/www.modula.eu\/wp-content\/uploads\/2022\/10\/38-Gruppo-Mezzacorona.jpg","datePublished":"2024-11-19T14:48:48+00:00","dateModified":"2025-05-29T09:39:08+00:00","description":"MT Food est une entreprise sp\u00e9cialis\u00e9e dans les technologies avanc\u00e9es et les solutions pour les usines de transformation des aliments, telles que la pr\u00e9paration de la viande, la d\u00e9coupe, le tranchage, le classement, la cuisson et l'emballage. Dans un souci d'efficacit\u00e9 et de pr\u00e9cision, MT Food a choisi d'am\u00e9liorer la gestion de ses pi\u00e8ces d\u00e9tach\u00e9es en installant un syst\u00e8me Modula MX50D.","breadcrumb":{"@id":"https:\/\/www.modula.eu\/fr\/etudes-de-cas\/aliments-boissons\/mt-food\/#breadcrumb"},"inLanguage":"fr-FR","potentialAction":[{"@type":"ReadAction","target":["https:\/\/www.modula.eu\/fr\/etudes-de-cas\/aliments-boissons\/mt-food\/"]}]},{"@type":"ImageObject","inLanguage":"fr-FR","@id":"https:\/\/www.modula.eu\/fr\/etudes-de-cas\/aliments-boissons\/mt-food\/#primaryimage","url":"https:\/\/www.modula.eu\/wp-content\/uploads\/2022\/10\/38-Gruppo-Mezzacorona.jpg","contentUrl":"https:\/\/www.modula.eu\/wp-content\/uploads\/2022\/10\/38-Gruppo-Mezzacorona.jpg","width":800,"height":600},{"@type":"BreadcrumbList","@id":"https:\/\/www.modula.eu\/fr\/etudes-de-cas\/aliments-boissons\/mt-food\/#breadcrumb","itemListElement":[{"@type":"ListItem","position":1,"name":"Home","item":"https:\/\/www.modula.eu\/fr\/"},{"@type":"ListItem","position":2,"name":"\u00c9tudes de Cas","item":"https:\/\/www.modula.eu\/fr\/etudes-de-cas\/"},{"@type":"ListItem","position":3,"name":"Aliments\/Boissons\/Grande distribution","item":"https:\/\/www.modula.eu\/fr\/etudes-de-cas\/aliments-boissons-grande-distribution\/"},{"@type":"ListItem","position":4,"name":"MT Food"}]},{"@type":"WebSite","@id":"https:\/\/www.modula.eu\/fr\/#website","url":"https:\/\/www.modula.eu\/fr\/","name":"Modula","description":"Think Vertical","publisher":{"@id":"https:\/\/www.modula.eu\/fr\/#organization"},"potentialAction":[{"@type":"SearchAction","target":{"@type":"EntryPoint","urlTemplate":"https:\/\/www.modula.eu\/fr\/?s={search_term_string}"},"query-input":{"@type":"PropertyValueSpecification","valueRequired":true,"valueName":"search_term_string"}}],"inLanguage":"fr-FR"},{"@type":"Organization","@id":"https:\/\/www.modula.eu\/fr\/#organization","name":"Modula","url":"https:\/\/www.modula.eu\/fr\/","logo":{"@type":"ImageObject","inLanguage":"fr-FR","@id":"https:\/\/www.modula.eu\/fr\/#\/schema\/logo\/image\/","url":"https:\/\/www.modula.eu\/wp-content\/uploads\/2022\/12\/Modula-logo.jpg","contentUrl":"https:\/\/www.modula.eu\/wp-content\/uploads\/2022\/12\/Modula-logo.jpg","width":759,"height":512,"caption":"Modula"},"image":{"@id":"https:\/\/www.modula.eu\/fr\/#\/schema\/logo\/image\/"}}]}},"_links":{"self":[{"href":"https:\/\/www.modula.eu\/fr\/wp-json\/wp\/v2\/pages\/42363","targetHints":{"allow":["GET"]}}],"collection":[{"href":"https:\/\/www.modula.eu\/fr\/wp-json\/wp\/v2\/pages"}],"about":[{"href":"https:\/\/www.modula.eu\/fr\/wp-json\/wp\/v2\/types\/page"}],"author":[{"embeddable":true,"href":"https:\/\/www.modula.eu\/fr\/wp-json\/wp\/v2\/users\/1"}],"replies":[{"embeddable":true,"href":"https:\/\/www.modula.eu\/fr\/wp-json\/wp\/v2\/comments?post=42363"}],"version-history":[{"count":0,"href":"https:\/\/www.modula.eu\/fr\/wp-json\/wp\/v2\/pages\/42363\/revisions"}],"up":[{"embeddable":true,"href":"https:\/\/www.modula.eu\/fr\/wp-json\/wp\/v2\/pages\/10218"}],"wp:featuredmedia":[{"embeddable":true,"href":"https:\/\/www.modula.eu\/fr\/wp-json\/wp\/v2\/media\/7191"}],"wp:attachment":[{"href":"https:\/\/www.modula.eu\/fr\/wp-json\/wp\/v2\/media?parent=42363"}],"curies":[{"name":"wp","href":"https:\/\/api.w.org\/{rel}","templated":true}]}}