{"id":44981,"date":"2024-12-19T14:21:13","date_gmt":"2024-12-19T13:21:13","guid":{"rendered":"https:\/\/www.modula.eu\/etudes-de-cas\/mecanique\/jiangsu-tuochuang-scientific-research-instrument\/"},"modified":"2025-07-30T11:08:01","modified_gmt":"2025-07-30T09:08:01","slug":"jiangsu-tuochuang-scientific-research-instrument","status":"publish","type":"page","link":"https:\/\/www.modula.eu\/fr\/etudes-de-cas\/pneumatique-oleodynamique\/jiangsu-tuochuang-scientific-research-instrument\/","title":{"rendered":"Jiangsu Tuochuang Scientific Research Instrument"},"content":{"rendered":"","protected":false},"excerpt":{"rendered":"","protected":false},"author":1,"featured_media":44976,"parent":10315,"menu_order":1,"comment_status":"closed","ping_status":"closed","template":"case.php","meta":{"_acf_changed":false,"inline_featured_image":false,"mapsvg_location":"","footnotes":""},"class_list":["post-44981","page","type-page","status-publish","has-post-thumbnail","hentry"],"acf":[],"yoast_head":"<!-- This site is optimized with the Yoast SEO plugin v27.3 - https:\/\/yoast.com\/product\/yoast-seo-wordpress\/ -->\n<title>Entrep\u00f4ts Automatis\u00e9s Modula: Jiangsu Tuochuang Scientific Research Instrument<\/title>\n<meta name=\"description\" content=\"Jiangsu Tuochuang Scientific Research Instrument Co. Ltd, une entreprise sp\u00e9cialis\u00e9e dans la production de ventilateurs et d&#039;\u00e9quipements de recherche scientifique, a choisi les modules Vertical Lift Modula (VLM) pour am\u00e9liorer ses capacit\u00e9s de stockage et de gestion. Actuellement, dans l\u2019\u00e9tablissement de Haian ont \u00e9t\u00e9 install\u00e9s trois conteneurs Modula \u00e0 double chargement, dot\u00e9s d&#039;une technologie avanc\u00e9e de manipulation \u00ab pick-and-place \u00bb.\" \/>\n<meta name=\"robots\" content=\"index, follow, max-snippet:-1, max-image-preview:large, max-video-preview:-1\" \/>\n<link rel=\"canonical\" href=\"https:\/\/www.modula.eu\/fr\/etudes-de-cas\/pneumatique-oleodynamique\/jiangsu-tuochuang-scientific-research-instrument\/\" \/>\n<meta property=\"og:locale\" content=\"fr_FR\" \/>\n<meta property=\"og:type\" content=\"article\" \/>\n<meta property=\"og:title\" content=\"Entrep\u00f4ts Automatis\u00e9s Modula: Jiangsu Tuochuang Scientific Research Instrument\" \/>\n<meta property=\"og:description\" content=\"Jiangsu Tuochuang Scientific Research Instrument Co. Ltd, une entreprise sp\u00e9cialis\u00e9e dans la production de ventilateurs et d&#039;\u00e9quipements de recherche scientifique, a choisi les modules Vertical Lift Modula (VLM) pour am\u00e9liorer ses capacit\u00e9s de stockage et de gestion. Actuellement, dans l\u2019\u00e9tablissement de Haian ont \u00e9t\u00e9 install\u00e9s trois conteneurs Modula \u00e0 double chargement, dot\u00e9s d&#039;une technologie avanc\u00e9e de manipulation \u00ab pick-and-place \u00bb.\" \/>\n<meta property=\"og:url\" content=\"https:\/\/www.modula.eu\/fr\/etudes-de-cas\/pneumatique-oleodynamique\/jiangsu-tuochuang-scientific-research-instrument\/\" \/>\n<meta property=\"og:site_name\" content=\"Modula\" \/>\n<meta property=\"article:modified_time\" content=\"2025-07-30T09:08:01+00:00\" \/>\n<meta property=\"og:image\" content=\"https:\/\/www.modula.eu\/wp-content\/uploads\/2024\/12\/Screenshot-2024-12-19-alle-14.24.11.png\" \/>\n\t<meta property=\"og:image:width\" content=\"2008\" \/>\n\t<meta property=\"og:image:height\" content=\"1018\" \/>\n\t<meta property=\"og:image:type\" content=\"image\/png\" \/>\n<meta name=\"twitter:card\" content=\"summary_large_image\" \/>\n<script type=\"application\/ld+json\" class=\"yoast-schema-graph\">{\"@context\":\"https:\\\/\\\/schema.org\",\"@graph\":[{\"@type\":\"WebPage\",\"@id\":\"https:\\\/\\\/www.modula.eu\\\/fr\\\/etudes-de-cas\\\/pneumatique-oleodynamique\\\/jiangsu-tuochuang-scientific-research-instrument\\\/\",\"url\":\"https:\\\/\\\/www.modula.eu\\\/fr\\\/etudes-de-cas\\\/pneumatique-oleodynamique\\\/jiangsu-tuochuang-scientific-research-instrument\\\/\",\"name\":\"Entrep\u00f4ts Automatis\u00e9s Modula: Jiangsu Tuochuang Scientific Research Instrument\",\"isPartOf\":{\"@id\":\"https:\\\/\\\/www.modula.eu\\\/fr\\\/#website\"},\"primaryImageOfPage\":{\"@id\":\"https:\\\/\\\/www.modula.eu\\\/fr\\\/etudes-de-cas\\\/pneumatique-oleodynamique\\\/jiangsu-tuochuang-scientific-research-instrument\\\/#primaryimage\"},\"image\":{\"@id\":\"https:\\\/\\\/www.modula.eu\\\/fr\\\/etudes-de-cas\\\/pneumatique-oleodynamique\\\/jiangsu-tuochuang-scientific-research-instrument\\\/#primaryimage\"},\"thumbnailUrl\":\"https:\\\/\\\/www.modula.eu\\\/wp-content\\\/uploads\\\/2024\\\/12\\\/Screenshot-2024-12-19-alle-14.24.11.png\",\"datePublished\":\"2024-12-19T13:21:13+00:00\",\"dateModified\":\"2025-07-30T09:08:01+00:00\",\"description\":\"Jiangsu Tuochuang Scientific Research Instrument Co. Ltd, une entreprise sp\u00e9cialis\u00e9e dans la production de ventilateurs et d'\u00e9quipements de recherche scientifique, a choisi les modules Vertical Lift Modula (VLM) pour am\u00e9liorer ses capacit\u00e9s de stockage et de gestion. Actuellement, dans l\u2019\u00e9tablissement de Haian ont \u00e9t\u00e9 install\u00e9s trois conteneurs Modula \u00e0 double chargement, dot\u00e9s d'une technologie avanc\u00e9e de manipulation \u00ab pick-and-place \u00bb.\",\"breadcrumb\":{\"@id\":\"https:\\\/\\\/www.modula.eu\\\/fr\\\/etudes-de-cas\\\/pneumatique-oleodynamique\\\/jiangsu-tuochuang-scientific-research-instrument\\\/#breadcrumb\"},\"inLanguage\":\"fr-FR\",\"potentialAction\":[{\"@type\":\"ReadAction\",\"target\":[\"https:\\\/\\\/www.modula.eu\\\/fr\\\/etudes-de-cas\\\/pneumatique-oleodynamique\\\/jiangsu-tuochuang-scientific-research-instrument\\\/\"]}]},{\"@type\":\"ImageObject\",\"inLanguage\":\"fr-FR\",\"@id\":\"https:\\\/\\\/www.modula.eu\\\/fr\\\/etudes-de-cas\\\/pneumatique-oleodynamique\\\/jiangsu-tuochuang-scientific-research-instrument\\\/#primaryimage\",\"url\":\"https:\\\/\\\/www.modula.eu\\\/wp-content\\\/uploads\\\/2024\\\/12\\\/Screenshot-2024-12-19-alle-14.24.11.png\",\"contentUrl\":\"https:\\\/\\\/www.modula.eu\\\/wp-content\\\/uploads\\\/2024\\\/12\\\/Screenshot-2024-12-19-alle-14.24.11.png\",\"width\":2008,\"height\":1018},{\"@type\":\"BreadcrumbList\",\"@id\":\"https:\\\/\\\/www.modula.eu\\\/fr\\\/etudes-de-cas\\\/pneumatique-oleodynamique\\\/jiangsu-tuochuang-scientific-research-instrument\\\/#breadcrumb\",\"itemListElement\":[{\"@type\":\"ListItem\",\"position\":1,\"name\":\"Home\",\"item\":\"https:\\\/\\\/www.modula.eu\\\/fr\\\/\"},{\"@type\":\"ListItem\",\"position\":2,\"name\":\"\u00c9tudes de Cas\",\"item\":\"https:\\\/\\\/www.modula.eu\\\/fr\\\/etudes-de-cas\\\/\"},{\"@type\":\"ListItem\",\"position\":3,\"name\":\"Pneumatic\\\/Hydraulic\",\"item\":\"https:\\\/\\\/www.modula.eu\\\/fr\\\/etudes-de-cas\\\/pneumatique-oleodynamique\\\/\"},{\"@type\":\"ListItem\",\"position\":4,\"name\":\"Jiangsu Tuochuang Scientific Research Instrument\"}]},{\"@type\":\"WebSite\",\"@id\":\"https:\\\/\\\/www.modula.eu\\\/fr\\\/#website\",\"url\":\"https:\\\/\\\/www.modula.eu\\\/fr\\\/\",\"name\":\"Modula\",\"description\":\"Think Vertical\",\"publisher\":{\"@id\":\"https:\\\/\\\/www.modula.eu\\\/fr\\\/#organization\"},\"potentialAction\":[{\"@type\":\"SearchAction\",\"target\":{\"@type\":\"EntryPoint\",\"urlTemplate\":\"https:\\\/\\\/www.modula.eu\\\/fr\\\/?s={search_term_string}\"},\"query-input\":{\"@type\":\"PropertyValueSpecification\",\"valueRequired\":true,\"valueName\":\"search_term_string\"}}],\"inLanguage\":\"fr-FR\"},{\"@type\":\"Organization\",\"@id\":\"https:\\\/\\\/www.modula.eu\\\/fr\\\/#organization\",\"name\":\"Modula\",\"url\":\"https:\\\/\\\/www.modula.eu\\\/fr\\\/\",\"logo\":{\"@type\":\"ImageObject\",\"inLanguage\":\"fr-FR\",\"@id\":\"https:\\\/\\\/www.modula.eu\\\/fr\\\/#\\\/schema\\\/logo\\\/image\\\/\",\"url\":\"https:\\\/\\\/www.modula.eu\\\/wp-content\\\/uploads\\\/2022\\\/12\\\/Modula-logo.jpg\",\"contentUrl\":\"https:\\\/\\\/www.modula.eu\\\/wp-content\\\/uploads\\\/2022\\\/12\\\/Modula-logo.jpg\",\"width\":759,\"height\":512,\"caption\":\"Modula\"},\"image\":{\"@id\":\"https:\\\/\\\/www.modula.eu\\\/fr\\\/#\\\/schema\\\/logo\\\/image\\\/\"}}]}<\/script>\n<!-- \/ Yoast SEO plugin. -->","yoast_head_json":{"title":"Entrep\u00f4ts Automatis\u00e9s Modula: Jiangsu Tuochuang Scientific Research Instrument","description":"Jiangsu Tuochuang Scientific Research Instrument Co. Ltd, une entreprise sp\u00e9cialis\u00e9e dans la production de ventilateurs et d'\u00e9quipements de recherche scientifique, a choisi les modules Vertical Lift Modula (VLM) pour am\u00e9liorer ses capacit\u00e9s de stockage et de gestion. Actuellement, dans l\u2019\u00e9tablissement de Haian ont \u00e9t\u00e9 install\u00e9s trois conteneurs Modula \u00e0 double chargement, dot\u00e9s d'une technologie avanc\u00e9e de manipulation \u00ab pick-and-place \u00bb.","robots":{"index":"index","follow":"follow","max-snippet":"max-snippet:-1","max-image-preview":"max-image-preview:large","max-video-preview":"max-video-preview:-1"},"canonical":"https:\/\/www.modula.eu\/fr\/etudes-de-cas\/pneumatique-oleodynamique\/jiangsu-tuochuang-scientific-research-instrument\/","og_locale":"fr_FR","og_type":"article","og_title":"Entrep\u00f4ts Automatis\u00e9s Modula: Jiangsu Tuochuang Scientific Research Instrument","og_description":"Jiangsu Tuochuang Scientific Research Instrument Co. Ltd, une entreprise sp\u00e9cialis\u00e9e dans la production de ventilateurs et d'\u00e9quipements de recherche scientifique, a choisi les modules Vertical Lift Modula (VLM) pour am\u00e9liorer ses capacit\u00e9s de stockage et de gestion. Actuellement, dans l\u2019\u00e9tablissement de Haian ont \u00e9t\u00e9 install\u00e9s trois conteneurs Modula \u00e0 double chargement, dot\u00e9s d'une technologie avanc\u00e9e de manipulation \u00ab pick-and-place \u00bb.","og_url":"https:\/\/www.modula.eu\/fr\/etudes-de-cas\/pneumatique-oleodynamique\/jiangsu-tuochuang-scientific-research-instrument\/","og_site_name":"Modula","article_modified_time":"2025-07-30T09:08:01+00:00","og_image":[{"width":2008,"height":1018,"url":"https:\/\/www.modula.eu\/wp-content\/uploads\/2024\/12\/Screenshot-2024-12-19-alle-14.24.11.png","type":"image\/png"}],"twitter_card":"summary_large_image","schema":{"@context":"https:\/\/schema.org","@graph":[{"@type":"WebPage","@id":"https:\/\/www.modula.eu\/fr\/etudes-de-cas\/pneumatique-oleodynamique\/jiangsu-tuochuang-scientific-research-instrument\/","url":"https:\/\/www.modula.eu\/fr\/etudes-de-cas\/pneumatique-oleodynamique\/jiangsu-tuochuang-scientific-research-instrument\/","name":"Entrep\u00f4ts Automatis\u00e9s Modula: Jiangsu Tuochuang Scientific Research Instrument","isPartOf":{"@id":"https:\/\/www.modula.eu\/fr\/#website"},"primaryImageOfPage":{"@id":"https:\/\/www.modula.eu\/fr\/etudes-de-cas\/pneumatique-oleodynamique\/jiangsu-tuochuang-scientific-research-instrument\/#primaryimage"},"image":{"@id":"https:\/\/www.modula.eu\/fr\/etudes-de-cas\/pneumatique-oleodynamique\/jiangsu-tuochuang-scientific-research-instrument\/#primaryimage"},"thumbnailUrl":"https:\/\/www.modula.eu\/wp-content\/uploads\/2024\/12\/Screenshot-2024-12-19-alle-14.24.11.png","datePublished":"2024-12-19T13:21:13+00:00","dateModified":"2025-07-30T09:08:01+00:00","description":"Jiangsu Tuochuang Scientific Research Instrument Co. Ltd, une entreprise sp\u00e9cialis\u00e9e dans la production de ventilateurs et d'\u00e9quipements de recherche scientifique, a choisi les modules Vertical Lift Modula (VLM) pour am\u00e9liorer ses capacit\u00e9s de stockage et de gestion. Actuellement, dans l\u2019\u00e9tablissement de Haian ont \u00e9t\u00e9 install\u00e9s trois conteneurs Modula \u00e0 double chargement, dot\u00e9s d'une technologie avanc\u00e9e de manipulation \u00ab pick-and-place \u00bb.","breadcrumb":{"@id":"https:\/\/www.modula.eu\/fr\/etudes-de-cas\/pneumatique-oleodynamique\/jiangsu-tuochuang-scientific-research-instrument\/#breadcrumb"},"inLanguage":"fr-FR","potentialAction":[{"@type":"ReadAction","target":["https:\/\/www.modula.eu\/fr\/etudes-de-cas\/pneumatique-oleodynamique\/jiangsu-tuochuang-scientific-research-instrument\/"]}]},{"@type":"ImageObject","inLanguage":"fr-FR","@id":"https:\/\/www.modula.eu\/fr\/etudes-de-cas\/pneumatique-oleodynamique\/jiangsu-tuochuang-scientific-research-instrument\/#primaryimage","url":"https:\/\/www.modula.eu\/wp-content\/uploads\/2024\/12\/Screenshot-2024-12-19-alle-14.24.11.png","contentUrl":"https:\/\/www.modula.eu\/wp-content\/uploads\/2024\/12\/Screenshot-2024-12-19-alle-14.24.11.png","width":2008,"height":1018},{"@type":"BreadcrumbList","@id":"https:\/\/www.modula.eu\/fr\/etudes-de-cas\/pneumatique-oleodynamique\/jiangsu-tuochuang-scientific-research-instrument\/#breadcrumb","itemListElement":[{"@type":"ListItem","position":1,"name":"Home","item":"https:\/\/www.modula.eu\/fr\/"},{"@type":"ListItem","position":2,"name":"\u00c9tudes de Cas","item":"https:\/\/www.modula.eu\/fr\/etudes-de-cas\/"},{"@type":"ListItem","position":3,"name":"Pneumatic\/Hydraulic","item":"https:\/\/www.modula.eu\/fr\/etudes-de-cas\/pneumatique-oleodynamique\/"},{"@type":"ListItem","position":4,"name":"Jiangsu Tuochuang Scientific Research Instrument"}]},{"@type":"WebSite","@id":"https:\/\/www.modula.eu\/fr\/#website","url":"https:\/\/www.modula.eu\/fr\/","name":"Modula","description":"Think Vertical","publisher":{"@id":"https:\/\/www.modula.eu\/fr\/#organization"},"potentialAction":[{"@type":"SearchAction","target":{"@type":"EntryPoint","urlTemplate":"https:\/\/www.modula.eu\/fr\/?s={search_term_string}"},"query-input":{"@type":"PropertyValueSpecification","valueRequired":true,"valueName":"search_term_string"}}],"inLanguage":"fr-FR"},{"@type":"Organization","@id":"https:\/\/www.modula.eu\/fr\/#organization","name":"Modula","url":"https:\/\/www.modula.eu\/fr\/","logo":{"@type":"ImageObject","inLanguage":"fr-FR","@id":"https:\/\/www.modula.eu\/fr\/#\/schema\/logo\/image\/","url":"https:\/\/www.modula.eu\/wp-content\/uploads\/2022\/12\/Modula-logo.jpg","contentUrl":"https:\/\/www.modula.eu\/wp-content\/uploads\/2022\/12\/Modula-logo.jpg","width":759,"height":512,"caption":"Modula"},"image":{"@id":"https:\/\/www.modula.eu\/fr\/#\/schema\/logo\/image\/"}}]}},"_links":{"self":[{"href":"https:\/\/www.modula.eu\/fr\/wp-json\/wp\/v2\/pages\/44981","targetHints":{"allow":["GET"]}}],"collection":[{"href":"https:\/\/www.modula.eu\/fr\/wp-json\/wp\/v2\/pages"}],"about":[{"href":"https:\/\/www.modula.eu\/fr\/wp-json\/wp\/v2\/types\/page"}],"author":[{"embeddable":true,"href":"https:\/\/www.modula.eu\/fr\/wp-json\/wp\/v2\/users\/1"}],"replies":[{"embeddable":true,"href":"https:\/\/www.modula.eu\/fr\/wp-json\/wp\/v2\/comments?post=44981"}],"version-history":[{"count":0,"href":"https:\/\/www.modula.eu\/fr\/wp-json\/wp\/v2\/pages\/44981\/revisions"}],"up":[{"embeddable":true,"href":"https:\/\/www.modula.eu\/fr\/wp-json\/wp\/v2\/pages\/10315"}],"wp:featuredmedia":[{"embeddable":true,"href":"https:\/\/www.modula.eu\/fr\/wp-json\/wp\/v2\/media\/44976"}],"wp:attachment":[{"href":"https:\/\/www.modula.eu\/fr\/wp-json\/wp\/v2\/media?parent=44981"}],"curies":[{"name":"wp","href":"https:\/\/api.w.org\/{rel}","templated":true}]}}