{"id":45000,"date":"2024-12-19T14:39:44","date_gmt":"2024-12-19T13:39:44","guid":{"rendered":"https:\/\/www.modula.eu\/etudes-de-cas\/electronique-lnformatique\/ningbo-supu-electronic\/"},"modified":"2025-01-15T13:53:33","modified_gmt":"2025-01-15T12:53:33","slug":"ningbo-supu-electronic","status":"publish","type":"page","link":"https:\/\/www.modula.eu\/fr\/etudes-de-cas\/electronique-lnformatique\/ningbo-supu-electronic\/","title":{"rendered":"Ningbo Supu Electronic Co., Ltd"},"content":{"rendered":"","protected":false},"excerpt":{"rendered":"","protected":false},"author":1,"featured_media":44993,"parent":10182,"menu_order":2,"comment_status":"closed","ping_status":"closed","template":"case.php","meta":{"_acf_changed":false,"inline_featured_image":false,"mapsvg_location":"","footnotes":""},"class_list":["post-45000","page","type-page","status-publish","has-post-thumbnail","hentry"],"acf":[],"yoast_head":"<!-- This site is optimized with the Yoast SEO plugin v27.3 - https:\/\/yoast.com\/product\/yoast-seo-wordpress\/ -->\n<title>Modula warehouse automation pour l&#039;\u00e9lectronique : Ningbo Supu Electronic Co.<\/title>\n<meta name=\"description\" content=\"Fond\u00e9e en 1999, la soci\u00e9t\u00e9 Ningbo SUPU Electronic Co., Ltd. est sp\u00e9cialis\u00e9e dans les connecteurs \u00e9lectriques et propose des solutions compl\u00e8tes pour les connexions \u00e9lectriques des armoires et des appareils. L&#039;entreprise int\u00e8gre la recherche et le d\u00e9veloppement, la production, la vente et le service : elle se positionne comme un leader mondial dans l&#039;industrie \u00e9lectrique.\" \/>\n<meta name=\"robots\" content=\"index, follow, max-snippet:-1, max-image-preview:large, max-video-preview:-1\" \/>\n<link rel=\"canonical\" href=\"https:\/\/www.modula.eu\/fr\/etudes-de-cas\/electronique-lnformatique\/ningbo-supu-electronic\/\" \/>\n<meta property=\"og:locale\" content=\"fr_FR\" \/>\n<meta property=\"og:type\" content=\"article\" \/>\n<meta property=\"og:title\" content=\"Modula warehouse automation pour l&#039;\u00e9lectronique : Ningbo Supu Electronic Co.\" \/>\n<meta property=\"og:description\" content=\"Fond\u00e9e en 1999, la soci\u00e9t\u00e9 Ningbo SUPU Electronic Co., Ltd. est sp\u00e9cialis\u00e9e dans les connecteurs \u00e9lectriques et propose des solutions compl\u00e8tes pour les connexions \u00e9lectriques des armoires et des appareils. L&#039;entreprise int\u00e8gre la recherche et le d\u00e9veloppement, la production, la vente et le service : elle se positionne comme un leader mondial dans l&#039;industrie \u00e9lectrique.\" \/>\n<meta property=\"og:url\" content=\"https:\/\/www.modula.eu\/fr\/etudes-de-cas\/electronique-lnformatique\/ningbo-supu-electronic\/\" \/>\n<meta property=\"og:site_name\" content=\"Modula\" \/>\n<meta property=\"article:modified_time\" content=\"2025-01-15T12:53:33+00:00\" \/>\n<meta property=\"og:image\" content=\"https:\/\/www.modula.eu\/wp-content\/uploads\/2024\/12\/Screenshot-2024-12-19-alle-14.46.01.png\" \/>\n\t<meta property=\"og:image:width\" content=\"2012\" \/>\n\t<meta property=\"og:image:height\" content=\"1032\" \/>\n\t<meta property=\"og:image:type\" content=\"image\/png\" \/>\n<meta name=\"twitter:card\" content=\"summary_large_image\" \/>\n<script type=\"application\/ld+json\" class=\"yoast-schema-graph\">{\"@context\":\"https:\\\/\\\/schema.org\",\"@graph\":[{\"@type\":\"WebPage\",\"@id\":\"https:\\\/\\\/www.modula.eu\\\/fr\\\/etudes-de-cas\\\/electronique-lnformatique\\\/ningbo-supu-electronic\\\/\",\"url\":\"https:\\\/\\\/www.modula.eu\\\/fr\\\/etudes-de-cas\\\/electronique-lnformatique\\\/ningbo-supu-electronic\\\/\",\"name\":\"Modula warehouse automation pour l'\u00e9lectronique : Ningbo Supu Electronic Co.\",\"isPartOf\":{\"@id\":\"https:\\\/\\\/www.modula.eu\\\/fr\\\/#website\"},\"primaryImageOfPage\":{\"@id\":\"https:\\\/\\\/www.modula.eu\\\/fr\\\/etudes-de-cas\\\/electronique-lnformatique\\\/ningbo-supu-electronic\\\/#primaryimage\"},\"image\":{\"@id\":\"https:\\\/\\\/www.modula.eu\\\/fr\\\/etudes-de-cas\\\/electronique-lnformatique\\\/ningbo-supu-electronic\\\/#primaryimage\"},\"thumbnailUrl\":\"https:\\\/\\\/www.modula.eu\\\/wp-content\\\/uploads\\\/2024\\\/12\\\/Screenshot-2024-12-19-alle-14.46.01.png\",\"datePublished\":\"2024-12-19T13:39:44+00:00\",\"dateModified\":\"2025-01-15T12:53:33+00:00\",\"description\":\"Fond\u00e9e en 1999, la soci\u00e9t\u00e9 Ningbo SUPU Electronic Co., Ltd. est sp\u00e9cialis\u00e9e dans les connecteurs \u00e9lectriques et propose des solutions compl\u00e8tes pour les connexions \u00e9lectriques des armoires et des appareils. L'entreprise int\u00e8gre la recherche et le d\u00e9veloppement, la production, la vente et le service : elle se positionne comme un leader mondial dans l'industrie \u00e9lectrique.\",\"breadcrumb\":{\"@id\":\"https:\\\/\\\/www.modula.eu\\\/fr\\\/etudes-de-cas\\\/electronique-lnformatique\\\/ningbo-supu-electronic\\\/#breadcrumb\"},\"inLanguage\":\"fr-FR\",\"potentialAction\":[{\"@type\":\"ReadAction\",\"target\":[\"https:\\\/\\\/www.modula.eu\\\/fr\\\/etudes-de-cas\\\/electronique-lnformatique\\\/ningbo-supu-electronic\\\/\"]}]},{\"@type\":\"ImageObject\",\"inLanguage\":\"fr-FR\",\"@id\":\"https:\\\/\\\/www.modula.eu\\\/fr\\\/etudes-de-cas\\\/electronique-lnformatique\\\/ningbo-supu-electronic\\\/#primaryimage\",\"url\":\"https:\\\/\\\/www.modula.eu\\\/wp-content\\\/uploads\\\/2024\\\/12\\\/Screenshot-2024-12-19-alle-14.46.01.png\",\"contentUrl\":\"https:\\\/\\\/www.modula.eu\\\/wp-content\\\/uploads\\\/2024\\\/12\\\/Screenshot-2024-12-19-alle-14.46.01.png\",\"width\":2012,\"height\":1032},{\"@type\":\"BreadcrumbList\",\"@id\":\"https:\\\/\\\/www.modula.eu\\\/fr\\\/etudes-de-cas\\\/electronique-lnformatique\\\/ningbo-supu-electronic\\\/#breadcrumb\",\"itemListElement\":[{\"@type\":\"ListItem\",\"position\":1,\"name\":\"Home\",\"item\":\"https:\\\/\\\/www.modula.eu\\\/fr\\\/\"},{\"@type\":\"ListItem\",\"position\":2,\"name\":\"\u00c9tudes de Cas\",\"item\":\"https:\\\/\\\/www.modula.eu\\\/fr\\\/etudes-de-cas\\\/\"},{\"@type\":\"ListItem\",\"position\":3,\"name\":\"Electronique \\\/ lnformatique\",\"item\":\"https:\\\/\\\/www.modula.eu\\\/fr\\\/etudes-de-cas\\\/electronique-lnformatique\\\/\"},{\"@type\":\"ListItem\",\"position\":4,\"name\":\"Ningbo Supu Electronic Co., Ltd\"}]},{\"@type\":\"WebSite\",\"@id\":\"https:\\\/\\\/www.modula.eu\\\/fr\\\/#website\",\"url\":\"https:\\\/\\\/www.modula.eu\\\/fr\\\/\",\"name\":\"Modula\",\"description\":\"Think Vertical\",\"publisher\":{\"@id\":\"https:\\\/\\\/www.modula.eu\\\/fr\\\/#organization\"},\"potentialAction\":[{\"@type\":\"SearchAction\",\"target\":{\"@type\":\"EntryPoint\",\"urlTemplate\":\"https:\\\/\\\/www.modula.eu\\\/fr\\\/?s={search_term_string}\"},\"query-input\":{\"@type\":\"PropertyValueSpecification\",\"valueRequired\":true,\"valueName\":\"search_term_string\"}}],\"inLanguage\":\"fr-FR\"},{\"@type\":\"Organization\",\"@id\":\"https:\\\/\\\/www.modula.eu\\\/fr\\\/#organization\",\"name\":\"Modula\",\"url\":\"https:\\\/\\\/www.modula.eu\\\/fr\\\/\",\"logo\":{\"@type\":\"ImageObject\",\"inLanguage\":\"fr-FR\",\"@id\":\"https:\\\/\\\/www.modula.eu\\\/fr\\\/#\\\/schema\\\/logo\\\/image\\\/\",\"url\":\"https:\\\/\\\/www.modula.eu\\\/wp-content\\\/uploads\\\/2022\\\/12\\\/Modula-logo.jpg\",\"contentUrl\":\"https:\\\/\\\/www.modula.eu\\\/wp-content\\\/uploads\\\/2022\\\/12\\\/Modula-logo.jpg\",\"width\":759,\"height\":512,\"caption\":\"Modula\"},\"image\":{\"@id\":\"https:\\\/\\\/www.modula.eu\\\/fr\\\/#\\\/schema\\\/logo\\\/image\\\/\"}}]}<\/script>\n<!-- \/ Yoast SEO plugin. -->","yoast_head_json":{"title":"Modula warehouse automation pour l'\u00e9lectronique : Ningbo Supu Electronic Co.","description":"Fond\u00e9e en 1999, la soci\u00e9t\u00e9 Ningbo SUPU Electronic Co., Ltd. est sp\u00e9cialis\u00e9e dans les connecteurs \u00e9lectriques et propose des solutions compl\u00e8tes pour les connexions \u00e9lectriques des armoires et des appareils. L'entreprise int\u00e8gre la recherche et le d\u00e9veloppement, la production, la vente et le service : elle se positionne comme un leader mondial dans l'industrie \u00e9lectrique.","robots":{"index":"index","follow":"follow","max-snippet":"max-snippet:-1","max-image-preview":"max-image-preview:large","max-video-preview":"max-video-preview:-1"},"canonical":"https:\/\/www.modula.eu\/fr\/etudes-de-cas\/electronique-lnformatique\/ningbo-supu-electronic\/","og_locale":"fr_FR","og_type":"article","og_title":"Modula warehouse automation pour l'\u00e9lectronique : Ningbo Supu Electronic Co.","og_description":"Fond\u00e9e en 1999, la soci\u00e9t\u00e9 Ningbo SUPU Electronic Co., Ltd. est sp\u00e9cialis\u00e9e dans les connecteurs \u00e9lectriques et propose des solutions compl\u00e8tes pour les connexions \u00e9lectriques des armoires et des appareils. L'entreprise int\u00e8gre la recherche et le d\u00e9veloppement, la production, la vente et le service : elle se positionne comme un leader mondial dans l'industrie \u00e9lectrique.","og_url":"https:\/\/www.modula.eu\/fr\/etudes-de-cas\/electronique-lnformatique\/ningbo-supu-electronic\/","og_site_name":"Modula","article_modified_time":"2025-01-15T12:53:33+00:00","og_image":[{"width":2012,"height":1032,"url":"https:\/\/www.modula.eu\/wp-content\/uploads\/2024\/12\/Screenshot-2024-12-19-alle-14.46.01.png","type":"image\/png"}],"twitter_card":"summary_large_image","schema":{"@context":"https:\/\/schema.org","@graph":[{"@type":"WebPage","@id":"https:\/\/www.modula.eu\/fr\/etudes-de-cas\/electronique-lnformatique\/ningbo-supu-electronic\/","url":"https:\/\/www.modula.eu\/fr\/etudes-de-cas\/electronique-lnformatique\/ningbo-supu-electronic\/","name":"Modula warehouse automation pour l'\u00e9lectronique : Ningbo Supu Electronic Co.","isPartOf":{"@id":"https:\/\/www.modula.eu\/fr\/#website"},"primaryImageOfPage":{"@id":"https:\/\/www.modula.eu\/fr\/etudes-de-cas\/electronique-lnformatique\/ningbo-supu-electronic\/#primaryimage"},"image":{"@id":"https:\/\/www.modula.eu\/fr\/etudes-de-cas\/electronique-lnformatique\/ningbo-supu-electronic\/#primaryimage"},"thumbnailUrl":"https:\/\/www.modula.eu\/wp-content\/uploads\/2024\/12\/Screenshot-2024-12-19-alle-14.46.01.png","datePublished":"2024-12-19T13:39:44+00:00","dateModified":"2025-01-15T12:53:33+00:00","description":"Fond\u00e9e en 1999, la soci\u00e9t\u00e9 Ningbo SUPU Electronic Co., Ltd. est sp\u00e9cialis\u00e9e dans les connecteurs \u00e9lectriques et propose des solutions compl\u00e8tes pour les connexions \u00e9lectriques des armoires et des appareils. L'entreprise int\u00e8gre la recherche et le d\u00e9veloppement, la production, la vente et le service : elle se positionne comme un leader mondial dans l'industrie \u00e9lectrique.","breadcrumb":{"@id":"https:\/\/www.modula.eu\/fr\/etudes-de-cas\/electronique-lnformatique\/ningbo-supu-electronic\/#breadcrumb"},"inLanguage":"fr-FR","potentialAction":[{"@type":"ReadAction","target":["https:\/\/www.modula.eu\/fr\/etudes-de-cas\/electronique-lnformatique\/ningbo-supu-electronic\/"]}]},{"@type":"ImageObject","inLanguage":"fr-FR","@id":"https:\/\/www.modula.eu\/fr\/etudes-de-cas\/electronique-lnformatique\/ningbo-supu-electronic\/#primaryimage","url":"https:\/\/www.modula.eu\/wp-content\/uploads\/2024\/12\/Screenshot-2024-12-19-alle-14.46.01.png","contentUrl":"https:\/\/www.modula.eu\/wp-content\/uploads\/2024\/12\/Screenshot-2024-12-19-alle-14.46.01.png","width":2012,"height":1032},{"@type":"BreadcrumbList","@id":"https:\/\/www.modula.eu\/fr\/etudes-de-cas\/electronique-lnformatique\/ningbo-supu-electronic\/#breadcrumb","itemListElement":[{"@type":"ListItem","position":1,"name":"Home","item":"https:\/\/www.modula.eu\/fr\/"},{"@type":"ListItem","position":2,"name":"\u00c9tudes de Cas","item":"https:\/\/www.modula.eu\/fr\/etudes-de-cas\/"},{"@type":"ListItem","position":3,"name":"Electronique \/ lnformatique","item":"https:\/\/www.modula.eu\/fr\/etudes-de-cas\/electronique-lnformatique\/"},{"@type":"ListItem","position":4,"name":"Ningbo Supu Electronic Co., Ltd"}]},{"@type":"WebSite","@id":"https:\/\/www.modula.eu\/fr\/#website","url":"https:\/\/www.modula.eu\/fr\/","name":"Modula","description":"Think Vertical","publisher":{"@id":"https:\/\/www.modula.eu\/fr\/#organization"},"potentialAction":[{"@type":"SearchAction","target":{"@type":"EntryPoint","urlTemplate":"https:\/\/www.modula.eu\/fr\/?s={search_term_string}"},"query-input":{"@type":"PropertyValueSpecification","valueRequired":true,"valueName":"search_term_string"}}],"inLanguage":"fr-FR"},{"@type":"Organization","@id":"https:\/\/www.modula.eu\/fr\/#organization","name":"Modula","url":"https:\/\/www.modula.eu\/fr\/","logo":{"@type":"ImageObject","inLanguage":"fr-FR","@id":"https:\/\/www.modula.eu\/fr\/#\/schema\/logo\/image\/","url":"https:\/\/www.modula.eu\/wp-content\/uploads\/2022\/12\/Modula-logo.jpg","contentUrl":"https:\/\/www.modula.eu\/wp-content\/uploads\/2022\/12\/Modula-logo.jpg","width":759,"height":512,"caption":"Modula"},"image":{"@id":"https:\/\/www.modula.eu\/fr\/#\/schema\/logo\/image\/"}}]}},"_links":{"self":[{"href":"https:\/\/www.modula.eu\/fr\/wp-json\/wp\/v2\/pages\/45000","targetHints":{"allow":["GET"]}}],"collection":[{"href":"https:\/\/www.modula.eu\/fr\/wp-json\/wp\/v2\/pages"}],"about":[{"href":"https:\/\/www.modula.eu\/fr\/wp-json\/wp\/v2\/types\/page"}],"author":[{"embeddable":true,"href":"https:\/\/www.modula.eu\/fr\/wp-json\/wp\/v2\/users\/1"}],"replies":[{"embeddable":true,"href":"https:\/\/www.modula.eu\/fr\/wp-json\/wp\/v2\/comments?post=45000"}],"version-history":[{"count":0,"href":"https:\/\/www.modula.eu\/fr\/wp-json\/wp\/v2\/pages\/45000\/revisions"}],"up":[{"embeddable":true,"href":"https:\/\/www.modula.eu\/fr\/wp-json\/wp\/v2\/pages\/10182"}],"wp:featuredmedia":[{"embeddable":true,"href":"https:\/\/www.modula.eu\/fr\/wp-json\/wp\/v2\/media\/44993"}],"wp:attachment":[{"href":"https:\/\/www.modula.eu\/fr\/wp-json\/wp\/v2\/media?parent=45000"}],"curies":[{"name":"wp","href":"https:\/\/api.w.org\/{rel}","templated":true}]}}