{"id":45021,"date":"2024-12-19T16:13:54","date_gmt":"2024-12-19T15:13:54","guid":{"rendered":"https:\/\/www.modula.eu\/etudes-de-cas\/logistique_3pl\/ningbo-baolan\/"},"modified":"2025-07-30T11:19:50","modified_gmt":"2025-07-30T09:19:50","slug":"ningbo-baolan","status":"publish","type":"page","link":"https:\/\/www.modula.eu\/fr\/etudes-de-cas\/logistique-3pl\/ningbo-baolan\/","title":{"rendered":"Ningbo Baolan"},"content":{"rendered":"","protected":false},"excerpt":{"rendered":"","protected":false},"author":1,"featured_media":45016,"parent":10242,"menu_order":2,"comment_status":"closed","ping_status":"closed","template":"case.php","meta":{"_acf_changed":false,"inline_featured_image":false,"mapsvg_location":"","footnotes":""},"class_list":["post-45021","page","type-page","status-publish","has-post-thumbnail","hentry"],"acf":[],"yoast_head":"<!-- This site is optimized with the Yoast SEO plugin v27.3 - https:\/\/yoast.com\/product\/yoast-seo-wordpress\/ -->\n<title>Modula Warehouse Automation pour la distribution et le commerce \u00e9lectronique: Ningbo Baolan<\/title>\n<meta name=\"description\" content=\"Fond\u00e9e en 2005 et bas\u00e9e \u00e0 Ningbo, dans la province du Zhejiang, Ningbo Baolan est une entreprise leader dans l&#039;industrie des \u00e9quipements logistiques avec pr\u00e8s de 20 ans d&#039;expertise. L&#039;entreprise a acquis une r\u00e9putation de fournisseur de solutions logistiques innovantes et intelligentes \u00e0 ses clients dans toute la Chine, ce qui fait d&#039;elle un nom de confiance dans le secteur.\" \/>\n<meta name=\"robots\" content=\"index, follow, max-snippet:-1, max-image-preview:large, max-video-preview:-1\" \/>\n<link rel=\"canonical\" href=\"https:\/\/www.modula.eu\/fr\/etudes-de-cas\/logistique-3pl\/ningbo-baolan\/\" \/>\n<meta property=\"og:locale\" content=\"fr_FR\" \/>\n<meta property=\"og:type\" content=\"article\" \/>\n<meta property=\"og:title\" content=\"Modula Warehouse Automation pour la distribution et le commerce \u00e9lectronique: Ningbo Baolan\" \/>\n<meta property=\"og:description\" content=\"Fond\u00e9e en 2005 et bas\u00e9e \u00e0 Ningbo, dans la province du Zhejiang, Ningbo Baolan est une entreprise leader dans l&#039;industrie des \u00e9quipements logistiques avec pr\u00e8s de 20 ans d&#039;expertise. L&#039;entreprise a acquis une r\u00e9putation de fournisseur de solutions logistiques innovantes et intelligentes \u00e0 ses clients dans toute la Chine, ce qui fait d&#039;elle un nom de confiance dans le secteur.\" \/>\n<meta property=\"og:url\" content=\"https:\/\/www.modula.eu\/fr\/etudes-de-cas\/logistique-3pl\/ningbo-baolan\/\" \/>\n<meta property=\"og:site_name\" content=\"Modula\" \/>\n<meta property=\"article:modified_time\" content=\"2025-07-30T09:19:50+00:00\" \/>\n<meta property=\"og:image\" content=\"https:\/\/www.modula.eu\/wp-content\/uploads\/2024\/12\/Screenshot-2024-12-19-alle-16.19.40-1024x559.png\" \/>\n\t<meta property=\"og:image:width\" content=\"1024\" \/>\n\t<meta property=\"og:image:height\" content=\"559\" \/>\n\t<meta property=\"og:image:type\" content=\"image\/png\" \/>\n<meta name=\"twitter:card\" content=\"summary_large_image\" \/>\n<script type=\"application\/ld+json\" class=\"yoast-schema-graph\">{\"@context\":\"https:\\\/\\\/schema.org\",\"@graph\":[{\"@type\":\"WebPage\",\"@id\":\"https:\\\/\\\/www.modula.eu\\\/fr\\\/etudes-de-cas\\\/logistique-3pl\\\/ningbo-baolan\\\/\",\"url\":\"https:\\\/\\\/www.modula.eu\\\/fr\\\/etudes-de-cas\\\/logistique-3pl\\\/ningbo-baolan\\\/\",\"name\":\"Modula Warehouse Automation pour la distribution et le commerce \u00e9lectronique: Ningbo Baolan\",\"isPartOf\":{\"@id\":\"https:\\\/\\\/www.modula.eu\\\/fr\\\/#website\"},\"primaryImageOfPage\":{\"@id\":\"https:\\\/\\\/www.modula.eu\\\/fr\\\/etudes-de-cas\\\/logistique-3pl\\\/ningbo-baolan\\\/#primaryimage\"},\"image\":{\"@id\":\"https:\\\/\\\/www.modula.eu\\\/fr\\\/etudes-de-cas\\\/logistique-3pl\\\/ningbo-baolan\\\/#primaryimage\"},\"thumbnailUrl\":\"https:\\\/\\\/www.modula.eu\\\/wp-content\\\/uploads\\\/2024\\\/12\\\/Screenshot-2024-12-19-alle-16.19.40.png\",\"datePublished\":\"2024-12-19T15:13:54+00:00\",\"dateModified\":\"2025-07-30T09:19:50+00:00\",\"description\":\"Fond\u00e9e en 2005 et bas\u00e9e \u00e0 Ningbo, dans la province du Zhejiang, Ningbo Baolan est une entreprise leader dans l'industrie des \u00e9quipements logistiques avec pr\u00e8s de 20 ans d'expertise. L'entreprise a acquis une r\u00e9putation de fournisseur de solutions logistiques innovantes et intelligentes \u00e0 ses clients dans toute la Chine, ce qui fait d'elle un nom de confiance dans le secteur.\",\"breadcrumb\":{\"@id\":\"https:\\\/\\\/www.modula.eu\\\/fr\\\/etudes-de-cas\\\/logistique-3pl\\\/ningbo-baolan\\\/#breadcrumb\"},\"inLanguage\":\"fr-FR\",\"potentialAction\":[{\"@type\":\"ReadAction\",\"target\":[\"https:\\\/\\\/www.modula.eu\\\/fr\\\/etudes-de-cas\\\/logistique-3pl\\\/ningbo-baolan\\\/\"]}]},{\"@type\":\"ImageObject\",\"inLanguage\":\"fr-FR\",\"@id\":\"https:\\\/\\\/www.modula.eu\\\/fr\\\/etudes-de-cas\\\/logistique-3pl\\\/ningbo-baolan\\\/#primaryimage\",\"url\":\"https:\\\/\\\/www.modula.eu\\\/wp-content\\\/uploads\\\/2024\\\/12\\\/Screenshot-2024-12-19-alle-16.19.40.png\",\"contentUrl\":\"https:\\\/\\\/www.modula.eu\\\/wp-content\\\/uploads\\\/2024\\\/12\\\/Screenshot-2024-12-19-alle-16.19.40.png\",\"width\":1890,\"height\":1032},{\"@type\":\"BreadcrumbList\",\"@id\":\"https:\\\/\\\/www.modula.eu\\\/fr\\\/etudes-de-cas\\\/logistique-3pl\\\/ningbo-baolan\\\/#breadcrumb\",\"itemListElement\":[{\"@type\":\"ListItem\",\"position\":1,\"name\":\"Home\",\"item\":\"https:\\\/\\\/www.modula.eu\\\/fr\\\/\"},{\"@type\":\"ListItem\",\"position\":2,\"name\":\"\u00c9tudes de Cas\",\"item\":\"https:\\\/\\\/www.modula.eu\\\/fr\\\/etudes-de-cas\\\/\"},{\"@type\":\"ListItem\",\"position\":3,\"name\":\"Logistique \\\/ 3PL\",\"item\":\"https:\\\/\\\/www.modula.eu\\\/fr\\\/etudes-de-cas\\\/logistique-3pl\\\/\"},{\"@type\":\"ListItem\",\"position\":4,\"name\":\"Ningbo Baolan\"}]},{\"@type\":\"WebSite\",\"@id\":\"https:\\\/\\\/www.modula.eu\\\/fr\\\/#website\",\"url\":\"https:\\\/\\\/www.modula.eu\\\/fr\\\/\",\"name\":\"Modula\",\"description\":\"Think Vertical\",\"publisher\":{\"@id\":\"https:\\\/\\\/www.modula.eu\\\/fr\\\/#organization\"},\"potentialAction\":[{\"@type\":\"SearchAction\",\"target\":{\"@type\":\"EntryPoint\",\"urlTemplate\":\"https:\\\/\\\/www.modula.eu\\\/fr\\\/?s={search_term_string}\"},\"query-input\":{\"@type\":\"PropertyValueSpecification\",\"valueRequired\":true,\"valueName\":\"search_term_string\"}}],\"inLanguage\":\"fr-FR\"},{\"@type\":\"Organization\",\"@id\":\"https:\\\/\\\/www.modula.eu\\\/fr\\\/#organization\",\"name\":\"Modula\",\"url\":\"https:\\\/\\\/www.modula.eu\\\/fr\\\/\",\"logo\":{\"@type\":\"ImageObject\",\"inLanguage\":\"fr-FR\",\"@id\":\"https:\\\/\\\/www.modula.eu\\\/fr\\\/#\\\/schema\\\/logo\\\/image\\\/\",\"url\":\"https:\\\/\\\/www.modula.eu\\\/wp-content\\\/uploads\\\/2022\\\/12\\\/Modula-logo.jpg\",\"contentUrl\":\"https:\\\/\\\/www.modula.eu\\\/wp-content\\\/uploads\\\/2022\\\/12\\\/Modula-logo.jpg\",\"width\":759,\"height\":512,\"caption\":\"Modula\"},\"image\":{\"@id\":\"https:\\\/\\\/www.modula.eu\\\/fr\\\/#\\\/schema\\\/logo\\\/image\\\/\"}}]}<\/script>\n<!-- \/ Yoast SEO plugin. -->","yoast_head_json":{"title":"Modula Warehouse Automation pour la distribution et le commerce \u00e9lectronique: Ningbo Baolan","description":"Fond\u00e9e en 2005 et bas\u00e9e \u00e0 Ningbo, dans la province du Zhejiang, Ningbo Baolan est une entreprise leader dans l'industrie des \u00e9quipements logistiques avec pr\u00e8s de 20 ans d'expertise. L'entreprise a acquis une r\u00e9putation de fournisseur de solutions logistiques innovantes et intelligentes \u00e0 ses clients dans toute la Chine, ce qui fait d'elle un nom de confiance dans le secteur.","robots":{"index":"index","follow":"follow","max-snippet":"max-snippet:-1","max-image-preview":"max-image-preview:large","max-video-preview":"max-video-preview:-1"},"canonical":"https:\/\/www.modula.eu\/fr\/etudes-de-cas\/logistique-3pl\/ningbo-baolan\/","og_locale":"fr_FR","og_type":"article","og_title":"Modula Warehouse Automation pour la distribution et le commerce \u00e9lectronique: Ningbo Baolan","og_description":"Fond\u00e9e en 2005 et bas\u00e9e \u00e0 Ningbo, dans la province du Zhejiang, Ningbo Baolan est une entreprise leader dans l'industrie des \u00e9quipements logistiques avec pr\u00e8s de 20 ans d'expertise. L'entreprise a acquis une r\u00e9putation de fournisseur de solutions logistiques innovantes et intelligentes \u00e0 ses clients dans toute la Chine, ce qui fait d'elle un nom de confiance dans le secteur.","og_url":"https:\/\/www.modula.eu\/fr\/etudes-de-cas\/logistique-3pl\/ningbo-baolan\/","og_site_name":"Modula","article_modified_time":"2025-07-30T09:19:50+00:00","og_image":[{"width":1024,"height":559,"url":"https:\/\/www.modula.eu\/wp-content\/uploads\/2024\/12\/Screenshot-2024-12-19-alle-16.19.40-1024x559.png","type":"image\/png"}],"twitter_card":"summary_large_image","schema":{"@context":"https:\/\/schema.org","@graph":[{"@type":"WebPage","@id":"https:\/\/www.modula.eu\/fr\/etudes-de-cas\/logistique-3pl\/ningbo-baolan\/","url":"https:\/\/www.modula.eu\/fr\/etudes-de-cas\/logistique-3pl\/ningbo-baolan\/","name":"Modula Warehouse Automation pour la distribution et le commerce \u00e9lectronique: Ningbo Baolan","isPartOf":{"@id":"https:\/\/www.modula.eu\/fr\/#website"},"primaryImageOfPage":{"@id":"https:\/\/www.modula.eu\/fr\/etudes-de-cas\/logistique-3pl\/ningbo-baolan\/#primaryimage"},"image":{"@id":"https:\/\/www.modula.eu\/fr\/etudes-de-cas\/logistique-3pl\/ningbo-baolan\/#primaryimage"},"thumbnailUrl":"https:\/\/www.modula.eu\/wp-content\/uploads\/2024\/12\/Screenshot-2024-12-19-alle-16.19.40.png","datePublished":"2024-12-19T15:13:54+00:00","dateModified":"2025-07-30T09:19:50+00:00","description":"Fond\u00e9e en 2005 et bas\u00e9e \u00e0 Ningbo, dans la province du Zhejiang, Ningbo Baolan est une entreprise leader dans l'industrie des \u00e9quipements logistiques avec pr\u00e8s de 20 ans d'expertise. L'entreprise a acquis une r\u00e9putation de fournisseur de solutions logistiques innovantes et intelligentes \u00e0 ses clients dans toute la Chine, ce qui fait d'elle un nom de confiance dans le secteur.","breadcrumb":{"@id":"https:\/\/www.modula.eu\/fr\/etudes-de-cas\/logistique-3pl\/ningbo-baolan\/#breadcrumb"},"inLanguage":"fr-FR","potentialAction":[{"@type":"ReadAction","target":["https:\/\/www.modula.eu\/fr\/etudes-de-cas\/logistique-3pl\/ningbo-baolan\/"]}]},{"@type":"ImageObject","inLanguage":"fr-FR","@id":"https:\/\/www.modula.eu\/fr\/etudes-de-cas\/logistique-3pl\/ningbo-baolan\/#primaryimage","url":"https:\/\/www.modula.eu\/wp-content\/uploads\/2024\/12\/Screenshot-2024-12-19-alle-16.19.40.png","contentUrl":"https:\/\/www.modula.eu\/wp-content\/uploads\/2024\/12\/Screenshot-2024-12-19-alle-16.19.40.png","width":1890,"height":1032},{"@type":"BreadcrumbList","@id":"https:\/\/www.modula.eu\/fr\/etudes-de-cas\/logistique-3pl\/ningbo-baolan\/#breadcrumb","itemListElement":[{"@type":"ListItem","position":1,"name":"Home","item":"https:\/\/www.modula.eu\/fr\/"},{"@type":"ListItem","position":2,"name":"\u00c9tudes de Cas","item":"https:\/\/www.modula.eu\/fr\/etudes-de-cas\/"},{"@type":"ListItem","position":3,"name":"Logistique \/ 3PL","item":"https:\/\/www.modula.eu\/fr\/etudes-de-cas\/logistique-3pl\/"},{"@type":"ListItem","position":4,"name":"Ningbo Baolan"}]},{"@type":"WebSite","@id":"https:\/\/www.modula.eu\/fr\/#website","url":"https:\/\/www.modula.eu\/fr\/","name":"Modula","description":"Think Vertical","publisher":{"@id":"https:\/\/www.modula.eu\/fr\/#organization"},"potentialAction":[{"@type":"SearchAction","target":{"@type":"EntryPoint","urlTemplate":"https:\/\/www.modula.eu\/fr\/?s={search_term_string}"},"query-input":{"@type":"PropertyValueSpecification","valueRequired":true,"valueName":"search_term_string"}}],"inLanguage":"fr-FR"},{"@type":"Organization","@id":"https:\/\/www.modula.eu\/fr\/#organization","name":"Modula","url":"https:\/\/www.modula.eu\/fr\/","logo":{"@type":"ImageObject","inLanguage":"fr-FR","@id":"https:\/\/www.modula.eu\/fr\/#\/schema\/logo\/image\/","url":"https:\/\/www.modula.eu\/wp-content\/uploads\/2022\/12\/Modula-logo.jpg","contentUrl":"https:\/\/www.modula.eu\/wp-content\/uploads\/2022\/12\/Modula-logo.jpg","width":759,"height":512,"caption":"Modula"},"image":{"@id":"https:\/\/www.modula.eu\/fr\/#\/schema\/logo\/image\/"}}]}},"_links":{"self":[{"href":"https:\/\/www.modula.eu\/fr\/wp-json\/wp\/v2\/pages\/45021","targetHints":{"allow":["GET"]}}],"collection":[{"href":"https:\/\/www.modula.eu\/fr\/wp-json\/wp\/v2\/pages"}],"about":[{"href":"https:\/\/www.modula.eu\/fr\/wp-json\/wp\/v2\/types\/page"}],"author":[{"embeddable":true,"href":"https:\/\/www.modula.eu\/fr\/wp-json\/wp\/v2\/users\/1"}],"replies":[{"embeddable":true,"href":"https:\/\/www.modula.eu\/fr\/wp-json\/wp\/v2\/comments?post=45021"}],"version-history":[{"count":0,"href":"https:\/\/www.modula.eu\/fr\/wp-json\/wp\/v2\/pages\/45021\/revisions"}],"up":[{"embeddable":true,"href":"https:\/\/www.modula.eu\/fr\/wp-json\/wp\/v2\/pages\/10242"}],"wp:featuredmedia":[{"embeddable":true,"href":"https:\/\/www.modula.eu\/fr\/wp-json\/wp\/v2\/media\/45016"}],"wp:attachment":[{"href":"https:\/\/www.modula.eu\/fr\/wp-json\/wp\/v2\/media?parent=45021"}],"curies":[{"name":"wp","href":"https:\/\/api.w.org\/{rel}","templated":true}]}}