{"id":45034,"date":"2024-12-19T16:39:47","date_gmt":"2024-12-19T15:39:47","guid":{"rendered":"https:\/\/www.modula.eu\/etudes-de-cas\/logistique_3pl\/dozon\/"},"modified":"2025-07-30T11:19:15","modified_gmt":"2025-07-30T09:19:15","slug":"dozon","status":"publish","type":"page","link":"https:\/\/www.modula.eu\/fr\/etudes-de-cas\/logistique-3pl\/dozon\/","title":{"rendered":"Dozon"},"content":{"rendered":"","protected":false},"excerpt":{"rendered":"","protected":false},"author":1,"featured_media":32724,"parent":10242,"menu_order":3,"comment_status":"closed","ping_status":"closed","template":"case.php","meta":{"_acf_changed":false,"inline_featured_image":false,"mapsvg_location":"","footnotes":""},"class_list":["post-45034","page","type-page","status-publish","has-post-thumbnail","hentry"],"acf":[],"yoast_head":"<!-- This site is optimized with the Yoast SEO plugin v27.4 - https:\/\/yoast.com\/product\/yoast-seo-wordpress\/ -->\n<title>Modula Warehouse Automation pour la distribution et le commerce \u00e9lectronique: Dozon<\/title>\n<meta name=\"description\" content=\"Dozon, fournisseur n\u00e9erlandais one-stop-shop pour les secteurs de la construction, de l&#039;installation, de l&#039;int\u00e9rieur et des menuiseries, dessert quotidiennement ses clients et 9 succursales depuis son centre logistique \u00e0 Doetinchem. Avec 25 000 articles en stock, 110 employ\u00e9s et un chiffre d&#039;affaires annuel de 35 millions d&#039;euros, Dozon est une entreprise familiale tourn\u00e9e vers la croissance et l&#039;innovation.\" \/>\n<meta name=\"robots\" content=\"index, follow, max-snippet:-1, max-image-preview:large, max-video-preview:-1\" \/>\n<link rel=\"canonical\" href=\"https:\/\/www.modula.eu\/fr\/etudes-de-cas\/logistique-3pl\/dozon\/\" \/>\n<meta property=\"og:locale\" content=\"fr_FR\" \/>\n<meta property=\"og:type\" content=\"article\" \/>\n<meta property=\"og:title\" content=\"Modula Warehouse Automation pour la distribution et le commerce \u00e9lectronique: Dozon\" \/>\n<meta property=\"og:description\" content=\"Dozon, fournisseur n\u00e9erlandais one-stop-shop pour les secteurs de la construction, de l&#039;installation, de l&#039;int\u00e9rieur et des menuiseries, dessert quotidiennement ses clients et 9 succursales depuis son centre logistique \u00e0 Doetinchem. Avec 25 000 articles en stock, 110 employ\u00e9s et un chiffre d&#039;affaires annuel de 35 millions d&#039;euros, Dozon est une entreprise familiale tourn\u00e9e vers la croissance et l&#039;innovation.\" \/>\n<meta property=\"og:url\" content=\"https:\/\/www.modula.eu\/fr\/etudes-de-cas\/logistique-3pl\/dozon\/\" \/>\n<meta property=\"og:site_name\" content=\"Modula\" \/>\n<meta property=\"article:modified_time\" content=\"2025-07-30T09:19:15+00:00\" \/>\n<meta property=\"og:image\" content=\"https:\/\/www.modula.eu\/wp-content\/uploads\/2024\/04\/Screenshot-2024-04-19-alle-14.25.40.png\" \/>\n\t<meta property=\"og:image:width\" content=\"1338\" \/>\n\t<meta property=\"og:image:height\" content=\"692\" \/>\n\t<meta property=\"og:image:type\" content=\"image\/png\" \/>\n<meta name=\"twitter:card\" content=\"summary_large_image\" \/>\n<script type=\"application\/ld+json\" class=\"yoast-schema-graph\">{\"@context\":\"https:\\\/\\\/schema.org\",\"@graph\":[{\"@type\":\"WebPage\",\"@id\":\"https:\\\/\\\/www.modula.eu\\\/fr\\\/etudes-de-cas\\\/logistique-3pl\\\/dozon\\\/\",\"url\":\"https:\\\/\\\/www.modula.eu\\\/fr\\\/etudes-de-cas\\\/logistique-3pl\\\/dozon\\\/\",\"name\":\"Modula Warehouse Automation pour la distribution et le commerce \u00e9lectronique: Dozon\",\"isPartOf\":{\"@id\":\"https:\\\/\\\/www.modula.eu\\\/fr\\\/#website\"},\"primaryImageOfPage\":{\"@id\":\"https:\\\/\\\/www.modula.eu\\\/fr\\\/etudes-de-cas\\\/logistique-3pl\\\/dozon\\\/#primaryimage\"},\"image\":{\"@id\":\"https:\\\/\\\/www.modula.eu\\\/fr\\\/etudes-de-cas\\\/logistique-3pl\\\/dozon\\\/#primaryimage\"},\"thumbnailUrl\":\"https:\\\/\\\/www.modula.eu\\\/wp-content\\\/uploads\\\/2024\\\/04\\\/Screenshot-2024-04-19-alle-14.25.40.png\",\"datePublished\":\"2024-12-19T15:39:47+00:00\",\"dateModified\":\"2025-07-30T09:19:15+00:00\",\"description\":\"Dozon, fournisseur n\u00e9erlandais one-stop-shop pour les secteurs de la construction, de l'installation, de l'int\u00e9rieur et des menuiseries, dessert quotidiennement ses clients et 9 succursales depuis son centre logistique \u00e0 Doetinchem. Avec 25 000 articles en stock, 110 employ\u00e9s et un chiffre d'affaires annuel de 35 millions d'euros, Dozon est une entreprise familiale tourn\u00e9e vers la croissance et l'innovation.\",\"breadcrumb\":{\"@id\":\"https:\\\/\\\/www.modula.eu\\\/fr\\\/etudes-de-cas\\\/logistique-3pl\\\/dozon\\\/#breadcrumb\"},\"inLanguage\":\"fr-FR\",\"potentialAction\":[{\"@type\":\"ReadAction\",\"target\":[\"https:\\\/\\\/www.modula.eu\\\/fr\\\/etudes-de-cas\\\/logistique-3pl\\\/dozon\\\/\"]}]},{\"@type\":\"ImageObject\",\"inLanguage\":\"fr-FR\",\"@id\":\"https:\\\/\\\/www.modula.eu\\\/fr\\\/etudes-de-cas\\\/logistique-3pl\\\/dozon\\\/#primaryimage\",\"url\":\"https:\\\/\\\/www.modula.eu\\\/wp-content\\\/uploads\\\/2024\\\/04\\\/Screenshot-2024-04-19-alle-14.25.40.png\",\"contentUrl\":\"https:\\\/\\\/www.modula.eu\\\/wp-content\\\/uploads\\\/2024\\\/04\\\/Screenshot-2024-04-19-alle-14.25.40.png\",\"width\":1338,\"height\":692},{\"@type\":\"BreadcrumbList\",\"@id\":\"https:\\\/\\\/www.modula.eu\\\/fr\\\/etudes-de-cas\\\/logistique-3pl\\\/dozon\\\/#breadcrumb\",\"itemListElement\":[{\"@type\":\"ListItem\",\"position\":1,\"name\":\"Home\",\"item\":\"https:\\\/\\\/www.modula.eu\\\/fr\\\/\"},{\"@type\":\"ListItem\",\"position\":2,\"name\":\"\u00c9tudes de Cas\",\"item\":\"https:\\\/\\\/www.modula.eu\\\/fr\\\/etudes-de-cas\\\/\"},{\"@type\":\"ListItem\",\"position\":3,\"name\":\"Logistique \\\/ 3PL\",\"item\":\"https:\\\/\\\/www.modula.eu\\\/fr\\\/etudes-de-cas\\\/logistique-3pl\\\/\"},{\"@type\":\"ListItem\",\"position\":4,\"name\":\"Dozon\"}]},{\"@type\":\"WebSite\",\"@id\":\"https:\\\/\\\/www.modula.eu\\\/fr\\\/#website\",\"url\":\"https:\\\/\\\/www.modula.eu\\\/fr\\\/\",\"name\":\"Modula\",\"description\":\"Think Vertical\",\"publisher\":{\"@id\":\"https:\\\/\\\/www.modula.eu\\\/fr\\\/#organization\"},\"potentialAction\":[{\"@type\":\"SearchAction\",\"target\":{\"@type\":\"EntryPoint\",\"urlTemplate\":\"https:\\\/\\\/www.modula.eu\\\/fr\\\/?s={search_term_string}\"},\"query-input\":{\"@type\":\"PropertyValueSpecification\",\"valueRequired\":true,\"valueName\":\"search_term_string\"}}],\"inLanguage\":\"fr-FR\"},{\"@type\":\"Organization\",\"@id\":\"https:\\\/\\\/www.modula.eu\\\/fr\\\/#organization\",\"name\":\"Modula\",\"url\":\"https:\\\/\\\/www.modula.eu\\\/fr\\\/\",\"logo\":{\"@type\":\"ImageObject\",\"inLanguage\":\"fr-FR\",\"@id\":\"https:\\\/\\\/www.modula.eu\\\/fr\\\/#\\\/schema\\\/logo\\\/image\\\/\",\"url\":\"https:\\\/\\\/www.modula.eu\\\/wp-content\\\/uploads\\\/2022\\\/12\\\/Modula-logo.jpg\",\"contentUrl\":\"https:\\\/\\\/www.modula.eu\\\/wp-content\\\/uploads\\\/2022\\\/12\\\/Modula-logo.jpg\",\"width\":759,\"height\":512,\"caption\":\"Modula\"},\"image\":{\"@id\":\"https:\\\/\\\/www.modula.eu\\\/fr\\\/#\\\/schema\\\/logo\\\/image\\\/\"}}]}<\/script>\n<!-- \/ Yoast SEO plugin. -->","yoast_head_json":{"title":"Modula Warehouse Automation pour la distribution et le commerce \u00e9lectronique: Dozon","description":"Dozon, fournisseur n\u00e9erlandais one-stop-shop pour les secteurs de la construction, de l'installation, de l'int\u00e9rieur et des menuiseries, dessert quotidiennement ses clients et 9 succursales depuis son centre logistique \u00e0 Doetinchem. Avec 25 000 articles en stock, 110 employ\u00e9s et un chiffre d'affaires annuel de 35 millions d'euros, Dozon est une entreprise familiale tourn\u00e9e vers la croissance et l'innovation.","robots":{"index":"index","follow":"follow","max-snippet":"max-snippet:-1","max-image-preview":"max-image-preview:large","max-video-preview":"max-video-preview:-1"},"canonical":"https:\/\/www.modula.eu\/fr\/etudes-de-cas\/logistique-3pl\/dozon\/","og_locale":"fr_FR","og_type":"article","og_title":"Modula Warehouse Automation pour la distribution et le commerce \u00e9lectronique: Dozon","og_description":"Dozon, fournisseur n\u00e9erlandais one-stop-shop pour les secteurs de la construction, de l'installation, de l'int\u00e9rieur et des menuiseries, dessert quotidiennement ses clients et 9 succursales depuis son centre logistique \u00e0 Doetinchem. Avec 25 000 articles en stock, 110 employ\u00e9s et un chiffre d'affaires annuel de 35 millions d'euros, Dozon est une entreprise familiale tourn\u00e9e vers la croissance et l'innovation.","og_url":"https:\/\/www.modula.eu\/fr\/etudes-de-cas\/logistique-3pl\/dozon\/","og_site_name":"Modula","article_modified_time":"2025-07-30T09:19:15+00:00","og_image":[{"width":1338,"height":692,"url":"https:\/\/www.modula.eu\/wp-content\/uploads\/2024\/04\/Screenshot-2024-04-19-alle-14.25.40.png","type":"image\/png"}],"twitter_card":"summary_large_image","schema":{"@context":"https:\/\/schema.org","@graph":[{"@type":"WebPage","@id":"https:\/\/www.modula.eu\/fr\/etudes-de-cas\/logistique-3pl\/dozon\/","url":"https:\/\/www.modula.eu\/fr\/etudes-de-cas\/logistique-3pl\/dozon\/","name":"Modula Warehouse Automation pour la distribution et le commerce \u00e9lectronique: Dozon","isPartOf":{"@id":"https:\/\/www.modula.eu\/fr\/#website"},"primaryImageOfPage":{"@id":"https:\/\/www.modula.eu\/fr\/etudes-de-cas\/logistique-3pl\/dozon\/#primaryimage"},"image":{"@id":"https:\/\/www.modula.eu\/fr\/etudes-de-cas\/logistique-3pl\/dozon\/#primaryimage"},"thumbnailUrl":"https:\/\/www.modula.eu\/wp-content\/uploads\/2024\/04\/Screenshot-2024-04-19-alle-14.25.40.png","datePublished":"2024-12-19T15:39:47+00:00","dateModified":"2025-07-30T09:19:15+00:00","description":"Dozon, fournisseur n\u00e9erlandais one-stop-shop pour les secteurs de la construction, de l'installation, de l'int\u00e9rieur et des menuiseries, dessert quotidiennement ses clients et 9 succursales depuis son centre logistique \u00e0 Doetinchem. Avec 25 000 articles en stock, 110 employ\u00e9s et un chiffre d'affaires annuel de 35 millions d'euros, Dozon est une entreprise familiale tourn\u00e9e vers la croissance et l'innovation.","breadcrumb":{"@id":"https:\/\/www.modula.eu\/fr\/etudes-de-cas\/logistique-3pl\/dozon\/#breadcrumb"},"inLanguage":"fr-FR","potentialAction":[{"@type":"ReadAction","target":["https:\/\/www.modula.eu\/fr\/etudes-de-cas\/logistique-3pl\/dozon\/"]}]},{"@type":"ImageObject","inLanguage":"fr-FR","@id":"https:\/\/www.modula.eu\/fr\/etudes-de-cas\/logistique-3pl\/dozon\/#primaryimage","url":"https:\/\/www.modula.eu\/wp-content\/uploads\/2024\/04\/Screenshot-2024-04-19-alle-14.25.40.png","contentUrl":"https:\/\/www.modula.eu\/wp-content\/uploads\/2024\/04\/Screenshot-2024-04-19-alle-14.25.40.png","width":1338,"height":692},{"@type":"BreadcrumbList","@id":"https:\/\/www.modula.eu\/fr\/etudes-de-cas\/logistique-3pl\/dozon\/#breadcrumb","itemListElement":[{"@type":"ListItem","position":1,"name":"Home","item":"https:\/\/www.modula.eu\/fr\/"},{"@type":"ListItem","position":2,"name":"\u00c9tudes de Cas","item":"https:\/\/www.modula.eu\/fr\/etudes-de-cas\/"},{"@type":"ListItem","position":3,"name":"Logistique \/ 3PL","item":"https:\/\/www.modula.eu\/fr\/etudes-de-cas\/logistique-3pl\/"},{"@type":"ListItem","position":4,"name":"Dozon"}]},{"@type":"WebSite","@id":"https:\/\/www.modula.eu\/fr\/#website","url":"https:\/\/www.modula.eu\/fr\/","name":"Modula","description":"Think Vertical","publisher":{"@id":"https:\/\/www.modula.eu\/fr\/#organization"},"potentialAction":[{"@type":"SearchAction","target":{"@type":"EntryPoint","urlTemplate":"https:\/\/www.modula.eu\/fr\/?s={search_term_string}"},"query-input":{"@type":"PropertyValueSpecification","valueRequired":true,"valueName":"search_term_string"}}],"inLanguage":"fr-FR"},{"@type":"Organization","@id":"https:\/\/www.modula.eu\/fr\/#organization","name":"Modula","url":"https:\/\/www.modula.eu\/fr\/","logo":{"@type":"ImageObject","inLanguage":"fr-FR","@id":"https:\/\/www.modula.eu\/fr\/#\/schema\/logo\/image\/","url":"https:\/\/www.modula.eu\/wp-content\/uploads\/2022\/12\/Modula-logo.jpg","contentUrl":"https:\/\/www.modula.eu\/wp-content\/uploads\/2022\/12\/Modula-logo.jpg","width":759,"height":512,"caption":"Modula"},"image":{"@id":"https:\/\/www.modula.eu\/fr\/#\/schema\/logo\/image\/"}}]}},"_links":{"self":[{"href":"https:\/\/www.modula.eu\/fr\/wp-json\/wp\/v2\/pages\/45034","targetHints":{"allow":["GET"]}}],"collection":[{"href":"https:\/\/www.modula.eu\/fr\/wp-json\/wp\/v2\/pages"}],"about":[{"href":"https:\/\/www.modula.eu\/fr\/wp-json\/wp\/v2\/types\/page"}],"author":[{"embeddable":true,"href":"https:\/\/www.modula.eu\/fr\/wp-json\/wp\/v2\/users\/1"}],"replies":[{"embeddable":true,"href":"https:\/\/www.modula.eu\/fr\/wp-json\/wp\/v2\/comments?post=45034"}],"version-history":[{"count":0,"href":"https:\/\/www.modula.eu\/fr\/wp-json\/wp\/v2\/pages\/45034\/revisions"}],"up":[{"embeddable":true,"href":"https:\/\/www.modula.eu\/fr\/wp-json\/wp\/v2\/pages\/10242"}],"wp:featuredmedia":[{"embeddable":true,"href":"https:\/\/www.modula.eu\/fr\/wp-json\/wp\/v2\/media\/32724"}],"wp:attachment":[{"href":"https:\/\/www.modula.eu\/fr\/wp-json\/wp\/v2\/media?parent=45034"}],"curies":[{"name":"wp","href":"https:\/\/api.w.org\/{rel}","templated":true}]}}