{"id":47385,"date":"2024-12-04T16:18:35","date_gmt":"2024-12-04T15:18:35","guid":{"rendered":"https:\/\/www.modula.eu\/produits\/soluzioni-avanzate-di-picking\/put-to-light-solutions\/"},"modified":"2026-02-10T12:01:54","modified_gmt":"2026-02-10T11:01:54","slug":"solutions-put-to-light","status":"publish","type":"page","link":"https:\/\/www.modula.eu\/fr\/solutions-de-picking-pour-la-preparation-de-commandes\/solutions-put-to-light\/","title":{"rendered":"Solutions Put To Light"},"content":{"rendered":"","protected":false},"excerpt":{"rendered":"","protected":false},"author":1,"featured_media":11468,"parent":47380,"menu_order":0,"comment_status":"closed","ping_status":"closed","template":"product-category.php","meta":{"_acf_changed":false,"inline_featured_image":false,"mapsvg_location":"","footnotes":""},"class_list":["post-47385","page","type-page","status-publish","has-post-thumbnail","hentry"],"acf":[],"yoast_head":"<!-- This site is optimized with the Yoast SEO plugin v27.3 - https:\/\/yoast.com\/product\/yoast-seo-wordpress\/ -->\n<title>Put to light: Prise en charge visuelle de la pr\u00e9paration | Modula<\/title>\n<meta name=\"description\" content=\"Les solutions Put to Light sont le meilleur choix pour la pr\u00e9paration de commandes lorsqu&#039;un processus rapide, intuitif, \u00e9volutif et sans erreur est requis. D\u00e9couvrez les solutions de Picking de Modula.\" \/>\n<meta name=\"robots\" content=\"index, follow, max-snippet:-1, max-image-preview:large, max-video-preview:-1\" \/>\n<link rel=\"canonical\" href=\"https:\/\/www.modula.eu\/fr\/solutions-de-picking-pour-la-preparation-de-commandes\/solutions-put-to-light\/\" \/>\n<meta property=\"og:locale\" content=\"fr_FR\" \/>\n<meta property=\"og:type\" content=\"article\" \/>\n<meta property=\"og:title\" content=\"Put to light: Prise en charge visuelle de la pr\u00e9paration | Modula\" \/>\n<meta property=\"og:description\" content=\"Les solutions Put to Light sont le meilleur choix pour la pr\u00e9paration de commandes lorsqu&#039;un processus rapide, intuitif, \u00e9volutif et sans erreur est requis. D\u00e9couvrez les solutions de Picking de Modula.\" \/>\n<meta property=\"og:url\" content=\"https:\/\/www.modula.eu\/fr\/solutions-de-picking-pour-la-preparation-de-commandes\/solutions-put-to-light\/\" \/>\n<meta property=\"og:site_name\" content=\"Modula\" \/>\n<meta property=\"article:modified_time\" content=\"2026-02-10T11:01:54+00:00\" \/>\n<meta property=\"og:image\" content=\"https:\/\/www.modula.eu\/wp-content\/uploads\/2022\/11\/put-to-light.jpg\" \/>\n\t<meta property=\"og:image:width\" content=\"1920\" \/>\n\t<meta property=\"og:image:height\" content=\"1080\" \/>\n\t<meta property=\"og:image:type\" content=\"image\/jpeg\" \/>\n<meta name=\"twitter:card\" content=\"summary_large_image\" \/>\n<script type=\"application\/ld+json\" class=\"yoast-schema-graph\">{\"@context\":\"https:\\\/\\\/schema.org\",\"@graph\":[{\"@type\":\"WebPage\",\"@id\":\"https:\\\/\\\/www.modula.eu\\\/fr\\\/solutions-de-picking-pour-la-preparation-de-commandes\\\/solutions-put-to-light\\\/\",\"url\":\"https:\\\/\\\/www.modula.eu\\\/fr\\\/solutions-de-picking-pour-la-preparation-de-commandes\\\/solutions-put-to-light\\\/\",\"name\":\"Put to light: Prise en charge visuelle de la pr\u00e9paration | Modula\",\"isPartOf\":{\"@id\":\"https:\\\/\\\/www.modula.eu\\\/fr\\\/#website\"},\"primaryImageOfPage\":{\"@id\":\"https:\\\/\\\/www.modula.eu\\\/fr\\\/solutions-de-picking-pour-la-preparation-de-commandes\\\/solutions-put-to-light\\\/#primaryimage\"},\"image\":{\"@id\":\"https:\\\/\\\/www.modula.eu\\\/fr\\\/solutions-de-picking-pour-la-preparation-de-commandes\\\/solutions-put-to-light\\\/#primaryimage\"},\"thumbnailUrl\":\"https:\\\/\\\/www.modula.eu\\\/wp-content\\\/uploads\\\/2022\\\/11\\\/put-to-light.jpg\",\"datePublished\":\"2024-12-04T15:18:35+00:00\",\"dateModified\":\"2026-02-10T11:01:54+00:00\",\"description\":\"Les solutions Put to Light sont le meilleur choix pour la pr\u00e9paration de commandes lorsqu'un processus rapide, intuitif, \u00e9volutif et sans erreur est requis. D\u00e9couvrez les solutions de Picking de Modula.\",\"breadcrumb\":{\"@id\":\"https:\\\/\\\/www.modula.eu\\\/fr\\\/solutions-de-picking-pour-la-preparation-de-commandes\\\/solutions-put-to-light\\\/#breadcrumb\"},\"inLanguage\":\"fr-FR\",\"potentialAction\":[{\"@type\":\"ReadAction\",\"target\":[\"https:\\\/\\\/www.modula.eu\\\/fr\\\/solutions-de-picking-pour-la-preparation-de-commandes\\\/solutions-put-to-light\\\/\"]}]},{\"@type\":\"ImageObject\",\"inLanguage\":\"fr-FR\",\"@id\":\"https:\\\/\\\/www.modula.eu\\\/fr\\\/solutions-de-picking-pour-la-preparation-de-commandes\\\/solutions-put-to-light\\\/#primaryimage\",\"url\":\"https:\\\/\\\/www.modula.eu\\\/wp-content\\\/uploads\\\/2022\\\/11\\\/put-to-light.jpg\",\"contentUrl\":\"https:\\\/\\\/www.modula.eu\\\/wp-content\\\/uploads\\\/2022\\\/11\\\/put-to-light.jpg\",\"width\":1920,\"height\":1080},{\"@type\":\"BreadcrumbList\",\"@id\":\"https:\\\/\\\/www.modula.eu\\\/fr\\\/solutions-de-picking-pour-la-preparation-de-commandes\\\/solutions-put-to-light\\\/#breadcrumb\",\"itemListElement\":[{\"@type\":\"ListItem\",\"position\":1,\"name\":\"Home\",\"item\":\"https:\\\/\\\/www.modula.eu\\\/fr\\\/\"},{\"@type\":\"ListItem\",\"position\":2,\"name\":\"Produits\",\"item\":\"https:\\\/\\\/www.modula.eu\\\/fr\\\/produits-de-stockage-interne\\\/\"},{\"@type\":\"ListItem\",\"position\":3,\"name\":\"Solutions de picking pour la pr\u00e9paration de commandes\",\"item\":\"https:\\\/\\\/www.modula.eu\\\/fr\\\/solutions-de-picking-pour-la-preparation-de-commandes\\\/\"},{\"@type\":\"ListItem\",\"position\":4,\"name\":\"Solutions Put To Light\"}]},{\"@type\":\"WebSite\",\"@id\":\"https:\\\/\\\/www.modula.eu\\\/fr\\\/#website\",\"url\":\"https:\\\/\\\/www.modula.eu\\\/fr\\\/\",\"name\":\"Modula\",\"description\":\"Think Vertical\",\"publisher\":{\"@id\":\"https:\\\/\\\/www.modula.eu\\\/fr\\\/#organization\"},\"potentialAction\":[{\"@type\":\"SearchAction\",\"target\":{\"@type\":\"EntryPoint\",\"urlTemplate\":\"https:\\\/\\\/www.modula.eu\\\/fr\\\/?s={search_term_string}\"},\"query-input\":{\"@type\":\"PropertyValueSpecification\",\"valueRequired\":true,\"valueName\":\"search_term_string\"}}],\"inLanguage\":\"fr-FR\"},{\"@type\":\"Organization\",\"@id\":\"https:\\\/\\\/www.modula.eu\\\/fr\\\/#organization\",\"name\":\"Modula\",\"url\":\"https:\\\/\\\/www.modula.eu\\\/fr\\\/\",\"logo\":{\"@type\":\"ImageObject\",\"inLanguage\":\"fr-FR\",\"@id\":\"https:\\\/\\\/www.modula.eu\\\/fr\\\/#\\\/schema\\\/logo\\\/image\\\/\",\"url\":\"https:\\\/\\\/www.modula.eu\\\/wp-content\\\/uploads\\\/2022\\\/12\\\/Modula-logo.jpg\",\"contentUrl\":\"https:\\\/\\\/www.modula.eu\\\/wp-content\\\/uploads\\\/2022\\\/12\\\/Modula-logo.jpg\",\"width\":759,\"height\":512,\"caption\":\"Modula\"},\"image\":{\"@id\":\"https:\\\/\\\/www.modula.eu\\\/fr\\\/#\\\/schema\\\/logo\\\/image\\\/\"}}]}<\/script>\n<!-- \/ Yoast SEO plugin. -->","yoast_head_json":{"title":"Put to light: Prise en charge visuelle de la pr\u00e9paration | Modula","description":"Les solutions Put to Light sont le meilleur choix pour la pr\u00e9paration de commandes lorsqu'un processus rapide, intuitif, \u00e9volutif et sans erreur est requis. D\u00e9couvrez les solutions de Picking de Modula.","robots":{"index":"index","follow":"follow","max-snippet":"max-snippet:-1","max-image-preview":"max-image-preview:large","max-video-preview":"max-video-preview:-1"},"canonical":"https:\/\/www.modula.eu\/fr\/solutions-de-picking-pour-la-preparation-de-commandes\/solutions-put-to-light\/","og_locale":"fr_FR","og_type":"article","og_title":"Put to light: Prise en charge visuelle de la pr\u00e9paration | Modula","og_description":"Les solutions Put to Light sont le meilleur choix pour la pr\u00e9paration de commandes lorsqu'un processus rapide, intuitif, \u00e9volutif et sans erreur est requis. D\u00e9couvrez les solutions de Picking de Modula.","og_url":"https:\/\/www.modula.eu\/fr\/solutions-de-picking-pour-la-preparation-de-commandes\/solutions-put-to-light\/","og_site_name":"Modula","article_modified_time":"2026-02-10T11:01:54+00:00","og_image":[{"width":1920,"height":1080,"url":"https:\/\/www.modula.eu\/wp-content\/uploads\/2022\/11\/put-to-light.jpg","type":"image\/jpeg"}],"twitter_card":"summary_large_image","schema":{"@context":"https:\/\/schema.org","@graph":[{"@type":"WebPage","@id":"https:\/\/www.modula.eu\/fr\/solutions-de-picking-pour-la-preparation-de-commandes\/solutions-put-to-light\/","url":"https:\/\/www.modula.eu\/fr\/solutions-de-picking-pour-la-preparation-de-commandes\/solutions-put-to-light\/","name":"Put to light: Prise en charge visuelle de la pr\u00e9paration | Modula","isPartOf":{"@id":"https:\/\/www.modula.eu\/fr\/#website"},"primaryImageOfPage":{"@id":"https:\/\/www.modula.eu\/fr\/solutions-de-picking-pour-la-preparation-de-commandes\/solutions-put-to-light\/#primaryimage"},"image":{"@id":"https:\/\/www.modula.eu\/fr\/solutions-de-picking-pour-la-preparation-de-commandes\/solutions-put-to-light\/#primaryimage"},"thumbnailUrl":"https:\/\/www.modula.eu\/wp-content\/uploads\/2022\/11\/put-to-light.jpg","datePublished":"2024-12-04T15:18:35+00:00","dateModified":"2026-02-10T11:01:54+00:00","description":"Les solutions Put to Light sont le meilleur choix pour la pr\u00e9paration de commandes lorsqu'un processus rapide, intuitif, \u00e9volutif et sans erreur est requis. D\u00e9couvrez les solutions de Picking de Modula.","breadcrumb":{"@id":"https:\/\/www.modula.eu\/fr\/solutions-de-picking-pour-la-preparation-de-commandes\/solutions-put-to-light\/#breadcrumb"},"inLanguage":"fr-FR","potentialAction":[{"@type":"ReadAction","target":["https:\/\/www.modula.eu\/fr\/solutions-de-picking-pour-la-preparation-de-commandes\/solutions-put-to-light\/"]}]},{"@type":"ImageObject","inLanguage":"fr-FR","@id":"https:\/\/www.modula.eu\/fr\/solutions-de-picking-pour-la-preparation-de-commandes\/solutions-put-to-light\/#primaryimage","url":"https:\/\/www.modula.eu\/wp-content\/uploads\/2022\/11\/put-to-light.jpg","contentUrl":"https:\/\/www.modula.eu\/wp-content\/uploads\/2022\/11\/put-to-light.jpg","width":1920,"height":1080},{"@type":"BreadcrumbList","@id":"https:\/\/www.modula.eu\/fr\/solutions-de-picking-pour-la-preparation-de-commandes\/solutions-put-to-light\/#breadcrumb","itemListElement":[{"@type":"ListItem","position":1,"name":"Home","item":"https:\/\/www.modula.eu\/fr\/"},{"@type":"ListItem","position":2,"name":"Produits","item":"https:\/\/www.modula.eu\/fr\/produits-de-stockage-interne\/"},{"@type":"ListItem","position":3,"name":"Solutions de picking pour la pr\u00e9paration de commandes","item":"https:\/\/www.modula.eu\/fr\/solutions-de-picking-pour-la-preparation-de-commandes\/"},{"@type":"ListItem","position":4,"name":"Solutions Put To Light"}]},{"@type":"WebSite","@id":"https:\/\/www.modula.eu\/fr\/#website","url":"https:\/\/www.modula.eu\/fr\/","name":"Modula","description":"Think Vertical","publisher":{"@id":"https:\/\/www.modula.eu\/fr\/#organization"},"potentialAction":[{"@type":"SearchAction","target":{"@type":"EntryPoint","urlTemplate":"https:\/\/www.modula.eu\/fr\/?s={search_term_string}"},"query-input":{"@type":"PropertyValueSpecification","valueRequired":true,"valueName":"search_term_string"}}],"inLanguage":"fr-FR"},{"@type":"Organization","@id":"https:\/\/www.modula.eu\/fr\/#organization","name":"Modula","url":"https:\/\/www.modula.eu\/fr\/","logo":{"@type":"ImageObject","inLanguage":"fr-FR","@id":"https:\/\/www.modula.eu\/fr\/#\/schema\/logo\/image\/","url":"https:\/\/www.modula.eu\/wp-content\/uploads\/2022\/12\/Modula-logo.jpg","contentUrl":"https:\/\/www.modula.eu\/wp-content\/uploads\/2022\/12\/Modula-logo.jpg","width":759,"height":512,"caption":"Modula"},"image":{"@id":"https:\/\/www.modula.eu\/fr\/#\/schema\/logo\/image\/"}}]}},"_links":{"self":[{"href":"https:\/\/www.modula.eu\/fr\/wp-json\/wp\/v2\/pages\/47385","targetHints":{"allow":["GET"]}}],"collection":[{"href":"https:\/\/www.modula.eu\/fr\/wp-json\/wp\/v2\/pages"}],"about":[{"href":"https:\/\/www.modula.eu\/fr\/wp-json\/wp\/v2\/types\/page"}],"author":[{"embeddable":true,"href":"https:\/\/www.modula.eu\/fr\/wp-json\/wp\/v2\/users\/1"}],"replies":[{"embeddable":true,"href":"https:\/\/www.modula.eu\/fr\/wp-json\/wp\/v2\/comments?post=47385"}],"version-history":[{"count":1,"href":"https:\/\/www.modula.eu\/fr\/wp-json\/wp\/v2\/pages\/47385\/revisions"}],"predecessor-version":[{"id":73474,"href":"https:\/\/www.modula.eu\/fr\/wp-json\/wp\/v2\/pages\/47385\/revisions\/73474"}],"up":[{"embeddable":true,"href":"https:\/\/www.modula.eu\/fr\/wp-json\/wp\/v2\/pages\/47380"}],"wp:featuredmedia":[{"embeddable":true,"href":"https:\/\/www.modula.eu\/fr\/wp-json\/wp\/v2\/media\/11468"}],"wp:attachment":[{"href":"https:\/\/www.modula.eu\/fr\/wp-json\/wp\/v2\/media?parent=47385"}],"curies":[{"name":"wp","href":"https:\/\/api.w.org\/{rel}","templated":true}]}}