{"id":47403,"date":"2024-12-17T14:45:41","date_gmt":"2024-12-17T13:45:41","guid":{"rendered":"https:\/\/www.modula.eu\/produits\/soluzioni-avanzate-di-picking\/color-guided-picking\/"},"modified":"2026-02-18T10:27:18","modified_gmt":"2026-02-18T09:27:18","slug":"pick-2-color-cart","status":"publish","type":"page","link":"https:\/\/www.modula.eu\/fr\/solutions-de-picking-pour-la-preparation-de-commandes\/pick-2-color-cart\/","title":{"rendered":"Pick to Color Cart"},"content":{"rendered":"","protected":false},"excerpt":{"rendered":"","protected":false},"author":1,"featured_media":49782,"parent":47380,"menu_order":1,"comment_status":"closed","ping_status":"closed","template":"product-single.php","meta":{"_acf_changed":false,"inline_featured_image":false,"mapsvg_location":"","footnotes":""},"class_list":["post-47403","page","type-page","status-publish","has-post-thumbnail","hentry"],"acf":[],"yoast_head":"<!-- This site is optimized with the Yoast SEO plugin v27.3 - https:\/\/yoast.com\/product\/yoast-seo-wordpress\/ -->\n<title>Pick to Color Cart: Syst\u00e8me de pr\u00e9l\u00e8vement avanc\u00e9 pour une efficacit\u00e9 maximale | Modula<\/title>\n<meta name=\"description\" content=\"D\u00e9couvrez Pick to Color Cart, la solution innovante de Modula pour optimiser les op\u00e9rations de picking dans votre entrep\u00f4t. Gr\u00e2ce au syst\u00e8me intuitif de guide de lumi\u00e8re multicolore, r\u00e9duisez les erreurs et augmentez la vitesse de pr\u00e9l\u00e8vement. Id\u00e9al pour les entreprises recherchant efficacit\u00e9 et pr\u00e9cision dans les op\u00e9rations d\u2019entreposage et de distribution.\" \/>\n<meta name=\"robots\" content=\"index, follow, max-snippet:-1, max-image-preview:large, max-video-preview:-1\" \/>\n<link rel=\"canonical\" href=\"https:\/\/www.modula.eu\/fr\/solutions-de-picking-pour-la-preparation-de-commandes\/pick-2-color-cart\/\" \/>\n<meta property=\"og:locale\" content=\"fr_FR\" \/>\n<meta property=\"og:type\" content=\"article\" \/>\n<meta property=\"og:title\" content=\"Pick to Color Cart: Syst\u00e8me de pr\u00e9l\u00e8vement avanc\u00e9 pour une efficacit\u00e9 maximale | Modula\" \/>\n<meta property=\"og:description\" content=\"D\u00e9couvrez Pick to Color Cart, la solution innovante de Modula pour optimiser les op\u00e9rations de picking dans votre entrep\u00f4t. Gr\u00e2ce au syst\u00e8me intuitif de guide de lumi\u00e8re multicolore, r\u00e9duisez les erreurs et augmentez la vitesse de pr\u00e9l\u00e8vement. Id\u00e9al pour les entreprises recherchant efficacit\u00e9 et pr\u00e9cision dans les op\u00e9rations d\u2019entreposage et de distribution.\" \/>\n<meta property=\"og:url\" content=\"https:\/\/www.modula.eu\/fr\/solutions-de-picking-pour-la-preparation-de-commandes\/pick-2-color-cart\/\" \/>\n<meta property=\"og:site_name\" content=\"Modula\" \/>\n<meta property=\"article:modified_time\" content=\"2026-02-18T09:27:18+00:00\" \/>\n<meta property=\"og:image\" content=\"https:\/\/www.modula.eu\/wp-content\/uploads\/2025\/02\/IMG_0079-1-1024x768.jpg\" \/>\n\t<meta property=\"og:image:width\" content=\"1024\" \/>\n\t<meta property=\"og:image:height\" content=\"768\" \/>\n\t<meta property=\"og:image:type\" content=\"image\/jpeg\" \/>\n<meta name=\"twitter:card\" content=\"summary_large_image\" \/>\n<script type=\"application\/ld+json\" class=\"yoast-schema-graph\">{\"@context\":\"https:\\\/\\\/schema.org\",\"@graph\":[{\"@type\":\"WebPage\",\"@id\":\"https:\\\/\\\/www.modula.eu\\\/fr\\\/solutions-de-picking-pour-la-preparation-de-commandes\\\/pick-2-color-cart\\\/\",\"url\":\"https:\\\/\\\/www.modula.eu\\\/fr\\\/solutions-de-picking-pour-la-preparation-de-commandes\\\/pick-2-color-cart\\\/\",\"name\":\"Pick to Color Cart: Syst\u00e8me de pr\u00e9l\u00e8vement avanc\u00e9 pour une efficacit\u00e9 maximale | Modula\",\"isPartOf\":{\"@id\":\"https:\\\/\\\/www.modula.eu\\\/fr\\\/#website\"},\"primaryImageOfPage\":{\"@id\":\"https:\\\/\\\/www.modula.eu\\\/fr\\\/solutions-de-picking-pour-la-preparation-de-commandes\\\/pick-2-color-cart\\\/#primaryimage\"},\"image\":{\"@id\":\"https:\\\/\\\/www.modula.eu\\\/fr\\\/solutions-de-picking-pour-la-preparation-de-commandes\\\/pick-2-color-cart\\\/#primaryimage\"},\"thumbnailUrl\":\"https:\\\/\\\/www.modula.eu\\\/wp-content\\\/uploads\\\/2025\\\/02\\\/IMG_0079-1-scaled.jpg\",\"datePublished\":\"2024-12-17T13:45:41+00:00\",\"dateModified\":\"2026-02-18T09:27:18+00:00\",\"description\":\"D\u00e9couvrez Pick to Color Cart, la solution innovante de Modula pour optimiser les op\u00e9rations de picking dans votre entrep\u00f4t. Gr\u00e2ce au syst\u00e8me intuitif de guide de lumi\u00e8re multicolore, r\u00e9duisez les erreurs et augmentez la vitesse de pr\u00e9l\u00e8vement. Id\u00e9al pour les entreprises recherchant efficacit\u00e9 et pr\u00e9cision dans les op\u00e9rations d\u2019entreposage et de distribution.\",\"breadcrumb\":{\"@id\":\"https:\\\/\\\/www.modula.eu\\\/fr\\\/solutions-de-picking-pour-la-preparation-de-commandes\\\/pick-2-color-cart\\\/#breadcrumb\"},\"inLanguage\":\"fr-FR\",\"potentialAction\":[{\"@type\":\"ReadAction\",\"target\":[\"https:\\\/\\\/www.modula.eu\\\/fr\\\/solutions-de-picking-pour-la-preparation-de-commandes\\\/pick-2-color-cart\\\/\"]}]},{\"@type\":\"ImageObject\",\"inLanguage\":\"fr-FR\",\"@id\":\"https:\\\/\\\/www.modula.eu\\\/fr\\\/solutions-de-picking-pour-la-preparation-de-commandes\\\/pick-2-color-cart\\\/#primaryimage\",\"url\":\"https:\\\/\\\/www.modula.eu\\\/wp-content\\\/uploads\\\/2025\\\/02\\\/IMG_0079-1-scaled.jpg\",\"contentUrl\":\"https:\\\/\\\/www.modula.eu\\\/wp-content\\\/uploads\\\/2025\\\/02\\\/IMG_0079-1-scaled.jpg\",\"width\":2560,\"height\":1920},{\"@type\":\"BreadcrumbList\",\"@id\":\"https:\\\/\\\/www.modula.eu\\\/fr\\\/solutions-de-picking-pour-la-preparation-de-commandes\\\/pick-2-color-cart\\\/#breadcrumb\",\"itemListElement\":[{\"@type\":\"ListItem\",\"position\":1,\"name\":\"Home\",\"item\":\"https:\\\/\\\/www.modula.eu\\\/fr\\\/\"},{\"@type\":\"ListItem\",\"position\":2,\"name\":\"Produits\",\"item\":\"https:\\\/\\\/www.modula.eu\\\/fr\\\/produits-de-stockage-interne\\\/\"},{\"@type\":\"ListItem\",\"position\":3,\"name\":\"Solutions de picking pour la pr\u00e9paration de commandes\",\"item\":\"https:\\\/\\\/www.modula.eu\\\/fr\\\/solutions-de-picking-pour-la-preparation-de-commandes\\\/\"},{\"@type\":\"ListItem\",\"position\":4,\"name\":\"Pick to Color Cart\"}]},{\"@type\":\"WebSite\",\"@id\":\"https:\\\/\\\/www.modula.eu\\\/fr\\\/#website\",\"url\":\"https:\\\/\\\/www.modula.eu\\\/fr\\\/\",\"name\":\"Modula\",\"description\":\"Think Vertical\",\"publisher\":{\"@id\":\"https:\\\/\\\/www.modula.eu\\\/fr\\\/#organization\"},\"potentialAction\":[{\"@type\":\"SearchAction\",\"target\":{\"@type\":\"EntryPoint\",\"urlTemplate\":\"https:\\\/\\\/www.modula.eu\\\/fr\\\/?s={search_term_string}\"},\"query-input\":{\"@type\":\"PropertyValueSpecification\",\"valueRequired\":true,\"valueName\":\"search_term_string\"}}],\"inLanguage\":\"fr-FR\"},{\"@type\":\"Organization\",\"@id\":\"https:\\\/\\\/www.modula.eu\\\/fr\\\/#organization\",\"name\":\"Modula\",\"url\":\"https:\\\/\\\/www.modula.eu\\\/fr\\\/\",\"logo\":{\"@type\":\"ImageObject\",\"inLanguage\":\"fr-FR\",\"@id\":\"https:\\\/\\\/www.modula.eu\\\/fr\\\/#\\\/schema\\\/logo\\\/image\\\/\",\"url\":\"https:\\\/\\\/www.modula.eu\\\/wp-content\\\/uploads\\\/2022\\\/12\\\/Modula-logo.jpg\",\"contentUrl\":\"https:\\\/\\\/www.modula.eu\\\/wp-content\\\/uploads\\\/2022\\\/12\\\/Modula-logo.jpg\",\"width\":759,\"height\":512,\"caption\":\"Modula\"},\"image\":{\"@id\":\"https:\\\/\\\/www.modula.eu\\\/fr\\\/#\\\/schema\\\/logo\\\/image\\\/\"}}]}<\/script>\n<!-- \/ Yoast SEO plugin. -->","yoast_head_json":{"title":"Pick to Color Cart: Syst\u00e8me de pr\u00e9l\u00e8vement avanc\u00e9 pour une efficacit\u00e9 maximale | Modula","description":"D\u00e9couvrez Pick to Color Cart, la solution innovante de Modula pour optimiser les op\u00e9rations de picking dans votre entrep\u00f4t. Gr\u00e2ce au syst\u00e8me intuitif de guide de lumi\u00e8re multicolore, r\u00e9duisez les erreurs et augmentez la vitesse de pr\u00e9l\u00e8vement. Id\u00e9al pour les entreprises recherchant efficacit\u00e9 et pr\u00e9cision dans les op\u00e9rations d\u2019entreposage et de distribution.","robots":{"index":"index","follow":"follow","max-snippet":"max-snippet:-1","max-image-preview":"max-image-preview:large","max-video-preview":"max-video-preview:-1"},"canonical":"https:\/\/www.modula.eu\/fr\/solutions-de-picking-pour-la-preparation-de-commandes\/pick-2-color-cart\/","og_locale":"fr_FR","og_type":"article","og_title":"Pick to Color Cart: Syst\u00e8me de pr\u00e9l\u00e8vement avanc\u00e9 pour une efficacit\u00e9 maximale | Modula","og_description":"D\u00e9couvrez Pick to Color Cart, la solution innovante de Modula pour optimiser les op\u00e9rations de picking dans votre entrep\u00f4t. Gr\u00e2ce au syst\u00e8me intuitif de guide de lumi\u00e8re multicolore, r\u00e9duisez les erreurs et augmentez la vitesse de pr\u00e9l\u00e8vement. Id\u00e9al pour les entreprises recherchant efficacit\u00e9 et pr\u00e9cision dans les op\u00e9rations d\u2019entreposage et de distribution.","og_url":"https:\/\/www.modula.eu\/fr\/solutions-de-picking-pour-la-preparation-de-commandes\/pick-2-color-cart\/","og_site_name":"Modula","article_modified_time":"2026-02-18T09:27:18+00:00","og_image":[{"width":1024,"height":768,"url":"https:\/\/www.modula.eu\/wp-content\/uploads\/2025\/02\/IMG_0079-1-1024x768.jpg","type":"image\/jpeg"}],"twitter_card":"summary_large_image","schema":{"@context":"https:\/\/schema.org","@graph":[{"@type":"WebPage","@id":"https:\/\/www.modula.eu\/fr\/solutions-de-picking-pour-la-preparation-de-commandes\/pick-2-color-cart\/","url":"https:\/\/www.modula.eu\/fr\/solutions-de-picking-pour-la-preparation-de-commandes\/pick-2-color-cart\/","name":"Pick to Color Cart: Syst\u00e8me de pr\u00e9l\u00e8vement avanc\u00e9 pour une efficacit\u00e9 maximale | Modula","isPartOf":{"@id":"https:\/\/www.modula.eu\/fr\/#website"},"primaryImageOfPage":{"@id":"https:\/\/www.modula.eu\/fr\/solutions-de-picking-pour-la-preparation-de-commandes\/pick-2-color-cart\/#primaryimage"},"image":{"@id":"https:\/\/www.modula.eu\/fr\/solutions-de-picking-pour-la-preparation-de-commandes\/pick-2-color-cart\/#primaryimage"},"thumbnailUrl":"https:\/\/www.modula.eu\/wp-content\/uploads\/2025\/02\/IMG_0079-1-scaled.jpg","datePublished":"2024-12-17T13:45:41+00:00","dateModified":"2026-02-18T09:27:18+00:00","description":"D\u00e9couvrez Pick to Color Cart, la solution innovante de Modula pour optimiser les op\u00e9rations de picking dans votre entrep\u00f4t. Gr\u00e2ce au syst\u00e8me intuitif de guide de lumi\u00e8re multicolore, r\u00e9duisez les erreurs et augmentez la vitesse de pr\u00e9l\u00e8vement. Id\u00e9al pour les entreprises recherchant efficacit\u00e9 et pr\u00e9cision dans les op\u00e9rations d\u2019entreposage et de distribution.","breadcrumb":{"@id":"https:\/\/www.modula.eu\/fr\/solutions-de-picking-pour-la-preparation-de-commandes\/pick-2-color-cart\/#breadcrumb"},"inLanguage":"fr-FR","potentialAction":[{"@type":"ReadAction","target":["https:\/\/www.modula.eu\/fr\/solutions-de-picking-pour-la-preparation-de-commandes\/pick-2-color-cart\/"]}]},{"@type":"ImageObject","inLanguage":"fr-FR","@id":"https:\/\/www.modula.eu\/fr\/solutions-de-picking-pour-la-preparation-de-commandes\/pick-2-color-cart\/#primaryimage","url":"https:\/\/www.modula.eu\/wp-content\/uploads\/2025\/02\/IMG_0079-1-scaled.jpg","contentUrl":"https:\/\/www.modula.eu\/wp-content\/uploads\/2025\/02\/IMG_0079-1-scaled.jpg","width":2560,"height":1920},{"@type":"BreadcrumbList","@id":"https:\/\/www.modula.eu\/fr\/solutions-de-picking-pour-la-preparation-de-commandes\/pick-2-color-cart\/#breadcrumb","itemListElement":[{"@type":"ListItem","position":1,"name":"Home","item":"https:\/\/www.modula.eu\/fr\/"},{"@type":"ListItem","position":2,"name":"Produits","item":"https:\/\/www.modula.eu\/fr\/produits-de-stockage-interne\/"},{"@type":"ListItem","position":3,"name":"Solutions de picking pour la pr\u00e9paration de commandes","item":"https:\/\/www.modula.eu\/fr\/solutions-de-picking-pour-la-preparation-de-commandes\/"},{"@type":"ListItem","position":4,"name":"Pick to Color Cart"}]},{"@type":"WebSite","@id":"https:\/\/www.modula.eu\/fr\/#website","url":"https:\/\/www.modula.eu\/fr\/","name":"Modula","description":"Think Vertical","publisher":{"@id":"https:\/\/www.modula.eu\/fr\/#organization"},"potentialAction":[{"@type":"SearchAction","target":{"@type":"EntryPoint","urlTemplate":"https:\/\/www.modula.eu\/fr\/?s={search_term_string}"},"query-input":{"@type":"PropertyValueSpecification","valueRequired":true,"valueName":"search_term_string"}}],"inLanguage":"fr-FR"},{"@type":"Organization","@id":"https:\/\/www.modula.eu\/fr\/#organization","name":"Modula","url":"https:\/\/www.modula.eu\/fr\/","logo":{"@type":"ImageObject","inLanguage":"fr-FR","@id":"https:\/\/www.modula.eu\/fr\/#\/schema\/logo\/image\/","url":"https:\/\/www.modula.eu\/wp-content\/uploads\/2022\/12\/Modula-logo.jpg","contentUrl":"https:\/\/www.modula.eu\/wp-content\/uploads\/2022\/12\/Modula-logo.jpg","width":759,"height":512,"caption":"Modula"},"image":{"@id":"https:\/\/www.modula.eu\/fr\/#\/schema\/logo\/image\/"}}]}},"_links":{"self":[{"href":"https:\/\/www.modula.eu\/fr\/wp-json\/wp\/v2\/pages\/47403","targetHints":{"allow":["GET"]}}],"collection":[{"href":"https:\/\/www.modula.eu\/fr\/wp-json\/wp\/v2\/pages"}],"about":[{"href":"https:\/\/www.modula.eu\/fr\/wp-json\/wp\/v2\/types\/page"}],"author":[{"embeddable":true,"href":"https:\/\/www.modula.eu\/fr\/wp-json\/wp\/v2\/users\/1"}],"replies":[{"embeddable":true,"href":"https:\/\/www.modula.eu\/fr\/wp-json\/wp\/v2\/comments?post=47403"}],"version-history":[{"count":4,"href":"https:\/\/www.modula.eu\/fr\/wp-json\/wp\/v2\/pages\/47403\/revisions"}],"predecessor-version":[{"id":73821,"href":"https:\/\/www.modula.eu\/fr\/wp-json\/wp\/v2\/pages\/47403\/revisions\/73821"}],"up":[{"embeddable":true,"href":"https:\/\/www.modula.eu\/fr\/wp-json\/wp\/v2\/pages\/47380"}],"wp:featuredmedia":[{"embeddable":true,"href":"https:\/\/www.modula.eu\/fr\/wp-json\/wp\/v2\/media\/49782"}],"wp:attachment":[{"href":"https:\/\/www.modula.eu\/fr\/wp-json\/wp\/v2\/media?parent=47403"}],"curies":[{"name":"wp","href":"https:\/\/api.w.org\/{rel}","templated":true}]}}