{"id":47408,"date":"2024-12-04T16:18:35","date_gmt":"2024-12-04T15:18:35","guid":{"rendered":"https:\/\/www.modula.eu\/produits\/soluzioni-avanzate-di-picking\/mobile-picking-app\/"},"modified":"2025-03-17T12:29:25","modified_gmt":"2025-03-17T11:29:25","slug":"mobile-picking-app","status":"publish","type":"page","link":"https:\/\/www.modula.eu\/fr\/solutions-de-picking-pour-la-preparation-de-commandes\/mobile-picking-app\/","title":{"rendered":"Mobile Picking APP"},"content":{"rendered":"","protected":false},"excerpt":{"rendered":"","protected":false},"author":1,"featured_media":6143,"parent":47380,"menu_order":2,"comment_status":"closed","ping_status":"closed","template":"product-single.php","meta":{"_acf_changed":false,"inline_featured_image":false,"mapsvg_location":"","footnotes":""},"class_list":["post-47408","page","type-page","status-publish","has-post-thumbnail","hentry"],"acf":[],"yoast_head":"<!-- This site is optimized with the Yoast SEO plugin v27.3 - https:\/\/yoast.com\/product\/yoast-seo-wordpress\/ -->\n<title>Mobile Picking APP : application de pr\u00e9l\u00e8vement mobile | Modula<\/title>\n<meta name=\"description\" content=\"L&#039;interface utilisateur intuitive vous permet d&#039;effectuer le pr\u00e9l\u00e8vement et le d\u00e9p\u00f4t des mat\u00e9riaux en quelques clics. D\u00e9couvrez les solutions Picking de Modula.\" \/>\n<meta name=\"robots\" content=\"index, follow, max-snippet:-1, max-image-preview:large, max-video-preview:-1\" \/>\n<link rel=\"canonical\" href=\"https:\/\/www.modula.eu\/fr\/solutions-de-picking-pour-la-preparation-de-commandes\/mobile-picking-app\/\" \/>\n<meta property=\"og:locale\" content=\"fr_FR\" \/>\n<meta property=\"og:type\" content=\"article\" \/>\n<meta property=\"og:title\" content=\"Mobile Picking APP : application de pr\u00e9l\u00e8vement mobile | Modula\" \/>\n<meta property=\"og:description\" content=\"L&#039;interface utilisateur intuitive vous permet d&#039;effectuer le pr\u00e9l\u00e8vement et le d\u00e9p\u00f4t des mat\u00e9riaux en quelques clics. D\u00e9couvrez les solutions Picking de Modula.\" \/>\n<meta property=\"og:url\" content=\"https:\/\/www.modula.eu\/fr\/solutions-de-picking-pour-la-preparation-de-commandes\/mobile-picking-app\/\" \/>\n<meta property=\"og:site_name\" content=\"Modula\" \/>\n<meta property=\"article:modified_time\" content=\"2025-03-17T11:29:25+00:00\" \/>\n<meta property=\"og:image\" content=\"https:\/\/www.modula.eu\/wp-content\/uploads\/2022\/06\/obile-app.jpg\" \/>\n\t<meta property=\"og:image:width\" content=\"540\" \/>\n\t<meta property=\"og:image:height\" content=\"300\" \/>\n\t<meta property=\"og:image:type\" content=\"image\/jpeg\" \/>\n<meta name=\"twitter:card\" content=\"summary_large_image\" \/>\n<script type=\"application\/ld+json\" class=\"yoast-schema-graph\">{\"@context\":\"https:\\\/\\\/schema.org\",\"@graph\":[{\"@type\":\"WebPage\",\"@id\":\"https:\\\/\\\/www.modula.eu\\\/fr\\\/solutions-de-picking-pour-la-preparation-de-commandes\\\/mobile-picking-app\\\/\",\"url\":\"https:\\\/\\\/www.modula.eu\\\/fr\\\/solutions-de-picking-pour-la-preparation-de-commandes\\\/mobile-picking-app\\\/\",\"name\":\"Mobile Picking APP : application de pr\u00e9l\u00e8vement mobile | Modula\",\"isPartOf\":{\"@id\":\"https:\\\/\\\/www.modula.eu\\\/fr\\\/#website\"},\"primaryImageOfPage\":{\"@id\":\"https:\\\/\\\/www.modula.eu\\\/fr\\\/solutions-de-picking-pour-la-preparation-de-commandes\\\/mobile-picking-app\\\/#primaryimage\"},\"image\":{\"@id\":\"https:\\\/\\\/www.modula.eu\\\/fr\\\/solutions-de-picking-pour-la-preparation-de-commandes\\\/mobile-picking-app\\\/#primaryimage\"},\"thumbnailUrl\":\"https:\\\/\\\/www.modula.eu\\\/wp-content\\\/uploads\\\/2022\\\/06\\\/obile-app.jpg\",\"datePublished\":\"2024-12-04T15:18:35+00:00\",\"dateModified\":\"2025-03-17T11:29:25+00:00\",\"description\":\"L'interface utilisateur intuitive vous permet d'effectuer le pr\u00e9l\u00e8vement et le d\u00e9p\u00f4t des mat\u00e9riaux en quelques clics. D\u00e9couvrez les solutions Picking de Modula.\",\"breadcrumb\":{\"@id\":\"https:\\\/\\\/www.modula.eu\\\/fr\\\/solutions-de-picking-pour-la-preparation-de-commandes\\\/mobile-picking-app\\\/#breadcrumb\"},\"inLanguage\":\"fr-FR\",\"potentialAction\":[{\"@type\":\"ReadAction\",\"target\":[\"https:\\\/\\\/www.modula.eu\\\/fr\\\/solutions-de-picking-pour-la-preparation-de-commandes\\\/mobile-picking-app\\\/\"]}]},{\"@type\":\"ImageObject\",\"inLanguage\":\"fr-FR\",\"@id\":\"https:\\\/\\\/www.modula.eu\\\/fr\\\/solutions-de-picking-pour-la-preparation-de-commandes\\\/mobile-picking-app\\\/#primaryimage\",\"url\":\"https:\\\/\\\/www.modula.eu\\\/wp-content\\\/uploads\\\/2022\\\/06\\\/obile-app.jpg\",\"contentUrl\":\"https:\\\/\\\/www.modula.eu\\\/wp-content\\\/uploads\\\/2022\\\/06\\\/obile-app.jpg\",\"width\":540,\"height\":300},{\"@type\":\"BreadcrumbList\",\"@id\":\"https:\\\/\\\/www.modula.eu\\\/fr\\\/solutions-de-picking-pour-la-preparation-de-commandes\\\/mobile-picking-app\\\/#breadcrumb\",\"itemListElement\":[{\"@type\":\"ListItem\",\"position\":1,\"name\":\"Home\",\"item\":\"https:\\\/\\\/www.modula.eu\\\/fr\\\/\"},{\"@type\":\"ListItem\",\"position\":2,\"name\":\"Produits\",\"item\":\"https:\\\/\\\/www.modula.eu\\\/fr\\\/produits-de-stockage-interne\\\/\"},{\"@type\":\"ListItem\",\"position\":3,\"name\":\"Solutions de picking pour la pr\u00e9paration de commandes\",\"item\":\"https:\\\/\\\/www.modula.eu\\\/fr\\\/solutions-de-picking-pour-la-preparation-de-commandes\\\/\"},{\"@type\":\"ListItem\",\"position\":4,\"name\":\"Mobile Picking APP\"}]},{\"@type\":\"WebSite\",\"@id\":\"https:\\\/\\\/www.modula.eu\\\/fr\\\/#website\",\"url\":\"https:\\\/\\\/www.modula.eu\\\/fr\\\/\",\"name\":\"Modula\",\"description\":\"Think Vertical\",\"publisher\":{\"@id\":\"https:\\\/\\\/www.modula.eu\\\/fr\\\/#organization\"},\"potentialAction\":[{\"@type\":\"SearchAction\",\"target\":{\"@type\":\"EntryPoint\",\"urlTemplate\":\"https:\\\/\\\/www.modula.eu\\\/fr\\\/?s={search_term_string}\"},\"query-input\":{\"@type\":\"PropertyValueSpecification\",\"valueRequired\":true,\"valueName\":\"search_term_string\"}}],\"inLanguage\":\"fr-FR\"},{\"@type\":\"Organization\",\"@id\":\"https:\\\/\\\/www.modula.eu\\\/fr\\\/#organization\",\"name\":\"Modula\",\"url\":\"https:\\\/\\\/www.modula.eu\\\/fr\\\/\",\"logo\":{\"@type\":\"ImageObject\",\"inLanguage\":\"fr-FR\",\"@id\":\"https:\\\/\\\/www.modula.eu\\\/fr\\\/#\\\/schema\\\/logo\\\/image\\\/\",\"url\":\"https:\\\/\\\/www.modula.eu\\\/wp-content\\\/uploads\\\/2022\\\/12\\\/Modula-logo.jpg\",\"contentUrl\":\"https:\\\/\\\/www.modula.eu\\\/wp-content\\\/uploads\\\/2022\\\/12\\\/Modula-logo.jpg\",\"width\":759,\"height\":512,\"caption\":\"Modula\"},\"image\":{\"@id\":\"https:\\\/\\\/www.modula.eu\\\/fr\\\/#\\\/schema\\\/logo\\\/image\\\/\"}}]}<\/script>\n<!-- \/ Yoast SEO plugin. -->","yoast_head_json":{"title":"Mobile Picking APP : application de pr\u00e9l\u00e8vement mobile | Modula","description":"L'interface utilisateur intuitive vous permet d'effectuer le pr\u00e9l\u00e8vement et le d\u00e9p\u00f4t des mat\u00e9riaux en quelques clics. D\u00e9couvrez les solutions Picking de Modula.","robots":{"index":"index","follow":"follow","max-snippet":"max-snippet:-1","max-image-preview":"max-image-preview:large","max-video-preview":"max-video-preview:-1"},"canonical":"https:\/\/www.modula.eu\/fr\/solutions-de-picking-pour-la-preparation-de-commandes\/mobile-picking-app\/","og_locale":"fr_FR","og_type":"article","og_title":"Mobile Picking APP : application de pr\u00e9l\u00e8vement mobile | Modula","og_description":"L'interface utilisateur intuitive vous permet d'effectuer le pr\u00e9l\u00e8vement et le d\u00e9p\u00f4t des mat\u00e9riaux en quelques clics. D\u00e9couvrez les solutions Picking de Modula.","og_url":"https:\/\/www.modula.eu\/fr\/solutions-de-picking-pour-la-preparation-de-commandes\/mobile-picking-app\/","og_site_name":"Modula","article_modified_time":"2025-03-17T11:29:25+00:00","og_image":[{"width":540,"height":300,"url":"https:\/\/www.modula.eu\/wp-content\/uploads\/2022\/06\/obile-app.jpg","type":"image\/jpeg"}],"twitter_card":"summary_large_image","schema":{"@context":"https:\/\/schema.org","@graph":[{"@type":"WebPage","@id":"https:\/\/www.modula.eu\/fr\/solutions-de-picking-pour-la-preparation-de-commandes\/mobile-picking-app\/","url":"https:\/\/www.modula.eu\/fr\/solutions-de-picking-pour-la-preparation-de-commandes\/mobile-picking-app\/","name":"Mobile Picking APP : application de pr\u00e9l\u00e8vement mobile | Modula","isPartOf":{"@id":"https:\/\/www.modula.eu\/fr\/#website"},"primaryImageOfPage":{"@id":"https:\/\/www.modula.eu\/fr\/solutions-de-picking-pour-la-preparation-de-commandes\/mobile-picking-app\/#primaryimage"},"image":{"@id":"https:\/\/www.modula.eu\/fr\/solutions-de-picking-pour-la-preparation-de-commandes\/mobile-picking-app\/#primaryimage"},"thumbnailUrl":"https:\/\/www.modula.eu\/wp-content\/uploads\/2022\/06\/obile-app.jpg","datePublished":"2024-12-04T15:18:35+00:00","dateModified":"2025-03-17T11:29:25+00:00","description":"L'interface utilisateur intuitive vous permet d'effectuer le pr\u00e9l\u00e8vement et le d\u00e9p\u00f4t des mat\u00e9riaux en quelques clics. D\u00e9couvrez les solutions Picking de Modula.","breadcrumb":{"@id":"https:\/\/www.modula.eu\/fr\/solutions-de-picking-pour-la-preparation-de-commandes\/mobile-picking-app\/#breadcrumb"},"inLanguage":"fr-FR","potentialAction":[{"@type":"ReadAction","target":["https:\/\/www.modula.eu\/fr\/solutions-de-picking-pour-la-preparation-de-commandes\/mobile-picking-app\/"]}]},{"@type":"ImageObject","inLanguage":"fr-FR","@id":"https:\/\/www.modula.eu\/fr\/solutions-de-picking-pour-la-preparation-de-commandes\/mobile-picking-app\/#primaryimage","url":"https:\/\/www.modula.eu\/wp-content\/uploads\/2022\/06\/obile-app.jpg","contentUrl":"https:\/\/www.modula.eu\/wp-content\/uploads\/2022\/06\/obile-app.jpg","width":540,"height":300},{"@type":"BreadcrumbList","@id":"https:\/\/www.modula.eu\/fr\/solutions-de-picking-pour-la-preparation-de-commandes\/mobile-picking-app\/#breadcrumb","itemListElement":[{"@type":"ListItem","position":1,"name":"Home","item":"https:\/\/www.modula.eu\/fr\/"},{"@type":"ListItem","position":2,"name":"Produits","item":"https:\/\/www.modula.eu\/fr\/produits-de-stockage-interne\/"},{"@type":"ListItem","position":3,"name":"Solutions de picking pour la pr\u00e9paration de commandes","item":"https:\/\/www.modula.eu\/fr\/solutions-de-picking-pour-la-preparation-de-commandes\/"},{"@type":"ListItem","position":4,"name":"Mobile Picking APP"}]},{"@type":"WebSite","@id":"https:\/\/www.modula.eu\/fr\/#website","url":"https:\/\/www.modula.eu\/fr\/","name":"Modula","description":"Think Vertical","publisher":{"@id":"https:\/\/www.modula.eu\/fr\/#organization"},"potentialAction":[{"@type":"SearchAction","target":{"@type":"EntryPoint","urlTemplate":"https:\/\/www.modula.eu\/fr\/?s={search_term_string}"},"query-input":{"@type":"PropertyValueSpecification","valueRequired":true,"valueName":"search_term_string"}}],"inLanguage":"fr-FR"},{"@type":"Organization","@id":"https:\/\/www.modula.eu\/fr\/#organization","name":"Modula","url":"https:\/\/www.modula.eu\/fr\/","logo":{"@type":"ImageObject","inLanguage":"fr-FR","@id":"https:\/\/www.modula.eu\/fr\/#\/schema\/logo\/image\/","url":"https:\/\/www.modula.eu\/wp-content\/uploads\/2022\/12\/Modula-logo.jpg","contentUrl":"https:\/\/www.modula.eu\/wp-content\/uploads\/2022\/12\/Modula-logo.jpg","width":759,"height":512,"caption":"Modula"},"image":{"@id":"https:\/\/www.modula.eu\/fr\/#\/schema\/logo\/image\/"}}]}},"_links":{"self":[{"href":"https:\/\/www.modula.eu\/fr\/wp-json\/wp\/v2\/pages\/47408","targetHints":{"allow":["GET"]}}],"collection":[{"href":"https:\/\/www.modula.eu\/fr\/wp-json\/wp\/v2\/pages"}],"about":[{"href":"https:\/\/www.modula.eu\/fr\/wp-json\/wp\/v2\/types\/page"}],"author":[{"embeddable":true,"href":"https:\/\/www.modula.eu\/fr\/wp-json\/wp\/v2\/users\/1"}],"replies":[{"embeddable":true,"href":"https:\/\/www.modula.eu\/fr\/wp-json\/wp\/v2\/comments?post=47408"}],"version-history":[{"count":0,"href":"https:\/\/www.modula.eu\/fr\/wp-json\/wp\/v2\/pages\/47408\/revisions"}],"up":[{"embeddable":true,"href":"https:\/\/www.modula.eu\/fr\/wp-json\/wp\/v2\/pages\/47380"}],"wp:featuredmedia":[{"embeddable":true,"href":"https:\/\/www.modula.eu\/fr\/wp-json\/wp\/v2\/media\/6143"}],"wp:attachment":[{"href":"https:\/\/www.modula.eu\/fr\/wp-json\/wp\/v2\/media?parent=47408"}],"curies":[{"name":"wp","href":"https:\/\/api.w.org\/{rel}","templated":true}]}}