{"id":51196,"date":"2025-02-13T16:17:06","date_gmt":"2025-02-13T15:17:06","guid":{"rendered":"https:\/\/www.modula.eu\/modula-lflexi-2-2\/"},"modified":"2025-10-29T08:34:46","modified_gmt":"2025-10-29T07:34:46","slug":"modula-flexibox","status":"publish","type":"page","link":"https:\/\/www.modula.eu\/fr\/produits-de-stockage-interne\/modula-flexibox\/","title":{"rendered":"Modula Flexibox"},"content":{"rendered":"","protected":false},"excerpt":{"rendered":"","protected":false},"author":1,"featured_media":50112,"parent":8034,"menu_order":3,"comment_status":"closed","ping_status":"closed","template":"product-single.php","meta":{"_acf_changed":false,"inline_featured_image":false,"mapsvg_location":"","footnotes":""},"class_list":["post-51196","page","type-page","status-publish","has-post-thumbnail","hentry"],"acf":[],"yoast_head":"<!-- This site is optimized with the Yoast SEO plugin v27.3 - https:\/\/yoast.com\/product\/yoast-seo-wordpress\/ -->\n<title>Modula Flexibox : magasin vertical automatique pour un picking efficace | Modula<\/title>\n<meta name=\"description\" content=\"D\u00e9couvrez Modula Flexibox, le magasin vertical automatique id\u00e9al pour la gestion des commandes, le kitting et le stockage. Capable de traiter jusqu&#039;\u00e0 180 caisses par heure, il offre un picking rapide et pr\u00e9cis, optimisant les flux de travail gr\u00e2ce au logiciel WMS.\" \/>\n<meta name=\"robots\" content=\"index, follow, max-snippet:-1, max-image-preview:large, max-video-preview:-1\" \/>\n<link rel=\"canonical\" href=\"https:\/\/www.modula.eu\/fr\/produits-de-stockage-interne\/modula-flexibox\/\" \/>\n<meta property=\"og:locale\" content=\"fr_FR\" \/>\n<meta property=\"og:type\" content=\"article\" \/>\n<meta property=\"og:title\" content=\"Modula Flexibox : magasin vertical automatique pour un picking efficace | Modula\" \/>\n<meta property=\"og:description\" content=\"D\u00e9couvrez Modula Flexibox, le magasin vertical automatique id\u00e9al pour la gestion des commandes, le kitting et le stockage. Capable de traiter jusqu&#039;\u00e0 180 caisses par heure, il offre un picking rapide et pr\u00e9cis, optimisant les flux de travail gr\u00e2ce au logiciel WMS.\" \/>\n<meta property=\"og:url\" content=\"https:\/\/www.modula.eu\/fr\/produits-de-stockage-interne\/modula-flexibox\/\" \/>\n<meta property=\"og:site_name\" content=\"Modula\" \/>\n<meta property=\"article:modified_time\" content=\"2025-10-29T07:34:46+00:00\" \/>\n<meta property=\"og:image\" content=\"https:\/\/www.modula.eu\/wp-content\/uploads\/2025\/02\/Rendering_5K_15.png\" \/>\n\t<meta property=\"og:image:width\" content=\"1000\" \/>\n\t<meta property=\"og:image:height\" content=\"2000\" \/>\n\t<meta property=\"og:image:type\" content=\"image\/png\" \/>\n<meta name=\"twitter:card\" content=\"summary_large_image\" \/>\n<script type=\"application\/ld+json\" class=\"yoast-schema-graph\">{\"@context\":\"https:\\\/\\\/schema.org\",\"@graph\":[{\"@type\":\"WebPage\",\"@id\":\"https:\\\/\\\/www.modula.eu\\\/fr\\\/produits-de-stockage-interne\\\/modula-flexibox\\\/\",\"url\":\"https:\\\/\\\/www.modula.eu\\\/fr\\\/produits-de-stockage-interne\\\/modula-flexibox\\\/\",\"name\":\"Modula Flexibox : magasin vertical automatique pour un picking efficace | Modula\",\"isPartOf\":{\"@id\":\"https:\\\/\\\/www.modula.eu\\\/fr\\\/#website\"},\"primaryImageOfPage\":{\"@id\":\"https:\\\/\\\/www.modula.eu\\\/fr\\\/produits-de-stockage-interne\\\/modula-flexibox\\\/#primaryimage\"},\"image\":{\"@id\":\"https:\\\/\\\/www.modula.eu\\\/fr\\\/produits-de-stockage-interne\\\/modula-flexibox\\\/#primaryimage\"},\"thumbnailUrl\":\"https:\\\/\\\/www.modula.eu\\\/wp-content\\\/uploads\\\/2025\\\/02\\\/Rendering_5K_15.png\",\"datePublished\":\"2025-02-13T15:17:06+00:00\",\"dateModified\":\"2025-10-29T07:34:46+00:00\",\"description\":\"D\u00e9couvrez Modula Flexibox, le magasin vertical automatique id\u00e9al pour la gestion des commandes, le kitting et le stockage. Capable de traiter jusqu'\u00e0 180 caisses par heure, il offre un picking rapide et pr\u00e9cis, optimisant les flux de travail gr\u00e2ce au logiciel WMS.\",\"breadcrumb\":{\"@id\":\"https:\\\/\\\/www.modula.eu\\\/fr\\\/produits-de-stockage-interne\\\/modula-flexibox\\\/#breadcrumb\"},\"inLanguage\":\"fr-FR\",\"potentialAction\":[{\"@type\":\"ReadAction\",\"target\":[\"https:\\\/\\\/www.modula.eu\\\/fr\\\/produits-de-stockage-interne\\\/modula-flexibox\\\/\"]}]},{\"@type\":\"ImageObject\",\"inLanguage\":\"fr-FR\",\"@id\":\"https:\\\/\\\/www.modula.eu\\\/fr\\\/produits-de-stockage-interne\\\/modula-flexibox\\\/#primaryimage\",\"url\":\"https:\\\/\\\/www.modula.eu\\\/wp-content\\\/uploads\\\/2025\\\/02\\\/Rendering_5K_15.png\",\"contentUrl\":\"https:\\\/\\\/www.modula.eu\\\/wp-content\\\/uploads\\\/2025\\\/02\\\/Rendering_5K_15.png\",\"width\":1000,\"height\":2000,\"caption\":\"Modula Flexibox, magazzino verticale automatico\"},{\"@type\":\"BreadcrumbList\",\"@id\":\"https:\\\/\\\/www.modula.eu\\\/fr\\\/produits-de-stockage-interne\\\/modula-flexibox\\\/#breadcrumb\",\"itemListElement\":[{\"@type\":\"ListItem\",\"position\":1,\"name\":\"Home\",\"item\":\"https:\\\/\\\/www.modula.eu\\\/fr\\\/\"},{\"@type\":\"ListItem\",\"position\":2,\"name\":\"Produits\",\"item\":\"https:\\\/\\\/www.modula.eu\\\/fr\\\/produits-de-stockage-interne\\\/\"},{\"@type\":\"ListItem\",\"position\":3,\"name\":\"Modula Flexibox\"}]},{\"@type\":\"WebSite\",\"@id\":\"https:\\\/\\\/www.modula.eu\\\/fr\\\/#website\",\"url\":\"https:\\\/\\\/www.modula.eu\\\/fr\\\/\",\"name\":\"Modula\",\"description\":\"Think Vertical\",\"publisher\":{\"@id\":\"https:\\\/\\\/www.modula.eu\\\/fr\\\/#organization\"},\"potentialAction\":[{\"@type\":\"SearchAction\",\"target\":{\"@type\":\"EntryPoint\",\"urlTemplate\":\"https:\\\/\\\/www.modula.eu\\\/fr\\\/?s={search_term_string}\"},\"query-input\":{\"@type\":\"PropertyValueSpecification\",\"valueRequired\":true,\"valueName\":\"search_term_string\"}}],\"inLanguage\":\"fr-FR\"},{\"@type\":\"Organization\",\"@id\":\"https:\\\/\\\/www.modula.eu\\\/fr\\\/#organization\",\"name\":\"Modula\",\"url\":\"https:\\\/\\\/www.modula.eu\\\/fr\\\/\",\"logo\":{\"@type\":\"ImageObject\",\"inLanguage\":\"fr-FR\",\"@id\":\"https:\\\/\\\/www.modula.eu\\\/fr\\\/#\\\/schema\\\/logo\\\/image\\\/\",\"url\":\"https:\\\/\\\/www.modula.eu\\\/wp-content\\\/uploads\\\/2022\\\/12\\\/Modula-logo.jpg\",\"contentUrl\":\"https:\\\/\\\/www.modula.eu\\\/wp-content\\\/uploads\\\/2022\\\/12\\\/Modula-logo.jpg\",\"width\":759,\"height\":512,\"caption\":\"Modula\"},\"image\":{\"@id\":\"https:\\\/\\\/www.modula.eu\\\/fr\\\/#\\\/schema\\\/logo\\\/image\\\/\"}}]}<\/script>\n<!-- \/ Yoast SEO plugin. -->","yoast_head_json":{"title":"Modula Flexibox : magasin vertical automatique pour un picking efficace | Modula","description":"D\u00e9couvrez Modula Flexibox, le magasin vertical automatique id\u00e9al pour la gestion des commandes, le kitting et le stockage. Capable de traiter jusqu'\u00e0 180 caisses par heure, il offre un picking rapide et pr\u00e9cis, optimisant les flux de travail gr\u00e2ce au logiciel WMS.","robots":{"index":"index","follow":"follow","max-snippet":"max-snippet:-1","max-image-preview":"max-image-preview:large","max-video-preview":"max-video-preview:-1"},"canonical":"https:\/\/www.modula.eu\/fr\/produits-de-stockage-interne\/modula-flexibox\/","og_locale":"fr_FR","og_type":"article","og_title":"Modula Flexibox : magasin vertical automatique pour un picking efficace | Modula","og_description":"D\u00e9couvrez Modula Flexibox, le magasin vertical automatique id\u00e9al pour la gestion des commandes, le kitting et le stockage. Capable de traiter jusqu'\u00e0 180 caisses par heure, il offre un picking rapide et pr\u00e9cis, optimisant les flux de travail gr\u00e2ce au logiciel WMS.","og_url":"https:\/\/www.modula.eu\/fr\/produits-de-stockage-interne\/modula-flexibox\/","og_site_name":"Modula","article_modified_time":"2025-10-29T07:34:46+00:00","og_image":[{"width":1000,"height":2000,"url":"https:\/\/www.modula.eu\/wp-content\/uploads\/2025\/02\/Rendering_5K_15.png","type":"image\/png"}],"twitter_card":"summary_large_image","schema":{"@context":"https:\/\/schema.org","@graph":[{"@type":"WebPage","@id":"https:\/\/www.modula.eu\/fr\/produits-de-stockage-interne\/modula-flexibox\/","url":"https:\/\/www.modula.eu\/fr\/produits-de-stockage-interne\/modula-flexibox\/","name":"Modula Flexibox : magasin vertical automatique pour un picking efficace | Modula","isPartOf":{"@id":"https:\/\/www.modula.eu\/fr\/#website"},"primaryImageOfPage":{"@id":"https:\/\/www.modula.eu\/fr\/produits-de-stockage-interne\/modula-flexibox\/#primaryimage"},"image":{"@id":"https:\/\/www.modula.eu\/fr\/produits-de-stockage-interne\/modula-flexibox\/#primaryimage"},"thumbnailUrl":"https:\/\/www.modula.eu\/wp-content\/uploads\/2025\/02\/Rendering_5K_15.png","datePublished":"2025-02-13T15:17:06+00:00","dateModified":"2025-10-29T07:34:46+00:00","description":"D\u00e9couvrez Modula Flexibox, le magasin vertical automatique id\u00e9al pour la gestion des commandes, le kitting et le stockage. Capable de traiter jusqu'\u00e0 180 caisses par heure, il offre un picking rapide et pr\u00e9cis, optimisant les flux de travail gr\u00e2ce au logiciel WMS.","breadcrumb":{"@id":"https:\/\/www.modula.eu\/fr\/produits-de-stockage-interne\/modula-flexibox\/#breadcrumb"},"inLanguage":"fr-FR","potentialAction":[{"@type":"ReadAction","target":["https:\/\/www.modula.eu\/fr\/produits-de-stockage-interne\/modula-flexibox\/"]}]},{"@type":"ImageObject","inLanguage":"fr-FR","@id":"https:\/\/www.modula.eu\/fr\/produits-de-stockage-interne\/modula-flexibox\/#primaryimage","url":"https:\/\/www.modula.eu\/wp-content\/uploads\/2025\/02\/Rendering_5K_15.png","contentUrl":"https:\/\/www.modula.eu\/wp-content\/uploads\/2025\/02\/Rendering_5K_15.png","width":1000,"height":2000,"caption":"Modula Flexibox, magazzino verticale automatico"},{"@type":"BreadcrumbList","@id":"https:\/\/www.modula.eu\/fr\/produits-de-stockage-interne\/modula-flexibox\/#breadcrumb","itemListElement":[{"@type":"ListItem","position":1,"name":"Home","item":"https:\/\/www.modula.eu\/fr\/"},{"@type":"ListItem","position":2,"name":"Produits","item":"https:\/\/www.modula.eu\/fr\/produits-de-stockage-interne\/"},{"@type":"ListItem","position":3,"name":"Modula Flexibox"}]},{"@type":"WebSite","@id":"https:\/\/www.modula.eu\/fr\/#website","url":"https:\/\/www.modula.eu\/fr\/","name":"Modula","description":"Think Vertical","publisher":{"@id":"https:\/\/www.modula.eu\/fr\/#organization"},"potentialAction":[{"@type":"SearchAction","target":{"@type":"EntryPoint","urlTemplate":"https:\/\/www.modula.eu\/fr\/?s={search_term_string}"},"query-input":{"@type":"PropertyValueSpecification","valueRequired":true,"valueName":"search_term_string"}}],"inLanguage":"fr-FR"},{"@type":"Organization","@id":"https:\/\/www.modula.eu\/fr\/#organization","name":"Modula","url":"https:\/\/www.modula.eu\/fr\/","logo":{"@type":"ImageObject","inLanguage":"fr-FR","@id":"https:\/\/www.modula.eu\/fr\/#\/schema\/logo\/image\/","url":"https:\/\/www.modula.eu\/wp-content\/uploads\/2022\/12\/Modula-logo.jpg","contentUrl":"https:\/\/www.modula.eu\/wp-content\/uploads\/2022\/12\/Modula-logo.jpg","width":759,"height":512,"caption":"Modula"},"image":{"@id":"https:\/\/www.modula.eu\/fr\/#\/schema\/logo\/image\/"}}]}},"_links":{"self":[{"href":"https:\/\/www.modula.eu\/fr\/wp-json\/wp\/v2\/pages\/51196","targetHints":{"allow":["GET"]}}],"collection":[{"href":"https:\/\/www.modula.eu\/fr\/wp-json\/wp\/v2\/pages"}],"about":[{"href":"https:\/\/www.modula.eu\/fr\/wp-json\/wp\/v2\/types\/page"}],"author":[{"embeddable":true,"href":"https:\/\/www.modula.eu\/fr\/wp-json\/wp\/v2\/users\/1"}],"replies":[{"embeddable":true,"href":"https:\/\/www.modula.eu\/fr\/wp-json\/wp\/v2\/comments?post=51196"}],"version-history":[{"count":0,"href":"https:\/\/www.modula.eu\/fr\/wp-json\/wp\/v2\/pages\/51196\/revisions"}],"up":[{"embeddable":true,"href":"https:\/\/www.modula.eu\/fr\/wp-json\/wp\/v2\/pages\/8034"}],"wp:featuredmedia":[{"embeddable":true,"href":"https:\/\/www.modula.eu\/fr\/wp-json\/wp\/v2\/media\/50112"}],"wp:attachment":[{"href":"https:\/\/www.modula.eu\/fr\/wp-json\/wp\/v2\/media?parent=51196"}],"curies":[{"name":"wp","href":"https:\/\/api.w.org\/{rel}","templated":true}]}}