{"id":51808,"date":"2023-07-31T14:29:49","date_gmt":"2023-07-31T12:29:49","guid":{"rendered":"https:\/\/www.modula.eu\/wms-software-2\/modula-wms-premium\/dashboard\/"},"modified":"2025-03-27T11:05:01","modified_gmt":"2025-03-27T10:05:01","slug":"modula-dashboard","status":"publish","type":"page","link":"https:\/\/www.modula.eu\/fr\/logiciel-wms\/modula-wms-premium\/modula-dashboard\/","title":{"rendered":"Dashboard"},"content":{"rendered":"","protected":false},"excerpt":{"rendered":"","protected":false},"author":1,"featured_media":46677,"parent":51796,"menu_order":2,"comment_status":"closed","ping_status":"closed","template":"","meta":{"_acf_changed":false,"inline_featured_image":false,"mapsvg_location":"","footnotes":""},"class_list":["post-51808","page","type-page","status-publish","has-post-thumbnail","hentry"],"acf":[],"yoast_head":"<!-- This site is optimized with the Yoast SEO plugin v27.4 - https:\/\/yoast.com\/product\/yoast-seo-wordpress\/ -->\n<title>Modula Dashboard : outil de surveillance et d&#039;analyse des entrep\u00f4ts | Modula<\/title>\n<meta name=\"description\" content=\"D\u00e9couvrez Modula Dashboard, le tableau de bord num\u00e9rique qui transforme les donn\u00e9es de l&#039;entrep\u00f4t en d\u00e9cisions strat\u00e9giques. Surveillez et analysez les performances de votre entrep\u00f4t automatis\u00e9 vertical en temps r\u00e9el avec des outils d&#039;analyse avanc\u00e9e et de reporting.\" \/>\n<meta name=\"robots\" content=\"index, follow, max-snippet:-1, max-image-preview:large, max-video-preview:-1\" \/>\n<link rel=\"canonical\" href=\"https:\/\/www.modula.eu\/fr\/logiciel-wms\/modula-wms-premium\/modula-dashboard\/\" \/>\n<meta property=\"og:locale\" content=\"fr_FR\" \/>\n<meta property=\"og:type\" content=\"article\" \/>\n<meta property=\"og:title\" content=\"Modula Dashboard : outil de surveillance et d&#039;analyse des entrep\u00f4ts | Modula\" \/>\n<meta property=\"og:description\" content=\"D\u00e9couvrez Modula Dashboard, le tableau de bord num\u00e9rique qui transforme les donn\u00e9es de l&#039;entrep\u00f4t en d\u00e9cisions strat\u00e9giques. Surveillez et analysez les performances de votre entrep\u00f4t automatis\u00e9 vertical en temps r\u00e9el avec des outils d&#039;analyse avanc\u00e9e et de reporting.\" \/>\n<meta property=\"og:url\" content=\"https:\/\/www.modula.eu\/fr\/logiciel-wms\/modula-wms-premium\/modula-dashboard\/\" \/>\n<meta property=\"og:site_name\" content=\"Modula\" \/>\n<meta property=\"article:modified_time\" content=\"2025-03-27T10:05:01+00:00\" \/>\n<meta property=\"og:image\" content=\"https:\/\/www.modula.eu\/wp-content\/uploads\/2025\/01\/DASHBOARD_768x512_2025.jpg\" \/>\n\t<meta property=\"og:image:width\" content=\"768\" \/>\n\t<meta property=\"og:image:height\" content=\"512\" \/>\n\t<meta property=\"og:image:type\" content=\"image\/jpeg\" \/>\n<meta name=\"twitter:card\" content=\"summary_large_image\" \/>\n<script type=\"application\/ld+json\" class=\"yoast-schema-graph\">{\"@context\":\"https:\\\/\\\/schema.org\",\"@graph\":[{\"@type\":\"WebPage\",\"@id\":\"https:\\\/\\\/www.modula.eu\\\/fr\\\/logiciel-wms\\\/modula-wms-premium\\\/modula-dashboard\\\/\",\"url\":\"https:\\\/\\\/www.modula.eu\\\/fr\\\/logiciel-wms\\\/modula-wms-premium\\\/modula-dashboard\\\/\",\"name\":\"Modula Dashboard : outil de surveillance et d'analyse des entrep\u00f4ts | Modula\",\"isPartOf\":{\"@id\":\"https:\\\/\\\/www.modula.eu\\\/fr\\\/#website\"},\"primaryImageOfPage\":{\"@id\":\"https:\\\/\\\/www.modula.eu\\\/fr\\\/logiciel-wms\\\/modula-wms-premium\\\/modula-dashboard\\\/#primaryimage\"},\"image\":{\"@id\":\"https:\\\/\\\/www.modula.eu\\\/fr\\\/logiciel-wms\\\/modula-wms-premium\\\/modula-dashboard\\\/#primaryimage\"},\"thumbnailUrl\":\"https:\\\/\\\/www.modula.eu\\\/wp-content\\\/uploads\\\/2025\\\/01\\\/DASHBOARD_768x512_2025.jpg\",\"datePublished\":\"2023-07-31T12:29:49+00:00\",\"dateModified\":\"2025-03-27T10:05:01+00:00\",\"description\":\"D\u00e9couvrez Modula Dashboard, le tableau de bord num\u00e9rique qui transforme les donn\u00e9es de l'entrep\u00f4t en d\u00e9cisions strat\u00e9giques. Surveillez et analysez les performances de votre entrep\u00f4t automatis\u00e9 vertical en temps r\u00e9el avec des outils d'analyse avanc\u00e9e et de reporting.\",\"breadcrumb\":{\"@id\":\"https:\\\/\\\/www.modula.eu\\\/fr\\\/logiciel-wms\\\/modula-wms-premium\\\/modula-dashboard\\\/#breadcrumb\"},\"inLanguage\":\"fr-FR\",\"potentialAction\":[{\"@type\":\"ReadAction\",\"target\":[\"https:\\\/\\\/www.modula.eu\\\/fr\\\/logiciel-wms\\\/modula-wms-premium\\\/modula-dashboard\\\/\"]}]},{\"@type\":\"ImageObject\",\"inLanguage\":\"fr-FR\",\"@id\":\"https:\\\/\\\/www.modula.eu\\\/fr\\\/logiciel-wms\\\/modula-wms-premium\\\/modula-dashboard\\\/#primaryimage\",\"url\":\"https:\\\/\\\/www.modula.eu\\\/wp-content\\\/uploads\\\/2025\\\/01\\\/DASHBOARD_768x512_2025.jpg\",\"contentUrl\":\"https:\\\/\\\/www.modula.eu\\\/wp-content\\\/uploads\\\/2025\\\/01\\\/DASHBOARD_768x512_2025.jpg\",\"width\":768,\"height\":512},{\"@type\":\"BreadcrumbList\",\"@id\":\"https:\\\/\\\/www.modula.eu\\\/fr\\\/logiciel-wms\\\/modula-wms-premium\\\/modula-dashboard\\\/#breadcrumb\",\"itemListElement\":[{\"@type\":\"ListItem\",\"position\":1,\"name\":\"Home\",\"item\":\"https:\\\/\\\/www.modula.eu\\\/fr\\\/\"},{\"@type\":\"ListItem\",\"position\":2,\"name\":\"Software\",\"item\":\"https:\\\/\\\/www.modula.eu\\\/fr\\\/logiciel-wms\\\/\"},{\"@type\":\"ListItem\",\"position\":3,\"name\":\"Modula WMS Premium\",\"item\":\"https:\\\/\\\/www.modula.eu\\\/fr\\\/logiciel-wms\\\/modula-wms-premium\\\/\"},{\"@type\":\"ListItem\",\"position\":4,\"name\":\"Dashboard\"}]},{\"@type\":\"WebSite\",\"@id\":\"https:\\\/\\\/www.modula.eu\\\/fr\\\/#website\",\"url\":\"https:\\\/\\\/www.modula.eu\\\/fr\\\/\",\"name\":\"Modula\",\"description\":\"Think Vertical\",\"publisher\":{\"@id\":\"https:\\\/\\\/www.modula.eu\\\/fr\\\/#organization\"},\"potentialAction\":[{\"@type\":\"SearchAction\",\"target\":{\"@type\":\"EntryPoint\",\"urlTemplate\":\"https:\\\/\\\/www.modula.eu\\\/fr\\\/?s={search_term_string}\"},\"query-input\":{\"@type\":\"PropertyValueSpecification\",\"valueRequired\":true,\"valueName\":\"search_term_string\"}}],\"inLanguage\":\"fr-FR\"},{\"@type\":\"Organization\",\"@id\":\"https:\\\/\\\/www.modula.eu\\\/fr\\\/#organization\",\"name\":\"Modula\",\"url\":\"https:\\\/\\\/www.modula.eu\\\/fr\\\/\",\"logo\":{\"@type\":\"ImageObject\",\"inLanguage\":\"fr-FR\",\"@id\":\"https:\\\/\\\/www.modula.eu\\\/fr\\\/#\\\/schema\\\/logo\\\/image\\\/\",\"url\":\"https:\\\/\\\/www.modula.eu\\\/wp-content\\\/uploads\\\/2022\\\/12\\\/Modula-logo.jpg\",\"contentUrl\":\"https:\\\/\\\/www.modula.eu\\\/wp-content\\\/uploads\\\/2022\\\/12\\\/Modula-logo.jpg\",\"width\":759,\"height\":512,\"caption\":\"Modula\"},\"image\":{\"@id\":\"https:\\\/\\\/www.modula.eu\\\/fr\\\/#\\\/schema\\\/logo\\\/image\\\/\"}}]}<\/script>\n<!-- \/ Yoast SEO plugin. -->","yoast_head_json":{"title":"Modula Dashboard : outil de surveillance et d'analyse des entrep\u00f4ts | Modula","description":"D\u00e9couvrez Modula Dashboard, le tableau de bord num\u00e9rique qui transforme les donn\u00e9es de l'entrep\u00f4t en d\u00e9cisions strat\u00e9giques. Surveillez et analysez les performances de votre entrep\u00f4t automatis\u00e9 vertical en temps r\u00e9el avec des outils d'analyse avanc\u00e9e et de reporting.","robots":{"index":"index","follow":"follow","max-snippet":"max-snippet:-1","max-image-preview":"max-image-preview:large","max-video-preview":"max-video-preview:-1"},"canonical":"https:\/\/www.modula.eu\/fr\/logiciel-wms\/modula-wms-premium\/modula-dashboard\/","og_locale":"fr_FR","og_type":"article","og_title":"Modula Dashboard : outil de surveillance et d'analyse des entrep\u00f4ts | Modula","og_description":"D\u00e9couvrez Modula Dashboard, le tableau de bord num\u00e9rique qui transforme les donn\u00e9es de l'entrep\u00f4t en d\u00e9cisions strat\u00e9giques. Surveillez et analysez les performances de votre entrep\u00f4t automatis\u00e9 vertical en temps r\u00e9el avec des outils d'analyse avanc\u00e9e et de reporting.","og_url":"https:\/\/www.modula.eu\/fr\/logiciel-wms\/modula-wms-premium\/modula-dashboard\/","og_site_name":"Modula","article_modified_time":"2025-03-27T10:05:01+00:00","og_image":[{"width":768,"height":512,"url":"https:\/\/www.modula.eu\/wp-content\/uploads\/2025\/01\/DASHBOARD_768x512_2025.jpg","type":"image\/jpeg"}],"twitter_card":"summary_large_image","schema":{"@context":"https:\/\/schema.org","@graph":[{"@type":"WebPage","@id":"https:\/\/www.modula.eu\/fr\/logiciel-wms\/modula-wms-premium\/modula-dashboard\/","url":"https:\/\/www.modula.eu\/fr\/logiciel-wms\/modula-wms-premium\/modula-dashboard\/","name":"Modula Dashboard : outil de surveillance et d'analyse des entrep\u00f4ts | Modula","isPartOf":{"@id":"https:\/\/www.modula.eu\/fr\/#website"},"primaryImageOfPage":{"@id":"https:\/\/www.modula.eu\/fr\/logiciel-wms\/modula-wms-premium\/modula-dashboard\/#primaryimage"},"image":{"@id":"https:\/\/www.modula.eu\/fr\/logiciel-wms\/modula-wms-premium\/modula-dashboard\/#primaryimage"},"thumbnailUrl":"https:\/\/www.modula.eu\/wp-content\/uploads\/2025\/01\/DASHBOARD_768x512_2025.jpg","datePublished":"2023-07-31T12:29:49+00:00","dateModified":"2025-03-27T10:05:01+00:00","description":"D\u00e9couvrez Modula Dashboard, le tableau de bord num\u00e9rique qui transforme les donn\u00e9es de l'entrep\u00f4t en d\u00e9cisions strat\u00e9giques. Surveillez et analysez les performances de votre entrep\u00f4t automatis\u00e9 vertical en temps r\u00e9el avec des outils d'analyse avanc\u00e9e et de reporting.","breadcrumb":{"@id":"https:\/\/www.modula.eu\/fr\/logiciel-wms\/modula-wms-premium\/modula-dashboard\/#breadcrumb"},"inLanguage":"fr-FR","potentialAction":[{"@type":"ReadAction","target":["https:\/\/www.modula.eu\/fr\/logiciel-wms\/modula-wms-premium\/modula-dashboard\/"]}]},{"@type":"ImageObject","inLanguage":"fr-FR","@id":"https:\/\/www.modula.eu\/fr\/logiciel-wms\/modula-wms-premium\/modula-dashboard\/#primaryimage","url":"https:\/\/www.modula.eu\/wp-content\/uploads\/2025\/01\/DASHBOARD_768x512_2025.jpg","contentUrl":"https:\/\/www.modula.eu\/wp-content\/uploads\/2025\/01\/DASHBOARD_768x512_2025.jpg","width":768,"height":512},{"@type":"BreadcrumbList","@id":"https:\/\/www.modula.eu\/fr\/logiciel-wms\/modula-wms-premium\/modula-dashboard\/#breadcrumb","itemListElement":[{"@type":"ListItem","position":1,"name":"Home","item":"https:\/\/www.modula.eu\/fr\/"},{"@type":"ListItem","position":2,"name":"Software","item":"https:\/\/www.modula.eu\/fr\/logiciel-wms\/"},{"@type":"ListItem","position":3,"name":"Modula WMS Premium","item":"https:\/\/www.modula.eu\/fr\/logiciel-wms\/modula-wms-premium\/"},{"@type":"ListItem","position":4,"name":"Dashboard"}]},{"@type":"WebSite","@id":"https:\/\/www.modula.eu\/fr\/#website","url":"https:\/\/www.modula.eu\/fr\/","name":"Modula","description":"Think Vertical","publisher":{"@id":"https:\/\/www.modula.eu\/fr\/#organization"},"potentialAction":[{"@type":"SearchAction","target":{"@type":"EntryPoint","urlTemplate":"https:\/\/www.modula.eu\/fr\/?s={search_term_string}"},"query-input":{"@type":"PropertyValueSpecification","valueRequired":true,"valueName":"search_term_string"}}],"inLanguage":"fr-FR"},{"@type":"Organization","@id":"https:\/\/www.modula.eu\/fr\/#organization","name":"Modula","url":"https:\/\/www.modula.eu\/fr\/","logo":{"@type":"ImageObject","inLanguage":"fr-FR","@id":"https:\/\/www.modula.eu\/fr\/#\/schema\/logo\/image\/","url":"https:\/\/www.modula.eu\/wp-content\/uploads\/2022\/12\/Modula-logo.jpg","contentUrl":"https:\/\/www.modula.eu\/wp-content\/uploads\/2022\/12\/Modula-logo.jpg","width":759,"height":512,"caption":"Modula"},"image":{"@id":"https:\/\/www.modula.eu\/fr\/#\/schema\/logo\/image\/"}}]}},"_links":{"self":[{"href":"https:\/\/www.modula.eu\/fr\/wp-json\/wp\/v2\/pages\/51808","targetHints":{"allow":["GET"]}}],"collection":[{"href":"https:\/\/www.modula.eu\/fr\/wp-json\/wp\/v2\/pages"}],"about":[{"href":"https:\/\/www.modula.eu\/fr\/wp-json\/wp\/v2\/types\/page"}],"author":[{"embeddable":true,"href":"https:\/\/www.modula.eu\/fr\/wp-json\/wp\/v2\/users\/1"}],"replies":[{"embeddable":true,"href":"https:\/\/www.modula.eu\/fr\/wp-json\/wp\/v2\/comments?post=51808"}],"version-history":[{"count":0,"href":"https:\/\/www.modula.eu\/fr\/wp-json\/wp\/v2\/pages\/51808\/revisions"}],"up":[{"embeddable":true,"href":"https:\/\/www.modula.eu\/fr\/wp-json\/wp\/v2\/pages\/51796"}],"wp:featuredmedia":[{"embeddable":true,"href":"https:\/\/www.modula.eu\/fr\/wp-json\/wp\/v2\/media\/46677"}],"wp:attachment":[{"href":"https:\/\/www.modula.eu\/fr\/wp-json\/wp\/v2\/media?parent=51808"}],"curies":[{"name":"wp","href":"https:\/\/api.w.org\/{rel}","templated":true}]}}