{"id":51836,"date":"2024-12-03T14:38:16","date_gmt":"2024-12-03T13:38:16","guid":{"rendered":"https:\/\/www.modula.eu\/wms-software-2\/modula-iot-no-index\/modula-iot-webana\/"},"modified":"2026-01-08T09:33:22","modified_gmt":"2026-01-08T08:33:22","slug":"modula-iot-web-analytics","status":"publish","type":"page","link":"https:\/\/www.modula.eu\/fr\/logiciel-wms\/modula-iot\/modula-iot-web-analytics\/","title":{"rendered":"Modula IOT Web Analytics"},"content":{"rendered":"","protected":false},"excerpt":{"rendered":"","protected":false},"author":1,"featured_media":46657,"parent":51832,"menu_order":0,"comment_status":"closed","ping_status":"closed","template":"","meta":{"_acf_changed":false,"inline_featured_image":false,"mapsvg_location":"","footnotes":""},"class_list":["post-51836","page","type-page","status-publish","has-post-thumbnail","hentry"],"acf":[],"yoast_head":"<!-- This site is optimized with the Yoast SEO plugin v27.4 - https:\/\/yoast.com\/product\/yoast-seo-wordpress\/ -->\n<title>Modula IoT Web Analytics : gestion \u00e0 distance des entrep\u00f4ts automatis\u00e9s | Modula<\/title>\n<meta name=\"description\" content=\"D\u00e9couvrez Modula Web Analytics, le portail pour la gestion \u00e0 distance des entrep\u00f4ts automatis\u00e9s Modula. Acc\u00e9dez facilement aux informations en temps r\u00e9el depuis n&#039;importe quel appareil et surveillez plusieurs entrep\u00f4ts dans diff\u00e9rentes localisations mondiales via une carte interactive.\" \/>\n<meta name=\"robots\" content=\"index, follow, max-snippet:-1, max-image-preview:large, max-video-preview:-1\" \/>\n<link rel=\"canonical\" href=\"https:\/\/www.modula.eu\/fr\/logiciel-wms\/modula-iot\/modula-iot-web-analytics\/\" \/>\n<meta property=\"og:locale\" content=\"fr_FR\" \/>\n<meta property=\"og:type\" content=\"article\" \/>\n<meta property=\"og:title\" content=\"Modula IoT Web Analytics : gestion \u00e0 distance des entrep\u00f4ts automatis\u00e9s | Modula\" \/>\n<meta property=\"og:description\" content=\"D\u00e9couvrez Modula Web Analytics, le portail pour la gestion \u00e0 distance des entrep\u00f4ts automatis\u00e9s Modula. Acc\u00e9dez facilement aux informations en temps r\u00e9el depuis n&#039;importe quel appareil et surveillez plusieurs entrep\u00f4ts dans diff\u00e9rentes localisations mondiales via une carte interactive.\" \/>\n<meta property=\"og:url\" content=\"https:\/\/www.modula.eu\/fr\/logiciel-wms\/modula-iot\/modula-iot-web-analytics\/\" \/>\n<meta property=\"og:site_name\" content=\"Modula\" \/>\n<meta property=\"article:modified_time\" content=\"2026-01-08T08:33:22+00:00\" \/>\n<meta property=\"og:image\" content=\"https:\/\/www.modula.eu\/wp-content\/uploads\/2025\/01\/MODULA-IOT_768x512_2025.jpg\" \/>\n\t<meta property=\"og:image:width\" content=\"768\" \/>\n\t<meta property=\"og:image:height\" content=\"512\" \/>\n\t<meta property=\"og:image:type\" content=\"image\/jpeg\" \/>\n<meta name=\"twitter:card\" content=\"summary_large_image\" \/>\n<script type=\"application\/ld+json\" class=\"yoast-schema-graph\">{\"@context\":\"https:\\\/\\\/schema.org\",\"@graph\":[{\"@type\":\"WebPage\",\"@id\":\"https:\\\/\\\/www.modula.eu\\\/fr\\\/logiciel-wms\\\/modula-iot\\\/modula-iot-web-analytics\\\/\",\"url\":\"https:\\\/\\\/www.modula.eu\\\/fr\\\/logiciel-wms\\\/modula-iot\\\/modula-iot-web-analytics\\\/\",\"name\":\"Modula IoT Web Analytics : gestion \u00e0 distance des entrep\u00f4ts automatis\u00e9s | Modula\",\"isPartOf\":{\"@id\":\"https:\\\/\\\/www.modula.eu\\\/fr\\\/#website\"},\"primaryImageOfPage\":{\"@id\":\"https:\\\/\\\/www.modula.eu\\\/fr\\\/logiciel-wms\\\/modula-iot\\\/modula-iot-web-analytics\\\/#primaryimage\"},\"image\":{\"@id\":\"https:\\\/\\\/www.modula.eu\\\/fr\\\/logiciel-wms\\\/modula-iot\\\/modula-iot-web-analytics\\\/#primaryimage\"},\"thumbnailUrl\":\"https:\\\/\\\/www.modula.eu\\\/wp-content\\\/uploads\\\/2025\\\/01\\\/MODULA-IOT_768x512_2025.jpg\",\"datePublished\":\"2024-12-03T13:38:16+00:00\",\"dateModified\":\"2026-01-08T08:33:22+00:00\",\"description\":\"D\u00e9couvrez Modula Web Analytics, le portail pour la gestion \u00e0 distance des entrep\u00f4ts automatis\u00e9s Modula. Acc\u00e9dez facilement aux informations en temps r\u00e9el depuis n'importe quel appareil et surveillez plusieurs entrep\u00f4ts dans diff\u00e9rentes localisations mondiales via une carte interactive.\",\"breadcrumb\":{\"@id\":\"https:\\\/\\\/www.modula.eu\\\/fr\\\/logiciel-wms\\\/modula-iot\\\/modula-iot-web-analytics\\\/#breadcrumb\"},\"inLanguage\":\"fr-FR\",\"potentialAction\":[{\"@type\":\"ReadAction\",\"target\":[\"https:\\\/\\\/www.modula.eu\\\/fr\\\/logiciel-wms\\\/modula-iot\\\/modula-iot-web-analytics\\\/\"]}]},{\"@type\":\"ImageObject\",\"inLanguage\":\"fr-FR\",\"@id\":\"https:\\\/\\\/www.modula.eu\\\/fr\\\/logiciel-wms\\\/modula-iot\\\/modula-iot-web-analytics\\\/#primaryimage\",\"url\":\"https:\\\/\\\/www.modula.eu\\\/wp-content\\\/uploads\\\/2025\\\/01\\\/MODULA-IOT_768x512_2025.jpg\",\"contentUrl\":\"https:\\\/\\\/www.modula.eu\\\/wp-content\\\/uploads\\\/2025\\\/01\\\/MODULA-IOT_768x512_2025.jpg\",\"width\":768,\"height\":512},{\"@type\":\"BreadcrumbList\",\"@id\":\"https:\\\/\\\/www.modula.eu\\\/fr\\\/logiciel-wms\\\/modula-iot\\\/modula-iot-web-analytics\\\/#breadcrumb\",\"itemListElement\":[{\"@type\":\"ListItem\",\"position\":1,\"name\":\"Home\",\"item\":\"https:\\\/\\\/www.modula.eu\\\/fr\\\/\"},{\"@type\":\"ListItem\",\"position\":2,\"name\":\"Software\",\"item\":\"https:\\\/\\\/www.modula.eu\\\/fr\\\/logiciel-wms\\\/\"},{\"@type\":\"ListItem\",\"position\":3,\"name\":\"Modula IOT\",\"item\":\"https:\\\/\\\/www.modula.eu\\\/fr\\\/logiciel-wms\\\/modula-iot\\\/\"},{\"@type\":\"ListItem\",\"position\":4,\"name\":\"Modula IOT Web Analytics\"}]},{\"@type\":\"WebSite\",\"@id\":\"https:\\\/\\\/www.modula.eu\\\/fr\\\/#website\",\"url\":\"https:\\\/\\\/www.modula.eu\\\/fr\\\/\",\"name\":\"Modula\",\"description\":\"Think Vertical\",\"publisher\":{\"@id\":\"https:\\\/\\\/www.modula.eu\\\/fr\\\/#organization\"},\"potentialAction\":[{\"@type\":\"SearchAction\",\"target\":{\"@type\":\"EntryPoint\",\"urlTemplate\":\"https:\\\/\\\/www.modula.eu\\\/fr\\\/?s={search_term_string}\"},\"query-input\":{\"@type\":\"PropertyValueSpecification\",\"valueRequired\":true,\"valueName\":\"search_term_string\"}}],\"inLanguage\":\"fr-FR\"},{\"@type\":\"Organization\",\"@id\":\"https:\\\/\\\/www.modula.eu\\\/fr\\\/#organization\",\"name\":\"Modula\",\"url\":\"https:\\\/\\\/www.modula.eu\\\/fr\\\/\",\"logo\":{\"@type\":\"ImageObject\",\"inLanguage\":\"fr-FR\",\"@id\":\"https:\\\/\\\/www.modula.eu\\\/fr\\\/#\\\/schema\\\/logo\\\/image\\\/\",\"url\":\"https:\\\/\\\/www.modula.eu\\\/wp-content\\\/uploads\\\/2022\\\/12\\\/Modula-logo.jpg\",\"contentUrl\":\"https:\\\/\\\/www.modula.eu\\\/wp-content\\\/uploads\\\/2022\\\/12\\\/Modula-logo.jpg\",\"width\":759,\"height\":512,\"caption\":\"Modula\"},\"image\":{\"@id\":\"https:\\\/\\\/www.modula.eu\\\/fr\\\/#\\\/schema\\\/logo\\\/image\\\/\"}}]}<\/script>\n<!-- \/ Yoast SEO plugin. -->","yoast_head_json":{"title":"Modula IoT Web Analytics : gestion \u00e0 distance des entrep\u00f4ts automatis\u00e9s | Modula","description":"D\u00e9couvrez Modula Web Analytics, le portail pour la gestion \u00e0 distance des entrep\u00f4ts automatis\u00e9s Modula. Acc\u00e9dez facilement aux informations en temps r\u00e9el depuis n'importe quel appareil et surveillez plusieurs entrep\u00f4ts dans diff\u00e9rentes localisations mondiales via une carte interactive.","robots":{"index":"index","follow":"follow","max-snippet":"max-snippet:-1","max-image-preview":"max-image-preview:large","max-video-preview":"max-video-preview:-1"},"canonical":"https:\/\/www.modula.eu\/fr\/logiciel-wms\/modula-iot\/modula-iot-web-analytics\/","og_locale":"fr_FR","og_type":"article","og_title":"Modula IoT Web Analytics : gestion \u00e0 distance des entrep\u00f4ts automatis\u00e9s | Modula","og_description":"D\u00e9couvrez Modula Web Analytics, le portail pour la gestion \u00e0 distance des entrep\u00f4ts automatis\u00e9s Modula. Acc\u00e9dez facilement aux informations en temps r\u00e9el depuis n'importe quel appareil et surveillez plusieurs entrep\u00f4ts dans diff\u00e9rentes localisations mondiales via une carte interactive.","og_url":"https:\/\/www.modula.eu\/fr\/logiciel-wms\/modula-iot\/modula-iot-web-analytics\/","og_site_name":"Modula","article_modified_time":"2026-01-08T08:33:22+00:00","og_image":[{"width":768,"height":512,"url":"https:\/\/www.modula.eu\/wp-content\/uploads\/2025\/01\/MODULA-IOT_768x512_2025.jpg","type":"image\/jpeg"}],"twitter_card":"summary_large_image","schema":{"@context":"https:\/\/schema.org","@graph":[{"@type":"WebPage","@id":"https:\/\/www.modula.eu\/fr\/logiciel-wms\/modula-iot\/modula-iot-web-analytics\/","url":"https:\/\/www.modula.eu\/fr\/logiciel-wms\/modula-iot\/modula-iot-web-analytics\/","name":"Modula IoT Web Analytics : gestion \u00e0 distance des entrep\u00f4ts automatis\u00e9s | Modula","isPartOf":{"@id":"https:\/\/www.modula.eu\/fr\/#website"},"primaryImageOfPage":{"@id":"https:\/\/www.modula.eu\/fr\/logiciel-wms\/modula-iot\/modula-iot-web-analytics\/#primaryimage"},"image":{"@id":"https:\/\/www.modula.eu\/fr\/logiciel-wms\/modula-iot\/modula-iot-web-analytics\/#primaryimage"},"thumbnailUrl":"https:\/\/www.modula.eu\/wp-content\/uploads\/2025\/01\/MODULA-IOT_768x512_2025.jpg","datePublished":"2024-12-03T13:38:16+00:00","dateModified":"2026-01-08T08:33:22+00:00","description":"D\u00e9couvrez Modula Web Analytics, le portail pour la gestion \u00e0 distance des entrep\u00f4ts automatis\u00e9s Modula. Acc\u00e9dez facilement aux informations en temps r\u00e9el depuis n'importe quel appareil et surveillez plusieurs entrep\u00f4ts dans diff\u00e9rentes localisations mondiales via une carte interactive.","breadcrumb":{"@id":"https:\/\/www.modula.eu\/fr\/logiciel-wms\/modula-iot\/modula-iot-web-analytics\/#breadcrumb"},"inLanguage":"fr-FR","potentialAction":[{"@type":"ReadAction","target":["https:\/\/www.modula.eu\/fr\/logiciel-wms\/modula-iot\/modula-iot-web-analytics\/"]}]},{"@type":"ImageObject","inLanguage":"fr-FR","@id":"https:\/\/www.modula.eu\/fr\/logiciel-wms\/modula-iot\/modula-iot-web-analytics\/#primaryimage","url":"https:\/\/www.modula.eu\/wp-content\/uploads\/2025\/01\/MODULA-IOT_768x512_2025.jpg","contentUrl":"https:\/\/www.modula.eu\/wp-content\/uploads\/2025\/01\/MODULA-IOT_768x512_2025.jpg","width":768,"height":512},{"@type":"BreadcrumbList","@id":"https:\/\/www.modula.eu\/fr\/logiciel-wms\/modula-iot\/modula-iot-web-analytics\/#breadcrumb","itemListElement":[{"@type":"ListItem","position":1,"name":"Home","item":"https:\/\/www.modula.eu\/fr\/"},{"@type":"ListItem","position":2,"name":"Software","item":"https:\/\/www.modula.eu\/fr\/logiciel-wms\/"},{"@type":"ListItem","position":3,"name":"Modula IOT","item":"https:\/\/www.modula.eu\/fr\/logiciel-wms\/modula-iot\/"},{"@type":"ListItem","position":4,"name":"Modula IOT Web Analytics"}]},{"@type":"WebSite","@id":"https:\/\/www.modula.eu\/fr\/#website","url":"https:\/\/www.modula.eu\/fr\/","name":"Modula","description":"Think Vertical","publisher":{"@id":"https:\/\/www.modula.eu\/fr\/#organization"},"potentialAction":[{"@type":"SearchAction","target":{"@type":"EntryPoint","urlTemplate":"https:\/\/www.modula.eu\/fr\/?s={search_term_string}"},"query-input":{"@type":"PropertyValueSpecification","valueRequired":true,"valueName":"search_term_string"}}],"inLanguage":"fr-FR"},{"@type":"Organization","@id":"https:\/\/www.modula.eu\/fr\/#organization","name":"Modula","url":"https:\/\/www.modula.eu\/fr\/","logo":{"@type":"ImageObject","inLanguage":"fr-FR","@id":"https:\/\/www.modula.eu\/fr\/#\/schema\/logo\/image\/","url":"https:\/\/www.modula.eu\/wp-content\/uploads\/2022\/12\/Modula-logo.jpg","contentUrl":"https:\/\/www.modula.eu\/wp-content\/uploads\/2022\/12\/Modula-logo.jpg","width":759,"height":512,"caption":"Modula"},"image":{"@id":"https:\/\/www.modula.eu\/fr\/#\/schema\/logo\/image\/"}}]}},"_links":{"self":[{"href":"https:\/\/www.modula.eu\/fr\/wp-json\/wp\/v2\/pages\/51836","targetHints":{"allow":["GET"]}}],"collection":[{"href":"https:\/\/www.modula.eu\/fr\/wp-json\/wp\/v2\/pages"}],"about":[{"href":"https:\/\/www.modula.eu\/fr\/wp-json\/wp\/v2\/types\/page"}],"author":[{"embeddable":true,"href":"https:\/\/www.modula.eu\/fr\/wp-json\/wp\/v2\/users\/1"}],"replies":[{"embeddable":true,"href":"https:\/\/www.modula.eu\/fr\/wp-json\/wp\/v2\/comments?post=51836"}],"version-history":[{"count":1,"href":"https:\/\/www.modula.eu\/fr\/wp-json\/wp\/v2\/pages\/51836\/revisions"}],"predecessor-version":[{"id":71194,"href":"https:\/\/www.modula.eu\/fr\/wp-json\/wp\/v2\/pages\/51836\/revisions\/71194"}],"up":[{"embeddable":true,"href":"https:\/\/www.modula.eu\/fr\/wp-json\/wp\/v2\/pages\/51832"}],"wp:featuredmedia":[{"embeddable":true,"href":"https:\/\/www.modula.eu\/fr\/wp-json\/wp\/v2\/media\/46657"}],"wp:attachment":[{"href":"https:\/\/www.modula.eu\/fr\/wp-json\/wp\/v2\/media?parent=51836"}],"curies":[{"name":"wp","href":"https:\/\/api.w.org\/{rel}","templated":true}]}}