{"id":51840,"date":"2024-12-03T14:06:04","date_gmt":"2024-12-03T13:06:04","guid":{"rendered":"https:\/\/www.modula.eu\/wms-software-2\/modula-iot-no-index\/modula-iot-opcua\/"},"modified":"2025-03-27T11:08:09","modified_gmt":"2025-03-27T10:08:09","slug":"modula-iot-opcua","status":"publish","type":"page","link":"https:\/\/www.modula.eu\/fr\/logiciel-wms\/modula-iot\/modula-iot-opcua\/","title":{"rendered":"OPC-UA"},"content":{"rendered":"","protected":false},"excerpt":{"rendered":"","protected":false},"author":1,"featured_media":46652,"parent":51832,"menu_order":1,"comment_status":"closed","ping_status":"closed","template":"","meta":{"_acf_changed":false,"inline_featured_image":false,"mapsvg_location":"","footnotes":""},"class_list":["post-51840","page","type-page","status-publish","has-post-thumbnail","hentry"],"acf":[],"yoast_head":"<!-- This site is optimized with the Yoast SEO plugin v27.4 - https:\/\/yoast.com\/product\/yoast-seo-wordpress\/ -->\n<title>T\u00e9l\u00e9m\u00e9trie OPC-UA : int\u00e9gration avanc\u00e9e avec Modula | Modula<\/title>\n<meta name=\"description\" content=\"D\u00e9couvrez la t\u00e9l\u00e9m\u00e9trie OPC-UA, la solution id\u00e9ale pour int\u00e9grer Modula avec d&#039;autres dispositifs et syst\u00e8mes de t\u00e9l\u00e9m\u00e9trie existants. Gr\u00e2ce \u00e0 son architecture ouverte, elle permet un \u00e9change de donn\u00e9es s\u00e9curis\u00e9 et fiable entre les dispositifs, quel que soit le fabricant ou le format.\" \/>\n<meta name=\"robots\" content=\"index, follow, max-snippet:-1, max-image-preview:large, max-video-preview:-1\" \/>\n<link rel=\"canonical\" href=\"https:\/\/www.modula.eu\/fr\/logiciel-wms\/modula-iot\/modula-iot-opcua\/\" \/>\n<meta property=\"og:locale\" content=\"fr_FR\" \/>\n<meta property=\"og:type\" content=\"article\" \/>\n<meta property=\"og:title\" content=\"T\u00e9l\u00e9m\u00e9trie OPC-UA : int\u00e9gration avanc\u00e9e avec Modula | Modula\" \/>\n<meta property=\"og:description\" content=\"D\u00e9couvrez la t\u00e9l\u00e9m\u00e9trie OPC-UA, la solution id\u00e9ale pour int\u00e9grer Modula avec d&#039;autres dispositifs et syst\u00e8mes de t\u00e9l\u00e9m\u00e9trie existants. Gr\u00e2ce \u00e0 son architecture ouverte, elle permet un \u00e9change de donn\u00e9es s\u00e9curis\u00e9 et fiable entre les dispositifs, quel que soit le fabricant ou le format.\" \/>\n<meta property=\"og:url\" content=\"https:\/\/www.modula.eu\/fr\/logiciel-wms\/modula-iot\/modula-iot-opcua\/\" \/>\n<meta property=\"og:site_name\" content=\"Modula\" \/>\n<meta property=\"article:modified_time\" content=\"2025-03-27T10:08:09+00:00\" \/>\n<meta property=\"og:image\" content=\"https:\/\/www.modula.eu\/wp-content\/uploads\/2025\/01\/OPC-UA_768x512_2025.jpg\" \/>\n\t<meta property=\"og:image:width\" content=\"768\" \/>\n\t<meta property=\"og:image:height\" content=\"512\" \/>\n\t<meta property=\"og:image:type\" content=\"image\/jpeg\" \/>\n<meta name=\"twitter:card\" content=\"summary_large_image\" \/>\n<script type=\"application\/ld+json\" class=\"yoast-schema-graph\">{\"@context\":\"https:\\\/\\\/schema.org\",\"@graph\":[{\"@type\":\"WebPage\",\"@id\":\"https:\\\/\\\/www.modula.eu\\\/fr\\\/logiciel-wms\\\/modula-iot\\\/modula-iot-opcua\\\/\",\"url\":\"https:\\\/\\\/www.modula.eu\\\/fr\\\/logiciel-wms\\\/modula-iot\\\/modula-iot-opcua\\\/\",\"name\":\"T\u00e9l\u00e9m\u00e9trie OPC-UA : int\u00e9gration avanc\u00e9e avec Modula | Modula\",\"isPartOf\":{\"@id\":\"https:\\\/\\\/www.modula.eu\\\/fr\\\/#website\"},\"primaryImageOfPage\":{\"@id\":\"https:\\\/\\\/www.modula.eu\\\/fr\\\/logiciel-wms\\\/modula-iot\\\/modula-iot-opcua\\\/#primaryimage\"},\"image\":{\"@id\":\"https:\\\/\\\/www.modula.eu\\\/fr\\\/logiciel-wms\\\/modula-iot\\\/modula-iot-opcua\\\/#primaryimage\"},\"thumbnailUrl\":\"https:\\\/\\\/www.modula.eu\\\/wp-content\\\/uploads\\\/2025\\\/01\\\/OPC-UA_768x512_2025.jpg\",\"datePublished\":\"2024-12-03T13:06:04+00:00\",\"dateModified\":\"2025-03-27T10:08:09+00:00\",\"description\":\"D\u00e9couvrez la t\u00e9l\u00e9m\u00e9trie OPC-UA, la solution id\u00e9ale pour int\u00e9grer Modula avec d'autres dispositifs et syst\u00e8mes de t\u00e9l\u00e9m\u00e9trie existants. Gr\u00e2ce \u00e0 son architecture ouverte, elle permet un \u00e9change de donn\u00e9es s\u00e9curis\u00e9 et fiable entre les dispositifs, quel que soit le fabricant ou le format.\",\"breadcrumb\":{\"@id\":\"https:\\\/\\\/www.modula.eu\\\/fr\\\/logiciel-wms\\\/modula-iot\\\/modula-iot-opcua\\\/#breadcrumb\"},\"inLanguage\":\"fr-FR\",\"potentialAction\":[{\"@type\":\"ReadAction\",\"target\":[\"https:\\\/\\\/www.modula.eu\\\/fr\\\/logiciel-wms\\\/modula-iot\\\/modula-iot-opcua\\\/\"]}]},{\"@type\":\"ImageObject\",\"inLanguage\":\"fr-FR\",\"@id\":\"https:\\\/\\\/www.modula.eu\\\/fr\\\/logiciel-wms\\\/modula-iot\\\/modula-iot-opcua\\\/#primaryimage\",\"url\":\"https:\\\/\\\/www.modula.eu\\\/wp-content\\\/uploads\\\/2025\\\/01\\\/OPC-UA_768x512_2025.jpg\",\"contentUrl\":\"https:\\\/\\\/www.modula.eu\\\/wp-content\\\/uploads\\\/2025\\\/01\\\/OPC-UA_768x512_2025.jpg\",\"width\":768,\"height\":512},{\"@type\":\"BreadcrumbList\",\"@id\":\"https:\\\/\\\/www.modula.eu\\\/fr\\\/logiciel-wms\\\/modula-iot\\\/modula-iot-opcua\\\/#breadcrumb\",\"itemListElement\":[{\"@type\":\"ListItem\",\"position\":1,\"name\":\"Home\",\"item\":\"https:\\\/\\\/www.modula.eu\\\/fr\\\/\"},{\"@type\":\"ListItem\",\"position\":2,\"name\":\"Software\",\"item\":\"https:\\\/\\\/www.modula.eu\\\/fr\\\/logiciel-wms\\\/\"},{\"@type\":\"ListItem\",\"position\":3,\"name\":\"Modula IOT\",\"item\":\"https:\\\/\\\/www.modula.eu\\\/fr\\\/logiciel-wms\\\/modula-iot\\\/\"},{\"@type\":\"ListItem\",\"position\":4,\"name\":\"OPC-UA\"}]},{\"@type\":\"WebSite\",\"@id\":\"https:\\\/\\\/www.modula.eu\\\/fr\\\/#website\",\"url\":\"https:\\\/\\\/www.modula.eu\\\/fr\\\/\",\"name\":\"Modula\",\"description\":\"Think Vertical\",\"publisher\":{\"@id\":\"https:\\\/\\\/www.modula.eu\\\/fr\\\/#organization\"},\"potentialAction\":[{\"@type\":\"SearchAction\",\"target\":{\"@type\":\"EntryPoint\",\"urlTemplate\":\"https:\\\/\\\/www.modula.eu\\\/fr\\\/?s={search_term_string}\"},\"query-input\":{\"@type\":\"PropertyValueSpecification\",\"valueRequired\":true,\"valueName\":\"search_term_string\"}}],\"inLanguage\":\"fr-FR\"},{\"@type\":\"Organization\",\"@id\":\"https:\\\/\\\/www.modula.eu\\\/fr\\\/#organization\",\"name\":\"Modula\",\"url\":\"https:\\\/\\\/www.modula.eu\\\/fr\\\/\",\"logo\":{\"@type\":\"ImageObject\",\"inLanguage\":\"fr-FR\",\"@id\":\"https:\\\/\\\/www.modula.eu\\\/fr\\\/#\\\/schema\\\/logo\\\/image\\\/\",\"url\":\"https:\\\/\\\/www.modula.eu\\\/wp-content\\\/uploads\\\/2022\\\/12\\\/Modula-logo.jpg\",\"contentUrl\":\"https:\\\/\\\/www.modula.eu\\\/wp-content\\\/uploads\\\/2022\\\/12\\\/Modula-logo.jpg\",\"width\":759,\"height\":512,\"caption\":\"Modula\"},\"image\":{\"@id\":\"https:\\\/\\\/www.modula.eu\\\/fr\\\/#\\\/schema\\\/logo\\\/image\\\/\"}}]}<\/script>\n<!-- \/ Yoast SEO plugin. -->","yoast_head_json":{"title":"T\u00e9l\u00e9m\u00e9trie OPC-UA : int\u00e9gration avanc\u00e9e avec Modula | Modula","description":"D\u00e9couvrez la t\u00e9l\u00e9m\u00e9trie OPC-UA, la solution id\u00e9ale pour int\u00e9grer Modula avec d'autres dispositifs et syst\u00e8mes de t\u00e9l\u00e9m\u00e9trie existants. Gr\u00e2ce \u00e0 son architecture ouverte, elle permet un \u00e9change de donn\u00e9es s\u00e9curis\u00e9 et fiable entre les dispositifs, quel que soit le fabricant ou le format.","robots":{"index":"index","follow":"follow","max-snippet":"max-snippet:-1","max-image-preview":"max-image-preview:large","max-video-preview":"max-video-preview:-1"},"canonical":"https:\/\/www.modula.eu\/fr\/logiciel-wms\/modula-iot\/modula-iot-opcua\/","og_locale":"fr_FR","og_type":"article","og_title":"T\u00e9l\u00e9m\u00e9trie OPC-UA : int\u00e9gration avanc\u00e9e avec Modula | Modula","og_description":"D\u00e9couvrez la t\u00e9l\u00e9m\u00e9trie OPC-UA, la solution id\u00e9ale pour int\u00e9grer Modula avec d'autres dispositifs et syst\u00e8mes de t\u00e9l\u00e9m\u00e9trie existants. Gr\u00e2ce \u00e0 son architecture ouverte, elle permet un \u00e9change de donn\u00e9es s\u00e9curis\u00e9 et fiable entre les dispositifs, quel que soit le fabricant ou le format.","og_url":"https:\/\/www.modula.eu\/fr\/logiciel-wms\/modula-iot\/modula-iot-opcua\/","og_site_name":"Modula","article_modified_time":"2025-03-27T10:08:09+00:00","og_image":[{"width":768,"height":512,"url":"https:\/\/www.modula.eu\/wp-content\/uploads\/2025\/01\/OPC-UA_768x512_2025.jpg","type":"image\/jpeg"}],"twitter_card":"summary_large_image","schema":{"@context":"https:\/\/schema.org","@graph":[{"@type":"WebPage","@id":"https:\/\/www.modula.eu\/fr\/logiciel-wms\/modula-iot\/modula-iot-opcua\/","url":"https:\/\/www.modula.eu\/fr\/logiciel-wms\/modula-iot\/modula-iot-opcua\/","name":"T\u00e9l\u00e9m\u00e9trie OPC-UA : int\u00e9gration avanc\u00e9e avec Modula | Modula","isPartOf":{"@id":"https:\/\/www.modula.eu\/fr\/#website"},"primaryImageOfPage":{"@id":"https:\/\/www.modula.eu\/fr\/logiciel-wms\/modula-iot\/modula-iot-opcua\/#primaryimage"},"image":{"@id":"https:\/\/www.modula.eu\/fr\/logiciel-wms\/modula-iot\/modula-iot-opcua\/#primaryimage"},"thumbnailUrl":"https:\/\/www.modula.eu\/wp-content\/uploads\/2025\/01\/OPC-UA_768x512_2025.jpg","datePublished":"2024-12-03T13:06:04+00:00","dateModified":"2025-03-27T10:08:09+00:00","description":"D\u00e9couvrez la t\u00e9l\u00e9m\u00e9trie OPC-UA, la solution id\u00e9ale pour int\u00e9grer Modula avec d'autres dispositifs et syst\u00e8mes de t\u00e9l\u00e9m\u00e9trie existants. Gr\u00e2ce \u00e0 son architecture ouverte, elle permet un \u00e9change de donn\u00e9es s\u00e9curis\u00e9 et fiable entre les dispositifs, quel que soit le fabricant ou le format.","breadcrumb":{"@id":"https:\/\/www.modula.eu\/fr\/logiciel-wms\/modula-iot\/modula-iot-opcua\/#breadcrumb"},"inLanguage":"fr-FR","potentialAction":[{"@type":"ReadAction","target":["https:\/\/www.modula.eu\/fr\/logiciel-wms\/modula-iot\/modula-iot-opcua\/"]}]},{"@type":"ImageObject","inLanguage":"fr-FR","@id":"https:\/\/www.modula.eu\/fr\/logiciel-wms\/modula-iot\/modula-iot-opcua\/#primaryimage","url":"https:\/\/www.modula.eu\/wp-content\/uploads\/2025\/01\/OPC-UA_768x512_2025.jpg","contentUrl":"https:\/\/www.modula.eu\/wp-content\/uploads\/2025\/01\/OPC-UA_768x512_2025.jpg","width":768,"height":512},{"@type":"BreadcrumbList","@id":"https:\/\/www.modula.eu\/fr\/logiciel-wms\/modula-iot\/modula-iot-opcua\/#breadcrumb","itemListElement":[{"@type":"ListItem","position":1,"name":"Home","item":"https:\/\/www.modula.eu\/fr\/"},{"@type":"ListItem","position":2,"name":"Software","item":"https:\/\/www.modula.eu\/fr\/logiciel-wms\/"},{"@type":"ListItem","position":3,"name":"Modula IOT","item":"https:\/\/www.modula.eu\/fr\/logiciel-wms\/modula-iot\/"},{"@type":"ListItem","position":4,"name":"OPC-UA"}]},{"@type":"WebSite","@id":"https:\/\/www.modula.eu\/fr\/#website","url":"https:\/\/www.modula.eu\/fr\/","name":"Modula","description":"Think Vertical","publisher":{"@id":"https:\/\/www.modula.eu\/fr\/#organization"},"potentialAction":[{"@type":"SearchAction","target":{"@type":"EntryPoint","urlTemplate":"https:\/\/www.modula.eu\/fr\/?s={search_term_string}"},"query-input":{"@type":"PropertyValueSpecification","valueRequired":true,"valueName":"search_term_string"}}],"inLanguage":"fr-FR"},{"@type":"Organization","@id":"https:\/\/www.modula.eu\/fr\/#organization","name":"Modula","url":"https:\/\/www.modula.eu\/fr\/","logo":{"@type":"ImageObject","inLanguage":"fr-FR","@id":"https:\/\/www.modula.eu\/fr\/#\/schema\/logo\/image\/","url":"https:\/\/www.modula.eu\/wp-content\/uploads\/2022\/12\/Modula-logo.jpg","contentUrl":"https:\/\/www.modula.eu\/wp-content\/uploads\/2022\/12\/Modula-logo.jpg","width":759,"height":512,"caption":"Modula"},"image":{"@id":"https:\/\/www.modula.eu\/fr\/#\/schema\/logo\/image\/"}}]}},"_links":{"self":[{"href":"https:\/\/www.modula.eu\/fr\/wp-json\/wp\/v2\/pages\/51840","targetHints":{"allow":["GET"]}}],"collection":[{"href":"https:\/\/www.modula.eu\/fr\/wp-json\/wp\/v2\/pages"}],"about":[{"href":"https:\/\/www.modula.eu\/fr\/wp-json\/wp\/v2\/types\/page"}],"author":[{"embeddable":true,"href":"https:\/\/www.modula.eu\/fr\/wp-json\/wp\/v2\/users\/1"}],"replies":[{"embeddable":true,"href":"https:\/\/www.modula.eu\/fr\/wp-json\/wp\/v2\/comments?post=51840"}],"version-history":[{"count":0,"href":"https:\/\/www.modula.eu\/fr\/wp-json\/wp\/v2\/pages\/51840\/revisions"}],"up":[{"embeddable":true,"href":"https:\/\/www.modula.eu\/fr\/wp-json\/wp\/v2\/pages\/51832"}],"wp:featuredmedia":[{"embeddable":true,"href":"https:\/\/www.modula.eu\/fr\/wp-json\/wp\/v2\/media\/46652"}],"wp:attachment":[{"href":"https:\/\/www.modula.eu\/fr\/wp-json\/wp\/v2\/media?parent=51840"}],"curies":[{"name":"wp","href":"https:\/\/api.w.org\/{rel}","templated":true}]}}