{"id":56751,"date":"2025-05-22T15:19:40","date_gmt":"2025-05-22T13:19:40","guid":{"rendered":"https:\/\/www.modula.eu\/etudes-de-cas\/chimique-pharmaceutique-biomedical\/farmaenlace\/"},"modified":"2025-07-07T15:48:10","modified_gmt":"2025-07-07T13:48:10","slug":"farmaenlace","status":"publish","type":"page","link":"https:\/\/www.modula.eu\/fr\/etudes-de-cas\/chimique-pharmaceutique-biomedical\/farmaenlace\/","title":{"rendered":"Farmaenlace"},"content":{"rendered":"","protected":false},"excerpt":{"rendered":"","protected":false},"author":2,"featured_media":56746,"parent":10149,"menu_order":15,"comment_status":"closed","ping_status":"closed","template":"case.php","meta":{"_acf_changed":false,"inline_featured_image":false,"mapsvg_location":"","footnotes":""},"class_list":["post-56751","page","type-page","status-publish","has-post-thumbnail","hentry"],"acf":[],"yoast_head":"<!-- This site is optimized with the Yoast SEO plugin v27.3 - https:\/\/yoast.com\/product\/yoast-seo-wordpress\/ -->\n<title>Magasins automatiques Modula industrie chimique : Farmaenlace | Modula<\/title>\n<meta name=\"description\" content=\"Gr\u00e2ce \u00e0 Modula, l\u2019entreprise est pass\u00e9e d\u2019un entrep\u00f4t de 1 700 m2 \u00e0 seulement 160 m2, en \u00e9conomisant ainsi de l\u2019espace pr\u00e9cieux sans compromettre la capacit\u00e9 op\u00e9rationnelle. Les op\u00e9rateurs travaillent d\u00e9sormais dans une zone compacte de seulement 10 \u00e0 16 m2, ce qui am\u00e9liore la vitesse et r\u00e9duit les d\u00e9placements inutiles.\" \/>\n<meta name=\"robots\" content=\"index, follow, max-snippet:-1, max-image-preview:large, max-video-preview:-1\" \/>\n<link rel=\"canonical\" href=\"https:\/\/www.modula.eu\/fr\/etudes-de-cas\/chimique-pharmaceutique-biomedical\/farmaenlace\/\" \/>\n<meta property=\"og:locale\" content=\"fr_FR\" \/>\n<meta property=\"og:type\" content=\"article\" \/>\n<meta property=\"og:title\" content=\"Magasins automatiques Modula industrie chimique : Farmaenlace | Modula\" \/>\n<meta property=\"og:description\" content=\"Gr\u00e2ce \u00e0 Modula, l\u2019entreprise est pass\u00e9e d\u2019un entrep\u00f4t de 1 700 m2 \u00e0 seulement 160 m2, en \u00e9conomisant ainsi de l\u2019espace pr\u00e9cieux sans compromettre la capacit\u00e9 op\u00e9rationnelle. Les op\u00e9rateurs travaillent d\u00e9sormais dans une zone compacte de seulement 10 \u00e0 16 m2, ce qui am\u00e9liore la vitesse et r\u00e9duit les d\u00e9placements inutiles.\" \/>\n<meta property=\"og:url\" content=\"https:\/\/www.modula.eu\/fr\/etudes-de-cas\/chimique-pharmaceutique-biomedical\/farmaenlace\/\" \/>\n<meta property=\"og:site_name\" content=\"Modula\" \/>\n<meta property=\"article:modified_time\" content=\"2025-07-07T13:48:10+00:00\" \/>\n<meta property=\"og:image\" content=\"https:\/\/www.modula.eu\/wp-content\/uploads\/2025\/05\/farmaenlace.jpg\" \/>\n\t<meta property=\"og:image:width\" content=\"800\" \/>\n\t<meta property=\"og:image:height\" content=\"600\" \/>\n\t<meta property=\"og:image:type\" content=\"image\/jpeg\" \/>\n<meta name=\"twitter:card\" content=\"summary_large_image\" \/>\n<script type=\"application\/ld+json\" class=\"yoast-schema-graph\">{\"@context\":\"https:\\\/\\\/schema.org\",\"@graph\":[{\"@type\":\"WebPage\",\"@id\":\"https:\\\/\\\/www.modula.eu\\\/fr\\\/etudes-de-cas\\\/chimique-pharmaceutique-biomedical\\\/farmaenlace\\\/\",\"url\":\"https:\\\/\\\/www.modula.eu\\\/fr\\\/etudes-de-cas\\\/chimique-pharmaceutique-biomedical\\\/farmaenlace\\\/\",\"name\":\"Magasins automatiques Modula industrie chimique : Farmaenlace | Modula\",\"isPartOf\":{\"@id\":\"https:\\\/\\\/www.modula.eu\\\/fr\\\/#website\"},\"primaryImageOfPage\":{\"@id\":\"https:\\\/\\\/www.modula.eu\\\/fr\\\/etudes-de-cas\\\/chimique-pharmaceutique-biomedical\\\/farmaenlace\\\/#primaryimage\"},\"image\":{\"@id\":\"https:\\\/\\\/www.modula.eu\\\/fr\\\/etudes-de-cas\\\/chimique-pharmaceutique-biomedical\\\/farmaenlace\\\/#primaryimage\"},\"thumbnailUrl\":\"https:\\\/\\\/www.modula.eu\\\/wp-content\\\/uploads\\\/2025\\\/05\\\/farmaenlace.jpg\",\"datePublished\":\"2025-05-22T13:19:40+00:00\",\"dateModified\":\"2025-07-07T13:48:10+00:00\",\"description\":\"Gr\u00e2ce \u00e0 Modula, l\u2019entreprise est pass\u00e9e d\u2019un entrep\u00f4t de 1 700 m2 \u00e0 seulement 160 m2, en \u00e9conomisant ainsi de l\u2019espace pr\u00e9cieux sans compromettre la capacit\u00e9 op\u00e9rationnelle. Les op\u00e9rateurs travaillent d\u00e9sormais dans une zone compacte de seulement 10 \u00e0 16 m2, ce qui am\u00e9liore la vitesse et r\u00e9duit les d\u00e9placements inutiles.\",\"breadcrumb\":{\"@id\":\"https:\\\/\\\/www.modula.eu\\\/fr\\\/etudes-de-cas\\\/chimique-pharmaceutique-biomedical\\\/farmaenlace\\\/#breadcrumb\"},\"inLanguage\":\"fr-FR\",\"potentialAction\":[{\"@type\":\"ReadAction\",\"target\":[\"https:\\\/\\\/www.modula.eu\\\/fr\\\/etudes-de-cas\\\/chimique-pharmaceutique-biomedical\\\/farmaenlace\\\/\"]}]},{\"@type\":\"ImageObject\",\"inLanguage\":\"fr-FR\",\"@id\":\"https:\\\/\\\/www.modula.eu\\\/fr\\\/etudes-de-cas\\\/chimique-pharmaceutique-biomedical\\\/farmaenlace\\\/#primaryimage\",\"url\":\"https:\\\/\\\/www.modula.eu\\\/wp-content\\\/uploads\\\/2025\\\/05\\\/farmaenlace.jpg\",\"contentUrl\":\"https:\\\/\\\/www.modula.eu\\\/wp-content\\\/uploads\\\/2025\\\/05\\\/farmaenlace.jpg\",\"width\":800,\"height\":600},{\"@type\":\"BreadcrumbList\",\"@id\":\"https:\\\/\\\/www.modula.eu\\\/fr\\\/etudes-de-cas\\\/chimique-pharmaceutique-biomedical\\\/farmaenlace\\\/#breadcrumb\",\"itemListElement\":[{\"@type\":\"ListItem\",\"position\":1,\"name\":\"Home\",\"item\":\"https:\\\/\\\/www.modula.eu\\\/fr\\\/\"},{\"@type\":\"ListItem\",\"position\":2,\"name\":\"\u00c9tudes de Cas\",\"item\":\"https:\\\/\\\/www.modula.eu\\\/fr\\\/etudes-de-cas\\\/\"},{\"@type\":\"ListItem\",\"position\":3,\"name\":\"Chimique \\\/ Pharmaceutique \\\/ Biom\u00e9dical\",\"item\":\"https:\\\/\\\/www.modula.eu\\\/fr\\\/etudes-de-cas\\\/chimique-pharmaceutique-biomedical\\\/\"},{\"@type\":\"ListItem\",\"position\":4,\"name\":\"Farmaenlace\"}]},{\"@type\":\"WebSite\",\"@id\":\"https:\\\/\\\/www.modula.eu\\\/fr\\\/#website\",\"url\":\"https:\\\/\\\/www.modula.eu\\\/fr\\\/\",\"name\":\"Modula\",\"description\":\"Think Vertical\",\"publisher\":{\"@id\":\"https:\\\/\\\/www.modula.eu\\\/fr\\\/#organization\"},\"potentialAction\":[{\"@type\":\"SearchAction\",\"target\":{\"@type\":\"EntryPoint\",\"urlTemplate\":\"https:\\\/\\\/www.modula.eu\\\/fr\\\/?s={search_term_string}\"},\"query-input\":{\"@type\":\"PropertyValueSpecification\",\"valueRequired\":true,\"valueName\":\"search_term_string\"}}],\"inLanguage\":\"fr-FR\"},{\"@type\":\"Organization\",\"@id\":\"https:\\\/\\\/www.modula.eu\\\/fr\\\/#organization\",\"name\":\"Modula\",\"url\":\"https:\\\/\\\/www.modula.eu\\\/fr\\\/\",\"logo\":{\"@type\":\"ImageObject\",\"inLanguage\":\"fr-FR\",\"@id\":\"https:\\\/\\\/www.modula.eu\\\/fr\\\/#\\\/schema\\\/logo\\\/image\\\/\",\"url\":\"https:\\\/\\\/www.modula.eu\\\/wp-content\\\/uploads\\\/2022\\\/12\\\/Modula-logo.jpg\",\"contentUrl\":\"https:\\\/\\\/www.modula.eu\\\/wp-content\\\/uploads\\\/2022\\\/12\\\/Modula-logo.jpg\",\"width\":759,\"height\":512,\"caption\":\"Modula\"},\"image\":{\"@id\":\"https:\\\/\\\/www.modula.eu\\\/fr\\\/#\\\/schema\\\/logo\\\/image\\\/\"}}]}<\/script>\n<!-- \/ Yoast SEO plugin. -->","yoast_head_json":{"title":"Magasins automatiques Modula industrie chimique : Farmaenlace | Modula","description":"Gr\u00e2ce \u00e0 Modula, l\u2019entreprise est pass\u00e9e d\u2019un entrep\u00f4t de 1 700 m2 \u00e0 seulement 160 m2, en \u00e9conomisant ainsi de l\u2019espace pr\u00e9cieux sans compromettre la capacit\u00e9 op\u00e9rationnelle. Les op\u00e9rateurs travaillent d\u00e9sormais dans une zone compacte de seulement 10 \u00e0 16 m2, ce qui am\u00e9liore la vitesse et r\u00e9duit les d\u00e9placements inutiles.","robots":{"index":"index","follow":"follow","max-snippet":"max-snippet:-1","max-image-preview":"max-image-preview:large","max-video-preview":"max-video-preview:-1"},"canonical":"https:\/\/www.modula.eu\/fr\/etudes-de-cas\/chimique-pharmaceutique-biomedical\/farmaenlace\/","og_locale":"fr_FR","og_type":"article","og_title":"Magasins automatiques Modula industrie chimique : Farmaenlace | Modula","og_description":"Gr\u00e2ce \u00e0 Modula, l\u2019entreprise est pass\u00e9e d\u2019un entrep\u00f4t de 1 700 m2 \u00e0 seulement 160 m2, en \u00e9conomisant ainsi de l\u2019espace pr\u00e9cieux sans compromettre la capacit\u00e9 op\u00e9rationnelle. Les op\u00e9rateurs travaillent d\u00e9sormais dans une zone compacte de seulement 10 \u00e0 16 m2, ce qui am\u00e9liore la vitesse et r\u00e9duit les d\u00e9placements inutiles.","og_url":"https:\/\/www.modula.eu\/fr\/etudes-de-cas\/chimique-pharmaceutique-biomedical\/farmaenlace\/","og_site_name":"Modula","article_modified_time":"2025-07-07T13:48:10+00:00","og_image":[{"width":800,"height":600,"url":"https:\/\/www.modula.eu\/wp-content\/uploads\/2025\/05\/farmaenlace.jpg","type":"image\/jpeg"}],"twitter_card":"summary_large_image","schema":{"@context":"https:\/\/schema.org","@graph":[{"@type":"WebPage","@id":"https:\/\/www.modula.eu\/fr\/etudes-de-cas\/chimique-pharmaceutique-biomedical\/farmaenlace\/","url":"https:\/\/www.modula.eu\/fr\/etudes-de-cas\/chimique-pharmaceutique-biomedical\/farmaenlace\/","name":"Magasins automatiques Modula industrie chimique : Farmaenlace | Modula","isPartOf":{"@id":"https:\/\/www.modula.eu\/fr\/#website"},"primaryImageOfPage":{"@id":"https:\/\/www.modula.eu\/fr\/etudes-de-cas\/chimique-pharmaceutique-biomedical\/farmaenlace\/#primaryimage"},"image":{"@id":"https:\/\/www.modula.eu\/fr\/etudes-de-cas\/chimique-pharmaceutique-biomedical\/farmaenlace\/#primaryimage"},"thumbnailUrl":"https:\/\/www.modula.eu\/wp-content\/uploads\/2025\/05\/farmaenlace.jpg","datePublished":"2025-05-22T13:19:40+00:00","dateModified":"2025-07-07T13:48:10+00:00","description":"Gr\u00e2ce \u00e0 Modula, l\u2019entreprise est pass\u00e9e d\u2019un entrep\u00f4t de 1 700 m2 \u00e0 seulement 160 m2, en \u00e9conomisant ainsi de l\u2019espace pr\u00e9cieux sans compromettre la capacit\u00e9 op\u00e9rationnelle. Les op\u00e9rateurs travaillent d\u00e9sormais dans une zone compacte de seulement 10 \u00e0 16 m2, ce qui am\u00e9liore la vitesse et r\u00e9duit les d\u00e9placements inutiles.","breadcrumb":{"@id":"https:\/\/www.modula.eu\/fr\/etudes-de-cas\/chimique-pharmaceutique-biomedical\/farmaenlace\/#breadcrumb"},"inLanguage":"fr-FR","potentialAction":[{"@type":"ReadAction","target":["https:\/\/www.modula.eu\/fr\/etudes-de-cas\/chimique-pharmaceutique-biomedical\/farmaenlace\/"]}]},{"@type":"ImageObject","inLanguage":"fr-FR","@id":"https:\/\/www.modula.eu\/fr\/etudes-de-cas\/chimique-pharmaceutique-biomedical\/farmaenlace\/#primaryimage","url":"https:\/\/www.modula.eu\/wp-content\/uploads\/2025\/05\/farmaenlace.jpg","contentUrl":"https:\/\/www.modula.eu\/wp-content\/uploads\/2025\/05\/farmaenlace.jpg","width":800,"height":600},{"@type":"BreadcrumbList","@id":"https:\/\/www.modula.eu\/fr\/etudes-de-cas\/chimique-pharmaceutique-biomedical\/farmaenlace\/#breadcrumb","itemListElement":[{"@type":"ListItem","position":1,"name":"Home","item":"https:\/\/www.modula.eu\/fr\/"},{"@type":"ListItem","position":2,"name":"\u00c9tudes de Cas","item":"https:\/\/www.modula.eu\/fr\/etudes-de-cas\/"},{"@type":"ListItem","position":3,"name":"Chimique \/ Pharmaceutique \/ Biom\u00e9dical","item":"https:\/\/www.modula.eu\/fr\/etudes-de-cas\/chimique-pharmaceutique-biomedical\/"},{"@type":"ListItem","position":4,"name":"Farmaenlace"}]},{"@type":"WebSite","@id":"https:\/\/www.modula.eu\/fr\/#website","url":"https:\/\/www.modula.eu\/fr\/","name":"Modula","description":"Think Vertical","publisher":{"@id":"https:\/\/www.modula.eu\/fr\/#organization"},"potentialAction":[{"@type":"SearchAction","target":{"@type":"EntryPoint","urlTemplate":"https:\/\/www.modula.eu\/fr\/?s={search_term_string}"},"query-input":{"@type":"PropertyValueSpecification","valueRequired":true,"valueName":"search_term_string"}}],"inLanguage":"fr-FR"},{"@type":"Organization","@id":"https:\/\/www.modula.eu\/fr\/#organization","name":"Modula","url":"https:\/\/www.modula.eu\/fr\/","logo":{"@type":"ImageObject","inLanguage":"fr-FR","@id":"https:\/\/www.modula.eu\/fr\/#\/schema\/logo\/image\/","url":"https:\/\/www.modula.eu\/wp-content\/uploads\/2022\/12\/Modula-logo.jpg","contentUrl":"https:\/\/www.modula.eu\/wp-content\/uploads\/2022\/12\/Modula-logo.jpg","width":759,"height":512,"caption":"Modula"},"image":{"@id":"https:\/\/www.modula.eu\/fr\/#\/schema\/logo\/image\/"}}]}},"_links":{"self":[{"href":"https:\/\/www.modula.eu\/fr\/wp-json\/wp\/v2\/pages\/56751","targetHints":{"allow":["GET"]}}],"collection":[{"href":"https:\/\/www.modula.eu\/fr\/wp-json\/wp\/v2\/pages"}],"about":[{"href":"https:\/\/www.modula.eu\/fr\/wp-json\/wp\/v2\/types\/page"}],"author":[{"embeddable":true,"href":"https:\/\/www.modula.eu\/fr\/wp-json\/wp\/v2\/users\/2"}],"replies":[{"embeddable":true,"href":"https:\/\/www.modula.eu\/fr\/wp-json\/wp\/v2\/comments?post=56751"}],"version-history":[{"count":0,"href":"https:\/\/www.modula.eu\/fr\/wp-json\/wp\/v2\/pages\/56751\/revisions"}],"up":[{"embeddable":true,"href":"https:\/\/www.modula.eu\/fr\/wp-json\/wp\/v2\/pages\/10149"}],"wp:featuredmedia":[{"embeddable":true,"href":"https:\/\/www.modula.eu\/fr\/wp-json\/wp\/v2\/media\/56746"}],"wp:attachment":[{"href":"https:\/\/www.modula.eu\/fr\/wp-json\/wp\/v2\/media?parent=56751"}],"curies":[{"name":"wp","href":"https:\/\/api.w.org\/{rel}","templated":true}]}}