{"id":56789,"date":"2025-11-12T12:00:44","date_gmt":"2025-11-12T11:00:44","guid":{"rendered":"https:\/\/www.modula.eu\/etudes-de-cas\/automobile\/dinissan\/"},"modified":"2025-12-16T17:35:55","modified_gmt":"2025-12-16T16:35:55","slug":"dinissan","status":"publish","type":"page","link":"https:\/\/www.modula.eu\/fr\/etudes-de-cas\/automobile\/dinissan\/","title":{"rendered":"Dinissan"},"content":{"rendered":"","protected":false},"excerpt":{"rendered":"","protected":false},"author":2,"featured_media":56784,"parent":10100,"menu_order":4,"comment_status":"closed","ping_status":"closed","template":"case.php","meta":{"_acf_changed":false,"inline_featured_image":false,"mapsvg_location":"","footnotes":""},"class_list":["post-56789","page","type-page","status-publish","has-post-thumbnail","hentry"],"acf":[],"yoast_head":"<!-- This site is optimized with the Yoast SEO plugin v27.3 - https:\/\/yoast.com\/product\/yoast-seo-wordpress\/ -->\n<title>Magasins automatis\u00e9s Modula Secteur Automobile : Dinissan<\/title>\n<meta name=\"description\" content=\"Le v\u00e9ritable tournant a \u00e9t\u00e9 pris avec la mise en place de Modula, le syst\u00e8me de stockage vertical qui repr\u00e9sente \u00ab la cerise sur le g\u00e2teau \u00bb de l\u2019ensemble du projet.\" \/>\n<meta name=\"robots\" content=\"index, follow, max-snippet:-1, max-image-preview:large, max-video-preview:-1\" \/>\n<link rel=\"canonical\" href=\"https:\/\/www.modula.eu\/fr\/etudes-de-cas\/automobile\/dinissan\/\" \/>\n<meta property=\"og:locale\" content=\"fr_FR\" \/>\n<meta property=\"og:type\" content=\"article\" \/>\n<meta property=\"og:title\" content=\"Magasins automatis\u00e9s Modula Secteur Automobile : Dinissan\" \/>\n<meta property=\"og:description\" content=\"Le v\u00e9ritable tournant a \u00e9t\u00e9 pris avec la mise en place de Modula, le syst\u00e8me de stockage vertical qui repr\u00e9sente \u00ab la cerise sur le g\u00e2teau \u00bb de l\u2019ensemble du projet.\" \/>\n<meta property=\"og:url\" content=\"https:\/\/www.modula.eu\/fr\/etudes-de-cas\/automobile\/dinissan\/\" \/>\n<meta property=\"og:site_name\" content=\"Modula\" \/>\n<meta property=\"article:modified_time\" content=\"2025-12-16T16:35:55+00:00\" \/>\n<meta property=\"og:image\" content=\"https:\/\/www.modula.eu\/wp-content\/uploads\/2025\/05\/DINISSAN.jpg\" \/>\n\t<meta property=\"og:image:width\" content=\"800\" \/>\n\t<meta property=\"og:image:height\" content=\"600\" \/>\n\t<meta property=\"og:image:type\" content=\"image\/jpeg\" \/>\n<meta name=\"twitter:card\" content=\"summary_large_image\" \/>\n<script type=\"application\/ld+json\" class=\"yoast-schema-graph\">{\"@context\":\"https:\\\/\\\/schema.org\",\"@graph\":[{\"@type\":\"WebPage\",\"@id\":\"https:\\\/\\\/www.modula.eu\\\/fr\\\/etudes-de-cas\\\/automobile\\\/dinissan\\\/\",\"url\":\"https:\\\/\\\/www.modula.eu\\\/fr\\\/etudes-de-cas\\\/automobile\\\/dinissan\\\/\",\"name\":\"Magasins automatis\u00e9s Modula Secteur Automobile : Dinissan\",\"isPartOf\":{\"@id\":\"https:\\\/\\\/www.modula.eu\\\/fr\\\/#website\"},\"primaryImageOfPage\":{\"@id\":\"https:\\\/\\\/www.modula.eu\\\/fr\\\/etudes-de-cas\\\/automobile\\\/dinissan\\\/#primaryimage\"},\"image\":{\"@id\":\"https:\\\/\\\/www.modula.eu\\\/fr\\\/etudes-de-cas\\\/automobile\\\/dinissan\\\/#primaryimage\"},\"thumbnailUrl\":\"https:\\\/\\\/www.modula.eu\\\/wp-content\\\/uploads\\\/2025\\\/05\\\/DINISSAN.jpg\",\"datePublished\":\"2025-11-12T11:00:44+00:00\",\"dateModified\":\"2025-12-16T16:35:55+00:00\",\"description\":\"Le v\u00e9ritable tournant a \u00e9t\u00e9 pris avec la mise en place de Modula, le syst\u00e8me de stockage vertical qui repr\u00e9sente \u00ab la cerise sur le g\u00e2teau \u00bb de l\u2019ensemble du projet.\",\"breadcrumb\":{\"@id\":\"https:\\\/\\\/www.modula.eu\\\/fr\\\/etudes-de-cas\\\/automobile\\\/dinissan\\\/#breadcrumb\"},\"inLanguage\":\"fr-FR\",\"potentialAction\":[{\"@type\":\"ReadAction\",\"target\":[\"https:\\\/\\\/www.modula.eu\\\/fr\\\/etudes-de-cas\\\/automobile\\\/dinissan\\\/\"]}]},{\"@type\":\"ImageObject\",\"inLanguage\":\"fr-FR\",\"@id\":\"https:\\\/\\\/www.modula.eu\\\/fr\\\/etudes-de-cas\\\/automobile\\\/dinissan\\\/#primaryimage\",\"url\":\"https:\\\/\\\/www.modula.eu\\\/wp-content\\\/uploads\\\/2025\\\/05\\\/DINISSAN.jpg\",\"contentUrl\":\"https:\\\/\\\/www.modula.eu\\\/wp-content\\\/uploads\\\/2025\\\/05\\\/DINISSAN.jpg\",\"width\":800,\"height\":600},{\"@type\":\"BreadcrumbList\",\"@id\":\"https:\\\/\\\/www.modula.eu\\\/fr\\\/etudes-de-cas\\\/automobile\\\/dinissan\\\/#breadcrumb\",\"itemListElement\":[{\"@type\":\"ListItem\",\"position\":1,\"name\":\"Home\",\"item\":\"https:\\\/\\\/www.modula.eu\\\/fr\\\/\"},{\"@type\":\"ListItem\",\"position\":2,\"name\":\"\u00c9tudes de Cas\",\"item\":\"https:\\\/\\\/www.modula.eu\\\/fr\\\/etudes-de-cas\\\/\"},{\"@type\":\"ListItem\",\"position\":3,\"name\":\"Automobile\",\"item\":\"https:\\\/\\\/www.modula.eu\\\/fr\\\/etudes-de-cas\\\/automobile\\\/\"},{\"@type\":\"ListItem\",\"position\":4,\"name\":\"Dinissan\"}]},{\"@type\":\"WebSite\",\"@id\":\"https:\\\/\\\/www.modula.eu\\\/fr\\\/#website\",\"url\":\"https:\\\/\\\/www.modula.eu\\\/fr\\\/\",\"name\":\"Modula\",\"description\":\"Think Vertical\",\"publisher\":{\"@id\":\"https:\\\/\\\/www.modula.eu\\\/fr\\\/#organization\"},\"potentialAction\":[{\"@type\":\"SearchAction\",\"target\":{\"@type\":\"EntryPoint\",\"urlTemplate\":\"https:\\\/\\\/www.modula.eu\\\/fr\\\/?s={search_term_string}\"},\"query-input\":{\"@type\":\"PropertyValueSpecification\",\"valueRequired\":true,\"valueName\":\"search_term_string\"}}],\"inLanguage\":\"fr-FR\"},{\"@type\":\"Organization\",\"@id\":\"https:\\\/\\\/www.modula.eu\\\/fr\\\/#organization\",\"name\":\"Modula\",\"url\":\"https:\\\/\\\/www.modula.eu\\\/fr\\\/\",\"logo\":{\"@type\":\"ImageObject\",\"inLanguage\":\"fr-FR\",\"@id\":\"https:\\\/\\\/www.modula.eu\\\/fr\\\/#\\\/schema\\\/logo\\\/image\\\/\",\"url\":\"https:\\\/\\\/www.modula.eu\\\/wp-content\\\/uploads\\\/2022\\\/12\\\/Modula-logo.jpg\",\"contentUrl\":\"https:\\\/\\\/www.modula.eu\\\/wp-content\\\/uploads\\\/2022\\\/12\\\/Modula-logo.jpg\",\"width\":759,\"height\":512,\"caption\":\"Modula\"},\"image\":{\"@id\":\"https:\\\/\\\/www.modula.eu\\\/fr\\\/#\\\/schema\\\/logo\\\/image\\\/\"}}]}<\/script>\n<!-- \/ Yoast SEO plugin. -->","yoast_head_json":{"title":"Magasins automatis\u00e9s Modula Secteur Automobile : Dinissan","description":"Le v\u00e9ritable tournant a \u00e9t\u00e9 pris avec la mise en place de Modula, le syst\u00e8me de stockage vertical qui repr\u00e9sente \u00ab la cerise sur le g\u00e2teau \u00bb de l\u2019ensemble du projet.","robots":{"index":"index","follow":"follow","max-snippet":"max-snippet:-1","max-image-preview":"max-image-preview:large","max-video-preview":"max-video-preview:-1"},"canonical":"https:\/\/www.modula.eu\/fr\/etudes-de-cas\/automobile\/dinissan\/","og_locale":"fr_FR","og_type":"article","og_title":"Magasins automatis\u00e9s Modula Secteur Automobile : Dinissan","og_description":"Le v\u00e9ritable tournant a \u00e9t\u00e9 pris avec la mise en place de Modula, le syst\u00e8me de stockage vertical qui repr\u00e9sente \u00ab la cerise sur le g\u00e2teau \u00bb de l\u2019ensemble du projet.","og_url":"https:\/\/www.modula.eu\/fr\/etudes-de-cas\/automobile\/dinissan\/","og_site_name":"Modula","article_modified_time":"2025-12-16T16:35:55+00:00","og_image":[{"width":800,"height":600,"url":"https:\/\/www.modula.eu\/wp-content\/uploads\/2025\/05\/DINISSAN.jpg","type":"image\/jpeg"}],"twitter_card":"summary_large_image","schema":{"@context":"https:\/\/schema.org","@graph":[{"@type":"WebPage","@id":"https:\/\/www.modula.eu\/fr\/etudes-de-cas\/automobile\/dinissan\/","url":"https:\/\/www.modula.eu\/fr\/etudes-de-cas\/automobile\/dinissan\/","name":"Magasins automatis\u00e9s Modula Secteur Automobile : Dinissan","isPartOf":{"@id":"https:\/\/www.modula.eu\/fr\/#website"},"primaryImageOfPage":{"@id":"https:\/\/www.modula.eu\/fr\/etudes-de-cas\/automobile\/dinissan\/#primaryimage"},"image":{"@id":"https:\/\/www.modula.eu\/fr\/etudes-de-cas\/automobile\/dinissan\/#primaryimage"},"thumbnailUrl":"https:\/\/www.modula.eu\/wp-content\/uploads\/2025\/05\/DINISSAN.jpg","datePublished":"2025-11-12T11:00:44+00:00","dateModified":"2025-12-16T16:35:55+00:00","description":"Le v\u00e9ritable tournant a \u00e9t\u00e9 pris avec la mise en place de Modula, le syst\u00e8me de stockage vertical qui repr\u00e9sente \u00ab la cerise sur le g\u00e2teau \u00bb de l\u2019ensemble du projet.","breadcrumb":{"@id":"https:\/\/www.modula.eu\/fr\/etudes-de-cas\/automobile\/dinissan\/#breadcrumb"},"inLanguage":"fr-FR","potentialAction":[{"@type":"ReadAction","target":["https:\/\/www.modula.eu\/fr\/etudes-de-cas\/automobile\/dinissan\/"]}]},{"@type":"ImageObject","inLanguage":"fr-FR","@id":"https:\/\/www.modula.eu\/fr\/etudes-de-cas\/automobile\/dinissan\/#primaryimage","url":"https:\/\/www.modula.eu\/wp-content\/uploads\/2025\/05\/DINISSAN.jpg","contentUrl":"https:\/\/www.modula.eu\/wp-content\/uploads\/2025\/05\/DINISSAN.jpg","width":800,"height":600},{"@type":"BreadcrumbList","@id":"https:\/\/www.modula.eu\/fr\/etudes-de-cas\/automobile\/dinissan\/#breadcrumb","itemListElement":[{"@type":"ListItem","position":1,"name":"Home","item":"https:\/\/www.modula.eu\/fr\/"},{"@type":"ListItem","position":2,"name":"\u00c9tudes de Cas","item":"https:\/\/www.modula.eu\/fr\/etudes-de-cas\/"},{"@type":"ListItem","position":3,"name":"Automobile","item":"https:\/\/www.modula.eu\/fr\/etudes-de-cas\/automobile\/"},{"@type":"ListItem","position":4,"name":"Dinissan"}]},{"@type":"WebSite","@id":"https:\/\/www.modula.eu\/fr\/#website","url":"https:\/\/www.modula.eu\/fr\/","name":"Modula","description":"Think Vertical","publisher":{"@id":"https:\/\/www.modula.eu\/fr\/#organization"},"potentialAction":[{"@type":"SearchAction","target":{"@type":"EntryPoint","urlTemplate":"https:\/\/www.modula.eu\/fr\/?s={search_term_string}"},"query-input":{"@type":"PropertyValueSpecification","valueRequired":true,"valueName":"search_term_string"}}],"inLanguage":"fr-FR"},{"@type":"Organization","@id":"https:\/\/www.modula.eu\/fr\/#organization","name":"Modula","url":"https:\/\/www.modula.eu\/fr\/","logo":{"@type":"ImageObject","inLanguage":"fr-FR","@id":"https:\/\/www.modula.eu\/fr\/#\/schema\/logo\/image\/","url":"https:\/\/www.modula.eu\/wp-content\/uploads\/2022\/12\/Modula-logo.jpg","contentUrl":"https:\/\/www.modula.eu\/wp-content\/uploads\/2022\/12\/Modula-logo.jpg","width":759,"height":512,"caption":"Modula"},"image":{"@id":"https:\/\/www.modula.eu\/fr\/#\/schema\/logo\/image\/"}}]}},"_links":{"self":[{"href":"https:\/\/www.modula.eu\/fr\/wp-json\/wp\/v2\/pages\/56789","targetHints":{"allow":["GET"]}}],"collection":[{"href":"https:\/\/www.modula.eu\/fr\/wp-json\/wp\/v2\/pages"}],"about":[{"href":"https:\/\/www.modula.eu\/fr\/wp-json\/wp\/v2\/types\/page"}],"author":[{"embeddable":true,"href":"https:\/\/www.modula.eu\/fr\/wp-json\/wp\/v2\/users\/2"}],"replies":[{"embeddable":true,"href":"https:\/\/www.modula.eu\/fr\/wp-json\/wp\/v2\/comments?post=56789"}],"version-history":[{"count":1,"href":"https:\/\/www.modula.eu\/fr\/wp-json\/wp\/v2\/pages\/56789\/revisions"}],"predecessor-version":[{"id":70581,"href":"https:\/\/www.modula.eu\/fr\/wp-json\/wp\/v2\/pages\/56789\/revisions\/70581"}],"up":[{"embeddable":true,"href":"https:\/\/www.modula.eu\/fr\/wp-json\/wp\/v2\/pages\/10100"}],"wp:featuredmedia":[{"embeddable":true,"href":"https:\/\/www.modula.eu\/fr\/wp-json\/wp\/v2\/media\/56784"}],"wp:attachment":[{"href":"https:\/\/www.modula.eu\/fr\/wp-json\/wp\/v2\/media?parent=56789"}],"curies":[{"name":"wp","href":"https:\/\/api.w.org\/{rel}","templated":true}]}}