{"id":64371,"date":"2025-08-27T09:14:53","date_gmt":"2025-08-27T07:14:53","guid":{"rendered":"https:\/\/www.modula.eu\/etudes-de-cas\/pneumatique-oleodynamique\/lewa-pumps-daily-co-ltd\/"},"modified":"2025-08-27T10:46:11","modified_gmt":"2025-08-27T08:46:11","slug":"lewa-pumps-daily-co-ltd","status":"publish","type":"page","link":"https:\/\/www.modula.eu\/fr\/etudes-de-cas\/pneumatique-oleodynamique\/lewa-pumps-daily-co-ltd\/","title":{"rendered":"Lewa Pumps Daily Co Ltd"},"content":{"rendered":"","protected":false},"excerpt":{"rendered":"","protected":false},"author":1,"featured_media":64364,"parent":10315,"menu_order":2,"comment_status":"closed","ping_status":"closed","template":"case.php","meta":{"_acf_changed":false,"inline_featured_image":false,"mapsvg_location":"","footnotes":""},"class_list":["post-64371","page","type-page","status-publish","has-post-thumbnail","hentry"],"acf":[],"yoast_head":"<!-- This site is optimized with the Yoast SEO plugin v27.3 - https:\/\/yoast.com\/product\/yoast-seo-wordpress\/ -->\n<title>Magasins Modula hydrauliques, pneumatiques et ol\u00e9odynamiques : Lewa Pumps Daily Co Ltd<\/title>\n<meta name=\"description\" content=\"D\u00e9couvrez comment LEWA Pumps Daily Co. Ltd a am\u00e9lior\u00e9 l&#039;efficacit\u00e9 op\u00e9rationnelle en mettant en \u0153uvre les syst\u00e8mes de stockage vertical automatis\u00e9 de Modula. Explorez les avantages, les d\u00e9fis et les r\u00e9sultats de cette collaboration dans l&#039;industrie pneumatique et hydraulique.\" \/>\n<meta name=\"robots\" content=\"index, follow, max-snippet:-1, max-image-preview:large, max-video-preview:-1\" \/>\n<link rel=\"canonical\" href=\"https:\/\/www.modula.eu\/fr\/etudes-de-cas\/pneumatique-oleodynamique\/lewa-pumps-daily-co-ltd\/\" \/>\n<meta property=\"og:locale\" content=\"fr_FR\" \/>\n<meta property=\"og:type\" content=\"article\" \/>\n<meta property=\"og:title\" content=\"Magasins Modula hydrauliques, pneumatiques et ol\u00e9odynamiques : Lewa Pumps Daily Co Ltd\" \/>\n<meta property=\"og:description\" content=\"D\u00e9couvrez comment LEWA Pumps Daily Co. Ltd a am\u00e9lior\u00e9 l&#039;efficacit\u00e9 op\u00e9rationnelle en mettant en \u0153uvre les syst\u00e8mes de stockage vertical automatis\u00e9 de Modula. Explorez les avantages, les d\u00e9fis et les r\u00e9sultats de cette collaboration dans l&#039;industrie pneumatique et hydraulique.\" \/>\n<meta property=\"og:url\" content=\"https:\/\/www.modula.eu\/fr\/etudes-de-cas\/pneumatique-oleodynamique\/lewa-pumps-daily-co-ltd\/\" \/>\n<meta property=\"og:site_name\" content=\"Modula\" \/>\n<meta property=\"article:modified_time\" content=\"2025-08-27T08:46:11+00:00\" \/>\n<meta property=\"og:image\" content=\"https:\/\/www.modula.eu\/wp-content\/uploads\/2025\/08\/lewa-1024x509.png\" \/>\n\t<meta property=\"og:image:width\" content=\"1024\" \/>\n\t<meta property=\"og:image:height\" content=\"509\" \/>\n\t<meta property=\"og:image:type\" content=\"image\/png\" \/>\n<meta name=\"twitter:card\" content=\"summary_large_image\" \/>\n<script type=\"application\/ld+json\" class=\"yoast-schema-graph\">{\"@context\":\"https:\\\/\\\/schema.org\",\"@graph\":[{\"@type\":\"WebPage\",\"@id\":\"https:\\\/\\\/www.modula.eu\\\/fr\\\/etudes-de-cas\\\/pneumatique-oleodynamique\\\/lewa-pumps-daily-co-ltd\\\/\",\"url\":\"https:\\\/\\\/www.modula.eu\\\/fr\\\/etudes-de-cas\\\/pneumatique-oleodynamique\\\/lewa-pumps-daily-co-ltd\\\/\",\"name\":\"Magasins Modula hydrauliques, pneumatiques et ol\u00e9odynamiques : Lewa Pumps Daily Co Ltd\",\"isPartOf\":{\"@id\":\"https:\\\/\\\/www.modula.eu\\\/fr\\\/#website\"},\"primaryImageOfPage\":{\"@id\":\"https:\\\/\\\/www.modula.eu\\\/fr\\\/etudes-de-cas\\\/pneumatique-oleodynamique\\\/lewa-pumps-daily-co-ltd\\\/#primaryimage\"},\"image\":{\"@id\":\"https:\\\/\\\/www.modula.eu\\\/fr\\\/etudes-de-cas\\\/pneumatique-oleodynamique\\\/lewa-pumps-daily-co-ltd\\\/#primaryimage\"},\"thumbnailUrl\":\"https:\\\/\\\/www.modula.eu\\\/wp-content\\\/uploads\\\/2025\\\/08\\\/lewa.png\",\"datePublished\":\"2025-08-27T07:14:53+00:00\",\"dateModified\":\"2025-08-27T08:46:11+00:00\",\"description\":\"D\u00e9couvrez comment LEWA Pumps Daily Co. Ltd a am\u00e9lior\u00e9 l'efficacit\u00e9 op\u00e9rationnelle en mettant en \u0153uvre les syst\u00e8mes de stockage vertical automatis\u00e9 de Modula. Explorez les avantages, les d\u00e9fis et les r\u00e9sultats de cette collaboration dans l'industrie pneumatique et hydraulique.\",\"breadcrumb\":{\"@id\":\"https:\\\/\\\/www.modula.eu\\\/fr\\\/etudes-de-cas\\\/pneumatique-oleodynamique\\\/lewa-pumps-daily-co-ltd\\\/#breadcrumb\"},\"inLanguage\":\"fr-FR\",\"potentialAction\":[{\"@type\":\"ReadAction\",\"target\":[\"https:\\\/\\\/www.modula.eu\\\/fr\\\/etudes-de-cas\\\/pneumatique-oleodynamique\\\/lewa-pumps-daily-co-ltd\\\/\"]}]},{\"@type\":\"ImageObject\",\"inLanguage\":\"fr-FR\",\"@id\":\"https:\\\/\\\/www.modula.eu\\\/fr\\\/etudes-de-cas\\\/pneumatique-oleodynamique\\\/lewa-pumps-daily-co-ltd\\\/#primaryimage\",\"url\":\"https:\\\/\\\/www.modula.eu\\\/wp-content\\\/uploads\\\/2025\\\/08\\\/lewa.png\",\"contentUrl\":\"https:\\\/\\\/www.modula.eu\\\/wp-content\\\/uploads\\\/2025\\\/08\\\/lewa.png\",\"width\":2028,\"height\":1008},{\"@type\":\"BreadcrumbList\",\"@id\":\"https:\\\/\\\/www.modula.eu\\\/fr\\\/etudes-de-cas\\\/pneumatique-oleodynamique\\\/lewa-pumps-daily-co-ltd\\\/#breadcrumb\",\"itemListElement\":[{\"@type\":\"ListItem\",\"position\":1,\"name\":\"Home\",\"item\":\"https:\\\/\\\/www.modula.eu\\\/fr\\\/\"},{\"@type\":\"ListItem\",\"position\":2,\"name\":\"\u00c9tudes de Cas\",\"item\":\"https:\\\/\\\/www.modula.eu\\\/fr\\\/etudes-de-cas\\\/\"},{\"@type\":\"ListItem\",\"position\":3,\"name\":\"Pneumatic\\\/Hydraulic\",\"item\":\"https:\\\/\\\/www.modula.eu\\\/fr\\\/etudes-de-cas\\\/pneumatique-oleodynamique\\\/\"},{\"@type\":\"ListItem\",\"position\":4,\"name\":\"Lewa Pumps Daily Co Ltd\"}]},{\"@type\":\"WebSite\",\"@id\":\"https:\\\/\\\/www.modula.eu\\\/fr\\\/#website\",\"url\":\"https:\\\/\\\/www.modula.eu\\\/fr\\\/\",\"name\":\"Modula\",\"description\":\"Think Vertical\",\"publisher\":{\"@id\":\"https:\\\/\\\/www.modula.eu\\\/fr\\\/#organization\"},\"potentialAction\":[{\"@type\":\"SearchAction\",\"target\":{\"@type\":\"EntryPoint\",\"urlTemplate\":\"https:\\\/\\\/www.modula.eu\\\/fr\\\/?s={search_term_string}\"},\"query-input\":{\"@type\":\"PropertyValueSpecification\",\"valueRequired\":true,\"valueName\":\"search_term_string\"}}],\"inLanguage\":\"fr-FR\"},{\"@type\":\"Organization\",\"@id\":\"https:\\\/\\\/www.modula.eu\\\/fr\\\/#organization\",\"name\":\"Modula\",\"url\":\"https:\\\/\\\/www.modula.eu\\\/fr\\\/\",\"logo\":{\"@type\":\"ImageObject\",\"inLanguage\":\"fr-FR\",\"@id\":\"https:\\\/\\\/www.modula.eu\\\/fr\\\/#\\\/schema\\\/logo\\\/image\\\/\",\"url\":\"https:\\\/\\\/www.modula.eu\\\/wp-content\\\/uploads\\\/2022\\\/12\\\/Modula-logo.jpg\",\"contentUrl\":\"https:\\\/\\\/www.modula.eu\\\/wp-content\\\/uploads\\\/2022\\\/12\\\/Modula-logo.jpg\",\"width\":759,\"height\":512,\"caption\":\"Modula\"},\"image\":{\"@id\":\"https:\\\/\\\/www.modula.eu\\\/fr\\\/#\\\/schema\\\/logo\\\/image\\\/\"}}]}<\/script>\n<!-- \/ Yoast SEO plugin. -->","yoast_head_json":{"title":"Magasins Modula hydrauliques, pneumatiques et ol\u00e9odynamiques : Lewa Pumps Daily Co Ltd","description":"D\u00e9couvrez comment LEWA Pumps Daily Co. Ltd a am\u00e9lior\u00e9 l'efficacit\u00e9 op\u00e9rationnelle en mettant en \u0153uvre les syst\u00e8mes de stockage vertical automatis\u00e9 de Modula. Explorez les avantages, les d\u00e9fis et les r\u00e9sultats de cette collaboration dans l'industrie pneumatique et hydraulique.","robots":{"index":"index","follow":"follow","max-snippet":"max-snippet:-1","max-image-preview":"max-image-preview:large","max-video-preview":"max-video-preview:-1"},"canonical":"https:\/\/www.modula.eu\/fr\/etudes-de-cas\/pneumatique-oleodynamique\/lewa-pumps-daily-co-ltd\/","og_locale":"fr_FR","og_type":"article","og_title":"Magasins Modula hydrauliques, pneumatiques et ol\u00e9odynamiques : Lewa Pumps Daily Co Ltd","og_description":"D\u00e9couvrez comment LEWA Pumps Daily Co. Ltd a am\u00e9lior\u00e9 l'efficacit\u00e9 op\u00e9rationnelle en mettant en \u0153uvre les syst\u00e8mes de stockage vertical automatis\u00e9 de Modula. Explorez les avantages, les d\u00e9fis et les r\u00e9sultats de cette collaboration dans l'industrie pneumatique et hydraulique.","og_url":"https:\/\/www.modula.eu\/fr\/etudes-de-cas\/pneumatique-oleodynamique\/lewa-pumps-daily-co-ltd\/","og_site_name":"Modula","article_modified_time":"2025-08-27T08:46:11+00:00","og_image":[{"width":1024,"height":509,"url":"https:\/\/www.modula.eu\/wp-content\/uploads\/2025\/08\/lewa-1024x509.png","type":"image\/png"}],"twitter_card":"summary_large_image","schema":{"@context":"https:\/\/schema.org","@graph":[{"@type":"WebPage","@id":"https:\/\/www.modula.eu\/fr\/etudes-de-cas\/pneumatique-oleodynamique\/lewa-pumps-daily-co-ltd\/","url":"https:\/\/www.modula.eu\/fr\/etudes-de-cas\/pneumatique-oleodynamique\/lewa-pumps-daily-co-ltd\/","name":"Magasins Modula hydrauliques, pneumatiques et ol\u00e9odynamiques : Lewa Pumps Daily Co Ltd","isPartOf":{"@id":"https:\/\/www.modula.eu\/fr\/#website"},"primaryImageOfPage":{"@id":"https:\/\/www.modula.eu\/fr\/etudes-de-cas\/pneumatique-oleodynamique\/lewa-pumps-daily-co-ltd\/#primaryimage"},"image":{"@id":"https:\/\/www.modula.eu\/fr\/etudes-de-cas\/pneumatique-oleodynamique\/lewa-pumps-daily-co-ltd\/#primaryimage"},"thumbnailUrl":"https:\/\/www.modula.eu\/wp-content\/uploads\/2025\/08\/lewa.png","datePublished":"2025-08-27T07:14:53+00:00","dateModified":"2025-08-27T08:46:11+00:00","description":"D\u00e9couvrez comment LEWA Pumps Daily Co. Ltd a am\u00e9lior\u00e9 l'efficacit\u00e9 op\u00e9rationnelle en mettant en \u0153uvre les syst\u00e8mes de stockage vertical automatis\u00e9 de Modula. Explorez les avantages, les d\u00e9fis et les r\u00e9sultats de cette collaboration dans l'industrie pneumatique et hydraulique.","breadcrumb":{"@id":"https:\/\/www.modula.eu\/fr\/etudes-de-cas\/pneumatique-oleodynamique\/lewa-pumps-daily-co-ltd\/#breadcrumb"},"inLanguage":"fr-FR","potentialAction":[{"@type":"ReadAction","target":["https:\/\/www.modula.eu\/fr\/etudes-de-cas\/pneumatique-oleodynamique\/lewa-pumps-daily-co-ltd\/"]}]},{"@type":"ImageObject","inLanguage":"fr-FR","@id":"https:\/\/www.modula.eu\/fr\/etudes-de-cas\/pneumatique-oleodynamique\/lewa-pumps-daily-co-ltd\/#primaryimage","url":"https:\/\/www.modula.eu\/wp-content\/uploads\/2025\/08\/lewa.png","contentUrl":"https:\/\/www.modula.eu\/wp-content\/uploads\/2025\/08\/lewa.png","width":2028,"height":1008},{"@type":"BreadcrumbList","@id":"https:\/\/www.modula.eu\/fr\/etudes-de-cas\/pneumatique-oleodynamique\/lewa-pumps-daily-co-ltd\/#breadcrumb","itemListElement":[{"@type":"ListItem","position":1,"name":"Home","item":"https:\/\/www.modula.eu\/fr\/"},{"@type":"ListItem","position":2,"name":"\u00c9tudes de Cas","item":"https:\/\/www.modula.eu\/fr\/etudes-de-cas\/"},{"@type":"ListItem","position":3,"name":"Pneumatic\/Hydraulic","item":"https:\/\/www.modula.eu\/fr\/etudes-de-cas\/pneumatique-oleodynamique\/"},{"@type":"ListItem","position":4,"name":"Lewa Pumps Daily Co Ltd"}]},{"@type":"WebSite","@id":"https:\/\/www.modula.eu\/fr\/#website","url":"https:\/\/www.modula.eu\/fr\/","name":"Modula","description":"Think Vertical","publisher":{"@id":"https:\/\/www.modula.eu\/fr\/#organization"},"potentialAction":[{"@type":"SearchAction","target":{"@type":"EntryPoint","urlTemplate":"https:\/\/www.modula.eu\/fr\/?s={search_term_string}"},"query-input":{"@type":"PropertyValueSpecification","valueRequired":true,"valueName":"search_term_string"}}],"inLanguage":"fr-FR"},{"@type":"Organization","@id":"https:\/\/www.modula.eu\/fr\/#organization","name":"Modula","url":"https:\/\/www.modula.eu\/fr\/","logo":{"@type":"ImageObject","inLanguage":"fr-FR","@id":"https:\/\/www.modula.eu\/fr\/#\/schema\/logo\/image\/","url":"https:\/\/www.modula.eu\/wp-content\/uploads\/2022\/12\/Modula-logo.jpg","contentUrl":"https:\/\/www.modula.eu\/wp-content\/uploads\/2022\/12\/Modula-logo.jpg","width":759,"height":512,"caption":"Modula"},"image":{"@id":"https:\/\/www.modula.eu\/fr\/#\/schema\/logo\/image\/"}}]}},"_links":{"self":[{"href":"https:\/\/www.modula.eu\/fr\/wp-json\/wp\/v2\/pages\/64371","targetHints":{"allow":["GET"]}}],"collection":[{"href":"https:\/\/www.modula.eu\/fr\/wp-json\/wp\/v2\/pages"}],"about":[{"href":"https:\/\/www.modula.eu\/fr\/wp-json\/wp\/v2\/types\/page"}],"author":[{"embeddable":true,"href":"https:\/\/www.modula.eu\/fr\/wp-json\/wp\/v2\/users\/1"}],"replies":[{"embeddable":true,"href":"https:\/\/www.modula.eu\/fr\/wp-json\/wp\/v2\/comments?post=64371"}],"version-history":[{"count":0,"href":"https:\/\/www.modula.eu\/fr\/wp-json\/wp\/v2\/pages\/64371\/revisions"}],"up":[{"embeddable":true,"href":"https:\/\/www.modula.eu\/fr\/wp-json\/wp\/v2\/pages\/10315"}],"wp:featuredmedia":[{"embeddable":true,"href":"https:\/\/www.modula.eu\/fr\/wp-json\/wp\/v2\/media\/64364"}],"wp:attachment":[{"href":"https:\/\/www.modula.eu\/fr\/wp-json\/wp\/v2\/media?parent=64371"}],"curies":[{"name":"wp","href":"https:\/\/api.w.org\/{rel}","templated":true}]}}