{"id":67936,"date":"2025-12-30T00:00:28","date_gmt":"2025-12-29T23:00:28","guid":{"rendered":"https:\/\/www.modula.eu\/etudes-de-cas\/chimique-pharmaceutique-biomedical\/zua-lilly-drogerie\/"},"modified":"2025-11-28T08:51:50","modified_gmt":"2025-11-28T07:51:50","slug":"zua-lilly-drogerie","status":"publish","type":"page","link":"https:\/\/www.modula.eu\/fr\/etudes-de-cas\/chimique-pharmaceutique-biomedical\/zua-lilly-drogerie\/","title":{"rendered":"ZUA Lilly Drogerie"},"content":{"rendered":"","protected":false},"excerpt":{"rendered":"","protected":false},"author":6,"featured_media":67937,"parent":10149,"menu_order":1,"comment_status":"closed","ping_status":"closed","template":"case.php","meta":{"_acf_changed":false,"inline_featured_image":false,"mapsvg_location":"","footnotes":""},"class_list":["post-67936","page","type-page","status-publish","has-post-thumbnail","hentry"],"acf":[],"yoast_head":"<!-- This site is optimized with the Yoast SEO plugin v27.3 - https:\/\/yoast.com\/product\/yoast-seo-wordpress\/ -->\n<title>Entrep\u00f4ts verticaux automatiques pour le secteur pharmaceutique : ZUA Lilly Drogerie<\/title>\n<meta name=\"description\" content=\"Pour r\u00e9pondre \u00e0 ces besoins, ZUA Lilly Drogerie a choisi d\u2019introduire un Modula Lift 2.0 mod\u00e8le ML50D, un syst\u00e8me de stockage vertical automatis\u00e9 haute performance.\" \/>\n<meta name=\"robots\" content=\"index, follow, max-snippet:-1, max-image-preview:large, max-video-preview:-1\" \/>\n<link rel=\"canonical\" href=\"https:\/\/www.modula.eu\/fr\/etudes-de-cas\/chimique-pharmaceutique-biomedical\/zua-lilly-drogerie\/\" \/>\n<meta property=\"og:locale\" content=\"fr_FR\" \/>\n<meta property=\"og:type\" content=\"article\" \/>\n<meta property=\"og:title\" content=\"Entrep\u00f4ts verticaux automatiques pour le secteur pharmaceutique : ZUA Lilly Drogerie\" \/>\n<meta property=\"og:description\" content=\"Pour r\u00e9pondre \u00e0 ces besoins, ZUA Lilly Drogerie a choisi d\u2019introduire un Modula Lift 2.0 mod\u00e8le ML50D, un syst\u00e8me de stockage vertical automatis\u00e9 haute performance.\" \/>\n<meta property=\"og:url\" content=\"https:\/\/www.modula.eu\/fr\/etudes-de-cas\/chimique-pharmaceutique-biomedical\/zua-lilly-drogerie\/\" \/>\n<meta property=\"og:site_name\" content=\"Modula\" \/>\n<meta property=\"og:image\" content=\"https:\/\/www.modula.eu\/wp-content\/uploads\/2025\/10\/ZUA-Lilly-Case-Study-scaled.jpg\" \/>\n\t<meta property=\"og:image:width\" content=\"2560\" \/>\n\t<meta property=\"og:image:height\" content=\"1920\" \/>\n\t<meta property=\"og:image:type\" content=\"image\/jpeg\" \/>\n<meta name=\"twitter:card\" content=\"summary_large_image\" \/>\n<script type=\"application\/ld+json\" class=\"yoast-schema-graph\">{\"@context\":\"https:\\\/\\\/schema.org\",\"@graph\":[{\"@type\":\"WebPage\",\"@id\":\"https:\\\/\\\/www.modula.eu\\\/fr\\\/etudes-de-cas\\\/chimique-pharmaceutique-biomedical\\\/zua-lilly-drogerie\\\/\",\"url\":\"https:\\\/\\\/www.modula.eu\\\/fr\\\/etudes-de-cas\\\/chimique-pharmaceutique-biomedical\\\/zua-lilly-drogerie\\\/\",\"name\":\"Entrep\u00f4ts verticaux automatiques pour le secteur pharmaceutique : ZUA Lilly Drogerie\",\"isPartOf\":{\"@id\":\"https:\\\/\\\/www.modula.eu\\\/fr\\\/#website\"},\"primaryImageOfPage\":{\"@id\":\"https:\\\/\\\/www.modula.eu\\\/fr\\\/etudes-de-cas\\\/chimique-pharmaceutique-biomedical\\\/zua-lilly-drogerie\\\/#primaryimage\"},\"image\":{\"@id\":\"https:\\\/\\\/www.modula.eu\\\/fr\\\/etudes-de-cas\\\/chimique-pharmaceutique-biomedical\\\/zua-lilly-drogerie\\\/#primaryimage\"},\"thumbnailUrl\":\"https:\\\/\\\/www.modula.eu\\\/wp-content\\\/uploads\\\/2025\\\/10\\\/ZUA-Lilly-Case-Study-scaled.jpg\",\"datePublished\":\"2025-12-29T23:00:28+00:00\",\"description\":\"Pour r\u00e9pondre \u00e0 ces besoins, ZUA Lilly Drogerie a choisi d\u2019introduire un Modula Lift 2.0 mod\u00e8le ML50D, un syst\u00e8me de stockage vertical automatis\u00e9 haute performance.\",\"breadcrumb\":{\"@id\":\"https:\\\/\\\/www.modula.eu\\\/fr\\\/etudes-de-cas\\\/chimique-pharmaceutique-biomedical\\\/zua-lilly-drogerie\\\/#breadcrumb\"},\"inLanguage\":\"fr-FR\",\"potentialAction\":[{\"@type\":\"ReadAction\",\"target\":[\"https:\\\/\\\/www.modula.eu\\\/fr\\\/etudes-de-cas\\\/chimique-pharmaceutique-biomedical\\\/zua-lilly-drogerie\\\/\"]}]},{\"@type\":\"ImageObject\",\"inLanguage\":\"fr-FR\",\"@id\":\"https:\\\/\\\/www.modula.eu\\\/fr\\\/etudes-de-cas\\\/chimique-pharmaceutique-biomedical\\\/zua-lilly-drogerie\\\/#primaryimage\",\"url\":\"https:\\\/\\\/www.modula.eu\\\/wp-content\\\/uploads\\\/2025\\\/10\\\/ZUA-Lilly-Case-Study-scaled.jpg\",\"contentUrl\":\"https:\\\/\\\/www.modula.eu\\\/wp-content\\\/uploads\\\/2025\\\/10\\\/ZUA-Lilly-Case-Study-scaled.jpg\",\"width\":2560,\"height\":1920},{\"@type\":\"BreadcrumbList\",\"@id\":\"https:\\\/\\\/www.modula.eu\\\/fr\\\/etudes-de-cas\\\/chimique-pharmaceutique-biomedical\\\/zua-lilly-drogerie\\\/#breadcrumb\",\"itemListElement\":[{\"@type\":\"ListItem\",\"position\":1,\"name\":\"Home\",\"item\":\"https:\\\/\\\/www.modula.eu\\\/fr\\\/\"},{\"@type\":\"ListItem\",\"position\":2,\"name\":\"\u00c9tudes de Cas\",\"item\":\"https:\\\/\\\/www.modula.eu\\\/fr\\\/etudes-de-cas\\\/\"},{\"@type\":\"ListItem\",\"position\":3,\"name\":\"Chimique \\\/ Pharmaceutique \\\/ Biom\u00e9dical\",\"item\":\"https:\\\/\\\/www.modula.eu\\\/fr\\\/etudes-de-cas\\\/chimique-pharmaceutique-biomedical\\\/\"},{\"@type\":\"ListItem\",\"position\":4,\"name\":\"ZUA Lilly Drogerie\"}]},{\"@type\":\"WebSite\",\"@id\":\"https:\\\/\\\/www.modula.eu\\\/fr\\\/#website\",\"url\":\"https:\\\/\\\/www.modula.eu\\\/fr\\\/\",\"name\":\"Modula\",\"description\":\"Think Vertical\",\"publisher\":{\"@id\":\"https:\\\/\\\/www.modula.eu\\\/fr\\\/#organization\"},\"potentialAction\":[{\"@type\":\"SearchAction\",\"target\":{\"@type\":\"EntryPoint\",\"urlTemplate\":\"https:\\\/\\\/www.modula.eu\\\/fr\\\/?s={search_term_string}\"},\"query-input\":{\"@type\":\"PropertyValueSpecification\",\"valueRequired\":true,\"valueName\":\"search_term_string\"}}],\"inLanguage\":\"fr-FR\"},{\"@type\":\"Organization\",\"@id\":\"https:\\\/\\\/www.modula.eu\\\/fr\\\/#organization\",\"name\":\"Modula\",\"url\":\"https:\\\/\\\/www.modula.eu\\\/fr\\\/\",\"logo\":{\"@type\":\"ImageObject\",\"inLanguage\":\"fr-FR\",\"@id\":\"https:\\\/\\\/www.modula.eu\\\/fr\\\/#\\\/schema\\\/logo\\\/image\\\/\",\"url\":\"https:\\\/\\\/www.modula.eu\\\/wp-content\\\/uploads\\\/2022\\\/12\\\/Modula-logo.jpg\",\"contentUrl\":\"https:\\\/\\\/www.modula.eu\\\/wp-content\\\/uploads\\\/2022\\\/12\\\/Modula-logo.jpg\",\"width\":759,\"height\":512,\"caption\":\"Modula\"},\"image\":{\"@id\":\"https:\\\/\\\/www.modula.eu\\\/fr\\\/#\\\/schema\\\/logo\\\/image\\\/\"}}]}<\/script>\n<!-- \/ Yoast SEO plugin. -->","yoast_head_json":{"title":"Entrep\u00f4ts verticaux automatiques pour le secteur pharmaceutique : ZUA Lilly Drogerie","description":"Pour r\u00e9pondre \u00e0 ces besoins, ZUA Lilly Drogerie a choisi d\u2019introduire un Modula Lift 2.0 mod\u00e8le ML50D, un syst\u00e8me de stockage vertical automatis\u00e9 haute performance.","robots":{"index":"index","follow":"follow","max-snippet":"max-snippet:-1","max-image-preview":"max-image-preview:large","max-video-preview":"max-video-preview:-1"},"canonical":"https:\/\/www.modula.eu\/fr\/etudes-de-cas\/chimique-pharmaceutique-biomedical\/zua-lilly-drogerie\/","og_locale":"fr_FR","og_type":"article","og_title":"Entrep\u00f4ts verticaux automatiques pour le secteur pharmaceutique : ZUA Lilly Drogerie","og_description":"Pour r\u00e9pondre \u00e0 ces besoins, ZUA Lilly Drogerie a choisi d\u2019introduire un Modula Lift 2.0 mod\u00e8le ML50D, un syst\u00e8me de stockage vertical automatis\u00e9 haute performance.","og_url":"https:\/\/www.modula.eu\/fr\/etudes-de-cas\/chimique-pharmaceutique-biomedical\/zua-lilly-drogerie\/","og_site_name":"Modula","og_image":[{"width":2560,"height":1920,"url":"https:\/\/www.modula.eu\/wp-content\/uploads\/2025\/10\/ZUA-Lilly-Case-Study-scaled.jpg","type":"image\/jpeg"}],"twitter_card":"summary_large_image","schema":{"@context":"https:\/\/schema.org","@graph":[{"@type":"WebPage","@id":"https:\/\/www.modula.eu\/fr\/etudes-de-cas\/chimique-pharmaceutique-biomedical\/zua-lilly-drogerie\/","url":"https:\/\/www.modula.eu\/fr\/etudes-de-cas\/chimique-pharmaceutique-biomedical\/zua-lilly-drogerie\/","name":"Entrep\u00f4ts verticaux automatiques pour le secteur pharmaceutique : ZUA Lilly Drogerie","isPartOf":{"@id":"https:\/\/www.modula.eu\/fr\/#website"},"primaryImageOfPage":{"@id":"https:\/\/www.modula.eu\/fr\/etudes-de-cas\/chimique-pharmaceutique-biomedical\/zua-lilly-drogerie\/#primaryimage"},"image":{"@id":"https:\/\/www.modula.eu\/fr\/etudes-de-cas\/chimique-pharmaceutique-biomedical\/zua-lilly-drogerie\/#primaryimage"},"thumbnailUrl":"https:\/\/www.modula.eu\/wp-content\/uploads\/2025\/10\/ZUA-Lilly-Case-Study-scaled.jpg","datePublished":"2025-12-29T23:00:28+00:00","description":"Pour r\u00e9pondre \u00e0 ces besoins, ZUA Lilly Drogerie a choisi d\u2019introduire un Modula Lift 2.0 mod\u00e8le ML50D, un syst\u00e8me de stockage vertical automatis\u00e9 haute performance.","breadcrumb":{"@id":"https:\/\/www.modula.eu\/fr\/etudes-de-cas\/chimique-pharmaceutique-biomedical\/zua-lilly-drogerie\/#breadcrumb"},"inLanguage":"fr-FR","potentialAction":[{"@type":"ReadAction","target":["https:\/\/www.modula.eu\/fr\/etudes-de-cas\/chimique-pharmaceutique-biomedical\/zua-lilly-drogerie\/"]}]},{"@type":"ImageObject","inLanguage":"fr-FR","@id":"https:\/\/www.modula.eu\/fr\/etudes-de-cas\/chimique-pharmaceutique-biomedical\/zua-lilly-drogerie\/#primaryimage","url":"https:\/\/www.modula.eu\/wp-content\/uploads\/2025\/10\/ZUA-Lilly-Case-Study-scaled.jpg","contentUrl":"https:\/\/www.modula.eu\/wp-content\/uploads\/2025\/10\/ZUA-Lilly-Case-Study-scaled.jpg","width":2560,"height":1920},{"@type":"BreadcrumbList","@id":"https:\/\/www.modula.eu\/fr\/etudes-de-cas\/chimique-pharmaceutique-biomedical\/zua-lilly-drogerie\/#breadcrumb","itemListElement":[{"@type":"ListItem","position":1,"name":"Home","item":"https:\/\/www.modula.eu\/fr\/"},{"@type":"ListItem","position":2,"name":"\u00c9tudes de Cas","item":"https:\/\/www.modula.eu\/fr\/etudes-de-cas\/"},{"@type":"ListItem","position":3,"name":"Chimique \/ Pharmaceutique \/ Biom\u00e9dical","item":"https:\/\/www.modula.eu\/fr\/etudes-de-cas\/chimique-pharmaceutique-biomedical\/"},{"@type":"ListItem","position":4,"name":"ZUA Lilly Drogerie"}]},{"@type":"WebSite","@id":"https:\/\/www.modula.eu\/fr\/#website","url":"https:\/\/www.modula.eu\/fr\/","name":"Modula","description":"Think Vertical","publisher":{"@id":"https:\/\/www.modula.eu\/fr\/#organization"},"potentialAction":[{"@type":"SearchAction","target":{"@type":"EntryPoint","urlTemplate":"https:\/\/www.modula.eu\/fr\/?s={search_term_string}"},"query-input":{"@type":"PropertyValueSpecification","valueRequired":true,"valueName":"search_term_string"}}],"inLanguage":"fr-FR"},{"@type":"Organization","@id":"https:\/\/www.modula.eu\/fr\/#organization","name":"Modula","url":"https:\/\/www.modula.eu\/fr\/","logo":{"@type":"ImageObject","inLanguage":"fr-FR","@id":"https:\/\/www.modula.eu\/fr\/#\/schema\/logo\/image\/","url":"https:\/\/www.modula.eu\/wp-content\/uploads\/2022\/12\/Modula-logo.jpg","contentUrl":"https:\/\/www.modula.eu\/wp-content\/uploads\/2022\/12\/Modula-logo.jpg","width":759,"height":512,"caption":"Modula"},"image":{"@id":"https:\/\/www.modula.eu\/fr\/#\/schema\/logo\/image\/"}}]}},"_links":{"self":[{"href":"https:\/\/www.modula.eu\/fr\/wp-json\/wp\/v2\/pages\/67936","targetHints":{"allow":["GET"]}}],"collection":[{"href":"https:\/\/www.modula.eu\/fr\/wp-json\/wp\/v2\/pages"}],"about":[{"href":"https:\/\/www.modula.eu\/fr\/wp-json\/wp\/v2\/types\/page"}],"author":[{"embeddable":true,"href":"https:\/\/www.modula.eu\/fr\/wp-json\/wp\/v2\/users\/6"}],"replies":[{"embeddable":true,"href":"https:\/\/www.modula.eu\/fr\/wp-json\/wp\/v2\/comments?post=67936"}],"version-history":[{"count":1,"href":"https:\/\/www.modula.eu\/fr\/wp-json\/wp\/v2\/pages\/67936\/revisions"}],"predecessor-version":[{"id":70963,"href":"https:\/\/www.modula.eu\/fr\/wp-json\/wp\/v2\/pages\/67936\/revisions\/70963"}],"up":[{"embeddable":true,"href":"https:\/\/www.modula.eu\/fr\/wp-json\/wp\/v2\/pages\/10149"}],"wp:featuredmedia":[{"embeddable":true,"href":"https:\/\/www.modula.eu\/fr\/wp-json\/wp\/v2\/media\/67937"}],"wp:attachment":[{"href":"https:\/\/www.modula.eu\/fr\/wp-json\/wp\/v2\/media?parent=67936"}],"curies":[{"name":"wp","href":"https:\/\/api.w.org\/{rel}","templated":true}]}}