{"id":68145,"date":"2025-10-17T16:01:16","date_gmt":"2025-10-17T14:01:16","guid":{"rendered":"https:\/\/www.modula.eu\/etudes-de-cas\/aliments-boissons\/urc-vietnam-company-limited\/"},"modified":"2025-11-10T11:27:40","modified_gmt":"2025-11-10T10:27:40","slug":"urc-vietnam-company-limited","status":"publish","type":"page","link":"https:\/\/www.modula.eu\/fr\/etudes-de-cas\/aliments-boissons\/urc-vietnam-company-limited\/","title":{"rendered":"URC Vietnam Company Limited"},"content":{"rendered":"","protected":false},"excerpt":{"rendered":"","protected":false},"author":6,"featured_media":68146,"parent":10218,"menu_order":9,"comment_status":"closed","ping_status":"closed","template":"case.php","meta":{"_acf_changed":false,"inline_featured_image":false,"mapsvg_location":"","footnotes":""},"class_list":["post-68145","page","type-page","status-publish","has-post-thumbnail","hentry"],"acf":[],"yoast_head":"<!-- This site is optimized with the Yoast SEO plugin v27.3 - https:\/\/yoast.com\/product\/yoast-seo-wordpress\/ -->\n<title>Entrep\u00f4ts Modula Secteur Foood &amp; Beverage : URC Vietnam Company Limited<\/title>\n<meta name=\"description\" content=\"URC Vietnam Company Limited a opt\u00e9 pour Modula Lift, dans la configuration MX50D avec une hauteur de 7 900 mm et une baie interne, enrichie par une s\u00e9rie d\u2019options technologiques avanc\u00e9es.\" \/>\n<meta name=\"robots\" content=\"index, follow, max-snippet:-1, max-image-preview:large, max-video-preview:-1\" \/>\n<link rel=\"canonical\" href=\"https:\/\/www.modula.eu\/fr\/etudes-de-cas\/aliments-boissons\/urc-vietnam-company-limited\/\" \/>\n<meta property=\"og:locale\" content=\"fr_FR\" \/>\n<meta property=\"og:type\" content=\"article\" \/>\n<meta property=\"og:title\" content=\"Entrep\u00f4ts Modula Secteur Foood &amp; Beverage : URC Vietnam Company Limited\" \/>\n<meta property=\"og:description\" content=\"URC Vietnam Company Limited a opt\u00e9 pour Modula Lift, dans la configuration MX50D avec une hauteur de 7 900 mm et une baie interne, enrichie par une s\u00e9rie d\u2019options technologiques avanc\u00e9es.\" \/>\n<meta property=\"og:url\" content=\"https:\/\/www.modula.eu\/fr\/etudes-de-cas\/aliments-boissons\/urc-vietnam-company-limited\/\" \/>\n<meta property=\"og:site_name\" content=\"Modula\" \/>\n<meta property=\"article:modified_time\" content=\"2025-11-10T10:27:40+00:00\" \/>\n<meta property=\"og:image\" content=\"https:\/\/www.modula.eu\/wp-content\/uploads\/2025\/10\/URC-Vietnam-Company-Limited.png\" \/>\n\t<meta property=\"og:image:width\" content=\"458\" \/>\n\t<meta property=\"og:image:height\" content=\"427\" \/>\n\t<meta property=\"og:image:type\" content=\"image\/png\" \/>\n<meta name=\"twitter:card\" content=\"summary_large_image\" \/>\n<script type=\"application\/ld+json\" class=\"yoast-schema-graph\">{\"@context\":\"https:\\\/\\\/schema.org\",\"@graph\":[{\"@type\":\"WebPage\",\"@id\":\"https:\\\/\\\/www.modula.eu\\\/fr\\\/etudes-de-cas\\\/aliments-boissons\\\/urc-vietnam-company-limited\\\/\",\"url\":\"https:\\\/\\\/www.modula.eu\\\/fr\\\/etudes-de-cas\\\/aliments-boissons\\\/urc-vietnam-company-limited\\\/\",\"name\":\"Entrep\u00f4ts Modula Secteur Foood & Beverage : URC Vietnam Company Limited\",\"isPartOf\":{\"@id\":\"https:\\\/\\\/www.modula.eu\\\/fr\\\/#website\"},\"primaryImageOfPage\":{\"@id\":\"https:\\\/\\\/www.modula.eu\\\/fr\\\/etudes-de-cas\\\/aliments-boissons\\\/urc-vietnam-company-limited\\\/#primaryimage\"},\"image\":{\"@id\":\"https:\\\/\\\/www.modula.eu\\\/fr\\\/etudes-de-cas\\\/aliments-boissons\\\/urc-vietnam-company-limited\\\/#primaryimage\"},\"thumbnailUrl\":\"https:\\\/\\\/www.modula.eu\\\/wp-content\\\/uploads\\\/2025\\\/10\\\/URC-Vietnam-Company-Limited.png\",\"datePublished\":\"2025-10-17T14:01:16+00:00\",\"dateModified\":\"2025-11-10T10:27:40+00:00\",\"description\":\"URC Vietnam Company Limited a opt\u00e9 pour Modula Lift, dans la configuration MX50D avec une hauteur de 7 900 mm et une baie interne, enrichie par une s\u00e9rie d\u2019options technologiques avanc\u00e9es.\",\"breadcrumb\":{\"@id\":\"https:\\\/\\\/www.modula.eu\\\/fr\\\/etudes-de-cas\\\/aliments-boissons\\\/urc-vietnam-company-limited\\\/#breadcrumb\"},\"inLanguage\":\"fr-FR\",\"potentialAction\":[{\"@type\":\"ReadAction\",\"target\":[\"https:\\\/\\\/www.modula.eu\\\/fr\\\/etudes-de-cas\\\/aliments-boissons\\\/urc-vietnam-company-limited\\\/\"]}]},{\"@type\":\"ImageObject\",\"inLanguage\":\"fr-FR\",\"@id\":\"https:\\\/\\\/www.modula.eu\\\/fr\\\/etudes-de-cas\\\/aliments-boissons\\\/urc-vietnam-company-limited\\\/#primaryimage\",\"url\":\"https:\\\/\\\/www.modula.eu\\\/wp-content\\\/uploads\\\/2025\\\/10\\\/URC-Vietnam-Company-Limited.png\",\"contentUrl\":\"https:\\\/\\\/www.modula.eu\\\/wp-content\\\/uploads\\\/2025\\\/10\\\/URC-Vietnam-Company-Limited.png\",\"width\":458,\"height\":427},{\"@type\":\"BreadcrumbList\",\"@id\":\"https:\\\/\\\/www.modula.eu\\\/fr\\\/etudes-de-cas\\\/aliments-boissons\\\/urc-vietnam-company-limited\\\/#breadcrumb\",\"itemListElement\":[{\"@type\":\"ListItem\",\"position\":1,\"name\":\"Home\",\"item\":\"https:\\\/\\\/www.modula.eu\\\/fr\\\/\"},{\"@type\":\"ListItem\",\"position\":2,\"name\":\"\u00c9tudes de Cas\",\"item\":\"https:\\\/\\\/www.modula.eu\\\/fr\\\/etudes-de-cas\\\/\"},{\"@type\":\"ListItem\",\"position\":3,\"name\":\"Aliments\\\/Boissons\\\/Grande distribution\",\"item\":\"https:\\\/\\\/www.modula.eu\\\/fr\\\/etudes-de-cas\\\/aliments-boissons-grande-distribution\\\/\"},{\"@type\":\"ListItem\",\"position\":4,\"name\":\"URC Vietnam Company Limited\"}]},{\"@type\":\"WebSite\",\"@id\":\"https:\\\/\\\/www.modula.eu\\\/fr\\\/#website\",\"url\":\"https:\\\/\\\/www.modula.eu\\\/fr\\\/\",\"name\":\"Modula\",\"description\":\"Think Vertical\",\"publisher\":{\"@id\":\"https:\\\/\\\/www.modula.eu\\\/fr\\\/#organization\"},\"potentialAction\":[{\"@type\":\"SearchAction\",\"target\":{\"@type\":\"EntryPoint\",\"urlTemplate\":\"https:\\\/\\\/www.modula.eu\\\/fr\\\/?s={search_term_string}\"},\"query-input\":{\"@type\":\"PropertyValueSpecification\",\"valueRequired\":true,\"valueName\":\"search_term_string\"}}],\"inLanguage\":\"fr-FR\"},{\"@type\":\"Organization\",\"@id\":\"https:\\\/\\\/www.modula.eu\\\/fr\\\/#organization\",\"name\":\"Modula\",\"url\":\"https:\\\/\\\/www.modula.eu\\\/fr\\\/\",\"logo\":{\"@type\":\"ImageObject\",\"inLanguage\":\"fr-FR\",\"@id\":\"https:\\\/\\\/www.modula.eu\\\/fr\\\/#\\\/schema\\\/logo\\\/image\\\/\",\"url\":\"https:\\\/\\\/www.modula.eu\\\/wp-content\\\/uploads\\\/2022\\\/12\\\/Modula-logo.jpg\",\"contentUrl\":\"https:\\\/\\\/www.modula.eu\\\/wp-content\\\/uploads\\\/2022\\\/12\\\/Modula-logo.jpg\",\"width\":759,\"height\":512,\"caption\":\"Modula\"},\"image\":{\"@id\":\"https:\\\/\\\/www.modula.eu\\\/fr\\\/#\\\/schema\\\/logo\\\/image\\\/\"}}]}<\/script>\n<!-- \/ Yoast SEO plugin. -->","yoast_head_json":{"title":"Entrep\u00f4ts Modula Secteur Foood & Beverage : URC Vietnam Company Limited","description":"URC Vietnam Company Limited a opt\u00e9 pour Modula Lift, dans la configuration MX50D avec une hauteur de 7 900 mm et une baie interne, enrichie par une s\u00e9rie d\u2019options technologiques avanc\u00e9es.","robots":{"index":"index","follow":"follow","max-snippet":"max-snippet:-1","max-image-preview":"max-image-preview:large","max-video-preview":"max-video-preview:-1"},"canonical":"https:\/\/www.modula.eu\/fr\/etudes-de-cas\/aliments-boissons\/urc-vietnam-company-limited\/","og_locale":"fr_FR","og_type":"article","og_title":"Entrep\u00f4ts Modula Secteur Foood & Beverage : URC Vietnam Company Limited","og_description":"URC Vietnam Company Limited a opt\u00e9 pour Modula Lift, dans la configuration MX50D avec une hauteur de 7 900 mm et une baie interne, enrichie par une s\u00e9rie d\u2019options technologiques avanc\u00e9es.","og_url":"https:\/\/www.modula.eu\/fr\/etudes-de-cas\/aliments-boissons\/urc-vietnam-company-limited\/","og_site_name":"Modula","article_modified_time":"2025-11-10T10:27:40+00:00","og_image":[{"width":458,"height":427,"url":"https:\/\/www.modula.eu\/wp-content\/uploads\/2025\/10\/URC-Vietnam-Company-Limited.png","type":"image\/png"}],"twitter_card":"summary_large_image","schema":{"@context":"https:\/\/schema.org","@graph":[{"@type":"WebPage","@id":"https:\/\/www.modula.eu\/fr\/etudes-de-cas\/aliments-boissons\/urc-vietnam-company-limited\/","url":"https:\/\/www.modula.eu\/fr\/etudes-de-cas\/aliments-boissons\/urc-vietnam-company-limited\/","name":"Entrep\u00f4ts Modula Secteur Foood & Beverage : URC Vietnam Company Limited","isPartOf":{"@id":"https:\/\/www.modula.eu\/fr\/#website"},"primaryImageOfPage":{"@id":"https:\/\/www.modula.eu\/fr\/etudes-de-cas\/aliments-boissons\/urc-vietnam-company-limited\/#primaryimage"},"image":{"@id":"https:\/\/www.modula.eu\/fr\/etudes-de-cas\/aliments-boissons\/urc-vietnam-company-limited\/#primaryimage"},"thumbnailUrl":"https:\/\/www.modula.eu\/wp-content\/uploads\/2025\/10\/URC-Vietnam-Company-Limited.png","datePublished":"2025-10-17T14:01:16+00:00","dateModified":"2025-11-10T10:27:40+00:00","description":"URC Vietnam Company Limited a opt\u00e9 pour Modula Lift, dans la configuration MX50D avec une hauteur de 7 900 mm et une baie interne, enrichie par une s\u00e9rie d\u2019options technologiques avanc\u00e9es.","breadcrumb":{"@id":"https:\/\/www.modula.eu\/fr\/etudes-de-cas\/aliments-boissons\/urc-vietnam-company-limited\/#breadcrumb"},"inLanguage":"fr-FR","potentialAction":[{"@type":"ReadAction","target":["https:\/\/www.modula.eu\/fr\/etudes-de-cas\/aliments-boissons\/urc-vietnam-company-limited\/"]}]},{"@type":"ImageObject","inLanguage":"fr-FR","@id":"https:\/\/www.modula.eu\/fr\/etudes-de-cas\/aliments-boissons\/urc-vietnam-company-limited\/#primaryimage","url":"https:\/\/www.modula.eu\/wp-content\/uploads\/2025\/10\/URC-Vietnam-Company-Limited.png","contentUrl":"https:\/\/www.modula.eu\/wp-content\/uploads\/2025\/10\/URC-Vietnam-Company-Limited.png","width":458,"height":427},{"@type":"BreadcrumbList","@id":"https:\/\/www.modula.eu\/fr\/etudes-de-cas\/aliments-boissons\/urc-vietnam-company-limited\/#breadcrumb","itemListElement":[{"@type":"ListItem","position":1,"name":"Home","item":"https:\/\/www.modula.eu\/fr\/"},{"@type":"ListItem","position":2,"name":"\u00c9tudes de Cas","item":"https:\/\/www.modula.eu\/fr\/etudes-de-cas\/"},{"@type":"ListItem","position":3,"name":"Aliments\/Boissons\/Grande distribution","item":"https:\/\/www.modula.eu\/fr\/etudes-de-cas\/aliments-boissons-grande-distribution\/"},{"@type":"ListItem","position":4,"name":"URC Vietnam Company Limited"}]},{"@type":"WebSite","@id":"https:\/\/www.modula.eu\/fr\/#website","url":"https:\/\/www.modula.eu\/fr\/","name":"Modula","description":"Think Vertical","publisher":{"@id":"https:\/\/www.modula.eu\/fr\/#organization"},"potentialAction":[{"@type":"SearchAction","target":{"@type":"EntryPoint","urlTemplate":"https:\/\/www.modula.eu\/fr\/?s={search_term_string}"},"query-input":{"@type":"PropertyValueSpecification","valueRequired":true,"valueName":"search_term_string"}}],"inLanguage":"fr-FR"},{"@type":"Organization","@id":"https:\/\/www.modula.eu\/fr\/#organization","name":"Modula","url":"https:\/\/www.modula.eu\/fr\/","logo":{"@type":"ImageObject","inLanguage":"fr-FR","@id":"https:\/\/www.modula.eu\/fr\/#\/schema\/logo\/image\/","url":"https:\/\/www.modula.eu\/wp-content\/uploads\/2022\/12\/Modula-logo.jpg","contentUrl":"https:\/\/www.modula.eu\/wp-content\/uploads\/2022\/12\/Modula-logo.jpg","width":759,"height":512,"caption":"Modula"},"image":{"@id":"https:\/\/www.modula.eu\/fr\/#\/schema\/logo\/image\/"}}]}},"_links":{"self":[{"href":"https:\/\/www.modula.eu\/fr\/wp-json\/wp\/v2\/pages\/68145","targetHints":{"allow":["GET"]}}],"collection":[{"href":"https:\/\/www.modula.eu\/fr\/wp-json\/wp\/v2\/pages"}],"about":[{"href":"https:\/\/www.modula.eu\/fr\/wp-json\/wp\/v2\/types\/page"}],"author":[{"embeddable":true,"href":"https:\/\/www.modula.eu\/fr\/wp-json\/wp\/v2\/users\/6"}],"replies":[{"embeddable":true,"href":"https:\/\/www.modula.eu\/fr\/wp-json\/wp\/v2\/comments?post=68145"}],"version-history":[{"count":0,"href":"https:\/\/www.modula.eu\/fr\/wp-json\/wp\/v2\/pages\/68145\/revisions"}],"up":[{"embeddable":true,"href":"https:\/\/www.modula.eu\/fr\/wp-json\/wp\/v2\/pages\/10218"}],"wp:featuredmedia":[{"embeddable":true,"href":"https:\/\/www.modula.eu\/fr\/wp-json\/wp\/v2\/media\/68146"}],"wp:attachment":[{"href":"https:\/\/www.modula.eu\/fr\/wp-json\/wp\/v2\/media?parent=68145"}],"curies":[{"name":"wp","href":"https:\/\/api.w.org\/{rel}","templated":true}]}}