{"id":73032,"date":"2026-02-04T09:50:15","date_gmt":"2026-02-04T08:50:15","guid":{"rendered":"https:\/\/www.modula.eu\/etudes-de-cas\/aliments-boissons\/royal-canin-korea\/"},"modified":"2026-02-04T12:20:16","modified_gmt":"2026-02-04T11:20:16","slug":"royal-canin-korea","status":"publish","type":"page","link":"https:\/\/www.modula.eu\/fr\/etudes-de-cas\/aliments-boissons\/royal-canin-korea\/","title":{"rendered":"Royal Canin Korea"},"content":{"rendered":"","protected":false},"excerpt":{"rendered":"","protected":false},"author":6,"featured_media":73034,"parent":10218,"menu_order":10,"comment_status":"closed","ping_status":"closed","template":"case.php","meta":{"_acf_changed":false,"inline_featured_image":false,"mapsvg_location":"","footnotes":""},"class_list":["post-73032","page","type-page","status-publish","has-post-thumbnail","hentry"],"acf":[],"yoast_head":"<!-- This site is optimized with the Yoast SEO plugin v27.3 - https:\/\/yoast.com\/product\/yoast-seo-wordpress\/ -->\n<title>Automatisation d\u2019entrep\u00f4t Modula pour l\u2019alimentation pour animaux : Royal Canin Korea<\/title>\n<meta name=\"description\" content=\"Apr\u00e8s la mise en place des magasins automatiques verticaux Modula, les b\u00e9n\u00e9fices ont \u00e9t\u00e9 imm\u00e9diats et tangibles. La r\u00e9duction drastique de l\u2019utilisation de moyens lourds a entra\u00een\u00e9 une baisse significative du risque d\u2019accidents.\" \/>\n<meta name=\"robots\" content=\"index, follow, max-snippet:-1, max-image-preview:large, max-video-preview:-1\" \/>\n<link rel=\"canonical\" href=\"https:\/\/www.modula.eu\/fr\/etudes-de-cas\/aliments-boissons\/royal-canin-korea\/\" \/>\n<meta property=\"og:locale\" content=\"fr_FR\" \/>\n<meta property=\"og:type\" content=\"article\" \/>\n<meta property=\"og:title\" content=\"Automatisation d\u2019entrep\u00f4t Modula pour l\u2019alimentation pour animaux : Royal Canin Korea\" \/>\n<meta property=\"og:description\" content=\"Apr\u00e8s la mise en place des magasins automatiques verticaux Modula, les b\u00e9n\u00e9fices ont \u00e9t\u00e9 imm\u00e9diats et tangibles. La r\u00e9duction drastique de l\u2019utilisation de moyens lourds a entra\u00een\u00e9 une baisse significative du risque d\u2019accidents.\" \/>\n<meta property=\"og:url\" content=\"https:\/\/www.modula.eu\/fr\/etudes-de-cas\/aliments-boissons\/royal-canin-korea\/\" \/>\n<meta property=\"og:site_name\" content=\"Modula\" \/>\n<meta property=\"article:modified_time\" content=\"2026-02-04T11:20:16+00:00\" \/>\n<meta property=\"og:image\" content=\"https:\/\/www.modula.eu\/wp-content\/uploads\/2026\/02\/Royal-Canin-Korea-Modula-Lift-ML50D-1.png\" \/>\n\t<meta property=\"og:image:width\" content=\"1536\" \/>\n\t<meta property=\"og:image:height\" content=\"1024\" \/>\n\t<meta property=\"og:image:type\" content=\"image\/png\" \/>\n<meta name=\"twitter:card\" content=\"summary_large_image\" \/>\n<script type=\"application\/ld+json\" class=\"yoast-schema-graph\">{\"@context\":\"https:\\\/\\\/schema.org\",\"@graph\":[{\"@type\":\"WebPage\",\"@id\":\"https:\\\/\\\/www.modula.eu\\\/fr\\\/etudes-de-cas\\\/aliments-boissons\\\/royal-canin-korea\\\/\",\"url\":\"https:\\\/\\\/www.modula.eu\\\/fr\\\/etudes-de-cas\\\/aliments-boissons\\\/royal-canin-korea\\\/\",\"name\":\"Automatisation d\u2019entrep\u00f4t Modula pour l\u2019alimentation pour animaux : Royal Canin Korea\",\"isPartOf\":{\"@id\":\"https:\\\/\\\/www.modula.eu\\\/fr\\\/#website\"},\"primaryImageOfPage\":{\"@id\":\"https:\\\/\\\/www.modula.eu\\\/fr\\\/etudes-de-cas\\\/aliments-boissons\\\/royal-canin-korea\\\/#primaryimage\"},\"image\":{\"@id\":\"https:\\\/\\\/www.modula.eu\\\/fr\\\/etudes-de-cas\\\/aliments-boissons\\\/royal-canin-korea\\\/#primaryimage\"},\"thumbnailUrl\":\"https:\\\/\\\/www.modula.eu\\\/wp-content\\\/uploads\\\/2026\\\/02\\\/Royal-Canin-Korea-Modula-Lift-ML50D-1.png\",\"datePublished\":\"2026-02-04T08:50:15+00:00\",\"dateModified\":\"2026-02-04T11:20:16+00:00\",\"description\":\"Apr\u00e8s la mise en place des magasins automatiques verticaux Modula, les b\u00e9n\u00e9fices ont \u00e9t\u00e9 imm\u00e9diats et tangibles. La r\u00e9duction drastique de l\u2019utilisation de moyens lourds a entra\u00een\u00e9 une baisse significative du risque d\u2019accidents.\",\"breadcrumb\":{\"@id\":\"https:\\\/\\\/www.modula.eu\\\/fr\\\/etudes-de-cas\\\/aliments-boissons\\\/royal-canin-korea\\\/#breadcrumb\"},\"inLanguage\":\"fr-FR\",\"potentialAction\":[{\"@type\":\"ReadAction\",\"target\":[\"https:\\\/\\\/www.modula.eu\\\/fr\\\/etudes-de-cas\\\/aliments-boissons\\\/royal-canin-korea\\\/\"]}]},{\"@type\":\"ImageObject\",\"inLanguage\":\"fr-FR\",\"@id\":\"https:\\\/\\\/www.modula.eu\\\/fr\\\/etudes-de-cas\\\/aliments-boissons\\\/royal-canin-korea\\\/#primaryimage\",\"url\":\"https:\\\/\\\/www.modula.eu\\\/wp-content\\\/uploads\\\/2026\\\/02\\\/Royal-Canin-Korea-Modula-Lift-ML50D-1.png\",\"contentUrl\":\"https:\\\/\\\/www.modula.eu\\\/wp-content\\\/uploads\\\/2026\\\/02\\\/Royal-Canin-Korea-Modula-Lift-ML50D-1.png\",\"width\":1536,\"height\":1024},{\"@type\":\"BreadcrumbList\",\"@id\":\"https:\\\/\\\/www.modula.eu\\\/fr\\\/etudes-de-cas\\\/aliments-boissons\\\/royal-canin-korea\\\/#breadcrumb\",\"itemListElement\":[{\"@type\":\"ListItem\",\"position\":1,\"name\":\"Home\",\"item\":\"https:\\\/\\\/www.modula.eu\\\/fr\\\/\"},{\"@type\":\"ListItem\",\"position\":2,\"name\":\"\u00c9tudes de Cas\",\"item\":\"https:\\\/\\\/www.modula.eu\\\/fr\\\/etudes-de-cas\\\/\"},{\"@type\":\"ListItem\",\"position\":3,\"name\":\"Aliments\\\/Boissons\\\/Grande distribution\",\"item\":\"https:\\\/\\\/www.modula.eu\\\/fr\\\/etudes-de-cas\\\/aliments-boissons-grande-distribution\\\/\"},{\"@type\":\"ListItem\",\"position\":4,\"name\":\"Royal Canin Korea\"}]},{\"@type\":\"WebSite\",\"@id\":\"https:\\\/\\\/www.modula.eu\\\/fr\\\/#website\",\"url\":\"https:\\\/\\\/www.modula.eu\\\/fr\\\/\",\"name\":\"Modula\",\"description\":\"Think Vertical\",\"publisher\":{\"@id\":\"https:\\\/\\\/www.modula.eu\\\/fr\\\/#organization\"},\"potentialAction\":[{\"@type\":\"SearchAction\",\"target\":{\"@type\":\"EntryPoint\",\"urlTemplate\":\"https:\\\/\\\/www.modula.eu\\\/fr\\\/?s={search_term_string}\"},\"query-input\":{\"@type\":\"PropertyValueSpecification\",\"valueRequired\":true,\"valueName\":\"search_term_string\"}}],\"inLanguage\":\"fr-FR\"},{\"@type\":\"Organization\",\"@id\":\"https:\\\/\\\/www.modula.eu\\\/fr\\\/#organization\",\"name\":\"Modula\",\"url\":\"https:\\\/\\\/www.modula.eu\\\/fr\\\/\",\"logo\":{\"@type\":\"ImageObject\",\"inLanguage\":\"fr-FR\",\"@id\":\"https:\\\/\\\/www.modula.eu\\\/fr\\\/#\\\/schema\\\/logo\\\/image\\\/\",\"url\":\"https:\\\/\\\/www.modula.eu\\\/wp-content\\\/uploads\\\/2022\\\/12\\\/Modula-logo.jpg\",\"contentUrl\":\"https:\\\/\\\/www.modula.eu\\\/wp-content\\\/uploads\\\/2022\\\/12\\\/Modula-logo.jpg\",\"width\":759,\"height\":512,\"caption\":\"Modula\"},\"image\":{\"@id\":\"https:\\\/\\\/www.modula.eu\\\/fr\\\/#\\\/schema\\\/logo\\\/image\\\/\"}}]}<\/script>\n<!-- \/ Yoast SEO plugin. -->","yoast_head_json":{"title":"Automatisation d\u2019entrep\u00f4t Modula pour l\u2019alimentation pour animaux : Royal Canin Korea","description":"Apr\u00e8s la mise en place des magasins automatiques verticaux Modula, les b\u00e9n\u00e9fices ont \u00e9t\u00e9 imm\u00e9diats et tangibles. La r\u00e9duction drastique de l\u2019utilisation de moyens lourds a entra\u00een\u00e9 une baisse significative du risque d\u2019accidents.","robots":{"index":"index","follow":"follow","max-snippet":"max-snippet:-1","max-image-preview":"max-image-preview:large","max-video-preview":"max-video-preview:-1"},"canonical":"https:\/\/www.modula.eu\/fr\/etudes-de-cas\/aliments-boissons\/royal-canin-korea\/","og_locale":"fr_FR","og_type":"article","og_title":"Automatisation d\u2019entrep\u00f4t Modula pour l\u2019alimentation pour animaux : Royal Canin Korea","og_description":"Apr\u00e8s la mise en place des magasins automatiques verticaux Modula, les b\u00e9n\u00e9fices ont \u00e9t\u00e9 imm\u00e9diats et tangibles. La r\u00e9duction drastique de l\u2019utilisation de moyens lourds a entra\u00een\u00e9 une baisse significative du risque d\u2019accidents.","og_url":"https:\/\/www.modula.eu\/fr\/etudes-de-cas\/aliments-boissons\/royal-canin-korea\/","og_site_name":"Modula","article_modified_time":"2026-02-04T11:20:16+00:00","og_image":[{"width":1536,"height":1024,"url":"https:\/\/www.modula.eu\/wp-content\/uploads\/2026\/02\/Royal-Canin-Korea-Modula-Lift-ML50D-1.png","type":"image\/png"}],"twitter_card":"summary_large_image","schema":{"@context":"https:\/\/schema.org","@graph":[{"@type":"WebPage","@id":"https:\/\/www.modula.eu\/fr\/etudes-de-cas\/aliments-boissons\/royal-canin-korea\/","url":"https:\/\/www.modula.eu\/fr\/etudes-de-cas\/aliments-boissons\/royal-canin-korea\/","name":"Automatisation d\u2019entrep\u00f4t Modula pour l\u2019alimentation pour animaux : Royal Canin Korea","isPartOf":{"@id":"https:\/\/www.modula.eu\/fr\/#website"},"primaryImageOfPage":{"@id":"https:\/\/www.modula.eu\/fr\/etudes-de-cas\/aliments-boissons\/royal-canin-korea\/#primaryimage"},"image":{"@id":"https:\/\/www.modula.eu\/fr\/etudes-de-cas\/aliments-boissons\/royal-canin-korea\/#primaryimage"},"thumbnailUrl":"https:\/\/www.modula.eu\/wp-content\/uploads\/2026\/02\/Royal-Canin-Korea-Modula-Lift-ML50D-1.png","datePublished":"2026-02-04T08:50:15+00:00","dateModified":"2026-02-04T11:20:16+00:00","description":"Apr\u00e8s la mise en place des magasins automatiques verticaux Modula, les b\u00e9n\u00e9fices ont \u00e9t\u00e9 imm\u00e9diats et tangibles. La r\u00e9duction drastique de l\u2019utilisation de moyens lourds a entra\u00een\u00e9 une baisse significative du risque d\u2019accidents.","breadcrumb":{"@id":"https:\/\/www.modula.eu\/fr\/etudes-de-cas\/aliments-boissons\/royal-canin-korea\/#breadcrumb"},"inLanguage":"fr-FR","potentialAction":[{"@type":"ReadAction","target":["https:\/\/www.modula.eu\/fr\/etudes-de-cas\/aliments-boissons\/royal-canin-korea\/"]}]},{"@type":"ImageObject","inLanguage":"fr-FR","@id":"https:\/\/www.modula.eu\/fr\/etudes-de-cas\/aliments-boissons\/royal-canin-korea\/#primaryimage","url":"https:\/\/www.modula.eu\/wp-content\/uploads\/2026\/02\/Royal-Canin-Korea-Modula-Lift-ML50D-1.png","contentUrl":"https:\/\/www.modula.eu\/wp-content\/uploads\/2026\/02\/Royal-Canin-Korea-Modula-Lift-ML50D-1.png","width":1536,"height":1024},{"@type":"BreadcrumbList","@id":"https:\/\/www.modula.eu\/fr\/etudes-de-cas\/aliments-boissons\/royal-canin-korea\/#breadcrumb","itemListElement":[{"@type":"ListItem","position":1,"name":"Home","item":"https:\/\/www.modula.eu\/fr\/"},{"@type":"ListItem","position":2,"name":"\u00c9tudes de Cas","item":"https:\/\/www.modula.eu\/fr\/etudes-de-cas\/"},{"@type":"ListItem","position":3,"name":"Aliments\/Boissons\/Grande distribution","item":"https:\/\/www.modula.eu\/fr\/etudes-de-cas\/aliments-boissons-grande-distribution\/"},{"@type":"ListItem","position":4,"name":"Royal Canin Korea"}]},{"@type":"WebSite","@id":"https:\/\/www.modula.eu\/fr\/#website","url":"https:\/\/www.modula.eu\/fr\/","name":"Modula","description":"Think Vertical","publisher":{"@id":"https:\/\/www.modula.eu\/fr\/#organization"},"potentialAction":[{"@type":"SearchAction","target":{"@type":"EntryPoint","urlTemplate":"https:\/\/www.modula.eu\/fr\/?s={search_term_string}"},"query-input":{"@type":"PropertyValueSpecification","valueRequired":true,"valueName":"search_term_string"}}],"inLanguage":"fr-FR"},{"@type":"Organization","@id":"https:\/\/www.modula.eu\/fr\/#organization","name":"Modula","url":"https:\/\/www.modula.eu\/fr\/","logo":{"@type":"ImageObject","inLanguage":"fr-FR","@id":"https:\/\/www.modula.eu\/fr\/#\/schema\/logo\/image\/","url":"https:\/\/www.modula.eu\/wp-content\/uploads\/2022\/12\/Modula-logo.jpg","contentUrl":"https:\/\/www.modula.eu\/wp-content\/uploads\/2022\/12\/Modula-logo.jpg","width":759,"height":512,"caption":"Modula"},"image":{"@id":"https:\/\/www.modula.eu\/fr\/#\/schema\/logo\/image\/"}}]}},"_links":{"self":[{"href":"https:\/\/www.modula.eu\/fr\/wp-json\/wp\/v2\/pages\/73032","targetHints":{"allow":["GET"]}}],"collection":[{"href":"https:\/\/www.modula.eu\/fr\/wp-json\/wp\/v2\/pages"}],"about":[{"href":"https:\/\/www.modula.eu\/fr\/wp-json\/wp\/v2\/types\/page"}],"author":[{"embeddable":true,"href":"https:\/\/www.modula.eu\/fr\/wp-json\/wp\/v2\/users\/6"}],"replies":[{"embeddable":true,"href":"https:\/\/www.modula.eu\/fr\/wp-json\/wp\/v2\/comments?post=73032"}],"version-history":[{"count":2,"href":"https:\/\/www.modula.eu\/fr\/wp-json\/wp\/v2\/pages\/73032\/revisions"}],"predecessor-version":[{"id":73086,"href":"https:\/\/www.modula.eu\/fr\/wp-json\/wp\/v2\/pages\/73032\/revisions\/73086"}],"up":[{"embeddable":true,"href":"https:\/\/www.modula.eu\/fr\/wp-json\/wp\/v2\/pages\/10218"}],"wp:featuredmedia":[{"embeddable":true,"href":"https:\/\/www.modula.eu\/fr\/wp-json\/wp\/v2\/media\/73034"}],"wp:attachment":[{"href":"https:\/\/www.modula.eu\/fr\/wp-json\/wp\/v2\/media?parent=73032"}],"curies":[{"name":"wp","href":"https:\/\/api.w.org\/{rel}","templated":true}]}}