{"id":75242,"date":"2026-03-17T16:22:53","date_gmt":"2026-03-17T15:22:53","guid":{"rendered":"https:\/\/www.modula.eu\/etudes-de-cas\/mecanique\/optimat\/"},"modified":"2026-03-23T12:33:50","modified_gmt":"2026-03-23T11:33:50","slug":"optimat","status":"publish","type":"page","link":"https:\/\/www.modula.eu\/fr\/etudes-de-cas\/mecanique\/optimat\/","title":{"rendered":"OptimaT"},"content":{"rendered":"","protected":false},"excerpt":{"rendered":"","protected":false},"author":6,"featured_media":75244,"parent":10266,"menu_order":2,"comment_status":"closed","ping_status":"closed","template":"case.php","meta":{"_acf_changed":false,"inline_featured_image":false,"mapsvg_location":"","footnotes":""},"class_list":["post-75242","page","type-page","status-publish","has-post-thumbnail","hentry"],"acf":[],"yoast_head":"<!-- This site is optimized with the Yoast SEO plugin v27.3 - https:\/\/yoast.com\/product\/yoast-seo-wordpress\/ -->\n<title>Secteur m\u00e9canique des entrep\u00f4ts automatis\u00e9s Modula: OptimaT<\/title>\n<meta name=\"description\" content=\"D\u00e9couvrez l\u2019\u00e9tude de cas Optimat\u202f: comment les solutions Modula ont optimis\u00e9 l\u2019efficacit\u00e9, l\u2019espace et le picking en automatisant l\u2019entrep\u00f4t.\" \/>\n<meta name=\"robots\" content=\"index, follow, max-snippet:-1, max-image-preview:large, max-video-preview:-1\" \/>\n<link rel=\"canonical\" href=\"https:\/\/www.modula.eu\/fr\/etudes-de-cas\/mecanique\/optimat\/\" \/>\n<meta property=\"og:locale\" content=\"fr_FR\" \/>\n<meta property=\"og:type\" content=\"article\" \/>\n<meta property=\"og:title\" content=\"Secteur m\u00e9canique des entrep\u00f4ts automatis\u00e9s Modula: OptimaT\" \/>\n<meta property=\"og:description\" content=\"D\u00e9couvrez l\u2019\u00e9tude de cas Optimat\u202f: comment les solutions Modula ont optimis\u00e9 l\u2019efficacit\u00e9, l\u2019espace et le picking en automatisant l\u2019entrep\u00f4t.\" \/>\n<meta property=\"og:url\" content=\"https:\/\/www.modula.eu\/fr\/etudes-de-cas\/mecanique\/optimat\/\" \/>\n<meta property=\"og:site_name\" content=\"Modula\" \/>\n<meta property=\"article:modified_time\" content=\"2026-03-23T11:33:50+00:00\" \/>\n<meta property=\"og:image\" content=\"https:\/\/www.modula.eu\/wp-content\/uploads\/2026\/03\/OptimaT-3.jpg\" \/>\n\t<meta property=\"og:image:width\" content=\"2048\" \/>\n\t<meta property=\"og:image:height\" content=\"1536\" \/>\n\t<meta property=\"og:image:type\" content=\"image\/jpeg\" \/>\n<meta name=\"twitter:card\" content=\"summary_large_image\" \/>\n<script type=\"application\/ld+json\" class=\"yoast-schema-graph\">{\"@context\":\"https:\\\/\\\/schema.org\",\"@graph\":[{\"@type\":\"WebPage\",\"@id\":\"https:\\\/\\\/www.modula.eu\\\/fr\\\/etudes-de-cas\\\/mecanique\\\/optimat\\\/\",\"url\":\"https:\\\/\\\/www.modula.eu\\\/fr\\\/etudes-de-cas\\\/mecanique\\\/optimat\\\/\",\"name\":\"Secteur m\u00e9canique des entrep\u00f4ts automatis\u00e9s Modula: OptimaT\",\"isPartOf\":{\"@id\":\"https:\\\/\\\/www.modula.eu\\\/fr\\\/#website\"},\"primaryImageOfPage\":{\"@id\":\"https:\\\/\\\/www.modula.eu\\\/fr\\\/etudes-de-cas\\\/mecanique\\\/optimat\\\/#primaryimage\"},\"image\":{\"@id\":\"https:\\\/\\\/www.modula.eu\\\/fr\\\/etudes-de-cas\\\/mecanique\\\/optimat\\\/#primaryimage\"},\"thumbnailUrl\":\"https:\\\/\\\/www.modula.eu\\\/wp-content\\\/uploads\\\/2026\\\/03\\\/OptimaT-3.jpg\",\"datePublished\":\"2026-03-17T15:22:53+00:00\",\"dateModified\":\"2026-03-23T11:33:50+00:00\",\"description\":\"D\u00e9couvrez l\u2019\u00e9tude de cas Optimat\u202f: comment les solutions Modula ont optimis\u00e9 l\u2019efficacit\u00e9, l\u2019espace et le picking en automatisant l\u2019entrep\u00f4t.\",\"breadcrumb\":{\"@id\":\"https:\\\/\\\/www.modula.eu\\\/fr\\\/etudes-de-cas\\\/mecanique\\\/optimat\\\/#breadcrumb\"},\"inLanguage\":\"fr-FR\",\"potentialAction\":[{\"@type\":\"ReadAction\",\"target\":[\"https:\\\/\\\/www.modula.eu\\\/fr\\\/etudes-de-cas\\\/mecanique\\\/optimat\\\/\"]}]},{\"@type\":\"ImageObject\",\"inLanguage\":\"fr-FR\",\"@id\":\"https:\\\/\\\/www.modula.eu\\\/fr\\\/etudes-de-cas\\\/mecanique\\\/optimat\\\/#primaryimage\",\"url\":\"https:\\\/\\\/www.modula.eu\\\/wp-content\\\/uploads\\\/2026\\\/03\\\/OptimaT-3.jpg\",\"contentUrl\":\"https:\\\/\\\/www.modula.eu\\\/wp-content\\\/uploads\\\/2026\\\/03\\\/OptimaT-3.jpg\",\"width\":2048,\"height\":1536},{\"@type\":\"BreadcrumbList\",\"@id\":\"https:\\\/\\\/www.modula.eu\\\/fr\\\/etudes-de-cas\\\/mecanique\\\/optimat\\\/#breadcrumb\",\"itemListElement\":[{\"@type\":\"ListItem\",\"position\":1,\"name\":\"Home\",\"item\":\"https:\\\/\\\/www.modula.eu\\\/fr\\\/\"},{\"@type\":\"ListItem\",\"position\":2,\"name\":\"\u00c9tudes de Cas\",\"item\":\"https:\\\/\\\/www.modula.eu\\\/fr\\\/etudes-de-cas\\\/\"},{\"@type\":\"ListItem\",\"position\":3,\"name\":\"M\u00e9canique\",\"item\":\"https:\\\/\\\/www.modula.eu\\\/fr\\\/etudes-de-cas\\\/mecanique\\\/\"},{\"@type\":\"ListItem\",\"position\":4,\"name\":\"OptimaT\"}]},{\"@type\":\"WebSite\",\"@id\":\"https:\\\/\\\/www.modula.eu\\\/fr\\\/#website\",\"url\":\"https:\\\/\\\/www.modula.eu\\\/fr\\\/\",\"name\":\"Modula\",\"description\":\"Think Vertical\",\"publisher\":{\"@id\":\"https:\\\/\\\/www.modula.eu\\\/fr\\\/#organization\"},\"potentialAction\":[{\"@type\":\"SearchAction\",\"target\":{\"@type\":\"EntryPoint\",\"urlTemplate\":\"https:\\\/\\\/www.modula.eu\\\/fr\\\/?s={search_term_string}\"},\"query-input\":{\"@type\":\"PropertyValueSpecification\",\"valueRequired\":true,\"valueName\":\"search_term_string\"}}],\"inLanguage\":\"fr-FR\"},{\"@type\":\"Organization\",\"@id\":\"https:\\\/\\\/www.modula.eu\\\/fr\\\/#organization\",\"name\":\"Modula\",\"url\":\"https:\\\/\\\/www.modula.eu\\\/fr\\\/\",\"logo\":{\"@type\":\"ImageObject\",\"inLanguage\":\"fr-FR\",\"@id\":\"https:\\\/\\\/www.modula.eu\\\/fr\\\/#\\\/schema\\\/logo\\\/image\\\/\",\"url\":\"https:\\\/\\\/www.modula.eu\\\/wp-content\\\/uploads\\\/2022\\\/12\\\/Modula-logo.jpg\",\"contentUrl\":\"https:\\\/\\\/www.modula.eu\\\/wp-content\\\/uploads\\\/2022\\\/12\\\/Modula-logo.jpg\",\"width\":759,\"height\":512,\"caption\":\"Modula\"},\"image\":{\"@id\":\"https:\\\/\\\/www.modula.eu\\\/fr\\\/#\\\/schema\\\/logo\\\/image\\\/\"}}]}<\/script>\n<!-- \/ Yoast SEO plugin. -->","yoast_head_json":{"title":"Secteur m\u00e9canique des entrep\u00f4ts automatis\u00e9s Modula: OptimaT","description":"D\u00e9couvrez l\u2019\u00e9tude de cas Optimat\u202f: comment les solutions Modula ont optimis\u00e9 l\u2019efficacit\u00e9, l\u2019espace et le picking en automatisant l\u2019entrep\u00f4t.","robots":{"index":"index","follow":"follow","max-snippet":"max-snippet:-1","max-image-preview":"max-image-preview:large","max-video-preview":"max-video-preview:-1"},"canonical":"https:\/\/www.modula.eu\/fr\/etudes-de-cas\/mecanique\/optimat\/","og_locale":"fr_FR","og_type":"article","og_title":"Secteur m\u00e9canique des entrep\u00f4ts automatis\u00e9s Modula: OptimaT","og_description":"D\u00e9couvrez l\u2019\u00e9tude de cas Optimat\u202f: comment les solutions Modula ont optimis\u00e9 l\u2019efficacit\u00e9, l\u2019espace et le picking en automatisant l\u2019entrep\u00f4t.","og_url":"https:\/\/www.modula.eu\/fr\/etudes-de-cas\/mecanique\/optimat\/","og_site_name":"Modula","article_modified_time":"2026-03-23T11:33:50+00:00","og_image":[{"width":2048,"height":1536,"url":"https:\/\/www.modula.eu\/wp-content\/uploads\/2026\/03\/OptimaT-3.jpg","type":"image\/jpeg"}],"twitter_card":"summary_large_image","schema":{"@context":"https:\/\/schema.org","@graph":[{"@type":"WebPage","@id":"https:\/\/www.modula.eu\/fr\/etudes-de-cas\/mecanique\/optimat\/","url":"https:\/\/www.modula.eu\/fr\/etudes-de-cas\/mecanique\/optimat\/","name":"Secteur m\u00e9canique des entrep\u00f4ts automatis\u00e9s Modula: OptimaT","isPartOf":{"@id":"https:\/\/www.modula.eu\/fr\/#website"},"primaryImageOfPage":{"@id":"https:\/\/www.modula.eu\/fr\/etudes-de-cas\/mecanique\/optimat\/#primaryimage"},"image":{"@id":"https:\/\/www.modula.eu\/fr\/etudes-de-cas\/mecanique\/optimat\/#primaryimage"},"thumbnailUrl":"https:\/\/www.modula.eu\/wp-content\/uploads\/2026\/03\/OptimaT-3.jpg","datePublished":"2026-03-17T15:22:53+00:00","dateModified":"2026-03-23T11:33:50+00:00","description":"D\u00e9couvrez l\u2019\u00e9tude de cas Optimat\u202f: comment les solutions Modula ont optimis\u00e9 l\u2019efficacit\u00e9, l\u2019espace et le picking en automatisant l\u2019entrep\u00f4t.","breadcrumb":{"@id":"https:\/\/www.modula.eu\/fr\/etudes-de-cas\/mecanique\/optimat\/#breadcrumb"},"inLanguage":"fr-FR","potentialAction":[{"@type":"ReadAction","target":["https:\/\/www.modula.eu\/fr\/etudes-de-cas\/mecanique\/optimat\/"]}]},{"@type":"ImageObject","inLanguage":"fr-FR","@id":"https:\/\/www.modula.eu\/fr\/etudes-de-cas\/mecanique\/optimat\/#primaryimage","url":"https:\/\/www.modula.eu\/wp-content\/uploads\/2026\/03\/OptimaT-3.jpg","contentUrl":"https:\/\/www.modula.eu\/wp-content\/uploads\/2026\/03\/OptimaT-3.jpg","width":2048,"height":1536},{"@type":"BreadcrumbList","@id":"https:\/\/www.modula.eu\/fr\/etudes-de-cas\/mecanique\/optimat\/#breadcrumb","itemListElement":[{"@type":"ListItem","position":1,"name":"Home","item":"https:\/\/www.modula.eu\/fr\/"},{"@type":"ListItem","position":2,"name":"\u00c9tudes de Cas","item":"https:\/\/www.modula.eu\/fr\/etudes-de-cas\/"},{"@type":"ListItem","position":3,"name":"M\u00e9canique","item":"https:\/\/www.modula.eu\/fr\/etudes-de-cas\/mecanique\/"},{"@type":"ListItem","position":4,"name":"OptimaT"}]},{"@type":"WebSite","@id":"https:\/\/www.modula.eu\/fr\/#website","url":"https:\/\/www.modula.eu\/fr\/","name":"Modula","description":"Think Vertical","publisher":{"@id":"https:\/\/www.modula.eu\/fr\/#organization"},"potentialAction":[{"@type":"SearchAction","target":{"@type":"EntryPoint","urlTemplate":"https:\/\/www.modula.eu\/fr\/?s={search_term_string}"},"query-input":{"@type":"PropertyValueSpecification","valueRequired":true,"valueName":"search_term_string"}}],"inLanguage":"fr-FR"},{"@type":"Organization","@id":"https:\/\/www.modula.eu\/fr\/#organization","name":"Modula","url":"https:\/\/www.modula.eu\/fr\/","logo":{"@type":"ImageObject","inLanguage":"fr-FR","@id":"https:\/\/www.modula.eu\/fr\/#\/schema\/logo\/image\/","url":"https:\/\/www.modula.eu\/wp-content\/uploads\/2022\/12\/Modula-logo.jpg","contentUrl":"https:\/\/www.modula.eu\/wp-content\/uploads\/2022\/12\/Modula-logo.jpg","width":759,"height":512,"caption":"Modula"},"image":{"@id":"https:\/\/www.modula.eu\/fr\/#\/schema\/logo\/image\/"}}]}},"_links":{"self":[{"href":"https:\/\/www.modula.eu\/fr\/wp-json\/wp\/v2\/pages\/75242","targetHints":{"allow":["GET"]}}],"collection":[{"href":"https:\/\/www.modula.eu\/fr\/wp-json\/wp\/v2\/pages"}],"about":[{"href":"https:\/\/www.modula.eu\/fr\/wp-json\/wp\/v2\/types\/page"}],"author":[{"embeddable":true,"href":"https:\/\/www.modula.eu\/fr\/wp-json\/wp\/v2\/users\/6"}],"replies":[{"embeddable":true,"href":"https:\/\/www.modula.eu\/fr\/wp-json\/wp\/v2\/comments?post=75242"}],"version-history":[{"count":2,"href":"https:\/\/www.modula.eu\/fr\/wp-json\/wp\/v2\/pages\/75242\/revisions"}],"predecessor-version":[{"id":75595,"href":"https:\/\/www.modula.eu\/fr\/wp-json\/wp\/v2\/pages\/75242\/revisions\/75595"}],"up":[{"embeddable":true,"href":"https:\/\/www.modula.eu\/fr\/wp-json\/wp\/v2\/pages\/10266"}],"wp:featuredmedia":[{"embeddable":true,"href":"https:\/\/www.modula.eu\/fr\/wp-json\/wp\/v2\/media\/75244"}],"wp:attachment":[{"href":"https:\/\/www.modula.eu\/fr\/wp-json\/wp\/v2\/media?parent=75242"}],"curies":[{"name":"wp","href":"https:\/\/api.w.org\/{rel}","templated":true}]}}