{"id":76450,"date":"2026-04-14T09:22:15","date_gmt":"2026-04-14T07:22:15","guid":{"rendered":"https:\/\/www.modula.eu\/?page_id=76450"},"modified":"2026-04-14T13:36:20","modified_gmt":"2026-04-14T11:36:20","slug":"wuhan-university","status":"publish","type":"page","link":"https:\/\/www.modula.eu\/fr\/etudes-de-cas\/education-administration-publique\/wuhan-university\/","title":{"rendered":"Wuhan University"},"content":{"rendered":"","protected":false},"excerpt":{"rendered":"","protected":false},"author":6,"featured_media":76451,"parent":76432,"menu_order":0,"comment_status":"closed","ping_status":"closed","template":"case.php","meta":{"_acf_changed":false,"inline_featured_image":false,"mapsvg_location":"","footnotes":""},"class_list":["post-76450","page","type-page","status-publish","has-post-thumbnail","hentry"],"acf":[],"yoast_head":"<!-- This site is optimized with the Yoast SEO plugin v27.3 - https:\/\/yoast.com\/product\/yoast-seo-wordpress\/ -->\n<title>Magasins automatis\u00e9s verticaux Modula pour le secteur de l\u2019\u00e9ducation: Wuhan University<\/title>\n<meta name=\"description\" content=\"La mise en place du magasin automatique vertical a g\u00e9n\u00e9r\u00e9 des avantages imm\u00e9diats et mesurables. Plus de 500 robots et drones sont d\u00e9sormais stock\u00e9s de mani\u00e8re s\u00fbre et ordonn\u00e9e, avec un suivi constant des mouvements \u00e0 l\u2019entr\u00e9e et \u00e0 la sortie.\" \/>\n<meta name=\"robots\" content=\"index, follow, max-snippet:-1, max-image-preview:large, max-video-preview:-1\" \/>\n<link rel=\"canonical\" href=\"https:\/\/www.modula.eu\/fr\/etudes-de-cas\/education-administration-publique\/wuhan-university\/\" \/>\n<meta property=\"og:locale\" content=\"fr_FR\" \/>\n<meta property=\"og:type\" content=\"article\" \/>\n<meta property=\"og:title\" content=\"Magasins automatis\u00e9s verticaux Modula pour le secteur de l\u2019\u00e9ducation: Wuhan University\" \/>\n<meta property=\"og:description\" content=\"La mise en place du magasin automatique vertical a g\u00e9n\u00e9r\u00e9 des avantages imm\u00e9diats et mesurables. Plus de 500 robots et drones sont d\u00e9sormais stock\u00e9s de mani\u00e8re s\u00fbre et ordonn\u00e9e, avec un suivi constant des mouvements \u00e0 l\u2019entr\u00e9e et \u00e0 la sortie.\" \/>\n<meta property=\"og:url\" content=\"https:\/\/www.modula.eu\/fr\/etudes-de-cas\/education-administration-publique\/wuhan-university\/\" \/>\n<meta property=\"og:site_name\" content=\"Modula\" \/>\n<meta property=\"article:modified_time\" content=\"2026-04-14T11:36:20+00:00\" \/>\n<meta property=\"og:image\" content=\"https:\/\/www.modula.eu\/wp-content\/uploads\/2026\/04\/Wuhan-University-Modula-Next.jpg\" \/>\n\t<meta property=\"og:image:width\" content=\"1831\" \/>\n\t<meta property=\"og:image:height\" content=\"879\" \/>\n\t<meta property=\"og:image:type\" content=\"image\/jpeg\" \/>\n<meta name=\"twitter:card\" content=\"summary_large_image\" \/>\n<script type=\"application\/ld+json\" class=\"yoast-schema-graph\">{\"@context\":\"https:\\\/\\\/schema.org\",\"@graph\":[{\"@type\":\"WebPage\",\"@id\":\"https:\\\/\\\/www.modula.eu\\\/fr\\\/etudes-de-cas\\\/education-administration-publique\\\/wuhan-university\\\/\",\"url\":\"https:\\\/\\\/www.modula.eu\\\/fr\\\/etudes-de-cas\\\/education-administration-publique\\\/wuhan-university\\\/\",\"name\":\"Magasins automatis\u00e9s verticaux Modula pour le secteur de l\u2019\u00e9ducation: Wuhan University\",\"isPartOf\":{\"@id\":\"https:\\\/\\\/www.modula.eu\\\/fr\\\/#website\"},\"primaryImageOfPage\":{\"@id\":\"https:\\\/\\\/www.modula.eu\\\/fr\\\/etudes-de-cas\\\/education-administration-publique\\\/wuhan-university\\\/#primaryimage\"},\"image\":{\"@id\":\"https:\\\/\\\/www.modula.eu\\\/fr\\\/etudes-de-cas\\\/education-administration-publique\\\/wuhan-university\\\/#primaryimage\"},\"thumbnailUrl\":\"https:\\\/\\\/www.modula.eu\\\/wp-content\\\/uploads\\\/2026\\\/04\\\/Wuhan-University-Modula-Next.jpg\",\"datePublished\":\"2026-04-14T07:22:15+00:00\",\"dateModified\":\"2026-04-14T11:36:20+00:00\",\"description\":\"La mise en place du magasin automatique vertical a g\u00e9n\u00e9r\u00e9 des avantages imm\u00e9diats et mesurables. Plus de 500 robots et drones sont d\u00e9sormais stock\u00e9s de mani\u00e8re s\u00fbre et ordonn\u00e9e, avec un suivi constant des mouvements \u00e0 l\u2019entr\u00e9e et \u00e0 la sortie.\",\"breadcrumb\":{\"@id\":\"https:\\\/\\\/www.modula.eu\\\/fr\\\/etudes-de-cas\\\/education-administration-publique\\\/wuhan-university\\\/#breadcrumb\"},\"inLanguage\":\"fr-FR\",\"potentialAction\":[{\"@type\":\"ReadAction\",\"target\":[\"https:\\\/\\\/www.modula.eu\\\/fr\\\/etudes-de-cas\\\/education-administration-publique\\\/wuhan-university\\\/\"]}]},{\"@type\":\"ImageObject\",\"inLanguage\":\"fr-FR\",\"@id\":\"https:\\\/\\\/www.modula.eu\\\/fr\\\/etudes-de-cas\\\/education-administration-publique\\\/wuhan-university\\\/#primaryimage\",\"url\":\"https:\\\/\\\/www.modula.eu\\\/wp-content\\\/uploads\\\/2026\\\/04\\\/Wuhan-University-Modula-Next.jpg\",\"contentUrl\":\"https:\\\/\\\/www.modula.eu\\\/wp-content\\\/uploads\\\/2026\\\/04\\\/Wuhan-University-Modula-Next.jpg\",\"width\":1831,\"height\":879},{\"@type\":\"BreadcrumbList\",\"@id\":\"https:\\\/\\\/www.modula.eu\\\/fr\\\/etudes-de-cas\\\/education-administration-publique\\\/wuhan-university\\\/#breadcrumb\",\"itemListElement\":[{\"@type\":\"ListItem\",\"position\":1,\"name\":\"Home\",\"item\":\"https:\\\/\\\/www.modula.eu\\\/fr\\\/\"},{\"@type\":\"ListItem\",\"position\":2,\"name\":\"\u00c9tudes de Cas\",\"item\":\"https:\\\/\\\/www.modula.eu\\\/fr\\\/etudes-de-cas\\\/\"},{\"@type\":\"ListItem\",\"position\":3,\"name\":\"\u00c9ducation \\\/ Administration Publique\",\"item\":\"https:\\\/\\\/www.modula.eu\\\/fr\\\/etudes-de-cas\\\/education-administration-publique\\\/\"},{\"@type\":\"ListItem\",\"position\":4,\"name\":\"Wuhan University\"}]},{\"@type\":\"WebSite\",\"@id\":\"https:\\\/\\\/www.modula.eu\\\/fr\\\/#website\",\"url\":\"https:\\\/\\\/www.modula.eu\\\/fr\\\/\",\"name\":\"Modula\",\"description\":\"Think Vertical\",\"publisher\":{\"@id\":\"https:\\\/\\\/www.modula.eu\\\/fr\\\/#organization\"},\"potentialAction\":[{\"@type\":\"SearchAction\",\"target\":{\"@type\":\"EntryPoint\",\"urlTemplate\":\"https:\\\/\\\/www.modula.eu\\\/fr\\\/?s={search_term_string}\"},\"query-input\":{\"@type\":\"PropertyValueSpecification\",\"valueRequired\":true,\"valueName\":\"search_term_string\"}}],\"inLanguage\":\"fr-FR\"},{\"@type\":\"Organization\",\"@id\":\"https:\\\/\\\/www.modula.eu\\\/fr\\\/#organization\",\"name\":\"Modula\",\"url\":\"https:\\\/\\\/www.modula.eu\\\/fr\\\/\",\"logo\":{\"@type\":\"ImageObject\",\"inLanguage\":\"fr-FR\",\"@id\":\"https:\\\/\\\/www.modula.eu\\\/fr\\\/#\\\/schema\\\/logo\\\/image\\\/\",\"url\":\"https:\\\/\\\/www.modula.eu\\\/wp-content\\\/uploads\\\/2022\\\/12\\\/Modula-logo.jpg\",\"contentUrl\":\"https:\\\/\\\/www.modula.eu\\\/wp-content\\\/uploads\\\/2022\\\/12\\\/Modula-logo.jpg\",\"width\":759,\"height\":512,\"caption\":\"Modula\"},\"image\":{\"@id\":\"https:\\\/\\\/www.modula.eu\\\/fr\\\/#\\\/schema\\\/logo\\\/image\\\/\"}}]}<\/script>\n<!-- \/ Yoast SEO plugin. -->","yoast_head_json":{"title":"Magasins automatis\u00e9s verticaux Modula pour le secteur de l\u2019\u00e9ducation: Wuhan University","description":"La mise en place du magasin automatique vertical a g\u00e9n\u00e9r\u00e9 des avantages imm\u00e9diats et mesurables. Plus de 500 robots et drones sont d\u00e9sormais stock\u00e9s de mani\u00e8re s\u00fbre et ordonn\u00e9e, avec un suivi constant des mouvements \u00e0 l\u2019entr\u00e9e et \u00e0 la sortie.","robots":{"index":"index","follow":"follow","max-snippet":"max-snippet:-1","max-image-preview":"max-image-preview:large","max-video-preview":"max-video-preview:-1"},"canonical":"https:\/\/www.modula.eu\/fr\/etudes-de-cas\/education-administration-publique\/wuhan-university\/","og_locale":"fr_FR","og_type":"article","og_title":"Magasins automatis\u00e9s verticaux Modula pour le secteur de l\u2019\u00e9ducation: Wuhan University","og_description":"La mise en place du magasin automatique vertical a g\u00e9n\u00e9r\u00e9 des avantages imm\u00e9diats et mesurables. Plus de 500 robots et drones sont d\u00e9sormais stock\u00e9s de mani\u00e8re s\u00fbre et ordonn\u00e9e, avec un suivi constant des mouvements \u00e0 l\u2019entr\u00e9e et \u00e0 la sortie.","og_url":"https:\/\/www.modula.eu\/fr\/etudes-de-cas\/education-administration-publique\/wuhan-university\/","og_site_name":"Modula","article_modified_time":"2026-04-14T11:36:20+00:00","og_image":[{"width":1831,"height":879,"url":"https:\/\/www.modula.eu\/wp-content\/uploads\/2026\/04\/Wuhan-University-Modula-Next.jpg","type":"image\/jpeg"}],"twitter_card":"summary_large_image","schema":{"@context":"https:\/\/schema.org","@graph":[{"@type":"WebPage","@id":"https:\/\/www.modula.eu\/fr\/etudes-de-cas\/education-administration-publique\/wuhan-university\/","url":"https:\/\/www.modula.eu\/fr\/etudes-de-cas\/education-administration-publique\/wuhan-university\/","name":"Magasins automatis\u00e9s verticaux Modula pour le secteur de l\u2019\u00e9ducation: Wuhan University","isPartOf":{"@id":"https:\/\/www.modula.eu\/fr\/#website"},"primaryImageOfPage":{"@id":"https:\/\/www.modula.eu\/fr\/etudes-de-cas\/education-administration-publique\/wuhan-university\/#primaryimage"},"image":{"@id":"https:\/\/www.modula.eu\/fr\/etudes-de-cas\/education-administration-publique\/wuhan-university\/#primaryimage"},"thumbnailUrl":"https:\/\/www.modula.eu\/wp-content\/uploads\/2026\/04\/Wuhan-University-Modula-Next.jpg","datePublished":"2026-04-14T07:22:15+00:00","dateModified":"2026-04-14T11:36:20+00:00","description":"La mise en place du magasin automatique vertical a g\u00e9n\u00e9r\u00e9 des avantages imm\u00e9diats et mesurables. Plus de 500 robots et drones sont d\u00e9sormais stock\u00e9s de mani\u00e8re s\u00fbre et ordonn\u00e9e, avec un suivi constant des mouvements \u00e0 l\u2019entr\u00e9e et \u00e0 la sortie.","breadcrumb":{"@id":"https:\/\/www.modula.eu\/fr\/etudes-de-cas\/education-administration-publique\/wuhan-university\/#breadcrumb"},"inLanguage":"fr-FR","potentialAction":[{"@type":"ReadAction","target":["https:\/\/www.modula.eu\/fr\/etudes-de-cas\/education-administration-publique\/wuhan-university\/"]}]},{"@type":"ImageObject","inLanguage":"fr-FR","@id":"https:\/\/www.modula.eu\/fr\/etudes-de-cas\/education-administration-publique\/wuhan-university\/#primaryimage","url":"https:\/\/www.modula.eu\/wp-content\/uploads\/2026\/04\/Wuhan-University-Modula-Next.jpg","contentUrl":"https:\/\/www.modula.eu\/wp-content\/uploads\/2026\/04\/Wuhan-University-Modula-Next.jpg","width":1831,"height":879},{"@type":"BreadcrumbList","@id":"https:\/\/www.modula.eu\/fr\/etudes-de-cas\/education-administration-publique\/wuhan-university\/#breadcrumb","itemListElement":[{"@type":"ListItem","position":1,"name":"Home","item":"https:\/\/www.modula.eu\/fr\/"},{"@type":"ListItem","position":2,"name":"\u00c9tudes de Cas","item":"https:\/\/www.modula.eu\/fr\/etudes-de-cas\/"},{"@type":"ListItem","position":3,"name":"\u00c9ducation \/ Administration Publique","item":"https:\/\/www.modula.eu\/fr\/etudes-de-cas\/education-administration-publique\/"},{"@type":"ListItem","position":4,"name":"Wuhan University"}]},{"@type":"WebSite","@id":"https:\/\/www.modula.eu\/fr\/#website","url":"https:\/\/www.modula.eu\/fr\/","name":"Modula","description":"Think Vertical","publisher":{"@id":"https:\/\/www.modula.eu\/fr\/#organization"},"potentialAction":[{"@type":"SearchAction","target":{"@type":"EntryPoint","urlTemplate":"https:\/\/www.modula.eu\/fr\/?s={search_term_string}"},"query-input":{"@type":"PropertyValueSpecification","valueRequired":true,"valueName":"search_term_string"}}],"inLanguage":"fr-FR"},{"@type":"Organization","@id":"https:\/\/www.modula.eu\/fr\/#organization","name":"Modula","url":"https:\/\/www.modula.eu\/fr\/","logo":{"@type":"ImageObject","inLanguage":"fr-FR","@id":"https:\/\/www.modula.eu\/fr\/#\/schema\/logo\/image\/","url":"https:\/\/www.modula.eu\/wp-content\/uploads\/2022\/12\/Modula-logo.jpg","contentUrl":"https:\/\/www.modula.eu\/wp-content\/uploads\/2022\/12\/Modula-logo.jpg","width":759,"height":512,"caption":"Modula"},"image":{"@id":"https:\/\/www.modula.eu\/fr\/#\/schema\/logo\/image\/"}}]}},"_links":{"self":[{"href":"https:\/\/www.modula.eu\/fr\/wp-json\/wp\/v2\/pages\/76450","targetHints":{"allow":["GET"]}}],"collection":[{"href":"https:\/\/www.modula.eu\/fr\/wp-json\/wp\/v2\/pages"}],"about":[{"href":"https:\/\/www.modula.eu\/fr\/wp-json\/wp\/v2\/types\/page"}],"author":[{"embeddable":true,"href":"https:\/\/www.modula.eu\/fr\/wp-json\/wp\/v2\/users\/6"}],"replies":[{"embeddable":true,"href":"https:\/\/www.modula.eu\/fr\/wp-json\/wp\/v2\/comments?post=76450"}],"version-history":[{"count":3,"href":"https:\/\/www.modula.eu\/fr\/wp-json\/wp\/v2\/pages\/76450\/revisions"}],"predecessor-version":[{"id":77077,"href":"https:\/\/www.modula.eu\/fr\/wp-json\/wp\/v2\/pages\/76450\/revisions\/77077"}],"up":[{"embeddable":true,"href":"https:\/\/www.modula.eu\/fr\/wp-json\/wp\/v2\/pages\/76432"}],"wp:featuredmedia":[{"embeddable":true,"href":"https:\/\/www.modula.eu\/fr\/wp-json\/wp\/v2\/media\/76451"}],"wp:attachment":[{"href":"https:\/\/www.modula.eu\/fr\/wp-json\/wp\/v2\/media?parent=76450"}],"curies":[{"name":"wp","href":"https:\/\/api.w.org\/{rel}","templated":true}]}}