{"id":7787,"date":"2022-06-17T12:12:11","date_gmt":"2022-06-17T10:12:11","guid":{"rendered":"https:\/\/www.modula.eu\/vantaggi\/"},"modified":"2023-09-27T16:01:25","modified_gmt":"2023-09-27T14:01:25","slug":"avantages","status":"publish","type":"page","link":"https:\/\/www.modula.eu\/fr\/avantages\/","title":{"rendered":"Avantages"},"content":{"rendered":"","protected":false},"excerpt":{"rendered":"","protected":false},"author":1,"featured_media":6767,"parent":0,"menu_order":14,"comment_status":"closed","ping_status":"closed","template":"product-category.php","meta":{"_acf_changed":false,"inline_featured_image":false,"mapsvg_location":"","footnotes":""},"class_list":["post-7787","page","type-page","status-publish","has-post-thumbnail","hentry"],"acf":[],"yoast_head":"<!-- This site is optimized with the Yoast SEO plugin v27.4 - https:\/\/yoast.com\/product\/yoast-seo-wordpress\/ -->\n<title>Avantages Entrep\u00f4ts automatiques verticaux et horizontaux | Modula<\/title>\n<meta name=\"description\" content=\"Entrez et d\u00e9couvrez les avantages d&#039;utiliser les entrep\u00f4ts automatiques verticaux et horizontaux Modula Avec les entrep\u00f4ts automatiques verticaux et horizontaux Modula, vous pouvez am\u00e9liorer vos processus de logistique, de gestion et d&#039;organisation des entrep\u00f4ts en augmentant la productivit\u00e9 et la flexibilit\u00e9.\" \/>\n<meta name=\"robots\" content=\"index, follow, max-snippet:-1, max-image-preview:large, max-video-preview:-1\" \/>\n<link rel=\"canonical\" href=\"https:\/\/www.modula.eu\/fr\/avantages\/\" \/>\n<meta property=\"og:locale\" content=\"fr_FR\" \/>\n<meta property=\"og:type\" content=\"article\" \/>\n<meta property=\"og:title\" content=\"Avantages Entrep\u00f4ts automatiques verticaux et horizontaux | Modula\" \/>\n<meta property=\"og:description\" content=\"Entrez et d\u00e9couvrez les avantages d&#039;utiliser les entrep\u00f4ts automatiques verticaux et horizontaux Modula Avec les entrep\u00f4ts automatiques verticaux et horizontaux Modula, vous pouvez am\u00e9liorer vos processus de logistique, de gestion et d&#039;organisation des entrep\u00f4ts en augmentant la productivit\u00e9 et la flexibilit\u00e9.\" \/>\n<meta property=\"og:url\" content=\"https:\/\/www.modula.eu\/fr\/avantages\/\" \/>\n<meta property=\"og:site_name\" content=\"Modula\" \/>\n<meta property=\"article:modified_time\" content=\"2023-09-27T14:01:25+00:00\" \/>\n<meta property=\"og:image\" content=\"https:\/\/www.modula.eu\/wp-content\/uploads\/2022\/10\/vantaggi-modula.jpg\" \/>\n\t<meta property=\"og:image:width\" content=\"1224\" \/>\n\t<meta property=\"og:image:height\" content=\"816\" \/>\n\t<meta property=\"og:image:type\" content=\"image\/jpeg\" \/>\n<meta name=\"twitter:card\" content=\"summary_large_image\" \/>\n<script type=\"application\/ld+json\" class=\"yoast-schema-graph\">{\"@context\":\"https:\\\/\\\/schema.org\",\"@graph\":[{\"@type\":\"WebPage\",\"@id\":\"https:\\\/\\\/www.modula.eu\\\/fr\\\/avantages\\\/\",\"url\":\"https:\\\/\\\/www.modula.eu\\\/fr\\\/avantages\\\/\",\"name\":\"Avantages Entrep\u00f4ts automatiques verticaux et horizontaux | Modula\",\"isPartOf\":{\"@id\":\"https:\\\/\\\/www.modula.eu\\\/fr\\\/#website\"},\"primaryImageOfPage\":{\"@id\":\"https:\\\/\\\/www.modula.eu\\\/fr\\\/avantages\\\/#primaryimage\"},\"image\":{\"@id\":\"https:\\\/\\\/www.modula.eu\\\/fr\\\/avantages\\\/#primaryimage\"},\"thumbnailUrl\":\"https:\\\/\\\/www.modula.eu\\\/wp-content\\\/uploads\\\/2022\\\/10\\\/vantaggi-modula.jpg\",\"datePublished\":\"2022-06-17T10:12:11+00:00\",\"dateModified\":\"2023-09-27T14:01:25+00:00\",\"description\":\"Entrez et d\u00e9couvrez les avantages d'utiliser les entrep\u00f4ts automatiques verticaux et horizontaux Modula Avec les entrep\u00f4ts automatiques verticaux et horizontaux Modula, vous pouvez am\u00e9liorer vos processus de logistique, de gestion et d'organisation des entrep\u00f4ts en augmentant la productivit\u00e9 et la flexibilit\u00e9.\",\"breadcrumb\":{\"@id\":\"https:\\\/\\\/www.modula.eu\\\/fr\\\/avantages\\\/#breadcrumb\"},\"inLanguage\":\"fr-FR\",\"potentialAction\":[{\"@type\":\"ReadAction\",\"target\":[\"https:\\\/\\\/www.modula.eu\\\/fr\\\/avantages\\\/\"]}]},{\"@type\":\"ImageObject\",\"inLanguage\":\"fr-FR\",\"@id\":\"https:\\\/\\\/www.modula.eu\\\/fr\\\/avantages\\\/#primaryimage\",\"url\":\"https:\\\/\\\/www.modula.eu\\\/wp-content\\\/uploads\\\/2022\\\/10\\\/vantaggi-modula.jpg\",\"contentUrl\":\"https:\\\/\\\/www.modula.eu\\\/wp-content\\\/uploads\\\/2022\\\/10\\\/vantaggi-modula.jpg\",\"width\":1224,\"height\":816},{\"@type\":\"BreadcrumbList\",\"@id\":\"https:\\\/\\\/www.modula.eu\\\/fr\\\/avantages\\\/#breadcrumb\",\"itemListElement\":[{\"@type\":\"ListItem\",\"position\":1,\"name\":\"Home\",\"item\":\"https:\\\/\\\/www.modula.eu\\\/fr\\\/\"},{\"@type\":\"ListItem\",\"position\":2,\"name\":\"Avantages\"}]},{\"@type\":\"WebSite\",\"@id\":\"https:\\\/\\\/www.modula.eu\\\/fr\\\/#website\",\"url\":\"https:\\\/\\\/www.modula.eu\\\/fr\\\/\",\"name\":\"Modula\",\"description\":\"Think Vertical\",\"publisher\":{\"@id\":\"https:\\\/\\\/www.modula.eu\\\/fr\\\/#organization\"},\"potentialAction\":[{\"@type\":\"SearchAction\",\"target\":{\"@type\":\"EntryPoint\",\"urlTemplate\":\"https:\\\/\\\/www.modula.eu\\\/fr\\\/?s={search_term_string}\"},\"query-input\":{\"@type\":\"PropertyValueSpecification\",\"valueRequired\":true,\"valueName\":\"search_term_string\"}}],\"inLanguage\":\"fr-FR\"},{\"@type\":\"Organization\",\"@id\":\"https:\\\/\\\/www.modula.eu\\\/fr\\\/#organization\",\"name\":\"Modula\",\"url\":\"https:\\\/\\\/www.modula.eu\\\/fr\\\/\",\"logo\":{\"@type\":\"ImageObject\",\"inLanguage\":\"fr-FR\",\"@id\":\"https:\\\/\\\/www.modula.eu\\\/fr\\\/#\\\/schema\\\/logo\\\/image\\\/\",\"url\":\"https:\\\/\\\/www.modula.eu\\\/wp-content\\\/uploads\\\/2022\\\/12\\\/Modula-logo.jpg\",\"contentUrl\":\"https:\\\/\\\/www.modula.eu\\\/wp-content\\\/uploads\\\/2022\\\/12\\\/Modula-logo.jpg\",\"width\":759,\"height\":512,\"caption\":\"Modula\"},\"image\":{\"@id\":\"https:\\\/\\\/www.modula.eu\\\/fr\\\/#\\\/schema\\\/logo\\\/image\\\/\"}}]}<\/script>\n<!-- \/ Yoast SEO plugin. -->","yoast_head_json":{"title":"Avantages Entrep\u00f4ts automatiques verticaux et horizontaux | Modula","description":"Entrez et d\u00e9couvrez les avantages d'utiliser les entrep\u00f4ts automatiques verticaux et horizontaux Modula Avec les entrep\u00f4ts automatiques verticaux et horizontaux Modula, vous pouvez am\u00e9liorer vos processus de logistique, de gestion et d'organisation des entrep\u00f4ts en augmentant la productivit\u00e9 et la flexibilit\u00e9.","robots":{"index":"index","follow":"follow","max-snippet":"max-snippet:-1","max-image-preview":"max-image-preview:large","max-video-preview":"max-video-preview:-1"},"canonical":"https:\/\/www.modula.eu\/fr\/avantages\/","og_locale":"fr_FR","og_type":"article","og_title":"Avantages Entrep\u00f4ts automatiques verticaux et horizontaux | Modula","og_description":"Entrez et d\u00e9couvrez les avantages d'utiliser les entrep\u00f4ts automatiques verticaux et horizontaux Modula Avec les entrep\u00f4ts automatiques verticaux et horizontaux Modula, vous pouvez am\u00e9liorer vos processus de logistique, de gestion et d'organisation des entrep\u00f4ts en augmentant la productivit\u00e9 et la flexibilit\u00e9.","og_url":"https:\/\/www.modula.eu\/fr\/avantages\/","og_site_name":"Modula","article_modified_time":"2023-09-27T14:01:25+00:00","og_image":[{"width":1224,"height":816,"url":"https:\/\/www.modula.eu\/wp-content\/uploads\/2022\/10\/vantaggi-modula.jpg","type":"image\/jpeg"}],"twitter_card":"summary_large_image","schema":{"@context":"https:\/\/schema.org","@graph":[{"@type":"WebPage","@id":"https:\/\/www.modula.eu\/fr\/avantages\/","url":"https:\/\/www.modula.eu\/fr\/avantages\/","name":"Avantages Entrep\u00f4ts automatiques verticaux et horizontaux | Modula","isPartOf":{"@id":"https:\/\/www.modula.eu\/fr\/#website"},"primaryImageOfPage":{"@id":"https:\/\/www.modula.eu\/fr\/avantages\/#primaryimage"},"image":{"@id":"https:\/\/www.modula.eu\/fr\/avantages\/#primaryimage"},"thumbnailUrl":"https:\/\/www.modula.eu\/wp-content\/uploads\/2022\/10\/vantaggi-modula.jpg","datePublished":"2022-06-17T10:12:11+00:00","dateModified":"2023-09-27T14:01:25+00:00","description":"Entrez et d\u00e9couvrez les avantages d'utiliser les entrep\u00f4ts automatiques verticaux et horizontaux Modula Avec les entrep\u00f4ts automatiques verticaux et horizontaux Modula, vous pouvez am\u00e9liorer vos processus de logistique, de gestion et d'organisation des entrep\u00f4ts en augmentant la productivit\u00e9 et la flexibilit\u00e9.","breadcrumb":{"@id":"https:\/\/www.modula.eu\/fr\/avantages\/#breadcrumb"},"inLanguage":"fr-FR","potentialAction":[{"@type":"ReadAction","target":["https:\/\/www.modula.eu\/fr\/avantages\/"]}]},{"@type":"ImageObject","inLanguage":"fr-FR","@id":"https:\/\/www.modula.eu\/fr\/avantages\/#primaryimage","url":"https:\/\/www.modula.eu\/wp-content\/uploads\/2022\/10\/vantaggi-modula.jpg","contentUrl":"https:\/\/www.modula.eu\/wp-content\/uploads\/2022\/10\/vantaggi-modula.jpg","width":1224,"height":816},{"@type":"BreadcrumbList","@id":"https:\/\/www.modula.eu\/fr\/avantages\/#breadcrumb","itemListElement":[{"@type":"ListItem","position":1,"name":"Home","item":"https:\/\/www.modula.eu\/fr\/"},{"@type":"ListItem","position":2,"name":"Avantages"}]},{"@type":"WebSite","@id":"https:\/\/www.modula.eu\/fr\/#website","url":"https:\/\/www.modula.eu\/fr\/","name":"Modula","description":"Think Vertical","publisher":{"@id":"https:\/\/www.modula.eu\/fr\/#organization"},"potentialAction":[{"@type":"SearchAction","target":{"@type":"EntryPoint","urlTemplate":"https:\/\/www.modula.eu\/fr\/?s={search_term_string}"},"query-input":{"@type":"PropertyValueSpecification","valueRequired":true,"valueName":"search_term_string"}}],"inLanguage":"fr-FR"},{"@type":"Organization","@id":"https:\/\/www.modula.eu\/fr\/#organization","name":"Modula","url":"https:\/\/www.modula.eu\/fr\/","logo":{"@type":"ImageObject","inLanguage":"fr-FR","@id":"https:\/\/www.modula.eu\/fr\/#\/schema\/logo\/image\/","url":"https:\/\/www.modula.eu\/wp-content\/uploads\/2022\/12\/Modula-logo.jpg","contentUrl":"https:\/\/www.modula.eu\/wp-content\/uploads\/2022\/12\/Modula-logo.jpg","width":759,"height":512,"caption":"Modula"},"image":{"@id":"https:\/\/www.modula.eu\/fr\/#\/schema\/logo\/image\/"}}]}},"_links":{"self":[{"href":"https:\/\/www.modula.eu\/fr\/wp-json\/wp\/v2\/pages\/7787","targetHints":{"allow":["GET"]}}],"collection":[{"href":"https:\/\/www.modula.eu\/fr\/wp-json\/wp\/v2\/pages"}],"about":[{"href":"https:\/\/www.modula.eu\/fr\/wp-json\/wp\/v2\/types\/page"}],"author":[{"embeddable":true,"href":"https:\/\/www.modula.eu\/fr\/wp-json\/wp\/v2\/users\/1"}],"replies":[{"embeddable":true,"href":"https:\/\/www.modula.eu\/fr\/wp-json\/wp\/v2\/comments?post=7787"}],"version-history":[{"count":0,"href":"https:\/\/www.modula.eu\/fr\/wp-json\/wp\/v2\/pages\/7787\/revisions"}],"wp:featuredmedia":[{"embeddable":true,"href":"https:\/\/www.modula.eu\/fr\/wp-json\/wp\/v2\/media\/6767"}],"wp:attachment":[{"href":"https:\/\/www.modula.eu\/fr\/wp-json\/wp\/v2\/media?parent=7787"}],"curies":[{"name":"wp","href":"https:\/\/api.w.org\/{rel}","templated":true}]}}