{"id":7823,"date":"2022-10-10T12:02:50","date_gmt":"2022-10-10T10:02:50","guid":{"rendered":"https:\/\/www.modula.eu\/vantaggi\/semplicita-d-uso-html\/"},"modified":"2023-09-27T16:06:18","modified_gmt":"2023-09-27T14:06:18","slug":"utilisation-simple","status":"publish","type":"page","link":"https:\/\/www.modula.eu\/fr\/avantages\/utilisation-simple\/","title":{"rendered":"Utilisation simple"},"content":{"rendered":"","protected":false},"excerpt":{"rendered":"","protected":false},"author":1,"featured_media":0,"parent":7787,"menu_order":8,"comment_status":"closed","ping_status":"closed","template":"","meta":{"_acf_changed":false,"inline_featured_image":false,"mapsvg_location":"","footnotes":""},"class_list":["post-7823","page","type-page","status-publish","hentry"],"acf":[],"yoast_head":"<!-- This site is optimized with the Yoast SEO plugin v27.4 - https:\/\/yoast.com\/product\/yoast-seo-wordpress\/ -->\n<title>Facilit\u00e9 d&#039;utilisation du WMS, Logiciel de Gestion Automatis\u00e9e d&#039;Entrep\u00f4t| Modula<\/title>\n<meta name=\"description\" content=\"Inspir\u00e9e des graphismes de nouvelle g\u00e9n\u00e9ration, l&#039;interface utilisateur est d\u00e9velopp\u00e9e dans un environnement graphique couleur avec des ic\u00f4nes simples et intuitives pour une utilisation quotidienne facile par tous les op\u00e9rateurs.\" \/>\n<meta name=\"robots\" content=\"index, follow, max-snippet:-1, max-image-preview:large, max-video-preview:-1\" \/>\n<link rel=\"canonical\" href=\"https:\/\/www.modula.eu\/fr\/avantages\/utilisation-simple\/\" \/>\n<meta property=\"og:locale\" content=\"fr_FR\" \/>\n<meta property=\"og:type\" content=\"article\" \/>\n<meta property=\"og:title\" content=\"Facilit\u00e9 d&#039;utilisation du WMS, Logiciel de Gestion Automatis\u00e9e d&#039;Entrep\u00f4t| Modula\" \/>\n<meta property=\"og:description\" content=\"Inspir\u00e9e des graphismes de nouvelle g\u00e9n\u00e9ration, l&#039;interface utilisateur est d\u00e9velopp\u00e9e dans un environnement graphique couleur avec des ic\u00f4nes simples et intuitives pour une utilisation quotidienne facile par tous les op\u00e9rateurs.\" \/>\n<meta property=\"og:url\" content=\"https:\/\/www.modula.eu\/fr\/avantages\/utilisation-simple\/\" \/>\n<meta property=\"og:site_name\" content=\"Modula\" \/>\n<meta property=\"article:modified_time\" content=\"2023-09-27T14:06:18+00:00\" \/>\n<meta name=\"twitter:card\" content=\"summary_large_image\" \/>\n<script type=\"application\/ld+json\" class=\"yoast-schema-graph\">{\"@context\":\"https:\\\/\\\/schema.org\",\"@graph\":[{\"@type\":\"WebPage\",\"@id\":\"https:\\\/\\\/www.modula.eu\\\/fr\\\/avantages\\\/utilisation-simple\\\/\",\"url\":\"https:\\\/\\\/www.modula.eu\\\/fr\\\/avantages\\\/utilisation-simple\\\/\",\"name\":\"Facilit\u00e9 d'utilisation du WMS, Logiciel de Gestion Automatis\u00e9e d'Entrep\u00f4t| Modula\",\"isPartOf\":{\"@id\":\"https:\\\/\\\/www.modula.eu\\\/fr\\\/#website\"},\"datePublished\":\"2022-10-10T10:02:50+00:00\",\"dateModified\":\"2023-09-27T14:06:18+00:00\",\"description\":\"Inspir\u00e9e des graphismes de nouvelle g\u00e9n\u00e9ration, l'interface utilisateur est d\u00e9velopp\u00e9e dans un environnement graphique couleur avec des ic\u00f4nes simples et intuitives pour une utilisation quotidienne facile par tous les op\u00e9rateurs.\",\"breadcrumb\":{\"@id\":\"https:\\\/\\\/www.modula.eu\\\/fr\\\/avantages\\\/utilisation-simple\\\/#breadcrumb\"},\"inLanguage\":\"fr-FR\",\"potentialAction\":[{\"@type\":\"ReadAction\",\"target\":[\"https:\\\/\\\/www.modula.eu\\\/fr\\\/avantages\\\/utilisation-simple\\\/\"]}]},{\"@type\":\"BreadcrumbList\",\"@id\":\"https:\\\/\\\/www.modula.eu\\\/fr\\\/avantages\\\/utilisation-simple\\\/#breadcrumb\",\"itemListElement\":[{\"@type\":\"ListItem\",\"position\":1,\"name\":\"Home\",\"item\":\"https:\\\/\\\/www.modula.eu\\\/fr\\\/\"},{\"@type\":\"ListItem\",\"position\":2,\"name\":\"Avantages\",\"item\":\"https:\\\/\\\/www.modula.eu\\\/fr\\\/avantages\\\/\"},{\"@type\":\"ListItem\",\"position\":3,\"name\":\"Utilisation simple\"}]},{\"@type\":\"WebSite\",\"@id\":\"https:\\\/\\\/www.modula.eu\\\/fr\\\/#website\",\"url\":\"https:\\\/\\\/www.modula.eu\\\/fr\\\/\",\"name\":\"Modula\",\"description\":\"Think Vertical\",\"publisher\":{\"@id\":\"https:\\\/\\\/www.modula.eu\\\/fr\\\/#organization\"},\"potentialAction\":[{\"@type\":\"SearchAction\",\"target\":{\"@type\":\"EntryPoint\",\"urlTemplate\":\"https:\\\/\\\/www.modula.eu\\\/fr\\\/?s={search_term_string}\"},\"query-input\":{\"@type\":\"PropertyValueSpecification\",\"valueRequired\":true,\"valueName\":\"search_term_string\"}}],\"inLanguage\":\"fr-FR\"},{\"@type\":\"Organization\",\"@id\":\"https:\\\/\\\/www.modula.eu\\\/fr\\\/#organization\",\"name\":\"Modula\",\"url\":\"https:\\\/\\\/www.modula.eu\\\/fr\\\/\",\"logo\":{\"@type\":\"ImageObject\",\"inLanguage\":\"fr-FR\",\"@id\":\"https:\\\/\\\/www.modula.eu\\\/fr\\\/#\\\/schema\\\/logo\\\/image\\\/\",\"url\":\"https:\\\/\\\/www.modula.eu\\\/wp-content\\\/uploads\\\/2022\\\/12\\\/Modula-logo.jpg\",\"contentUrl\":\"https:\\\/\\\/www.modula.eu\\\/wp-content\\\/uploads\\\/2022\\\/12\\\/Modula-logo.jpg\",\"width\":759,\"height\":512,\"caption\":\"Modula\"},\"image\":{\"@id\":\"https:\\\/\\\/www.modula.eu\\\/fr\\\/#\\\/schema\\\/logo\\\/image\\\/\"}}]}<\/script>\n<!-- \/ Yoast SEO plugin. -->","yoast_head_json":{"title":"Facilit\u00e9 d'utilisation du WMS, Logiciel de Gestion Automatis\u00e9e d'Entrep\u00f4t| Modula","description":"Inspir\u00e9e des graphismes de nouvelle g\u00e9n\u00e9ration, l'interface utilisateur est d\u00e9velopp\u00e9e dans un environnement graphique couleur avec des ic\u00f4nes simples et intuitives pour une utilisation quotidienne facile par tous les op\u00e9rateurs.","robots":{"index":"index","follow":"follow","max-snippet":"max-snippet:-1","max-image-preview":"max-image-preview:large","max-video-preview":"max-video-preview:-1"},"canonical":"https:\/\/www.modula.eu\/fr\/avantages\/utilisation-simple\/","og_locale":"fr_FR","og_type":"article","og_title":"Facilit\u00e9 d'utilisation du WMS, Logiciel de Gestion Automatis\u00e9e d'Entrep\u00f4t| Modula","og_description":"Inspir\u00e9e des graphismes de nouvelle g\u00e9n\u00e9ration, l'interface utilisateur est d\u00e9velopp\u00e9e dans un environnement graphique couleur avec des ic\u00f4nes simples et intuitives pour une utilisation quotidienne facile par tous les op\u00e9rateurs.","og_url":"https:\/\/www.modula.eu\/fr\/avantages\/utilisation-simple\/","og_site_name":"Modula","article_modified_time":"2023-09-27T14:06:18+00:00","twitter_card":"summary_large_image","schema":{"@context":"https:\/\/schema.org","@graph":[{"@type":"WebPage","@id":"https:\/\/www.modula.eu\/fr\/avantages\/utilisation-simple\/","url":"https:\/\/www.modula.eu\/fr\/avantages\/utilisation-simple\/","name":"Facilit\u00e9 d'utilisation du WMS, Logiciel de Gestion Automatis\u00e9e d'Entrep\u00f4t| Modula","isPartOf":{"@id":"https:\/\/www.modula.eu\/fr\/#website"},"datePublished":"2022-10-10T10:02:50+00:00","dateModified":"2023-09-27T14:06:18+00:00","description":"Inspir\u00e9e des graphismes de nouvelle g\u00e9n\u00e9ration, l'interface utilisateur est d\u00e9velopp\u00e9e dans un environnement graphique couleur avec des ic\u00f4nes simples et intuitives pour une utilisation quotidienne facile par tous les op\u00e9rateurs.","breadcrumb":{"@id":"https:\/\/www.modula.eu\/fr\/avantages\/utilisation-simple\/#breadcrumb"},"inLanguage":"fr-FR","potentialAction":[{"@type":"ReadAction","target":["https:\/\/www.modula.eu\/fr\/avantages\/utilisation-simple\/"]}]},{"@type":"BreadcrumbList","@id":"https:\/\/www.modula.eu\/fr\/avantages\/utilisation-simple\/#breadcrumb","itemListElement":[{"@type":"ListItem","position":1,"name":"Home","item":"https:\/\/www.modula.eu\/fr\/"},{"@type":"ListItem","position":2,"name":"Avantages","item":"https:\/\/www.modula.eu\/fr\/avantages\/"},{"@type":"ListItem","position":3,"name":"Utilisation simple"}]},{"@type":"WebSite","@id":"https:\/\/www.modula.eu\/fr\/#website","url":"https:\/\/www.modula.eu\/fr\/","name":"Modula","description":"Think Vertical","publisher":{"@id":"https:\/\/www.modula.eu\/fr\/#organization"},"potentialAction":[{"@type":"SearchAction","target":{"@type":"EntryPoint","urlTemplate":"https:\/\/www.modula.eu\/fr\/?s={search_term_string}"},"query-input":{"@type":"PropertyValueSpecification","valueRequired":true,"valueName":"search_term_string"}}],"inLanguage":"fr-FR"},{"@type":"Organization","@id":"https:\/\/www.modula.eu\/fr\/#organization","name":"Modula","url":"https:\/\/www.modula.eu\/fr\/","logo":{"@type":"ImageObject","inLanguage":"fr-FR","@id":"https:\/\/www.modula.eu\/fr\/#\/schema\/logo\/image\/","url":"https:\/\/www.modula.eu\/wp-content\/uploads\/2022\/12\/Modula-logo.jpg","contentUrl":"https:\/\/www.modula.eu\/wp-content\/uploads\/2022\/12\/Modula-logo.jpg","width":759,"height":512,"caption":"Modula"},"image":{"@id":"https:\/\/www.modula.eu\/fr\/#\/schema\/logo\/image\/"}}]}},"_links":{"self":[{"href":"https:\/\/www.modula.eu\/fr\/wp-json\/wp\/v2\/pages\/7823","targetHints":{"allow":["GET"]}}],"collection":[{"href":"https:\/\/www.modula.eu\/fr\/wp-json\/wp\/v2\/pages"}],"about":[{"href":"https:\/\/www.modula.eu\/fr\/wp-json\/wp\/v2\/types\/page"}],"author":[{"embeddable":true,"href":"https:\/\/www.modula.eu\/fr\/wp-json\/wp\/v2\/users\/1"}],"replies":[{"embeddable":true,"href":"https:\/\/www.modula.eu\/fr\/wp-json\/wp\/v2\/comments?post=7823"}],"version-history":[{"count":0,"href":"https:\/\/www.modula.eu\/fr\/wp-json\/wp\/v2\/pages\/7823\/revisions"}],"up":[{"embeddable":true,"href":"https:\/\/www.modula.eu\/fr\/wp-json\/wp\/v2\/pages\/7787"}],"wp:attachment":[{"href":"https:\/\/www.modula.eu\/fr\/wp-json\/wp\/v2\/media?parent=7823"}],"curies":[{"name":"wp","href":"https:\/\/api.w.org\/{rel}","templated":true}]}}