{"id":7835,"date":"2022-06-21T13:26:04","date_gmt":"2022-06-21T11:26:04","guid":{"rendered":"https:\/\/www.modula.eu\/blog\/8-tipi-di-sprechi-da-eliminare-con-magazzino-verticale-automatico-modula\/"},"modified":"2024-09-23T15:12:35","modified_gmt":"2024-09-23T13:12:35","slug":"8-types-de-gaspillages-que-vous-pourriez-eliminer-en-adoptant-un-magasin-automatique-vertical-modula","status":"publish","type":"page","link":"https:\/\/www.modula.eu\/fr\/blog\/8-types-de-gaspillages-que-vous-pourriez-eliminer-en-adoptant-un-magasin-automatique-vertical-modula\/","title":{"rendered":"8 types de gaspillages que vous pourriez \u00e9liminer en adoptant un Magasin Automatique Vertical Modula"},"content":{"rendered":"","protected":false},"excerpt":{"rendered":"","protected":false},"author":1,"featured_media":0,"parent":7826,"menu_order":2,"comment_status":"closed","ping_status":"closed","template":"","meta":{"_acf_changed":false,"inline_featured_image":false,"mapsvg_location":"","footnotes":""},"class_list":["post-7835","page","type-page","status-publish","hentry"],"acf":[],"yoast_head":"<!-- This site is optimized with the Yoast SEO plugin v27.4 - https:\/\/yoast.com\/product\/yoast-seo-wordpress\/ -->\n<title>8 types de gaspillages que vous pourriez \u00e9liminer en adoptant un Magasin Automatique Vertical Modula | Modula<\/title>\n<meta name=\"description\" content=\"Am\u00e9liorer la gestion des stocks, augmenter la s\u00e9curit\u00e9 des entrep\u00f4ts, acc\u00e9l\u00e9rer les op\u00e9rations d&#039;inventaire\u2026 Tels et bien d&#039;autres sont les avantages des entrep\u00f4ts verticaux\" \/>\n<meta name=\"robots\" content=\"index, follow, max-snippet:-1, max-image-preview:large, max-video-preview:-1\" \/>\n<link rel=\"canonical\" href=\"https:\/\/www.modula.eu\/fr\/blog\/8-types-de-gaspillages-que-vous-pourriez-eliminer-en-adoptant-un-magasin-automatique-vertical-modula\/\" \/>\n<meta property=\"og:locale\" content=\"fr_FR\" \/>\n<meta property=\"og:type\" content=\"article\" \/>\n<meta property=\"og:title\" content=\"8 types de gaspillages que vous pourriez \u00e9liminer en adoptant un Magasin Automatique Vertical Modula | Modula\" \/>\n<meta property=\"og:description\" content=\"Am\u00e9liorer la gestion des stocks, augmenter la s\u00e9curit\u00e9 des entrep\u00f4ts, acc\u00e9l\u00e9rer les op\u00e9rations d&#039;inventaire\u2026 Tels et bien d&#039;autres sont les avantages des entrep\u00f4ts verticaux\" \/>\n<meta property=\"og:url\" content=\"https:\/\/www.modula.eu\/fr\/blog\/8-types-de-gaspillages-que-vous-pourriez-eliminer-en-adoptant-un-magasin-automatique-vertical-modula\/\" \/>\n<meta property=\"og:site_name\" content=\"Modula\" \/>\n<meta property=\"article:modified_time\" content=\"2024-09-23T13:12:35+00:00\" \/>\n<meta name=\"twitter:card\" content=\"summary_large_image\" \/>\n<script type=\"application\/ld+json\" class=\"yoast-schema-graph\">{\"@context\":\"https:\\\/\\\/schema.org\",\"@graph\":[{\"@type\":\"WebPage\",\"@id\":\"https:\\\/\\\/www.modula.eu\\\/fr\\\/blog\\\/8-types-de-gaspillages-que-vous-pourriez-eliminer-en-adoptant-un-magasin-automatique-vertical-modula\\\/\",\"url\":\"https:\\\/\\\/www.modula.eu\\\/fr\\\/blog\\\/8-types-de-gaspillages-que-vous-pourriez-eliminer-en-adoptant-un-magasin-automatique-vertical-modula\\\/\",\"name\":\"8 types de gaspillages que vous pourriez \u00e9liminer en adoptant un Magasin Automatique Vertical Modula | Modula\",\"isPartOf\":{\"@id\":\"https:\\\/\\\/www.modula.eu\\\/fr\\\/#website\"},\"datePublished\":\"2022-06-21T11:26:04+00:00\",\"dateModified\":\"2024-09-23T13:12:35+00:00\",\"description\":\"Am\u00e9liorer la gestion des stocks, augmenter la s\u00e9curit\u00e9 des entrep\u00f4ts, acc\u00e9l\u00e9rer les op\u00e9rations d'inventaire\u2026 Tels et bien d'autres sont les avantages des entrep\u00f4ts verticaux\",\"breadcrumb\":{\"@id\":\"https:\\\/\\\/www.modula.eu\\\/fr\\\/blog\\\/8-types-de-gaspillages-que-vous-pourriez-eliminer-en-adoptant-un-magasin-automatique-vertical-modula\\\/#breadcrumb\"},\"inLanguage\":\"fr-FR\",\"potentialAction\":[{\"@type\":\"ReadAction\",\"target\":[\"https:\\\/\\\/www.modula.eu\\\/fr\\\/blog\\\/8-types-de-gaspillages-que-vous-pourriez-eliminer-en-adoptant-un-magasin-automatique-vertical-modula\\\/\"]}]},{\"@type\":\"BreadcrumbList\",\"@id\":\"https:\\\/\\\/www.modula.eu\\\/fr\\\/blog\\\/8-types-de-gaspillages-que-vous-pourriez-eliminer-en-adoptant-un-magasin-automatique-vertical-modula\\\/#breadcrumb\",\"itemListElement\":[{\"@type\":\"ListItem\",\"position\":1,\"name\":\"Home\",\"item\":\"https:\\\/\\\/www.modula.eu\\\/fr\\\/\"},{\"@type\":\"ListItem\",\"position\":2,\"name\":\"Blog\",\"item\":\"https:\\\/\\\/www.modula.eu\\\/fr\\\/blog\\\/\"},{\"@type\":\"ListItem\",\"position\":3,\"name\":\"8 types de gaspillages que vous pourriez \u00e9liminer en adoptant un Magasin Automatique Vertical Modula\"}]},{\"@type\":\"WebSite\",\"@id\":\"https:\\\/\\\/www.modula.eu\\\/fr\\\/#website\",\"url\":\"https:\\\/\\\/www.modula.eu\\\/fr\\\/\",\"name\":\"Modula\",\"description\":\"Think Vertical\",\"publisher\":{\"@id\":\"https:\\\/\\\/www.modula.eu\\\/fr\\\/#organization\"},\"potentialAction\":[{\"@type\":\"SearchAction\",\"target\":{\"@type\":\"EntryPoint\",\"urlTemplate\":\"https:\\\/\\\/www.modula.eu\\\/fr\\\/?s={search_term_string}\"},\"query-input\":{\"@type\":\"PropertyValueSpecification\",\"valueRequired\":true,\"valueName\":\"search_term_string\"}}],\"inLanguage\":\"fr-FR\"},{\"@type\":\"Organization\",\"@id\":\"https:\\\/\\\/www.modula.eu\\\/fr\\\/#organization\",\"name\":\"Modula\",\"url\":\"https:\\\/\\\/www.modula.eu\\\/fr\\\/\",\"logo\":{\"@type\":\"ImageObject\",\"inLanguage\":\"fr-FR\",\"@id\":\"https:\\\/\\\/www.modula.eu\\\/fr\\\/#\\\/schema\\\/logo\\\/image\\\/\",\"url\":\"https:\\\/\\\/www.modula.eu\\\/wp-content\\\/uploads\\\/2022\\\/12\\\/Modula-logo.jpg\",\"contentUrl\":\"https:\\\/\\\/www.modula.eu\\\/wp-content\\\/uploads\\\/2022\\\/12\\\/Modula-logo.jpg\",\"width\":759,\"height\":512,\"caption\":\"Modula\"},\"image\":{\"@id\":\"https:\\\/\\\/www.modula.eu\\\/fr\\\/#\\\/schema\\\/logo\\\/image\\\/\"}}]}<\/script>\n<!-- \/ Yoast SEO plugin. -->","yoast_head_json":{"title":"8 types de gaspillages que vous pourriez \u00e9liminer en adoptant un Magasin Automatique Vertical Modula | Modula","description":"Am\u00e9liorer la gestion des stocks, augmenter la s\u00e9curit\u00e9 des entrep\u00f4ts, acc\u00e9l\u00e9rer les op\u00e9rations d'inventaire\u2026 Tels et bien d'autres sont les avantages des entrep\u00f4ts verticaux","robots":{"index":"index","follow":"follow","max-snippet":"max-snippet:-1","max-image-preview":"max-image-preview:large","max-video-preview":"max-video-preview:-1"},"canonical":"https:\/\/www.modula.eu\/fr\/blog\/8-types-de-gaspillages-que-vous-pourriez-eliminer-en-adoptant-un-magasin-automatique-vertical-modula\/","og_locale":"fr_FR","og_type":"article","og_title":"8 types de gaspillages que vous pourriez \u00e9liminer en adoptant un Magasin Automatique Vertical Modula | Modula","og_description":"Am\u00e9liorer la gestion des stocks, augmenter la s\u00e9curit\u00e9 des entrep\u00f4ts, acc\u00e9l\u00e9rer les op\u00e9rations d'inventaire\u2026 Tels et bien d'autres sont les avantages des entrep\u00f4ts verticaux","og_url":"https:\/\/www.modula.eu\/fr\/blog\/8-types-de-gaspillages-que-vous-pourriez-eliminer-en-adoptant-un-magasin-automatique-vertical-modula\/","og_site_name":"Modula","article_modified_time":"2024-09-23T13:12:35+00:00","twitter_card":"summary_large_image","schema":{"@context":"https:\/\/schema.org","@graph":[{"@type":"WebPage","@id":"https:\/\/www.modula.eu\/fr\/blog\/8-types-de-gaspillages-que-vous-pourriez-eliminer-en-adoptant-un-magasin-automatique-vertical-modula\/","url":"https:\/\/www.modula.eu\/fr\/blog\/8-types-de-gaspillages-que-vous-pourriez-eliminer-en-adoptant-un-magasin-automatique-vertical-modula\/","name":"8 types de gaspillages que vous pourriez \u00e9liminer en adoptant un Magasin Automatique Vertical Modula | Modula","isPartOf":{"@id":"https:\/\/www.modula.eu\/fr\/#website"},"datePublished":"2022-06-21T11:26:04+00:00","dateModified":"2024-09-23T13:12:35+00:00","description":"Am\u00e9liorer la gestion des stocks, augmenter la s\u00e9curit\u00e9 des entrep\u00f4ts, acc\u00e9l\u00e9rer les op\u00e9rations d'inventaire\u2026 Tels et bien d'autres sont les avantages des entrep\u00f4ts verticaux","breadcrumb":{"@id":"https:\/\/www.modula.eu\/fr\/blog\/8-types-de-gaspillages-que-vous-pourriez-eliminer-en-adoptant-un-magasin-automatique-vertical-modula\/#breadcrumb"},"inLanguage":"fr-FR","potentialAction":[{"@type":"ReadAction","target":["https:\/\/www.modula.eu\/fr\/blog\/8-types-de-gaspillages-que-vous-pourriez-eliminer-en-adoptant-un-magasin-automatique-vertical-modula\/"]}]},{"@type":"BreadcrumbList","@id":"https:\/\/www.modula.eu\/fr\/blog\/8-types-de-gaspillages-que-vous-pourriez-eliminer-en-adoptant-un-magasin-automatique-vertical-modula\/#breadcrumb","itemListElement":[{"@type":"ListItem","position":1,"name":"Home","item":"https:\/\/www.modula.eu\/fr\/"},{"@type":"ListItem","position":2,"name":"Blog","item":"https:\/\/www.modula.eu\/fr\/blog\/"},{"@type":"ListItem","position":3,"name":"8 types de gaspillages que vous pourriez \u00e9liminer en adoptant un Magasin Automatique Vertical Modula"}]},{"@type":"WebSite","@id":"https:\/\/www.modula.eu\/fr\/#website","url":"https:\/\/www.modula.eu\/fr\/","name":"Modula","description":"Think Vertical","publisher":{"@id":"https:\/\/www.modula.eu\/fr\/#organization"},"potentialAction":[{"@type":"SearchAction","target":{"@type":"EntryPoint","urlTemplate":"https:\/\/www.modula.eu\/fr\/?s={search_term_string}"},"query-input":{"@type":"PropertyValueSpecification","valueRequired":true,"valueName":"search_term_string"}}],"inLanguage":"fr-FR"},{"@type":"Organization","@id":"https:\/\/www.modula.eu\/fr\/#organization","name":"Modula","url":"https:\/\/www.modula.eu\/fr\/","logo":{"@type":"ImageObject","inLanguage":"fr-FR","@id":"https:\/\/www.modula.eu\/fr\/#\/schema\/logo\/image\/","url":"https:\/\/www.modula.eu\/wp-content\/uploads\/2022\/12\/Modula-logo.jpg","contentUrl":"https:\/\/www.modula.eu\/wp-content\/uploads\/2022\/12\/Modula-logo.jpg","width":759,"height":512,"caption":"Modula"},"image":{"@id":"https:\/\/www.modula.eu\/fr\/#\/schema\/logo\/image\/"}}]}},"_links":{"self":[{"href":"https:\/\/www.modula.eu\/fr\/wp-json\/wp\/v2\/pages\/7835","targetHints":{"allow":["GET"]}}],"collection":[{"href":"https:\/\/www.modula.eu\/fr\/wp-json\/wp\/v2\/pages"}],"about":[{"href":"https:\/\/www.modula.eu\/fr\/wp-json\/wp\/v2\/types\/page"}],"author":[{"embeddable":true,"href":"https:\/\/www.modula.eu\/fr\/wp-json\/wp\/v2\/users\/1"}],"replies":[{"embeddable":true,"href":"https:\/\/www.modula.eu\/fr\/wp-json\/wp\/v2\/comments?post=7835"}],"version-history":[{"count":0,"href":"https:\/\/www.modula.eu\/fr\/wp-json\/wp\/v2\/pages\/7835\/revisions"}],"up":[{"embeddable":true,"href":"https:\/\/www.modula.eu\/fr\/wp-json\/wp\/v2\/pages\/7826"}],"wp:attachment":[{"href":"https:\/\/www.modula.eu\/fr\/wp-json\/wp\/v2\/media?parent=7835"}],"curies":[{"name":"wp","href":"https:\/\/api.w.org\/{rel}","templated":true}]}}