{"id":7934,"date":"2022-06-16T13:42:22","date_gmt":"2022-06-16T11:42:22","guid":{"rendered":"https:\/\/www.modula.eu\/azienda\/"},"modified":"2026-04-24T16:16:02","modified_gmt":"2026-04-24T14:16:02","slug":"azienda","status":"publish","type":"page","link":"https:\/\/www.modula.eu\/fr\/societe\/","title":{"rendered":"Soci\u00e9t\u00e9"},"content":{"rendered":"","protected":false},"excerpt":{"rendered":"","protected":false},"author":1,"featured_media":0,"parent":0,"menu_order":16,"comment_status":"closed","ping_status":"closed","template":"","meta":{"_acf_changed":false,"inline_featured_image":false,"mapsvg_location":"","footnotes":""},"class_list":["post-7934","page","type-page","status-publish","hentry"],"acf":[],"yoast_head":"<!-- This site is optimized with the Yoast SEO plugin v27.4 - https:\/\/yoast.com\/product\/yoast-seo-wordpress\/ -->\n<title>Production d&#039;entrep\u00f4ts automatiques, automatisation et intralogistique | Modula<\/title>\n<meta name=\"description\" content=\"Modula est le nom de l\u2019entreprise italienne qui con\u00e7oit et fabrique des entrep\u00f4ts automatiques verticaux et horizontaux adapt\u00e9s \u00e0 tous les secteurs et \u00e0 tous les environnements industriels.\" \/>\n<meta name=\"robots\" content=\"index, follow, max-snippet:-1, max-image-preview:large, max-video-preview:-1\" \/>\n<link rel=\"canonical\" href=\"https:\/\/www.modula.eu\/fr\/societe\/\" \/>\n<meta property=\"og:locale\" content=\"fr_FR\" \/>\n<meta property=\"og:type\" content=\"article\" \/>\n<meta property=\"og:title\" content=\"Production d&#039;entrep\u00f4ts automatiques, automatisation et intralogistique | Modula\" \/>\n<meta property=\"og:description\" content=\"Modula est le nom de l\u2019entreprise italienne qui con\u00e7oit et fabrique des entrep\u00f4ts automatiques verticaux et horizontaux adapt\u00e9s \u00e0 tous les secteurs et \u00e0 tous les environnements industriels.\" \/>\n<meta property=\"og:url\" content=\"https:\/\/www.modula.eu\/fr\/societe\/\" \/>\n<meta property=\"og:site_name\" content=\"Modula\" \/>\n<meta property=\"article:modified_time\" content=\"2026-04-24T14:16:02+00:00\" \/>\n<meta name=\"twitter:card\" content=\"summary_large_image\" \/>\n<script type=\"application\/ld+json\" class=\"yoast-schema-graph\">{\"@context\":\"https:\\\/\\\/schema.org\",\"@graph\":[{\"@type\":\"WebPage\",\"@id\":\"https:\\\/\\\/www.modula.eu\\\/fr\\\/societe\\\/\",\"url\":\"https:\\\/\\\/www.modula.eu\\\/fr\\\/societe\\\/\",\"name\":\"Production d'entrep\u00f4ts automatiques, automatisation et intralogistique | Modula\",\"isPartOf\":{\"@id\":\"https:\\\/\\\/www.modula.eu\\\/fr\\\/#website\"},\"datePublished\":\"2022-06-16T11:42:22+00:00\",\"dateModified\":\"2026-04-24T14:16:02+00:00\",\"description\":\"Modula est le nom de l\u2019entreprise italienne qui con\u00e7oit et fabrique des entrep\u00f4ts automatiques verticaux et horizontaux adapt\u00e9s \u00e0 tous les secteurs et \u00e0 tous les environnements industriels.\",\"breadcrumb\":{\"@id\":\"https:\\\/\\\/www.modula.eu\\\/fr\\\/societe\\\/#breadcrumb\"},\"inLanguage\":\"fr-FR\",\"potentialAction\":[{\"@type\":\"ReadAction\",\"target\":[\"https:\\\/\\\/www.modula.eu\\\/fr\\\/societe\\\/\"]}]},{\"@type\":\"BreadcrumbList\",\"@id\":\"https:\\\/\\\/www.modula.eu\\\/fr\\\/societe\\\/#breadcrumb\",\"itemListElement\":[{\"@type\":\"ListItem\",\"position\":1,\"name\":\"Home\",\"item\":\"https:\\\/\\\/www.modula.eu\\\/fr\\\/\"},{\"@type\":\"ListItem\",\"position\":2,\"name\":\"Soci\u00e9t\u00e9\"}]},{\"@type\":\"WebSite\",\"@id\":\"https:\\\/\\\/www.modula.eu\\\/fr\\\/#website\",\"url\":\"https:\\\/\\\/www.modula.eu\\\/fr\\\/\",\"name\":\"Modula\",\"description\":\"Think Vertical\",\"publisher\":{\"@id\":\"https:\\\/\\\/www.modula.eu\\\/fr\\\/#organization\"},\"potentialAction\":[{\"@type\":\"SearchAction\",\"target\":{\"@type\":\"EntryPoint\",\"urlTemplate\":\"https:\\\/\\\/www.modula.eu\\\/fr\\\/?s={search_term_string}\"},\"query-input\":{\"@type\":\"PropertyValueSpecification\",\"valueRequired\":true,\"valueName\":\"search_term_string\"}}],\"inLanguage\":\"fr-FR\"},{\"@type\":\"Organization\",\"@id\":\"https:\\\/\\\/www.modula.eu\\\/fr\\\/#organization\",\"name\":\"Modula\",\"url\":\"https:\\\/\\\/www.modula.eu\\\/fr\\\/\",\"logo\":{\"@type\":\"ImageObject\",\"inLanguage\":\"fr-FR\",\"@id\":\"https:\\\/\\\/www.modula.eu\\\/fr\\\/#\\\/schema\\\/logo\\\/image\\\/\",\"url\":\"https:\\\/\\\/www.modula.eu\\\/wp-content\\\/uploads\\\/2022\\\/12\\\/Modula-logo.jpg\",\"contentUrl\":\"https:\\\/\\\/www.modula.eu\\\/wp-content\\\/uploads\\\/2022\\\/12\\\/Modula-logo.jpg\",\"width\":759,\"height\":512,\"caption\":\"Modula\"},\"image\":{\"@id\":\"https:\\\/\\\/www.modula.eu\\\/fr\\\/#\\\/schema\\\/logo\\\/image\\\/\"}}]}<\/script>\n<!-- \/ Yoast SEO plugin. -->","yoast_head_json":{"title":"Production d'entrep\u00f4ts automatiques, automatisation et intralogistique | Modula","description":"Modula est le nom de l\u2019entreprise italienne qui con\u00e7oit et fabrique des entrep\u00f4ts automatiques verticaux et horizontaux adapt\u00e9s \u00e0 tous les secteurs et \u00e0 tous les environnements industriels.","robots":{"index":"index","follow":"follow","max-snippet":"max-snippet:-1","max-image-preview":"max-image-preview:large","max-video-preview":"max-video-preview:-1"},"canonical":"https:\/\/www.modula.eu\/fr\/societe\/","og_locale":"fr_FR","og_type":"article","og_title":"Production d'entrep\u00f4ts automatiques, automatisation et intralogistique | Modula","og_description":"Modula est le nom de l\u2019entreprise italienne qui con\u00e7oit et fabrique des entrep\u00f4ts automatiques verticaux et horizontaux adapt\u00e9s \u00e0 tous les secteurs et \u00e0 tous les environnements industriels.","og_url":"https:\/\/www.modula.eu\/fr\/societe\/","og_site_name":"Modula","article_modified_time":"2026-04-24T14:16:02+00:00","twitter_card":"summary_large_image","schema":{"@context":"https:\/\/schema.org","@graph":[{"@type":"WebPage","@id":"https:\/\/www.modula.eu\/fr\/societe\/","url":"https:\/\/www.modula.eu\/fr\/societe\/","name":"Production d'entrep\u00f4ts automatiques, automatisation et intralogistique | Modula","isPartOf":{"@id":"https:\/\/www.modula.eu\/fr\/#website"},"datePublished":"2022-06-16T11:42:22+00:00","dateModified":"2026-04-24T14:16:02+00:00","description":"Modula est le nom de l\u2019entreprise italienne qui con\u00e7oit et fabrique des entrep\u00f4ts automatiques verticaux et horizontaux adapt\u00e9s \u00e0 tous les secteurs et \u00e0 tous les environnements industriels.","breadcrumb":{"@id":"https:\/\/www.modula.eu\/fr\/societe\/#breadcrumb"},"inLanguage":"fr-FR","potentialAction":[{"@type":"ReadAction","target":["https:\/\/www.modula.eu\/fr\/societe\/"]}]},{"@type":"BreadcrumbList","@id":"https:\/\/www.modula.eu\/fr\/societe\/#breadcrumb","itemListElement":[{"@type":"ListItem","position":1,"name":"Home","item":"https:\/\/www.modula.eu\/fr\/"},{"@type":"ListItem","position":2,"name":"Soci\u00e9t\u00e9"}]},{"@type":"WebSite","@id":"https:\/\/www.modula.eu\/fr\/#website","url":"https:\/\/www.modula.eu\/fr\/","name":"Modula","description":"Think Vertical","publisher":{"@id":"https:\/\/www.modula.eu\/fr\/#organization"},"potentialAction":[{"@type":"SearchAction","target":{"@type":"EntryPoint","urlTemplate":"https:\/\/www.modula.eu\/fr\/?s={search_term_string}"},"query-input":{"@type":"PropertyValueSpecification","valueRequired":true,"valueName":"search_term_string"}}],"inLanguage":"fr-FR"},{"@type":"Organization","@id":"https:\/\/www.modula.eu\/fr\/#organization","name":"Modula","url":"https:\/\/www.modula.eu\/fr\/","logo":{"@type":"ImageObject","inLanguage":"fr-FR","@id":"https:\/\/www.modula.eu\/fr\/#\/schema\/logo\/image\/","url":"https:\/\/www.modula.eu\/wp-content\/uploads\/2022\/12\/Modula-logo.jpg","contentUrl":"https:\/\/www.modula.eu\/wp-content\/uploads\/2022\/12\/Modula-logo.jpg","width":759,"height":512,"caption":"Modula"},"image":{"@id":"https:\/\/www.modula.eu\/fr\/#\/schema\/logo\/image\/"}}]}},"_links":{"self":[{"href":"https:\/\/www.modula.eu\/fr\/wp-json\/wp\/v2\/pages\/7934","targetHints":{"allow":["GET"]}}],"collection":[{"href":"https:\/\/www.modula.eu\/fr\/wp-json\/wp\/v2\/pages"}],"about":[{"href":"https:\/\/www.modula.eu\/fr\/wp-json\/wp\/v2\/types\/page"}],"author":[{"embeddable":true,"href":"https:\/\/www.modula.eu\/fr\/wp-json\/wp\/v2\/users\/1"}],"replies":[{"embeddable":true,"href":"https:\/\/www.modula.eu\/fr\/wp-json\/wp\/v2\/comments?post=7934"}],"version-history":[{"count":4,"href":"https:\/\/www.modula.eu\/fr\/wp-json\/wp\/v2\/pages\/7934\/revisions"}],"predecessor-version":[{"id":77701,"href":"https:\/\/www.modula.eu\/fr\/wp-json\/wp\/v2\/pages\/7934\/revisions\/77701"}],"wp:attachment":[{"href":"https:\/\/www.modula.eu\/fr\/wp-json\/wp\/v2\/media?parent=7934"}],"curies":[{"name":"wp","href":"https:\/\/api.w.org\/{rel}","templated":true}]}}