{"id":7946,"date":"2022-06-16T13:42:23","date_gmt":"2022-06-16T11:42:23","guid":{"rendered":"https:\/\/www.modula.eu\/azienda\/partner\/"},"modified":"2023-03-16T15:35:51","modified_gmt":"2023-03-16T14:35:51","slug":"partenaires","status":"publish","type":"page","link":"https:\/\/www.modula.eu\/fr\/societe\/partenaires\/","title":{"rendered":"Les partenaires de Modula"},"content":{"rendered":"","protected":false},"excerpt":{"rendered":"","protected":false},"author":1,"featured_media":0,"parent":7934,"menu_order":3,"comment_status":"closed","ping_status":"closed","template":"","meta":{"_acf_changed":false,"inline_featured_image":false,"mapsvg_location":"","footnotes":""},"class_list":["post-7946","page","type-page","status-publish","hentry"],"acf":[],"yoast_head":"<!-- This site is optimized with the Yoast SEO plugin v27.3 - https:\/\/yoast.com\/product\/yoast-seo-wordpress\/ -->\n<title>Les partenaires de Modula | Modula<\/title>\n<meta name=\"description\" content=\"En plus de nos revendeurs officiels distribu\u00e9s dans les diff\u00e9rents pays, il existe un r\u00e9seau de Partenaires Agr\u00e9\u00e9s\u00a0qui offrent et vendent Modula, en collaborant constamment avec nous au d\u00e9veloppement du march\u00e9 et de nouvelles solutions.\" \/>\n<meta name=\"robots\" content=\"index, follow, max-snippet:-1, max-image-preview:large, max-video-preview:-1\" \/>\n<link rel=\"canonical\" href=\"https:\/\/www.modula.eu\/fr\/societe\/partenaires\/\" \/>\n<meta property=\"og:locale\" content=\"fr_FR\" \/>\n<meta property=\"og:type\" content=\"article\" \/>\n<meta property=\"og:title\" content=\"Les partenaires de Modula | Modula\" \/>\n<meta property=\"og:description\" content=\"En plus de nos revendeurs officiels distribu\u00e9s dans les diff\u00e9rents pays, il existe un r\u00e9seau de Partenaires Agr\u00e9\u00e9s\u00a0qui offrent et vendent Modula, en collaborant constamment avec nous au d\u00e9veloppement du march\u00e9 et de nouvelles solutions.\" \/>\n<meta property=\"og:url\" content=\"https:\/\/www.modula.eu\/fr\/societe\/partenaires\/\" \/>\n<meta property=\"og:site_name\" content=\"Modula\" \/>\n<meta property=\"article:modified_time\" content=\"2023-03-16T14:35:51+00:00\" \/>\n<meta name=\"twitter:card\" content=\"summary_large_image\" \/>\n<script type=\"application\/ld+json\" class=\"yoast-schema-graph\">{\"@context\":\"https:\\\/\\\/schema.org\",\"@graph\":[{\"@type\":\"WebPage\",\"@id\":\"https:\\\/\\\/www.modula.eu\\\/fr\\\/societe\\\/partenaires\\\/\",\"url\":\"https:\\\/\\\/www.modula.eu\\\/fr\\\/societe\\\/partenaires\\\/\",\"name\":\"Les partenaires de Modula | Modula\",\"isPartOf\":{\"@id\":\"https:\\\/\\\/www.modula.eu\\\/fr\\\/#website\"},\"datePublished\":\"2022-06-16T11:42:23+00:00\",\"dateModified\":\"2023-03-16T14:35:51+00:00\",\"description\":\"En plus de nos revendeurs officiels distribu\u00e9s dans les diff\u00e9rents pays, il existe un r\u00e9seau de Partenaires Agr\u00e9\u00e9s\u00a0qui offrent et vendent Modula, en collaborant constamment avec nous au d\u00e9veloppement du march\u00e9 et de nouvelles solutions.\",\"breadcrumb\":{\"@id\":\"https:\\\/\\\/www.modula.eu\\\/fr\\\/societe\\\/partenaires\\\/#breadcrumb\"},\"inLanguage\":\"fr-FR\",\"potentialAction\":[{\"@type\":\"ReadAction\",\"target\":[\"https:\\\/\\\/www.modula.eu\\\/fr\\\/societe\\\/partenaires\\\/\"]}]},{\"@type\":\"BreadcrumbList\",\"@id\":\"https:\\\/\\\/www.modula.eu\\\/fr\\\/societe\\\/partenaires\\\/#breadcrumb\",\"itemListElement\":[{\"@type\":\"ListItem\",\"position\":1,\"name\":\"Home\",\"item\":\"https:\\\/\\\/www.modula.eu\\\/fr\\\/\"},{\"@type\":\"ListItem\",\"position\":2,\"name\":\"Soci\u00e9t\u00e9\",\"item\":\"https:\\\/\\\/www.modula.eu\\\/fr\\\/societe\\\/\"},{\"@type\":\"ListItem\",\"position\":3,\"name\":\"Les partenaires de Modula\"}]},{\"@type\":\"WebSite\",\"@id\":\"https:\\\/\\\/www.modula.eu\\\/fr\\\/#website\",\"url\":\"https:\\\/\\\/www.modula.eu\\\/fr\\\/\",\"name\":\"Modula\",\"description\":\"Think Vertical\",\"publisher\":{\"@id\":\"https:\\\/\\\/www.modula.eu\\\/fr\\\/#organization\"},\"potentialAction\":[{\"@type\":\"SearchAction\",\"target\":{\"@type\":\"EntryPoint\",\"urlTemplate\":\"https:\\\/\\\/www.modula.eu\\\/fr\\\/?s={search_term_string}\"},\"query-input\":{\"@type\":\"PropertyValueSpecification\",\"valueRequired\":true,\"valueName\":\"search_term_string\"}}],\"inLanguage\":\"fr-FR\"},{\"@type\":\"Organization\",\"@id\":\"https:\\\/\\\/www.modula.eu\\\/fr\\\/#organization\",\"name\":\"Modula\",\"url\":\"https:\\\/\\\/www.modula.eu\\\/fr\\\/\",\"logo\":{\"@type\":\"ImageObject\",\"inLanguage\":\"fr-FR\",\"@id\":\"https:\\\/\\\/www.modula.eu\\\/fr\\\/#\\\/schema\\\/logo\\\/image\\\/\",\"url\":\"https:\\\/\\\/www.modula.eu\\\/wp-content\\\/uploads\\\/2022\\\/12\\\/Modula-logo.jpg\",\"contentUrl\":\"https:\\\/\\\/www.modula.eu\\\/wp-content\\\/uploads\\\/2022\\\/12\\\/Modula-logo.jpg\",\"width\":759,\"height\":512,\"caption\":\"Modula\"},\"image\":{\"@id\":\"https:\\\/\\\/www.modula.eu\\\/fr\\\/#\\\/schema\\\/logo\\\/image\\\/\"}}]}<\/script>\n<!-- \/ Yoast SEO plugin. -->","yoast_head_json":{"title":"Les partenaires de Modula | Modula","description":"En plus de nos revendeurs officiels distribu\u00e9s dans les diff\u00e9rents pays, il existe un r\u00e9seau de Partenaires Agr\u00e9\u00e9s\u00a0qui offrent et vendent Modula, en collaborant constamment avec nous au d\u00e9veloppement du march\u00e9 et de nouvelles solutions.","robots":{"index":"index","follow":"follow","max-snippet":"max-snippet:-1","max-image-preview":"max-image-preview:large","max-video-preview":"max-video-preview:-1"},"canonical":"https:\/\/www.modula.eu\/fr\/societe\/partenaires\/","og_locale":"fr_FR","og_type":"article","og_title":"Les partenaires de Modula | Modula","og_description":"En plus de nos revendeurs officiels distribu\u00e9s dans les diff\u00e9rents pays, il existe un r\u00e9seau de Partenaires Agr\u00e9\u00e9s\u00a0qui offrent et vendent Modula, en collaborant constamment avec nous au d\u00e9veloppement du march\u00e9 et de nouvelles solutions.","og_url":"https:\/\/www.modula.eu\/fr\/societe\/partenaires\/","og_site_name":"Modula","article_modified_time":"2023-03-16T14:35:51+00:00","twitter_card":"summary_large_image","schema":{"@context":"https:\/\/schema.org","@graph":[{"@type":"WebPage","@id":"https:\/\/www.modula.eu\/fr\/societe\/partenaires\/","url":"https:\/\/www.modula.eu\/fr\/societe\/partenaires\/","name":"Les partenaires de Modula | Modula","isPartOf":{"@id":"https:\/\/www.modula.eu\/fr\/#website"},"datePublished":"2022-06-16T11:42:23+00:00","dateModified":"2023-03-16T14:35:51+00:00","description":"En plus de nos revendeurs officiels distribu\u00e9s dans les diff\u00e9rents pays, il existe un r\u00e9seau de Partenaires Agr\u00e9\u00e9s\u00a0qui offrent et vendent Modula, en collaborant constamment avec nous au d\u00e9veloppement du march\u00e9 et de nouvelles solutions.","breadcrumb":{"@id":"https:\/\/www.modula.eu\/fr\/societe\/partenaires\/#breadcrumb"},"inLanguage":"fr-FR","potentialAction":[{"@type":"ReadAction","target":["https:\/\/www.modula.eu\/fr\/societe\/partenaires\/"]}]},{"@type":"BreadcrumbList","@id":"https:\/\/www.modula.eu\/fr\/societe\/partenaires\/#breadcrumb","itemListElement":[{"@type":"ListItem","position":1,"name":"Home","item":"https:\/\/www.modula.eu\/fr\/"},{"@type":"ListItem","position":2,"name":"Soci\u00e9t\u00e9","item":"https:\/\/www.modula.eu\/fr\/societe\/"},{"@type":"ListItem","position":3,"name":"Les partenaires de Modula"}]},{"@type":"WebSite","@id":"https:\/\/www.modula.eu\/fr\/#website","url":"https:\/\/www.modula.eu\/fr\/","name":"Modula","description":"Think Vertical","publisher":{"@id":"https:\/\/www.modula.eu\/fr\/#organization"},"potentialAction":[{"@type":"SearchAction","target":{"@type":"EntryPoint","urlTemplate":"https:\/\/www.modula.eu\/fr\/?s={search_term_string}"},"query-input":{"@type":"PropertyValueSpecification","valueRequired":true,"valueName":"search_term_string"}}],"inLanguage":"fr-FR"},{"@type":"Organization","@id":"https:\/\/www.modula.eu\/fr\/#organization","name":"Modula","url":"https:\/\/www.modula.eu\/fr\/","logo":{"@type":"ImageObject","inLanguage":"fr-FR","@id":"https:\/\/www.modula.eu\/fr\/#\/schema\/logo\/image\/","url":"https:\/\/www.modula.eu\/wp-content\/uploads\/2022\/12\/Modula-logo.jpg","contentUrl":"https:\/\/www.modula.eu\/wp-content\/uploads\/2022\/12\/Modula-logo.jpg","width":759,"height":512,"caption":"Modula"},"image":{"@id":"https:\/\/www.modula.eu\/fr\/#\/schema\/logo\/image\/"}}]}},"_links":{"self":[{"href":"https:\/\/www.modula.eu\/fr\/wp-json\/wp\/v2\/pages\/7946","targetHints":{"allow":["GET"]}}],"collection":[{"href":"https:\/\/www.modula.eu\/fr\/wp-json\/wp\/v2\/pages"}],"about":[{"href":"https:\/\/www.modula.eu\/fr\/wp-json\/wp\/v2\/types\/page"}],"author":[{"embeddable":true,"href":"https:\/\/www.modula.eu\/fr\/wp-json\/wp\/v2\/users\/1"}],"replies":[{"embeddable":true,"href":"https:\/\/www.modula.eu\/fr\/wp-json\/wp\/v2\/comments?post=7946"}],"version-history":[{"count":0,"href":"https:\/\/www.modula.eu\/fr\/wp-json\/wp\/v2\/pages\/7946\/revisions"}],"up":[{"embeddable":true,"href":"https:\/\/www.modula.eu\/fr\/wp-json\/wp\/v2\/pages\/7934"}],"wp:attachment":[{"href":"https:\/\/www.modula.eu\/fr\/wp-json\/wp\/v2\/media?parent=7946"}],"curies":[{"name":"wp","href":"https:\/\/api.w.org\/{rel}","templated":true}]}}