{"id":7949,"date":"2022-06-17T12:18:27","date_gmt":"2022-06-17T10:18:27","guid":{"rendered":"https:\/\/www.modula.eu\/azienda\/come-lavoriamo\/"},"modified":"2026-02-09T17:52:22","modified_gmt":"2026-02-09T16:52:22","slug":"comment-travaillons-nous-old","status":"publish","type":"page","link":"https:\/\/www.modula.eu\/fr\/societe\/comment-travaillons-nous-old\/","title":{"rendered":"Comment travaillons-nous? old"},"content":{"rendered":"","protected":false},"excerpt":{"rendered":"","protected":false},"author":1,"featured_media":0,"parent":7934,"menu_order":4,"comment_status":"closed","ping_status":"closed","template":"","meta":{"_acf_changed":false,"inline_featured_image":false,"mapsvg_location":"","footnotes":""},"class_list":["post-7949","page","type-page","status-publish","hentry"],"acf":[],"yoast_head":"<!-- This site is optimized with the Yoast SEO plugin v27.4 - https:\/\/yoast.com\/product\/yoast-seo-wordpress\/ -->\n<title>Comment travaillons-nous ? | Modula<\/title>\n<meta name=\"description\" content=\"L\u2019\u00e9tablissement italien de Casalgrande est un exemple r\u00e9el\u00a0d\u2019usine num\u00e9rique\u00a0et de\u00a0lean manufacturing\u00a0dot\u00e9 de la \u00ab\u00a0production automatis\u00e9e en ligne\u00a0\u00bb pour assurer rapidit\u00e9, flexibilit\u00e9 et capacit\u00e9 de production.\" \/>\n<meta name=\"robots\" content=\"index, follow, max-snippet:-1, max-image-preview:large, max-video-preview:-1\" \/>\n<link rel=\"canonical\" href=\"https:\/\/www.modula.eu\/fr\/societe\/comment-travaillons-nous-old\/\" \/>\n<meta property=\"og:locale\" content=\"fr_FR\" \/>\n<meta property=\"og:type\" content=\"article\" \/>\n<meta property=\"og:title\" content=\"Comment travaillons-nous ? | Modula\" \/>\n<meta property=\"og:description\" content=\"L\u2019\u00e9tablissement italien de Casalgrande est un exemple r\u00e9el\u00a0d\u2019usine num\u00e9rique\u00a0et de\u00a0lean manufacturing\u00a0dot\u00e9 de la \u00ab\u00a0production automatis\u00e9e en ligne\u00a0\u00bb pour assurer rapidit\u00e9, flexibilit\u00e9 et capacit\u00e9 de production.\" \/>\n<meta property=\"og:url\" content=\"https:\/\/www.modula.eu\/fr\/societe\/comment-travaillons-nous-old\/\" \/>\n<meta property=\"og:site_name\" content=\"Modula\" \/>\n<meta property=\"article:modified_time\" content=\"2026-02-09T16:52:22+00:00\" \/>\n<meta name=\"twitter:card\" content=\"summary_large_image\" \/>\n<script type=\"application\/ld+json\" class=\"yoast-schema-graph\">{\"@context\":\"https:\\\/\\\/schema.org\",\"@graph\":[{\"@type\":\"WebPage\",\"@id\":\"https:\\\/\\\/www.modula.eu\\\/fr\\\/societe\\\/comment-travaillons-nous-old\\\/\",\"url\":\"https:\\\/\\\/www.modula.eu\\\/fr\\\/societe\\\/comment-travaillons-nous-old\\\/\",\"name\":\"Comment travaillons-nous ? | Modula\",\"isPartOf\":{\"@id\":\"https:\\\/\\\/www.modula.eu\\\/fr\\\/#website\"},\"datePublished\":\"2022-06-17T10:18:27+00:00\",\"dateModified\":\"2026-02-09T16:52:22+00:00\",\"description\":\"L\u2019\u00e9tablissement italien de Casalgrande est un exemple r\u00e9el\u00a0d\u2019usine num\u00e9rique\u00a0et de\u00a0lean manufacturing\u00a0dot\u00e9 de la \u00ab\u00a0production automatis\u00e9e en ligne\u00a0\u00bb pour assurer rapidit\u00e9, flexibilit\u00e9 et capacit\u00e9 de production.\",\"breadcrumb\":{\"@id\":\"https:\\\/\\\/www.modula.eu\\\/fr\\\/societe\\\/comment-travaillons-nous-old\\\/#breadcrumb\"},\"inLanguage\":\"fr-FR\",\"potentialAction\":[{\"@type\":\"ReadAction\",\"target\":[\"https:\\\/\\\/www.modula.eu\\\/fr\\\/societe\\\/comment-travaillons-nous-old\\\/\"]}]},{\"@type\":\"BreadcrumbList\",\"@id\":\"https:\\\/\\\/www.modula.eu\\\/fr\\\/societe\\\/comment-travaillons-nous-old\\\/#breadcrumb\",\"itemListElement\":[{\"@type\":\"ListItem\",\"position\":1,\"name\":\"Home\",\"item\":\"https:\\\/\\\/www.modula.eu\\\/fr\\\/\"},{\"@type\":\"ListItem\",\"position\":2,\"name\":\"Soci\u00e9t\u00e9\",\"item\":\"https:\\\/\\\/www.modula.eu\\\/fr\\\/societe\\\/\"},{\"@type\":\"ListItem\",\"position\":3,\"name\":\"Comment travaillons-nous? old\"}]},{\"@type\":\"WebSite\",\"@id\":\"https:\\\/\\\/www.modula.eu\\\/fr\\\/#website\",\"url\":\"https:\\\/\\\/www.modula.eu\\\/fr\\\/\",\"name\":\"Modula\",\"description\":\"Think Vertical\",\"publisher\":{\"@id\":\"https:\\\/\\\/www.modula.eu\\\/fr\\\/#organization\"},\"potentialAction\":[{\"@type\":\"SearchAction\",\"target\":{\"@type\":\"EntryPoint\",\"urlTemplate\":\"https:\\\/\\\/www.modula.eu\\\/fr\\\/?s={search_term_string}\"},\"query-input\":{\"@type\":\"PropertyValueSpecification\",\"valueRequired\":true,\"valueName\":\"search_term_string\"}}],\"inLanguage\":\"fr-FR\"},{\"@type\":\"Organization\",\"@id\":\"https:\\\/\\\/www.modula.eu\\\/fr\\\/#organization\",\"name\":\"Modula\",\"url\":\"https:\\\/\\\/www.modula.eu\\\/fr\\\/\",\"logo\":{\"@type\":\"ImageObject\",\"inLanguage\":\"fr-FR\",\"@id\":\"https:\\\/\\\/www.modula.eu\\\/fr\\\/#\\\/schema\\\/logo\\\/image\\\/\",\"url\":\"https:\\\/\\\/www.modula.eu\\\/wp-content\\\/uploads\\\/2022\\\/12\\\/Modula-logo.jpg\",\"contentUrl\":\"https:\\\/\\\/www.modula.eu\\\/wp-content\\\/uploads\\\/2022\\\/12\\\/Modula-logo.jpg\",\"width\":759,\"height\":512,\"caption\":\"Modula\"},\"image\":{\"@id\":\"https:\\\/\\\/www.modula.eu\\\/fr\\\/#\\\/schema\\\/logo\\\/image\\\/\"}}]}<\/script>\n<!-- \/ Yoast SEO plugin. -->","yoast_head_json":{"title":"Comment travaillons-nous ? | Modula","description":"L\u2019\u00e9tablissement italien de Casalgrande est un exemple r\u00e9el\u00a0d\u2019usine num\u00e9rique\u00a0et de\u00a0lean manufacturing\u00a0dot\u00e9 de la \u00ab\u00a0production automatis\u00e9e en ligne\u00a0\u00bb pour assurer rapidit\u00e9, flexibilit\u00e9 et capacit\u00e9 de production.","robots":{"index":"index","follow":"follow","max-snippet":"max-snippet:-1","max-image-preview":"max-image-preview:large","max-video-preview":"max-video-preview:-1"},"canonical":"https:\/\/www.modula.eu\/fr\/societe\/comment-travaillons-nous-old\/","og_locale":"fr_FR","og_type":"article","og_title":"Comment travaillons-nous ? | Modula","og_description":"L\u2019\u00e9tablissement italien de Casalgrande est un exemple r\u00e9el\u00a0d\u2019usine num\u00e9rique\u00a0et de\u00a0lean manufacturing\u00a0dot\u00e9 de la \u00ab\u00a0production automatis\u00e9e en ligne\u00a0\u00bb pour assurer rapidit\u00e9, flexibilit\u00e9 et capacit\u00e9 de production.","og_url":"https:\/\/www.modula.eu\/fr\/societe\/comment-travaillons-nous-old\/","og_site_name":"Modula","article_modified_time":"2026-02-09T16:52:22+00:00","twitter_card":"summary_large_image","schema":{"@context":"https:\/\/schema.org","@graph":[{"@type":"WebPage","@id":"https:\/\/www.modula.eu\/fr\/societe\/comment-travaillons-nous-old\/","url":"https:\/\/www.modula.eu\/fr\/societe\/comment-travaillons-nous-old\/","name":"Comment travaillons-nous ? | Modula","isPartOf":{"@id":"https:\/\/www.modula.eu\/fr\/#website"},"datePublished":"2022-06-17T10:18:27+00:00","dateModified":"2026-02-09T16:52:22+00:00","description":"L\u2019\u00e9tablissement italien de Casalgrande est un exemple r\u00e9el\u00a0d\u2019usine num\u00e9rique\u00a0et de\u00a0lean manufacturing\u00a0dot\u00e9 de la \u00ab\u00a0production automatis\u00e9e en ligne\u00a0\u00bb pour assurer rapidit\u00e9, flexibilit\u00e9 et capacit\u00e9 de production.","breadcrumb":{"@id":"https:\/\/www.modula.eu\/fr\/societe\/comment-travaillons-nous-old\/#breadcrumb"},"inLanguage":"fr-FR","potentialAction":[{"@type":"ReadAction","target":["https:\/\/www.modula.eu\/fr\/societe\/comment-travaillons-nous-old\/"]}]},{"@type":"BreadcrumbList","@id":"https:\/\/www.modula.eu\/fr\/societe\/comment-travaillons-nous-old\/#breadcrumb","itemListElement":[{"@type":"ListItem","position":1,"name":"Home","item":"https:\/\/www.modula.eu\/fr\/"},{"@type":"ListItem","position":2,"name":"Soci\u00e9t\u00e9","item":"https:\/\/www.modula.eu\/fr\/societe\/"},{"@type":"ListItem","position":3,"name":"Comment travaillons-nous? old"}]},{"@type":"WebSite","@id":"https:\/\/www.modula.eu\/fr\/#website","url":"https:\/\/www.modula.eu\/fr\/","name":"Modula","description":"Think Vertical","publisher":{"@id":"https:\/\/www.modula.eu\/fr\/#organization"},"potentialAction":[{"@type":"SearchAction","target":{"@type":"EntryPoint","urlTemplate":"https:\/\/www.modula.eu\/fr\/?s={search_term_string}"},"query-input":{"@type":"PropertyValueSpecification","valueRequired":true,"valueName":"search_term_string"}}],"inLanguage":"fr-FR"},{"@type":"Organization","@id":"https:\/\/www.modula.eu\/fr\/#organization","name":"Modula","url":"https:\/\/www.modula.eu\/fr\/","logo":{"@type":"ImageObject","inLanguage":"fr-FR","@id":"https:\/\/www.modula.eu\/fr\/#\/schema\/logo\/image\/","url":"https:\/\/www.modula.eu\/wp-content\/uploads\/2022\/12\/Modula-logo.jpg","contentUrl":"https:\/\/www.modula.eu\/wp-content\/uploads\/2022\/12\/Modula-logo.jpg","width":759,"height":512,"caption":"Modula"},"image":{"@id":"https:\/\/www.modula.eu\/fr\/#\/schema\/logo\/image\/"}}]}},"_links":{"self":[{"href":"https:\/\/www.modula.eu\/fr\/wp-json\/wp\/v2\/pages\/7949","targetHints":{"allow":["GET"]}}],"collection":[{"href":"https:\/\/www.modula.eu\/fr\/wp-json\/wp\/v2\/pages"}],"about":[{"href":"https:\/\/www.modula.eu\/fr\/wp-json\/wp\/v2\/types\/page"}],"author":[{"embeddable":true,"href":"https:\/\/www.modula.eu\/fr\/wp-json\/wp\/v2\/users\/1"}],"replies":[{"embeddable":true,"href":"https:\/\/www.modula.eu\/fr\/wp-json\/wp\/v2\/comments?post=7949"}],"version-history":[{"count":1,"href":"https:\/\/www.modula.eu\/fr\/wp-json\/wp\/v2\/pages\/7949\/revisions"}],"predecessor-version":[{"id":73411,"href":"https:\/\/www.modula.eu\/fr\/wp-json\/wp\/v2\/pages\/7949\/revisions\/73411"}],"up":[{"embeddable":true,"href":"https:\/\/www.modula.eu\/fr\/wp-json\/wp\/v2\/pages\/7934"}],"wp:attachment":[{"href":"https:\/\/www.modula.eu\/fr\/wp-json\/wp\/v2\/media?parent=7949"}],"curies":[{"name":"wp","href":"https:\/\/api.w.org\/{rel}","templated":true}]}}