{"id":8117,"date":"2022-10-10T12:02:50","date_gmt":"2022-10-10T10:02:50","guid":{"rendered":"https:\/\/www.modula.eu\/prodotti-2\/soluzioni-speciali\/modula-fire-fighting\/"},"modified":"2023-09-27T12:35:30","modified_gmt":"2023-09-27T10:35:30","slug":"modula-anti-incendie","status":"publish","type":"page","link":"https:\/\/www.modula.eu\/fr\/solutions-speciales\/modula-anti-incendie\/","title":{"rendered":"Modula Fire Fighting"},"content":{"rendered":"","protected":false},"excerpt":{"rendered":"","protected":false},"author":1,"featured_media":7047,"parent":8105,"menu_order":3,"comment_status":"closed","ping_status":"closed","template":"product-single.php","meta":{"_acf_changed":false,"inline_featured_image":false,"mapsvg_location":"","footnotes":""},"class_list":["post-8117","page","type-page","status-publish","has-post-thumbnail","hentry"],"acf":[],"yoast_head":"<!-- This site is optimized with the Yoast SEO plugin v27.4 - https:\/\/yoast.com\/product\/yoast-seo-wordpress\/ -->\n<title>Modula syst\u00e8me anti-incendie | Modula<\/title>\n<meta name=\"description\" content=\"Notre syst\u00e8me anti-incendie utilise un agent extincteur totalement non toxique constitu\u00e9 de particules solides tr\u00e8s fines (diam\u00e8tre inf\u00e9rieur \u00e0 10 microm\u00e8tres).\" \/>\n<meta name=\"robots\" content=\"index, follow, max-snippet:-1, max-image-preview:large, max-video-preview:-1\" \/>\n<link rel=\"canonical\" href=\"https:\/\/www.modula.eu\/fr\/solutions-speciales\/modula-anti-incendie\/\" \/>\n<meta property=\"og:locale\" content=\"fr_FR\" \/>\n<meta property=\"og:type\" content=\"article\" \/>\n<meta property=\"og:title\" content=\"Modula syst\u00e8me anti-incendie | Modula\" \/>\n<meta property=\"og:description\" content=\"Notre syst\u00e8me anti-incendie utilise un agent extincteur totalement non toxique constitu\u00e9 de particules solides tr\u00e8s fines (diam\u00e8tre inf\u00e9rieur \u00e0 10 microm\u00e8tres).\" \/>\n<meta property=\"og:url\" content=\"https:\/\/www.modula.eu\/fr\/solutions-speciales\/modula-anti-incendie\/\" \/>\n<meta property=\"og:site_name\" content=\"Modula\" \/>\n<meta property=\"article:modified_time\" content=\"2023-09-27T10:35:30+00:00\" \/>\n<meta property=\"og:image\" content=\"https:\/\/www.modula.eu\/wp-content\/uploads\/2022\/10\/antisismico-modula.jpg\" \/>\n\t<meta property=\"og:image:width\" content=\"885\" \/>\n\t<meta property=\"og:image:height\" content=\"1200\" \/>\n\t<meta property=\"og:image:type\" content=\"image\/jpeg\" \/>\n<meta name=\"twitter:card\" content=\"summary_large_image\" \/>\n<script type=\"application\/ld+json\" class=\"yoast-schema-graph\">{\"@context\":\"https:\\\/\\\/schema.org\",\"@graph\":[{\"@type\":\"WebPage\",\"@id\":\"https:\\\/\\\/www.modula.eu\\\/fr\\\/solutions-speciales\\\/modula-anti-incendie\\\/\",\"url\":\"https:\\\/\\\/www.modula.eu\\\/fr\\\/solutions-speciales\\\/modula-anti-incendie\\\/\",\"name\":\"Modula syst\u00e8me anti-incendie | Modula\",\"isPartOf\":{\"@id\":\"https:\\\/\\\/www.modula.eu\\\/fr\\\/#website\"},\"primaryImageOfPage\":{\"@id\":\"https:\\\/\\\/www.modula.eu\\\/fr\\\/solutions-speciales\\\/modula-anti-incendie\\\/#primaryimage\"},\"image\":{\"@id\":\"https:\\\/\\\/www.modula.eu\\\/fr\\\/solutions-speciales\\\/modula-anti-incendie\\\/#primaryimage\"},\"thumbnailUrl\":\"https:\\\/\\\/www.modula.eu\\\/wp-content\\\/uploads\\\/2022\\\/10\\\/antisismico-modula.jpg\",\"datePublished\":\"2022-10-10T10:02:50+00:00\",\"dateModified\":\"2023-09-27T10:35:30+00:00\",\"description\":\"Notre syst\u00e8me anti-incendie utilise un agent extincteur totalement non toxique constitu\u00e9 de particules solides tr\u00e8s fines (diam\u00e8tre inf\u00e9rieur \u00e0 10 microm\u00e8tres).\",\"breadcrumb\":{\"@id\":\"https:\\\/\\\/www.modula.eu\\\/fr\\\/solutions-speciales\\\/modula-anti-incendie\\\/#breadcrumb\"},\"inLanguage\":\"fr-FR\",\"potentialAction\":[{\"@type\":\"ReadAction\",\"target\":[\"https:\\\/\\\/www.modula.eu\\\/fr\\\/solutions-speciales\\\/modula-anti-incendie\\\/\"]}]},{\"@type\":\"ImageObject\",\"inLanguage\":\"fr-FR\",\"@id\":\"https:\\\/\\\/www.modula.eu\\\/fr\\\/solutions-speciales\\\/modula-anti-incendie\\\/#primaryimage\",\"url\":\"https:\\\/\\\/www.modula.eu\\\/wp-content\\\/uploads\\\/2022\\\/10\\\/antisismico-modula.jpg\",\"contentUrl\":\"https:\\\/\\\/www.modula.eu\\\/wp-content\\\/uploads\\\/2022\\\/10\\\/antisismico-modula.jpg\",\"width\":885,\"height\":1200},{\"@type\":\"BreadcrumbList\",\"@id\":\"https:\\\/\\\/www.modula.eu\\\/fr\\\/solutions-speciales\\\/modula-anti-incendie\\\/#breadcrumb\",\"itemListElement\":[{\"@type\":\"ListItem\",\"position\":1,\"name\":\"Home\",\"item\":\"https:\\\/\\\/www.modula.eu\\\/fr\\\/\"},{\"@type\":\"ListItem\",\"position\":2,\"name\":\"Produits\",\"item\":\"https:\\\/\\\/www.modula.eu\\\/fr\\\/produits-de-stockage-interne\\\/\"},{\"@type\":\"ListItem\",\"position\":3,\"name\":\"Solutions sp\u00e9ciales\",\"item\":\"https:\\\/\\\/www.modula.eu\\\/fr\\\/solutions-speciales\\\/\"},{\"@type\":\"ListItem\",\"position\":4,\"name\":\"Modula Fire Fighting\"}]},{\"@type\":\"WebSite\",\"@id\":\"https:\\\/\\\/www.modula.eu\\\/fr\\\/#website\",\"url\":\"https:\\\/\\\/www.modula.eu\\\/fr\\\/\",\"name\":\"Modula\",\"description\":\"Think Vertical\",\"publisher\":{\"@id\":\"https:\\\/\\\/www.modula.eu\\\/fr\\\/#organization\"},\"potentialAction\":[{\"@type\":\"SearchAction\",\"target\":{\"@type\":\"EntryPoint\",\"urlTemplate\":\"https:\\\/\\\/www.modula.eu\\\/fr\\\/?s={search_term_string}\"},\"query-input\":{\"@type\":\"PropertyValueSpecification\",\"valueRequired\":true,\"valueName\":\"search_term_string\"}}],\"inLanguage\":\"fr-FR\"},{\"@type\":\"Organization\",\"@id\":\"https:\\\/\\\/www.modula.eu\\\/fr\\\/#organization\",\"name\":\"Modula\",\"url\":\"https:\\\/\\\/www.modula.eu\\\/fr\\\/\",\"logo\":{\"@type\":\"ImageObject\",\"inLanguage\":\"fr-FR\",\"@id\":\"https:\\\/\\\/www.modula.eu\\\/fr\\\/#\\\/schema\\\/logo\\\/image\\\/\",\"url\":\"https:\\\/\\\/www.modula.eu\\\/wp-content\\\/uploads\\\/2022\\\/12\\\/Modula-logo.jpg\",\"contentUrl\":\"https:\\\/\\\/www.modula.eu\\\/wp-content\\\/uploads\\\/2022\\\/12\\\/Modula-logo.jpg\",\"width\":759,\"height\":512,\"caption\":\"Modula\"},\"image\":{\"@id\":\"https:\\\/\\\/www.modula.eu\\\/fr\\\/#\\\/schema\\\/logo\\\/image\\\/\"}}]}<\/script>\n<!-- \/ Yoast SEO plugin. -->","yoast_head_json":{"title":"Modula syst\u00e8me anti-incendie | Modula","description":"Notre syst\u00e8me anti-incendie utilise un agent extincteur totalement non toxique constitu\u00e9 de particules solides tr\u00e8s fines (diam\u00e8tre inf\u00e9rieur \u00e0 10 microm\u00e8tres).","robots":{"index":"index","follow":"follow","max-snippet":"max-snippet:-1","max-image-preview":"max-image-preview:large","max-video-preview":"max-video-preview:-1"},"canonical":"https:\/\/www.modula.eu\/fr\/solutions-speciales\/modula-anti-incendie\/","og_locale":"fr_FR","og_type":"article","og_title":"Modula syst\u00e8me anti-incendie | Modula","og_description":"Notre syst\u00e8me anti-incendie utilise un agent extincteur totalement non toxique constitu\u00e9 de particules solides tr\u00e8s fines (diam\u00e8tre inf\u00e9rieur \u00e0 10 microm\u00e8tres).","og_url":"https:\/\/www.modula.eu\/fr\/solutions-speciales\/modula-anti-incendie\/","og_site_name":"Modula","article_modified_time":"2023-09-27T10:35:30+00:00","og_image":[{"width":885,"height":1200,"url":"https:\/\/www.modula.eu\/wp-content\/uploads\/2022\/10\/antisismico-modula.jpg","type":"image\/jpeg"}],"twitter_card":"summary_large_image","schema":{"@context":"https:\/\/schema.org","@graph":[{"@type":"WebPage","@id":"https:\/\/www.modula.eu\/fr\/solutions-speciales\/modula-anti-incendie\/","url":"https:\/\/www.modula.eu\/fr\/solutions-speciales\/modula-anti-incendie\/","name":"Modula syst\u00e8me anti-incendie | Modula","isPartOf":{"@id":"https:\/\/www.modula.eu\/fr\/#website"},"primaryImageOfPage":{"@id":"https:\/\/www.modula.eu\/fr\/solutions-speciales\/modula-anti-incendie\/#primaryimage"},"image":{"@id":"https:\/\/www.modula.eu\/fr\/solutions-speciales\/modula-anti-incendie\/#primaryimage"},"thumbnailUrl":"https:\/\/www.modula.eu\/wp-content\/uploads\/2022\/10\/antisismico-modula.jpg","datePublished":"2022-10-10T10:02:50+00:00","dateModified":"2023-09-27T10:35:30+00:00","description":"Notre syst\u00e8me anti-incendie utilise un agent extincteur totalement non toxique constitu\u00e9 de particules solides tr\u00e8s fines (diam\u00e8tre inf\u00e9rieur \u00e0 10 microm\u00e8tres).","breadcrumb":{"@id":"https:\/\/www.modula.eu\/fr\/solutions-speciales\/modula-anti-incendie\/#breadcrumb"},"inLanguage":"fr-FR","potentialAction":[{"@type":"ReadAction","target":["https:\/\/www.modula.eu\/fr\/solutions-speciales\/modula-anti-incendie\/"]}]},{"@type":"ImageObject","inLanguage":"fr-FR","@id":"https:\/\/www.modula.eu\/fr\/solutions-speciales\/modula-anti-incendie\/#primaryimage","url":"https:\/\/www.modula.eu\/wp-content\/uploads\/2022\/10\/antisismico-modula.jpg","contentUrl":"https:\/\/www.modula.eu\/wp-content\/uploads\/2022\/10\/antisismico-modula.jpg","width":885,"height":1200},{"@type":"BreadcrumbList","@id":"https:\/\/www.modula.eu\/fr\/solutions-speciales\/modula-anti-incendie\/#breadcrumb","itemListElement":[{"@type":"ListItem","position":1,"name":"Home","item":"https:\/\/www.modula.eu\/fr\/"},{"@type":"ListItem","position":2,"name":"Produits","item":"https:\/\/www.modula.eu\/fr\/produits-de-stockage-interne\/"},{"@type":"ListItem","position":3,"name":"Solutions sp\u00e9ciales","item":"https:\/\/www.modula.eu\/fr\/solutions-speciales\/"},{"@type":"ListItem","position":4,"name":"Modula Fire Fighting"}]},{"@type":"WebSite","@id":"https:\/\/www.modula.eu\/fr\/#website","url":"https:\/\/www.modula.eu\/fr\/","name":"Modula","description":"Think Vertical","publisher":{"@id":"https:\/\/www.modula.eu\/fr\/#organization"},"potentialAction":[{"@type":"SearchAction","target":{"@type":"EntryPoint","urlTemplate":"https:\/\/www.modula.eu\/fr\/?s={search_term_string}"},"query-input":{"@type":"PropertyValueSpecification","valueRequired":true,"valueName":"search_term_string"}}],"inLanguage":"fr-FR"},{"@type":"Organization","@id":"https:\/\/www.modula.eu\/fr\/#organization","name":"Modula","url":"https:\/\/www.modula.eu\/fr\/","logo":{"@type":"ImageObject","inLanguage":"fr-FR","@id":"https:\/\/www.modula.eu\/fr\/#\/schema\/logo\/image\/","url":"https:\/\/www.modula.eu\/wp-content\/uploads\/2022\/12\/Modula-logo.jpg","contentUrl":"https:\/\/www.modula.eu\/wp-content\/uploads\/2022\/12\/Modula-logo.jpg","width":759,"height":512,"caption":"Modula"},"image":{"@id":"https:\/\/www.modula.eu\/fr\/#\/schema\/logo\/image\/"}}]}},"_links":{"self":[{"href":"https:\/\/www.modula.eu\/fr\/wp-json\/wp\/v2\/pages\/8117","targetHints":{"allow":["GET"]}}],"collection":[{"href":"https:\/\/www.modula.eu\/fr\/wp-json\/wp\/v2\/pages"}],"about":[{"href":"https:\/\/www.modula.eu\/fr\/wp-json\/wp\/v2\/types\/page"}],"author":[{"embeddable":true,"href":"https:\/\/www.modula.eu\/fr\/wp-json\/wp\/v2\/users\/1"}],"replies":[{"embeddable":true,"href":"https:\/\/www.modula.eu\/fr\/wp-json\/wp\/v2\/comments?post=8117"}],"version-history":[{"count":0,"href":"https:\/\/www.modula.eu\/fr\/wp-json\/wp\/v2\/pages\/8117\/revisions"}],"up":[{"embeddable":true,"href":"https:\/\/www.modula.eu\/fr\/wp-json\/wp\/v2\/pages\/8105"}],"wp:featuredmedia":[{"embeddable":true,"href":"https:\/\/www.modula.eu\/fr\/wp-json\/wp\/v2\/media\/7047"}],"wp:attachment":[{"href":"https:\/\/www.modula.eu\/fr\/wp-json\/wp\/v2\/media?parent=8117"}],"curies":[{"name":"wp","href":"https:\/\/api.w.org\/{rel}","templated":true}]}}