{"id":8142,"date":"2022-06-17T12:16:47","date_gmt":"2022-06-17T10:16:47","guid":{"rendered":"https:\/\/www.modula.eu\/accessori\/autenticazione-utente\/"},"modified":"2023-09-27T16:26:17","modified_gmt":"2023-09-27T14:26:17","slug":"authentification-des-utilisateurs","status":"publish","type":"page","link":"https:\/\/www.modula.eu\/fr\/accessoires\/authentification-des-utilisateurs\/","title":{"rendered":"Dispositifs d\u2019authentification des utilisateurs"},"content":{"rendered":"","protected":false},"excerpt":{"rendered":"","protected":false},"author":1,"featured_media":8006,"parent":8124,"menu_order":1,"comment_status":"closed","ping_status":"closed","template":"product-category.php","meta":{"_acf_changed":false,"inline_featured_image":false,"mapsvg_location":"","footnotes":""},"class_list":["post-8142","page","type-page","status-publish","has-post-thumbnail","hentry"],"acf":[],"yoast_head":"<!-- This site is optimized with the Yoast SEO plugin v27.4 - https:\/\/yoast.com\/product\/yoast-seo-wordpress\/ -->\n<title>Authentification de l&#039;utilisateur: lecteur de cartes magn\u00e9tiques, lecteur EKS, RFID | Modula<\/title>\n<meta name=\"description\" content=\"Ces dispositifs prot\u00e8gent le mat\u00e9riel stock\u00e9 de mains indiscr\u00e8tes. Gr\u00e2ce \u00e0 Modula, il sera suffisant de limiter les acc\u00e8s \u00e0 l&#039;int\u00e9rieur du magasin ou \u00e0 chaque tiroir en utilisant l&#039;identification de l&#039;utilisateur.\" \/>\n<meta name=\"robots\" content=\"index, follow, max-snippet:-1, max-image-preview:large, max-video-preview:-1\" \/>\n<link rel=\"canonical\" href=\"https:\/\/www.modula.eu\/fr\/accessoires\/authentification-des-utilisateurs\/\" \/>\n<meta property=\"og:locale\" content=\"fr_FR\" \/>\n<meta property=\"og:type\" content=\"article\" \/>\n<meta property=\"og:title\" content=\"Authentification de l&#039;utilisateur: lecteur de cartes magn\u00e9tiques, lecteur EKS, RFID | Modula\" \/>\n<meta property=\"og:description\" content=\"Ces dispositifs prot\u00e8gent le mat\u00e9riel stock\u00e9 de mains indiscr\u00e8tes. Gr\u00e2ce \u00e0 Modula, il sera suffisant de limiter les acc\u00e8s \u00e0 l&#039;int\u00e9rieur du magasin ou \u00e0 chaque tiroir en utilisant l&#039;identification de l&#039;utilisateur.\" \/>\n<meta property=\"og:url\" content=\"https:\/\/www.modula.eu\/fr\/accessoires\/authentification-des-utilisateurs\/\" \/>\n<meta property=\"og:site_name\" content=\"Modula\" \/>\n<meta property=\"article:modified_time\" content=\"2023-09-27T14:26:17+00:00\" \/>\n<meta property=\"og:image\" content=\"https:\/\/www.modula.eu\/wp-content\/uploads\/2022\/10\/utente.jpg\" \/>\n\t<meta property=\"og:image:width\" content=\"800\" \/>\n\t<meta property=\"og:image:height\" content=\"600\" \/>\n\t<meta property=\"og:image:type\" content=\"image\/jpeg\" \/>\n<meta name=\"twitter:card\" content=\"summary_large_image\" \/>\n<script type=\"application\/ld+json\" class=\"yoast-schema-graph\">{\"@context\":\"https:\\\/\\\/schema.org\",\"@graph\":[{\"@type\":\"WebPage\",\"@id\":\"https:\\\/\\\/www.modula.eu\\\/fr\\\/accessoires\\\/authentification-des-utilisateurs\\\/\",\"url\":\"https:\\\/\\\/www.modula.eu\\\/fr\\\/accessoires\\\/authentification-des-utilisateurs\\\/\",\"name\":\"Authentification de l'utilisateur: lecteur de cartes magn\u00e9tiques, lecteur EKS, RFID | Modula\",\"isPartOf\":{\"@id\":\"https:\\\/\\\/www.modula.eu\\\/fr\\\/#website\"},\"primaryImageOfPage\":{\"@id\":\"https:\\\/\\\/www.modula.eu\\\/fr\\\/accessoires\\\/authentification-des-utilisateurs\\\/#primaryimage\"},\"image\":{\"@id\":\"https:\\\/\\\/www.modula.eu\\\/fr\\\/accessoires\\\/authentification-des-utilisateurs\\\/#primaryimage\"},\"thumbnailUrl\":\"https:\\\/\\\/www.modula.eu\\\/wp-content\\\/uploads\\\/2022\\\/10\\\/utente.jpg\",\"datePublished\":\"2022-06-17T10:16:47+00:00\",\"dateModified\":\"2023-09-27T14:26:17+00:00\",\"description\":\"Ces dispositifs prot\u00e8gent le mat\u00e9riel stock\u00e9 de mains indiscr\u00e8tes. Gr\u00e2ce \u00e0 Modula, il sera suffisant de limiter les acc\u00e8s \u00e0 l'int\u00e9rieur du magasin ou \u00e0 chaque tiroir en utilisant l'identification de l'utilisateur.\",\"breadcrumb\":{\"@id\":\"https:\\\/\\\/www.modula.eu\\\/fr\\\/accessoires\\\/authentification-des-utilisateurs\\\/#breadcrumb\"},\"inLanguage\":\"fr-FR\",\"potentialAction\":[{\"@type\":\"ReadAction\",\"target\":[\"https:\\\/\\\/www.modula.eu\\\/fr\\\/accessoires\\\/authentification-des-utilisateurs\\\/\"]}]},{\"@type\":\"ImageObject\",\"inLanguage\":\"fr-FR\",\"@id\":\"https:\\\/\\\/www.modula.eu\\\/fr\\\/accessoires\\\/authentification-des-utilisateurs\\\/#primaryimage\",\"url\":\"https:\\\/\\\/www.modula.eu\\\/wp-content\\\/uploads\\\/2022\\\/10\\\/utente.jpg\",\"contentUrl\":\"https:\\\/\\\/www.modula.eu\\\/wp-content\\\/uploads\\\/2022\\\/10\\\/utente.jpg\",\"width\":800,\"height\":600},{\"@type\":\"BreadcrumbList\",\"@id\":\"https:\\\/\\\/www.modula.eu\\\/fr\\\/accessoires\\\/authentification-des-utilisateurs\\\/#breadcrumb\",\"itemListElement\":[{\"@type\":\"ListItem\",\"position\":1,\"name\":\"Home\",\"item\":\"https:\\\/\\\/www.modula.eu\\\/fr\\\/\"},{\"@type\":\"ListItem\",\"position\":2,\"name\":\"Accessoires\",\"item\":\"https:\\\/\\\/www.modula.eu\\\/fr\\\/accessoires\\\/\"},{\"@type\":\"ListItem\",\"position\":3,\"name\":\"Dispositifs d\u2019authentification des utilisateurs\"}]},{\"@type\":\"WebSite\",\"@id\":\"https:\\\/\\\/www.modula.eu\\\/fr\\\/#website\",\"url\":\"https:\\\/\\\/www.modula.eu\\\/fr\\\/\",\"name\":\"Modula\",\"description\":\"Think Vertical\",\"publisher\":{\"@id\":\"https:\\\/\\\/www.modula.eu\\\/fr\\\/#organization\"},\"potentialAction\":[{\"@type\":\"SearchAction\",\"target\":{\"@type\":\"EntryPoint\",\"urlTemplate\":\"https:\\\/\\\/www.modula.eu\\\/fr\\\/?s={search_term_string}\"},\"query-input\":{\"@type\":\"PropertyValueSpecification\",\"valueRequired\":true,\"valueName\":\"search_term_string\"}}],\"inLanguage\":\"fr-FR\"},{\"@type\":\"Organization\",\"@id\":\"https:\\\/\\\/www.modula.eu\\\/fr\\\/#organization\",\"name\":\"Modula\",\"url\":\"https:\\\/\\\/www.modula.eu\\\/fr\\\/\",\"logo\":{\"@type\":\"ImageObject\",\"inLanguage\":\"fr-FR\",\"@id\":\"https:\\\/\\\/www.modula.eu\\\/fr\\\/#\\\/schema\\\/logo\\\/image\\\/\",\"url\":\"https:\\\/\\\/www.modula.eu\\\/wp-content\\\/uploads\\\/2022\\\/12\\\/Modula-logo.jpg\",\"contentUrl\":\"https:\\\/\\\/www.modula.eu\\\/wp-content\\\/uploads\\\/2022\\\/12\\\/Modula-logo.jpg\",\"width\":759,\"height\":512,\"caption\":\"Modula\"},\"image\":{\"@id\":\"https:\\\/\\\/www.modula.eu\\\/fr\\\/#\\\/schema\\\/logo\\\/image\\\/\"}}]}<\/script>\n<!-- \/ Yoast SEO plugin. -->","yoast_head_json":{"title":"Authentification de l'utilisateur: lecteur de cartes magn\u00e9tiques, lecteur EKS, RFID | Modula","description":"Ces dispositifs prot\u00e8gent le mat\u00e9riel stock\u00e9 de mains indiscr\u00e8tes. Gr\u00e2ce \u00e0 Modula, il sera suffisant de limiter les acc\u00e8s \u00e0 l'int\u00e9rieur du magasin ou \u00e0 chaque tiroir en utilisant l'identification de l'utilisateur.","robots":{"index":"index","follow":"follow","max-snippet":"max-snippet:-1","max-image-preview":"max-image-preview:large","max-video-preview":"max-video-preview:-1"},"canonical":"https:\/\/www.modula.eu\/fr\/accessoires\/authentification-des-utilisateurs\/","og_locale":"fr_FR","og_type":"article","og_title":"Authentification de l'utilisateur: lecteur de cartes magn\u00e9tiques, lecteur EKS, RFID | Modula","og_description":"Ces dispositifs prot\u00e8gent le mat\u00e9riel stock\u00e9 de mains indiscr\u00e8tes. Gr\u00e2ce \u00e0 Modula, il sera suffisant de limiter les acc\u00e8s \u00e0 l'int\u00e9rieur du magasin ou \u00e0 chaque tiroir en utilisant l'identification de l'utilisateur.","og_url":"https:\/\/www.modula.eu\/fr\/accessoires\/authentification-des-utilisateurs\/","og_site_name":"Modula","article_modified_time":"2023-09-27T14:26:17+00:00","og_image":[{"width":800,"height":600,"url":"https:\/\/www.modula.eu\/wp-content\/uploads\/2022\/10\/utente.jpg","type":"image\/jpeg"}],"twitter_card":"summary_large_image","schema":{"@context":"https:\/\/schema.org","@graph":[{"@type":"WebPage","@id":"https:\/\/www.modula.eu\/fr\/accessoires\/authentification-des-utilisateurs\/","url":"https:\/\/www.modula.eu\/fr\/accessoires\/authentification-des-utilisateurs\/","name":"Authentification de l'utilisateur: lecteur de cartes magn\u00e9tiques, lecteur EKS, RFID | Modula","isPartOf":{"@id":"https:\/\/www.modula.eu\/fr\/#website"},"primaryImageOfPage":{"@id":"https:\/\/www.modula.eu\/fr\/accessoires\/authentification-des-utilisateurs\/#primaryimage"},"image":{"@id":"https:\/\/www.modula.eu\/fr\/accessoires\/authentification-des-utilisateurs\/#primaryimage"},"thumbnailUrl":"https:\/\/www.modula.eu\/wp-content\/uploads\/2022\/10\/utente.jpg","datePublished":"2022-06-17T10:16:47+00:00","dateModified":"2023-09-27T14:26:17+00:00","description":"Ces dispositifs prot\u00e8gent le mat\u00e9riel stock\u00e9 de mains indiscr\u00e8tes. Gr\u00e2ce \u00e0 Modula, il sera suffisant de limiter les acc\u00e8s \u00e0 l'int\u00e9rieur du magasin ou \u00e0 chaque tiroir en utilisant l'identification de l'utilisateur.","breadcrumb":{"@id":"https:\/\/www.modula.eu\/fr\/accessoires\/authentification-des-utilisateurs\/#breadcrumb"},"inLanguage":"fr-FR","potentialAction":[{"@type":"ReadAction","target":["https:\/\/www.modula.eu\/fr\/accessoires\/authentification-des-utilisateurs\/"]}]},{"@type":"ImageObject","inLanguage":"fr-FR","@id":"https:\/\/www.modula.eu\/fr\/accessoires\/authentification-des-utilisateurs\/#primaryimage","url":"https:\/\/www.modula.eu\/wp-content\/uploads\/2022\/10\/utente.jpg","contentUrl":"https:\/\/www.modula.eu\/wp-content\/uploads\/2022\/10\/utente.jpg","width":800,"height":600},{"@type":"BreadcrumbList","@id":"https:\/\/www.modula.eu\/fr\/accessoires\/authentification-des-utilisateurs\/#breadcrumb","itemListElement":[{"@type":"ListItem","position":1,"name":"Home","item":"https:\/\/www.modula.eu\/fr\/"},{"@type":"ListItem","position":2,"name":"Accessoires","item":"https:\/\/www.modula.eu\/fr\/accessoires\/"},{"@type":"ListItem","position":3,"name":"Dispositifs d\u2019authentification des utilisateurs"}]},{"@type":"WebSite","@id":"https:\/\/www.modula.eu\/fr\/#website","url":"https:\/\/www.modula.eu\/fr\/","name":"Modula","description":"Think Vertical","publisher":{"@id":"https:\/\/www.modula.eu\/fr\/#organization"},"potentialAction":[{"@type":"SearchAction","target":{"@type":"EntryPoint","urlTemplate":"https:\/\/www.modula.eu\/fr\/?s={search_term_string}"},"query-input":{"@type":"PropertyValueSpecification","valueRequired":true,"valueName":"search_term_string"}}],"inLanguage":"fr-FR"},{"@type":"Organization","@id":"https:\/\/www.modula.eu\/fr\/#organization","name":"Modula","url":"https:\/\/www.modula.eu\/fr\/","logo":{"@type":"ImageObject","inLanguage":"fr-FR","@id":"https:\/\/www.modula.eu\/fr\/#\/schema\/logo\/image\/","url":"https:\/\/www.modula.eu\/wp-content\/uploads\/2022\/12\/Modula-logo.jpg","contentUrl":"https:\/\/www.modula.eu\/wp-content\/uploads\/2022\/12\/Modula-logo.jpg","width":759,"height":512,"caption":"Modula"},"image":{"@id":"https:\/\/www.modula.eu\/fr\/#\/schema\/logo\/image\/"}}]}},"_links":{"self":[{"href":"https:\/\/www.modula.eu\/fr\/wp-json\/wp\/v2\/pages\/8142","targetHints":{"allow":["GET"]}}],"collection":[{"href":"https:\/\/www.modula.eu\/fr\/wp-json\/wp\/v2\/pages"}],"about":[{"href":"https:\/\/www.modula.eu\/fr\/wp-json\/wp\/v2\/types\/page"}],"author":[{"embeddable":true,"href":"https:\/\/www.modula.eu\/fr\/wp-json\/wp\/v2\/users\/1"}],"replies":[{"embeddable":true,"href":"https:\/\/www.modula.eu\/fr\/wp-json\/wp\/v2\/comments?post=8142"}],"version-history":[{"count":0,"href":"https:\/\/www.modula.eu\/fr\/wp-json\/wp\/v2\/pages\/8142\/revisions"}],"up":[{"embeddable":true,"href":"https:\/\/www.modula.eu\/fr\/wp-json\/wp\/v2\/pages\/8124"}],"wp:featuredmedia":[{"embeddable":true,"href":"https:\/\/www.modula.eu\/fr\/wp-json\/wp\/v2\/media\/8006"}],"wp:attachment":[{"href":"https:\/\/www.modula.eu\/fr\/wp-json\/wp\/v2\/media?parent=8142"}],"curies":[{"name":"wp","href":"https:\/\/api.w.org\/{rel}","templated":true}]}}