{"id":8154,"date":"2022-06-21T08:26:00","date_gmt":"2022-06-21T06:26:00","guid":{"rendered":"https:\/\/www.modula.eu\/accessori\/autenticazione-utente\/lettore-rfid\/"},"modified":"2025-06-16T11:57:51","modified_gmt":"2025-06-16T09:57:51","slug":"lecteur-rfid","status":"publish","type":"page","link":"https:\/\/www.modula.eu\/fr\/accessoires\/authentification-des-utilisateurs\/lecteur-rfid\/","title":{"rendered":"Lecteur RFID"},"content":{"rendered":"","protected":false},"excerpt":{"rendered":"","protected":false},"author":1,"featured_media":7375,"parent":8142,"menu_order":2,"comment_status":"closed","ping_status":"closed","template":"","meta":{"_acf_changed":false,"inline_featured_image":false,"mapsvg_location":"","footnotes":""},"class_list":["post-8154","page","type-page","status-publish","has-post-thumbnail","hentry"],"acf":[],"yoast_head":"<!-- This site is optimized with the Yoast SEO plugin v27.3 - https:\/\/yoast.com\/product\/yoast-seo-wordpress\/ -->\n<title>Authentification des utilisateurs via Badge, EKS ou RFID | Modula<\/title>\n<meta name=\"description\" content=\"Pour limiter et contr\u00f4ler l&#039;acc\u00e8s au panneau de contr\u00f4le, Modula dispose d&#039;une s\u00e9rie de syst\u00e8mes d&#039;authentification de l&#039;utilisateur via badge, EKS ou RFID\" \/>\n<meta name=\"robots\" content=\"index, follow, max-snippet:-1, max-image-preview:large, max-video-preview:-1\" \/>\n<link rel=\"canonical\" href=\"https:\/\/www.modula.eu\/fr\/accessoires\/authentification-des-utilisateurs\/lecteur-rfid\/\" \/>\n<meta property=\"og:locale\" content=\"fr_FR\" \/>\n<meta property=\"og:type\" content=\"article\" \/>\n<meta property=\"og:title\" content=\"Authentification des utilisateurs via Badge, EKS ou RFID | Modula\" \/>\n<meta property=\"og:description\" content=\"Pour limiter et contr\u00f4ler l&#039;acc\u00e8s au panneau de contr\u00f4le, Modula dispose d&#039;une s\u00e9rie de syst\u00e8mes d&#039;authentification de l&#039;utilisateur via badge, EKS ou RFID\" \/>\n<meta property=\"og:url\" content=\"https:\/\/www.modula.eu\/fr\/accessoires\/authentification-des-utilisateurs\/lecteur-rfid\/\" \/>\n<meta property=\"og:site_name\" content=\"Modula\" \/>\n<meta property=\"article:modified_time\" content=\"2025-06-16T09:57:51+00:00\" \/>\n<meta property=\"og:image\" content=\"https:\/\/www.modula.eu\/wp-content\/uploads\/2022\/10\/rfid.jpg\" \/>\n\t<meta property=\"og:image:width\" content=\"800\" \/>\n\t<meta property=\"og:image:height\" content=\"600\" \/>\n\t<meta property=\"og:image:type\" content=\"image\/jpeg\" \/>\n<meta name=\"twitter:card\" content=\"summary_large_image\" \/>\n<script type=\"application\/ld+json\" class=\"yoast-schema-graph\">{\"@context\":\"https:\\\/\\\/schema.org\",\"@graph\":[{\"@type\":\"WebPage\",\"@id\":\"https:\\\/\\\/www.modula.eu\\\/fr\\\/accessoires\\\/authentification-des-utilisateurs\\\/lecteur-rfid\\\/\",\"url\":\"https:\\\/\\\/www.modula.eu\\\/fr\\\/accessoires\\\/authentification-des-utilisateurs\\\/lecteur-rfid\\\/\",\"name\":\"Authentification des utilisateurs via Badge, EKS ou RFID | Modula\",\"isPartOf\":{\"@id\":\"https:\\\/\\\/www.modula.eu\\\/fr\\\/#website\"},\"primaryImageOfPage\":{\"@id\":\"https:\\\/\\\/www.modula.eu\\\/fr\\\/accessoires\\\/authentification-des-utilisateurs\\\/lecteur-rfid\\\/#primaryimage\"},\"image\":{\"@id\":\"https:\\\/\\\/www.modula.eu\\\/fr\\\/accessoires\\\/authentification-des-utilisateurs\\\/lecteur-rfid\\\/#primaryimage\"},\"thumbnailUrl\":\"https:\\\/\\\/www.modula.eu\\\/wp-content\\\/uploads\\\/2022\\\/10\\\/rfid.jpg\",\"datePublished\":\"2022-06-21T06:26:00+00:00\",\"dateModified\":\"2025-06-16T09:57:51+00:00\",\"description\":\"Pour limiter et contr\u00f4ler l'acc\u00e8s au panneau de contr\u00f4le, Modula dispose d'une s\u00e9rie de syst\u00e8mes d'authentification de l'utilisateur via badge, EKS ou RFID\",\"breadcrumb\":{\"@id\":\"https:\\\/\\\/www.modula.eu\\\/fr\\\/accessoires\\\/authentification-des-utilisateurs\\\/lecteur-rfid\\\/#breadcrumb\"},\"inLanguage\":\"fr-FR\",\"potentialAction\":[{\"@type\":\"ReadAction\",\"target\":[\"https:\\\/\\\/www.modula.eu\\\/fr\\\/accessoires\\\/authentification-des-utilisateurs\\\/lecteur-rfid\\\/\"]}]},{\"@type\":\"ImageObject\",\"inLanguage\":\"fr-FR\",\"@id\":\"https:\\\/\\\/www.modula.eu\\\/fr\\\/accessoires\\\/authentification-des-utilisateurs\\\/lecteur-rfid\\\/#primaryimage\",\"url\":\"https:\\\/\\\/www.modula.eu\\\/wp-content\\\/uploads\\\/2022\\\/10\\\/rfid.jpg\",\"contentUrl\":\"https:\\\/\\\/www.modula.eu\\\/wp-content\\\/uploads\\\/2022\\\/10\\\/rfid.jpg\",\"width\":800,\"height\":600},{\"@type\":\"BreadcrumbList\",\"@id\":\"https:\\\/\\\/www.modula.eu\\\/fr\\\/accessoires\\\/authentification-des-utilisateurs\\\/lecteur-rfid\\\/#breadcrumb\",\"itemListElement\":[{\"@type\":\"ListItem\",\"position\":1,\"name\":\"Home\",\"item\":\"https:\\\/\\\/www.modula.eu\\\/fr\\\/\"},{\"@type\":\"ListItem\",\"position\":2,\"name\":\"Accessoires\",\"item\":\"https:\\\/\\\/www.modula.eu\\\/fr\\\/accessoires\\\/\"},{\"@type\":\"ListItem\",\"position\":3,\"name\":\"Dispositifs d\u2019authentification des utilisateurs\",\"item\":\"https:\\\/\\\/www.modula.eu\\\/fr\\\/accessoires\\\/authentification-des-utilisateurs\\\/\"},{\"@type\":\"ListItem\",\"position\":4,\"name\":\"Lecteur RFID\"}]},{\"@type\":\"WebSite\",\"@id\":\"https:\\\/\\\/www.modula.eu\\\/fr\\\/#website\",\"url\":\"https:\\\/\\\/www.modula.eu\\\/fr\\\/\",\"name\":\"Modula\",\"description\":\"Think Vertical\",\"publisher\":{\"@id\":\"https:\\\/\\\/www.modula.eu\\\/fr\\\/#organization\"},\"potentialAction\":[{\"@type\":\"SearchAction\",\"target\":{\"@type\":\"EntryPoint\",\"urlTemplate\":\"https:\\\/\\\/www.modula.eu\\\/fr\\\/?s={search_term_string}\"},\"query-input\":{\"@type\":\"PropertyValueSpecification\",\"valueRequired\":true,\"valueName\":\"search_term_string\"}}],\"inLanguage\":\"fr-FR\"},{\"@type\":\"Organization\",\"@id\":\"https:\\\/\\\/www.modula.eu\\\/fr\\\/#organization\",\"name\":\"Modula\",\"url\":\"https:\\\/\\\/www.modula.eu\\\/fr\\\/\",\"logo\":{\"@type\":\"ImageObject\",\"inLanguage\":\"fr-FR\",\"@id\":\"https:\\\/\\\/www.modula.eu\\\/fr\\\/#\\\/schema\\\/logo\\\/image\\\/\",\"url\":\"https:\\\/\\\/www.modula.eu\\\/wp-content\\\/uploads\\\/2022\\\/12\\\/Modula-logo.jpg\",\"contentUrl\":\"https:\\\/\\\/www.modula.eu\\\/wp-content\\\/uploads\\\/2022\\\/12\\\/Modula-logo.jpg\",\"width\":759,\"height\":512,\"caption\":\"Modula\"},\"image\":{\"@id\":\"https:\\\/\\\/www.modula.eu\\\/fr\\\/#\\\/schema\\\/logo\\\/image\\\/\"}}]}<\/script>\n<!-- \/ Yoast SEO plugin. -->","yoast_head_json":{"title":"Authentification des utilisateurs via Badge, EKS ou RFID | Modula","description":"Pour limiter et contr\u00f4ler l'acc\u00e8s au panneau de contr\u00f4le, Modula dispose d'une s\u00e9rie de syst\u00e8mes d'authentification de l'utilisateur via badge, EKS ou RFID","robots":{"index":"index","follow":"follow","max-snippet":"max-snippet:-1","max-image-preview":"max-image-preview:large","max-video-preview":"max-video-preview:-1"},"canonical":"https:\/\/www.modula.eu\/fr\/accessoires\/authentification-des-utilisateurs\/lecteur-rfid\/","og_locale":"fr_FR","og_type":"article","og_title":"Authentification des utilisateurs via Badge, EKS ou RFID | Modula","og_description":"Pour limiter et contr\u00f4ler l'acc\u00e8s au panneau de contr\u00f4le, Modula dispose d'une s\u00e9rie de syst\u00e8mes d'authentification de l'utilisateur via badge, EKS ou RFID","og_url":"https:\/\/www.modula.eu\/fr\/accessoires\/authentification-des-utilisateurs\/lecteur-rfid\/","og_site_name":"Modula","article_modified_time":"2025-06-16T09:57:51+00:00","og_image":[{"width":800,"height":600,"url":"https:\/\/www.modula.eu\/wp-content\/uploads\/2022\/10\/rfid.jpg","type":"image\/jpeg"}],"twitter_card":"summary_large_image","schema":{"@context":"https:\/\/schema.org","@graph":[{"@type":"WebPage","@id":"https:\/\/www.modula.eu\/fr\/accessoires\/authentification-des-utilisateurs\/lecteur-rfid\/","url":"https:\/\/www.modula.eu\/fr\/accessoires\/authentification-des-utilisateurs\/lecteur-rfid\/","name":"Authentification des utilisateurs via Badge, EKS ou RFID | Modula","isPartOf":{"@id":"https:\/\/www.modula.eu\/fr\/#website"},"primaryImageOfPage":{"@id":"https:\/\/www.modula.eu\/fr\/accessoires\/authentification-des-utilisateurs\/lecteur-rfid\/#primaryimage"},"image":{"@id":"https:\/\/www.modula.eu\/fr\/accessoires\/authentification-des-utilisateurs\/lecteur-rfid\/#primaryimage"},"thumbnailUrl":"https:\/\/www.modula.eu\/wp-content\/uploads\/2022\/10\/rfid.jpg","datePublished":"2022-06-21T06:26:00+00:00","dateModified":"2025-06-16T09:57:51+00:00","description":"Pour limiter et contr\u00f4ler l'acc\u00e8s au panneau de contr\u00f4le, Modula dispose d'une s\u00e9rie de syst\u00e8mes d'authentification de l'utilisateur via badge, EKS ou RFID","breadcrumb":{"@id":"https:\/\/www.modula.eu\/fr\/accessoires\/authentification-des-utilisateurs\/lecteur-rfid\/#breadcrumb"},"inLanguage":"fr-FR","potentialAction":[{"@type":"ReadAction","target":["https:\/\/www.modula.eu\/fr\/accessoires\/authentification-des-utilisateurs\/lecteur-rfid\/"]}]},{"@type":"ImageObject","inLanguage":"fr-FR","@id":"https:\/\/www.modula.eu\/fr\/accessoires\/authentification-des-utilisateurs\/lecteur-rfid\/#primaryimage","url":"https:\/\/www.modula.eu\/wp-content\/uploads\/2022\/10\/rfid.jpg","contentUrl":"https:\/\/www.modula.eu\/wp-content\/uploads\/2022\/10\/rfid.jpg","width":800,"height":600},{"@type":"BreadcrumbList","@id":"https:\/\/www.modula.eu\/fr\/accessoires\/authentification-des-utilisateurs\/lecteur-rfid\/#breadcrumb","itemListElement":[{"@type":"ListItem","position":1,"name":"Home","item":"https:\/\/www.modula.eu\/fr\/"},{"@type":"ListItem","position":2,"name":"Accessoires","item":"https:\/\/www.modula.eu\/fr\/accessoires\/"},{"@type":"ListItem","position":3,"name":"Dispositifs d\u2019authentification des utilisateurs","item":"https:\/\/www.modula.eu\/fr\/accessoires\/authentification-des-utilisateurs\/"},{"@type":"ListItem","position":4,"name":"Lecteur RFID"}]},{"@type":"WebSite","@id":"https:\/\/www.modula.eu\/fr\/#website","url":"https:\/\/www.modula.eu\/fr\/","name":"Modula","description":"Think Vertical","publisher":{"@id":"https:\/\/www.modula.eu\/fr\/#organization"},"potentialAction":[{"@type":"SearchAction","target":{"@type":"EntryPoint","urlTemplate":"https:\/\/www.modula.eu\/fr\/?s={search_term_string}"},"query-input":{"@type":"PropertyValueSpecification","valueRequired":true,"valueName":"search_term_string"}}],"inLanguage":"fr-FR"},{"@type":"Organization","@id":"https:\/\/www.modula.eu\/fr\/#organization","name":"Modula","url":"https:\/\/www.modula.eu\/fr\/","logo":{"@type":"ImageObject","inLanguage":"fr-FR","@id":"https:\/\/www.modula.eu\/fr\/#\/schema\/logo\/image\/","url":"https:\/\/www.modula.eu\/wp-content\/uploads\/2022\/12\/Modula-logo.jpg","contentUrl":"https:\/\/www.modula.eu\/wp-content\/uploads\/2022\/12\/Modula-logo.jpg","width":759,"height":512,"caption":"Modula"},"image":{"@id":"https:\/\/www.modula.eu\/fr\/#\/schema\/logo\/image\/"}}]}},"_links":{"self":[{"href":"https:\/\/www.modula.eu\/fr\/wp-json\/wp\/v2\/pages\/8154","targetHints":{"allow":["GET"]}}],"collection":[{"href":"https:\/\/www.modula.eu\/fr\/wp-json\/wp\/v2\/pages"}],"about":[{"href":"https:\/\/www.modula.eu\/fr\/wp-json\/wp\/v2\/types\/page"}],"author":[{"embeddable":true,"href":"https:\/\/www.modula.eu\/fr\/wp-json\/wp\/v2\/users\/1"}],"replies":[{"embeddable":true,"href":"https:\/\/www.modula.eu\/fr\/wp-json\/wp\/v2\/comments?post=8154"}],"version-history":[{"count":0,"href":"https:\/\/www.modula.eu\/fr\/wp-json\/wp\/v2\/pages\/8154\/revisions"}],"up":[{"embeddable":true,"href":"https:\/\/www.modula.eu\/fr\/wp-json\/wp\/v2\/pages\/8142"}],"wp:featuredmedia":[{"embeddable":true,"href":"https:\/\/www.modula.eu\/fr\/wp-json\/wp\/v2\/media\/7375"}],"wp:attachment":[{"href":"https:\/\/www.modula.eu\/fr\/wp-json\/wp\/v2\/media?parent=8154"}],"curies":[{"name":"wp","href":"https:\/\/api.w.org\/{rel}","templated":true}]}}