{"id":8184,"date":"2022-06-17T12:16:47","date_gmt":"2022-06-17T10:16:47","guid":{"rendered":"https:\/\/www.modula.eu\/accessori\/accessori-cassetti\/"},"modified":"2026-04-21T14:25:35","modified_gmt":"2026-04-21T12:25:35","slug":"accessoires-pour-plateaux","status":"publish","type":"page","link":"https:\/\/www.modula.eu\/fr\/accessoires\/accessoires-pour-plateaux\/","title":{"rendered":"Accessoires pour plateaux"},"content":{"rendered":"","protected":false},"excerpt":{"rendered":"","protected":false},"author":1,"featured_media":6551,"parent":8124,"menu_order":3,"comment_status":"closed","ping_status":"closed","template":"product-category.php","meta":{"_acf_changed":false,"inline_featured_image":false,"mapsvg_location":"","footnotes":""},"class_list":["post-8184","page","type-page","status-publish","has-post-thumbnail","hentry"],"acf":[],"yoast_head":"<!-- This site is optimized with the Yoast SEO plugin v27.4 - https:\/\/yoast.com\/product\/yoast-seo-wordpress\/ -->\n<title>Accessoires pour les tiroirs - magasin automatique | Modula<\/title>\n<meta name=\"description\" content=\"Voici les accessoires en option pour la baie qui garantissent une plus grande s\u00e9curit\u00e9, plus de propret\u00e9, une simplification du processus d&#039;extraction des tiroirs et des commandes d&#039;activation plus accessibles.\" \/>\n<meta name=\"robots\" content=\"index, follow, max-snippet:-1, max-image-preview:large, max-video-preview:-1\" \/>\n<link rel=\"canonical\" href=\"https:\/\/www.modula.eu\/fr\/accessoires\/accessoires-pour-plateaux\/\" \/>\n<meta property=\"og:locale\" content=\"fr_FR\" \/>\n<meta property=\"og:type\" content=\"article\" \/>\n<meta property=\"og:title\" content=\"Accessoires pour les tiroirs - magasin automatique | Modula\" \/>\n<meta property=\"og:description\" content=\"Voici les accessoires en option pour la baie qui garantissent une plus grande s\u00e9curit\u00e9, plus de propret\u00e9, une simplification du processus d&#039;extraction des tiroirs et des commandes d&#039;activation plus accessibles.\" \/>\n<meta property=\"og:url\" content=\"https:\/\/www.modula.eu\/fr\/accessoires\/accessoires-pour-plateaux\/\" \/>\n<meta property=\"og:site_name\" content=\"Modula\" \/>\n<meta property=\"article:modified_time\" content=\"2026-04-21T12:25:35+00:00\" \/>\n<meta property=\"og:image\" content=\"https:\/\/www.modula.eu\/wp-content\/uploads\/2022\/09\/accessori-cassetto-1024x683.jpg\" \/>\n\t<meta property=\"og:image:width\" content=\"1024\" \/>\n\t<meta property=\"og:image:height\" content=\"683\" \/>\n\t<meta property=\"og:image:type\" content=\"image\/jpeg\" \/>\n<meta name=\"twitter:card\" content=\"summary_large_image\" \/>\n<script type=\"application\/ld+json\" class=\"yoast-schema-graph\">{\"@context\":\"https:\\\/\\\/schema.org\",\"@graph\":[{\"@type\":\"WebPage\",\"@id\":\"https:\\\/\\\/www.modula.eu\\\/fr\\\/accessoires\\\/accessoires-pour-plateaux\\\/\",\"url\":\"https:\\\/\\\/www.modula.eu\\\/fr\\\/accessoires\\\/accessoires-pour-plateaux\\\/\",\"name\":\"Accessoires pour les tiroirs - magasin automatique | Modula\",\"isPartOf\":{\"@id\":\"https:\\\/\\\/www.modula.eu\\\/fr\\\/#website\"},\"primaryImageOfPage\":{\"@id\":\"https:\\\/\\\/www.modula.eu\\\/fr\\\/accessoires\\\/accessoires-pour-plateaux\\\/#primaryimage\"},\"image\":{\"@id\":\"https:\\\/\\\/www.modula.eu\\\/fr\\\/accessoires\\\/accessoires-pour-plateaux\\\/#primaryimage\"},\"thumbnailUrl\":\"https:\\\/\\\/www.modula.eu\\\/wp-content\\\/uploads\\\/2022\\\/09\\\/accessori-cassetto.jpg\",\"datePublished\":\"2022-06-17T10:16:47+00:00\",\"dateModified\":\"2026-04-21T12:25:35+00:00\",\"description\":\"Voici les accessoires en option pour la baie qui garantissent une plus grande s\u00e9curit\u00e9, plus de propret\u00e9, une simplification du processus d'extraction des tiroirs et des commandes d'activation plus accessibles.\",\"breadcrumb\":{\"@id\":\"https:\\\/\\\/www.modula.eu\\\/fr\\\/accessoires\\\/accessoires-pour-plateaux\\\/#breadcrumb\"},\"inLanguage\":\"fr-FR\",\"potentialAction\":[{\"@type\":\"ReadAction\",\"target\":[\"https:\\\/\\\/www.modula.eu\\\/fr\\\/accessoires\\\/accessoires-pour-plateaux\\\/\"]}]},{\"@type\":\"ImageObject\",\"inLanguage\":\"fr-FR\",\"@id\":\"https:\\\/\\\/www.modula.eu\\\/fr\\\/accessoires\\\/accessoires-pour-plateaux\\\/#primaryimage\",\"url\":\"https:\\\/\\\/www.modula.eu\\\/wp-content\\\/uploads\\\/2022\\\/09\\\/accessori-cassetto.jpg\",\"contentUrl\":\"https:\\\/\\\/www.modula.eu\\\/wp-content\\\/uploads\\\/2022\\\/09\\\/accessori-cassetto.jpg\",\"width\":2121,\"height\":1414},{\"@type\":\"BreadcrumbList\",\"@id\":\"https:\\\/\\\/www.modula.eu\\\/fr\\\/accessoires\\\/accessoires-pour-plateaux\\\/#breadcrumb\",\"itemListElement\":[{\"@type\":\"ListItem\",\"position\":1,\"name\":\"Home\",\"item\":\"https:\\\/\\\/www.modula.eu\\\/fr\\\/\"},{\"@type\":\"ListItem\",\"position\":2,\"name\":\"Accessoires\",\"item\":\"https:\\\/\\\/www.modula.eu\\\/fr\\\/accessoires\\\/\"},{\"@type\":\"ListItem\",\"position\":3,\"name\":\"Accessoires pour plateaux\"}]},{\"@type\":\"WebSite\",\"@id\":\"https:\\\/\\\/www.modula.eu\\\/fr\\\/#website\",\"url\":\"https:\\\/\\\/www.modula.eu\\\/fr\\\/\",\"name\":\"Modula\",\"description\":\"Think Vertical\",\"publisher\":{\"@id\":\"https:\\\/\\\/www.modula.eu\\\/fr\\\/#organization\"},\"potentialAction\":[{\"@type\":\"SearchAction\",\"target\":{\"@type\":\"EntryPoint\",\"urlTemplate\":\"https:\\\/\\\/www.modula.eu\\\/fr\\\/?s={search_term_string}\"},\"query-input\":{\"@type\":\"PropertyValueSpecification\",\"valueRequired\":true,\"valueName\":\"search_term_string\"}}],\"inLanguage\":\"fr-FR\"},{\"@type\":\"Organization\",\"@id\":\"https:\\\/\\\/www.modula.eu\\\/fr\\\/#organization\",\"name\":\"Modula\",\"url\":\"https:\\\/\\\/www.modula.eu\\\/fr\\\/\",\"logo\":{\"@type\":\"ImageObject\",\"inLanguage\":\"fr-FR\",\"@id\":\"https:\\\/\\\/www.modula.eu\\\/fr\\\/#\\\/schema\\\/logo\\\/image\\\/\",\"url\":\"https:\\\/\\\/www.modula.eu\\\/wp-content\\\/uploads\\\/2022\\\/12\\\/Modula-logo.jpg\",\"contentUrl\":\"https:\\\/\\\/www.modula.eu\\\/wp-content\\\/uploads\\\/2022\\\/12\\\/Modula-logo.jpg\",\"width\":759,\"height\":512,\"caption\":\"Modula\"},\"image\":{\"@id\":\"https:\\\/\\\/www.modula.eu\\\/fr\\\/#\\\/schema\\\/logo\\\/image\\\/\"}}]}<\/script>\n<!-- \/ Yoast SEO plugin. -->","yoast_head_json":{"title":"Accessoires pour les tiroirs - magasin automatique | Modula","description":"Voici les accessoires en option pour la baie qui garantissent une plus grande s\u00e9curit\u00e9, plus de propret\u00e9, une simplification du processus d'extraction des tiroirs et des commandes d'activation plus accessibles.","robots":{"index":"index","follow":"follow","max-snippet":"max-snippet:-1","max-image-preview":"max-image-preview:large","max-video-preview":"max-video-preview:-1"},"canonical":"https:\/\/www.modula.eu\/fr\/accessoires\/accessoires-pour-plateaux\/","og_locale":"fr_FR","og_type":"article","og_title":"Accessoires pour les tiroirs - magasin automatique | Modula","og_description":"Voici les accessoires en option pour la baie qui garantissent une plus grande s\u00e9curit\u00e9, plus de propret\u00e9, une simplification du processus d'extraction des tiroirs et des commandes d'activation plus accessibles.","og_url":"https:\/\/www.modula.eu\/fr\/accessoires\/accessoires-pour-plateaux\/","og_site_name":"Modula","article_modified_time":"2026-04-21T12:25:35+00:00","og_image":[{"width":1024,"height":683,"url":"https:\/\/www.modula.eu\/wp-content\/uploads\/2022\/09\/accessori-cassetto-1024x683.jpg","type":"image\/jpeg"}],"twitter_card":"summary_large_image","schema":{"@context":"https:\/\/schema.org","@graph":[{"@type":"WebPage","@id":"https:\/\/www.modula.eu\/fr\/accessoires\/accessoires-pour-plateaux\/","url":"https:\/\/www.modula.eu\/fr\/accessoires\/accessoires-pour-plateaux\/","name":"Accessoires pour les tiroirs - magasin automatique | Modula","isPartOf":{"@id":"https:\/\/www.modula.eu\/fr\/#website"},"primaryImageOfPage":{"@id":"https:\/\/www.modula.eu\/fr\/accessoires\/accessoires-pour-plateaux\/#primaryimage"},"image":{"@id":"https:\/\/www.modula.eu\/fr\/accessoires\/accessoires-pour-plateaux\/#primaryimage"},"thumbnailUrl":"https:\/\/www.modula.eu\/wp-content\/uploads\/2022\/09\/accessori-cassetto.jpg","datePublished":"2022-06-17T10:16:47+00:00","dateModified":"2026-04-21T12:25:35+00:00","description":"Voici les accessoires en option pour la baie qui garantissent une plus grande s\u00e9curit\u00e9, plus de propret\u00e9, une simplification du processus d'extraction des tiroirs et des commandes d'activation plus accessibles.","breadcrumb":{"@id":"https:\/\/www.modula.eu\/fr\/accessoires\/accessoires-pour-plateaux\/#breadcrumb"},"inLanguage":"fr-FR","potentialAction":[{"@type":"ReadAction","target":["https:\/\/www.modula.eu\/fr\/accessoires\/accessoires-pour-plateaux\/"]}]},{"@type":"ImageObject","inLanguage":"fr-FR","@id":"https:\/\/www.modula.eu\/fr\/accessoires\/accessoires-pour-plateaux\/#primaryimage","url":"https:\/\/www.modula.eu\/wp-content\/uploads\/2022\/09\/accessori-cassetto.jpg","contentUrl":"https:\/\/www.modula.eu\/wp-content\/uploads\/2022\/09\/accessori-cassetto.jpg","width":2121,"height":1414},{"@type":"BreadcrumbList","@id":"https:\/\/www.modula.eu\/fr\/accessoires\/accessoires-pour-plateaux\/#breadcrumb","itemListElement":[{"@type":"ListItem","position":1,"name":"Home","item":"https:\/\/www.modula.eu\/fr\/"},{"@type":"ListItem","position":2,"name":"Accessoires","item":"https:\/\/www.modula.eu\/fr\/accessoires\/"},{"@type":"ListItem","position":3,"name":"Accessoires pour plateaux"}]},{"@type":"WebSite","@id":"https:\/\/www.modula.eu\/fr\/#website","url":"https:\/\/www.modula.eu\/fr\/","name":"Modula","description":"Think Vertical","publisher":{"@id":"https:\/\/www.modula.eu\/fr\/#organization"},"potentialAction":[{"@type":"SearchAction","target":{"@type":"EntryPoint","urlTemplate":"https:\/\/www.modula.eu\/fr\/?s={search_term_string}"},"query-input":{"@type":"PropertyValueSpecification","valueRequired":true,"valueName":"search_term_string"}}],"inLanguage":"fr-FR"},{"@type":"Organization","@id":"https:\/\/www.modula.eu\/fr\/#organization","name":"Modula","url":"https:\/\/www.modula.eu\/fr\/","logo":{"@type":"ImageObject","inLanguage":"fr-FR","@id":"https:\/\/www.modula.eu\/fr\/#\/schema\/logo\/image\/","url":"https:\/\/www.modula.eu\/wp-content\/uploads\/2022\/12\/Modula-logo.jpg","contentUrl":"https:\/\/www.modula.eu\/wp-content\/uploads\/2022\/12\/Modula-logo.jpg","width":759,"height":512,"caption":"Modula"},"image":{"@id":"https:\/\/www.modula.eu\/fr\/#\/schema\/logo\/image\/"}}]}},"_links":{"self":[{"href":"https:\/\/www.modula.eu\/fr\/wp-json\/wp\/v2\/pages\/8184","targetHints":{"allow":["GET"]}}],"collection":[{"href":"https:\/\/www.modula.eu\/fr\/wp-json\/wp\/v2\/pages"}],"about":[{"href":"https:\/\/www.modula.eu\/fr\/wp-json\/wp\/v2\/types\/page"}],"author":[{"embeddable":true,"href":"https:\/\/www.modula.eu\/fr\/wp-json\/wp\/v2\/users\/1"}],"replies":[{"embeddable":true,"href":"https:\/\/www.modula.eu\/fr\/wp-json\/wp\/v2\/comments?post=8184"}],"version-history":[{"count":1,"href":"https:\/\/www.modula.eu\/fr\/wp-json\/wp\/v2\/pages\/8184\/revisions"}],"predecessor-version":[{"id":77461,"href":"https:\/\/www.modula.eu\/fr\/wp-json\/wp\/v2\/pages\/8184\/revisions\/77461"}],"up":[{"embeddable":true,"href":"https:\/\/www.modula.eu\/fr\/wp-json\/wp\/v2\/pages\/8124"}],"wp:featuredmedia":[{"embeddable":true,"href":"https:\/\/www.modula.eu\/fr\/wp-json\/wp\/v2\/media\/6551"}],"wp:attachment":[{"href":"https:\/\/www.modula.eu\/fr\/wp-json\/wp\/v2\/media?parent=8184"}],"curies":[{"name":"wp","href":"https:\/\/api.w.org\/{rel}","templated":true}]}}